{"id":16925,"date":"2024-04-18T08:40:44","date_gmt":"2024-04-18T06:40:44","guid":{"rendered":"https:\/\/delorenzoglobal.com\/?post_type=product&#038;p=16925"},"modified":"2025-01-15T09:14:34","modified_gmt":"2025-01-15T08:14:34","slug":"systeme-pour-la-climatisation-2","status":"publish","type":"product","link":"https:\/\/delorenzoglobal.com\/fr\/produit\/systeme-pour-la-climatisation-2\/","title":{"rendered":"SYST\u00c8ME POUR LA CLIMATISATION"},"content":{"rendered":"<p>Le simulateur permet l\u2019\u00e9tude, l\u2019exp\u00e9rimentation et la recherche des pannes, relativement \u00e0 l\u2019installation suivante:<\/p>\n<ul>\n<li>Installation de climatisation tout air, \u00e0 contact unique, \u00e0 port\u00e9e constante, pour zone seule avec r\u00e9glage sur les batteries de r\u00e9chauffage, refroidissement et apr\u00e8s\u2010r\u00e9chauffage.<\/li>\n<\/ul>\n<p>Cette installation est reproduite sur le panneau, \u00e0 travers le sch\u00e9ma synoptique \u00e0 couleurs qui permet une analyse compl\u00e8te des circuits \u00e0 fluide, de ses composants et du circuit \u00e9lectrique\/\u00e9lectronique de contr\u00f4le et r\u00e9glage.<\/p>\n","protected":false},"excerpt":{"rendered":"<p>Le simulateur permet l\u2019\u00e9tude, l\u2019exp\u00e9rimentation et la recherche des pannes, relativement \u00e0 l\u2019installation suivante: Installation de climatisation tout air, \u00e0 contact unique, \u00e0 port\u00e9e constante, pour zone seule avec r\u00e9glage sur les batteries de r\u00e9chauffage, refroidissement et apr\u00e8s\u2010r\u00e9chauffage. Cette installation est reproduite sur le panneau, \u00e0 travers le sch\u00e9ma synoptique \u00e0 couleurs qui permet une [&hellip;]<\/p>\n","protected":false},"featured_media":16686,"template":"","meta":{"_acf_changed":false},"product_brand":[],"product_cat":[395],"product_tag":[],"class_list":{"0":"post-16925","1":"product","2":"type-product","3":"status-publish","4":"has-post-thumbnail","6":"product_cat-climatisation","8":"first","9":"instock","10":"shipping-taxable","11":"product-type-simple"},"acf":[],"yoast_head":"<!-- This site is optimized with the Yoast SEO plugin v27.0 - https:\/\/yoast.com\/product\/yoast-seo-wordpress\/ -->\n<title>SYST\u00c8ME POUR LA CLIMATISATION - De Lorenzo Training &amp; Didactical Equipment<\/title>\n<meta name=\"robots\" content=\"index, follow, max-snippet:-1, max-image-preview:large, max-video-preview:-1\" \/>\n<link rel=\"canonical\" href=\"https:\/\/delorenzoglobal.com\/fr\/produit\/systeme-pour-la-climatisation-2\/\" \/>\n<meta property=\"og:locale\" content=\"fr_FR\" \/>\n<meta property=\"og:type\" content=\"article\" \/>\n<meta property=\"og:title\" content=\"SYST\u00c8ME POUR LA CLIMATISATION - De Lorenzo Training &amp; Didactical Equipment\" \/>\n<meta property=\"og:description\" content=\"Le simulateur permet l\u2019\u00e9tude, l\u2019exp\u00e9rimentation et la recherche des pannes, relativement \u00e0 l\u2019installation suivante: Installation de climatisation tout air, \u00e0 contact unique, \u00e0 port\u00e9e constante, pour zone seule avec r\u00e9glage sur les batteries de r\u00e9chauffage, refroidissement et apr\u00e8s\u2010r\u00e9chauffage. Cette installation est reproduite sur le panneau, \u00e0 travers le sch\u00e9ma synoptique \u00e0 couleurs qui permet une [&hellip;]\" \/>\n<meta property=\"og:url\" content=\"https:\/\/delorenzoglobal.com\/fr\/produit\/systeme-pour-la-climatisation-2\/\" \/>\n<meta property=\"og:site_name\" content=\"De Lorenzo Training &amp; Didactical Equipment\" \/>\n<meta property=\"article:modified_time\" content=\"2025-01-15T08:14:34+00:00\" \/>\n<meta property=\"og:image\" content=\"https:\/\/delorenzoglobal.com\/wp-content\/uploads\/2024\/04\/DL-TM05-xs-scaled.jpg\" \/>\n\t<meta property=\"og:image:width\" content=\"2560\" \/>\n\t<meta property=\"og:image:height\" content=\"1613\" \/>\n\t<meta property=\"og:image:type\" content=\"image\/jpeg\" \/>\n<meta name=\"twitter:card\" content=\"summary_large_image\" \/>\n<meta name=\"twitter:label1\" content=\"Dur\u00e9e de lecture estim\u00e9e\" \/>\n\t<meta name=\"twitter:data1\" content=\"1 minute\" \/>\n<script type=\"application\/ld+json\" class=\"yoast-schema-graph\">{\"@context\":\"https:\/\/schema.org\",\"@graph\":[{\"@type\":\"WebPage\",\"@id\":\"https:\/\/delorenzoglobal.com\/fr\/produit\/systeme-pour-la-climatisation-2\/\",\"url\":\"https:\/\/delorenzoglobal.com\/fr\/produit\/systeme-pour-la-climatisation-2\/\",\"name\":\"SYST\u00c8ME POUR LA CLIMATISATION - De Lorenzo Training &amp; Didactical Equipment\",\"isPartOf\":{\"@id\":\"https:\/\/delorenzoglobal.com\/fr\/#website\"},\"primaryImageOfPage\":{\"@id\":\"https:\/\/delorenzoglobal.com\/fr\/produit\/systeme-pour-la-climatisation-2\/#primaryimage\"},\"image\":{\"@id\":\"https:\/\/delorenzoglobal.com\/fr\/produit\/systeme-pour-la-climatisation-2\/#primaryimage\"},\"thumbnailUrl\":\"https:\/\/delorenzoglobal.com\/wp-content\/uploads\/2024\/04\/DL-TM05-xs-scaled.jpg\",\"datePublished\":\"2024-04-18T06:40:44+00:00\",\"dateModified\":\"2025-01-15T08:14:34+00:00\",\"breadcrumb\":{\"@id\":\"https:\/\/delorenzoglobal.com\/fr\/produit\/systeme-pour-la-climatisation-2\/#breadcrumb\"},\"inLanguage\":\"fr-FR\",\"potentialAction\":[{\"@type\":\"ReadAction\",\"target\":[\"https:\/\/delorenzoglobal.com\/fr\/produit\/systeme-pour-la-climatisation-2\/\"]}]},{\"@type\":\"ImageObject\",\"inLanguage\":\"fr-FR\",\"@id\":\"https:\/\/delorenzoglobal.com\/fr\/produit\/systeme-pour-la-climatisation-2\/#primaryimage\",\"url\":\"https:\/\/delorenzoglobal.com\/wp-content\/uploads\/2024\/04\/DL-TM05-xs-scaled.jpg\",\"contentUrl\":\"https:\/\/delorenzoglobal.com\/wp-content\/uploads\/2024\/04\/DL-TM05-xs-scaled.jpg\",\"width\":2560,\"height\":1613},{\"@type\":\"BreadcrumbList\",\"@id\":\"https:\/\/delorenzoglobal.com\/fr\/produit\/systeme-pour-la-climatisation-2\/#breadcrumb\",\"itemListElement\":[{\"@type\":\"ListItem\",\"position\":1,\"name\":\"Home\",\"item\":\"https:\/\/delorenzoglobal.com\/fr\/\"},{\"@type\":\"ListItem\",\"position\":2,\"name\":\"Boutique\",\"item\":\"https:\/\/delorenzoglobal.com\/fr\/boutique\/\"},{\"@type\":\"ListItem\",\"position\":3,\"name\":\"SYST\u00c8ME POUR LA CLIMATISATION\"}]},{\"@type\":\"WebSite\",\"@id\":\"https:\/\/delorenzoglobal.com\/fr\/#website\",\"url\":\"https:\/\/delorenzoglobal.com\/fr\/\",\"name\":\"De Lorenzo Training &amp; Didactical Equipment\",\"description\":\"\",\"potentialAction\":[{\"@type\":\"SearchAction\",\"target\":{\"@type\":\"EntryPoint\",\"urlTemplate\":\"https:\/\/delorenzoglobal.com\/fr\/?s={search_term_string}\"},\"query-input\":{\"@type\":\"PropertyValueSpecification\",\"valueRequired\":true,\"valueName\":\"search_term_string\"}}],\"inLanguage\":\"fr-FR\"}]}<\/script>\n<!-- \/ Yoast SEO plugin. -->","yoast_head_json":{"title":"SYST\u00c8ME POUR LA CLIMATISATION - De Lorenzo Training &amp; Didactical Equipment","robots":{"index":"index","follow":"follow","max-snippet":"max-snippet:-1","max-image-preview":"max-image-preview:large","max-video-preview":"max-video-preview:-1"},"canonical":"https:\/\/delorenzoglobal.com\/fr\/produit\/systeme-pour-la-climatisation-2\/","og_locale":"fr_FR","og_type":"article","og_title":"SYST\u00c8ME POUR LA CLIMATISATION - De Lorenzo Training &amp; Didactical Equipment","og_description":"Le simulateur permet l\u2019\u00e9tude, l\u2019exp\u00e9rimentation et la recherche des pannes, relativement \u00e0 l\u2019installation suivante: Installation de climatisation tout air, \u00e0 contact unique, \u00e0 port\u00e9e constante, pour zone seule avec r\u00e9glage sur les batteries de r\u00e9chauffage, refroidissement et apr\u00e8s\u2010r\u00e9chauffage. Cette installation est reproduite sur le panneau, \u00e0 travers le sch\u00e9ma synoptique \u00e0 couleurs qui permet une [&hellip;]","og_url":"https:\/\/delorenzoglobal.com\/fr\/produit\/systeme-pour-la-climatisation-2\/","og_site_name":"De Lorenzo Training &amp; Didactical Equipment","article_modified_time":"2025-01-15T08:14:34+00:00","og_image":[{"width":2560,"height":1613,"url":"https:\/\/delorenzoglobal.com\/wp-content\/uploads\/2024\/04\/DL-TM05-xs-scaled.jpg","type":"image\/jpeg"}],"twitter_card":"summary_large_image","twitter_misc":{"Dur\u00e9e de lecture estim\u00e9e":"1 minute"},"schema":{"@context":"https:\/\/schema.org","@graph":[{"@type":"WebPage","@id":"https:\/\/delorenzoglobal.com\/fr\/produit\/systeme-pour-la-climatisation-2\/","url":"https:\/\/delorenzoglobal.com\/fr\/produit\/systeme-pour-la-climatisation-2\/","name":"SYST\u00c8ME POUR LA CLIMATISATION - De Lorenzo Training &amp; Didactical Equipment","isPartOf":{"@id":"https:\/\/delorenzoglobal.com\/fr\/#website"},"primaryImageOfPage":{"@id":"https:\/\/delorenzoglobal.com\/fr\/produit\/systeme-pour-la-climatisation-2\/#primaryimage"},"image":{"@id":"https:\/\/delorenzoglobal.com\/fr\/produit\/systeme-pour-la-climatisation-2\/#primaryimage"},"thumbnailUrl":"https:\/\/delorenzoglobal.com\/wp-content\/uploads\/2024\/04\/DL-TM05-xs-scaled.jpg","datePublished":"2024-04-18T06:40:44+00:00","dateModified":"2025-01-15T08:14:34+00:00","breadcrumb":{"@id":"https:\/\/delorenzoglobal.com\/fr\/produit\/systeme-pour-la-climatisation-2\/#breadcrumb"},"inLanguage":"fr-FR","potentialAction":[{"@type":"ReadAction","target":["https:\/\/delorenzoglobal.com\/fr\/produit\/systeme-pour-la-climatisation-2\/"]}]},{"@type":"ImageObject","inLanguage":"fr-FR","@id":"https:\/\/delorenzoglobal.com\/fr\/produit\/systeme-pour-la-climatisation-2\/#primaryimage","url":"https:\/\/delorenzoglobal.com\/wp-content\/uploads\/2024\/04\/DL-TM05-xs-scaled.jpg","contentUrl":"https:\/\/delorenzoglobal.com\/wp-content\/uploads\/2024\/04\/DL-TM05-xs-scaled.jpg","width":2560,"height":1613},{"@type":"BreadcrumbList","@id":"https:\/\/delorenzoglobal.com\/fr\/produit\/systeme-pour-la-climatisation-2\/#breadcrumb","itemListElement":[{"@type":"ListItem","position":1,"name":"Home","item":"https:\/\/delorenzoglobal.com\/fr\/"},{"@type":"ListItem","position":2,"name":"Boutique","item":"https:\/\/delorenzoglobal.com\/fr\/boutique\/"},{"@type":"ListItem","position":3,"name":"SYST\u00c8ME POUR LA CLIMATISATION"}]},{"@type":"WebSite","@id":"https:\/\/delorenzoglobal.com\/fr\/#website","url":"https:\/\/delorenzoglobal.com\/fr\/","name":"De Lorenzo Training &amp; Didactical Equipment","description":"","potentialAction":[{"@type":"SearchAction","target":{"@type":"EntryPoint","urlTemplate":"https:\/\/delorenzoglobal.com\/fr\/?s={search_term_string}"},"query-input":{"@type":"PropertyValueSpecification","valueRequired":true,"valueName":"search_term_string"}}],"inLanguage":"fr-FR"}]}},"_links":{"self":[{"href":"https:\/\/delorenzoglobal.com\/fr\/wp-json\/wp\/v2\/product\/16925","targetHints":{"allow":["GET"]}}],"collection":[{"href":"https:\/\/delorenzoglobal.com\/fr\/wp-json\/wp\/v2\/product"}],"about":[{"href":"https:\/\/delorenzoglobal.com\/fr\/wp-json\/wp\/v2\/types\/product"}],"wp:featuredmedia":[{"embeddable":true,"href":"https:\/\/delorenzoglobal.com\/fr\/wp-json\/wp\/v2\/media\/16686"}],"wp:attachment":[{"href":"https:\/\/delorenzoglobal.com\/fr\/wp-json\/wp\/v2\/media?parent=16925"}],"wp:term":[{"taxonomy":"product_brand","embeddable":true,"href":"https:\/\/delorenzoglobal.com\/fr\/wp-json\/wp\/v2\/product_brand?post=16925"},{"taxonomy":"product_cat","embeddable":true,"href":"https:\/\/delorenzoglobal.com\/fr\/wp-json\/wp\/v2\/product_cat?post=16925"},{"taxonomy":"product_tag","embeddable":true,"href":"https:\/\/delorenzoglobal.com\/fr\/wp-json\/wp\/v2\/product_tag?post=16925"}],"curies":[{"name":"wp","href":"https:\/\/api.w.org\/{rel}","templated":true}]}}