{"id":16813,"date":"2024-04-16T09:09:21","date_gmt":"2024-04-16T07:09:21","guid":{"rendered":"https:\/\/delorenzoglobal.com\/?post_type=product&#038;p=16813"},"modified":"2025-01-28T15:21:43","modified_gmt":"2025-01-28T14:21:43","slug":"electronique-de-puissance-3","status":"publish","type":"product","link":"https:\/\/delorenzoglobal.com\/fr\/produit\/electronique-de-puissance-3\/","title":{"rendered":"\u00c9LECTRONIQUE DE PUISSANCE"},"content":{"rendered":"<p>Cette carte permet d\u2019\u00e9tudier et d\u2019identifier les composants et circuits les plus importants habituellement utilis\u00e9s dans l\u2019\u00e9lectronique de puissance d\u00e9pos\u00e9e.<\/p>\n<p>Il comprend des sections claires distribu\u00e9es de mani\u00e8re \u00e0 comprendre leurs fonctions individuelles, ce qui permet \u00e0 l\u2019utilisateur final d\u2019effectuer facilement les exp\u00e9riences avec le minimum de c\u00e2bles de c\u00e2blage.<\/p>\n<p>Chaque section pr\u00e9sente un sch\u00e9ma de principe permettant de reconna\u00eetre facilement le circuit ou le composant et toutes sont \u00e9quip\u00e9es de bornes de 2 mm pour la connexion \u00e9lectrique.<\/p>\n<p>Il est aliment\u00e9 par l\u2019alimentation secteur et comprend un \u00e9cran LCD avec un simulateur de d\u00e9faut.<\/p>\n","protected":false},"excerpt":{"rendered":"<p>Cette carte permet d\u2019\u00e9tudier et d\u2019identifier les composants et circuits les plus importants habituellement utilis\u00e9s dans l\u2019\u00e9lectronique de puissance d\u00e9pos\u00e9e. Il comprend des sections claires distribu\u00e9es de mani\u00e8re \u00e0 comprendre leurs fonctions individuelles, ce qui permet \u00e0 l\u2019utilisateur final d\u2019effectuer facilement les exp\u00e9riences avec le minimum de c\u00e2bles de c\u00e2blage. Chaque section pr\u00e9sente un sch\u00e9ma [&hellip;]<\/p>\n","protected":false},"featured_media":7446,"template":"","meta":{"_acf_changed":false},"product_brand":[],"product_cat":[331],"product_tag":[],"class_list":{"0":"post-16813","1":"product","2":"type-product","3":"status-publish","4":"has-post-thumbnail","6":"product_cat-systeme-dintroduction-de-base","8":"first","9":"instock","10":"shipping-taxable","11":"product-type-simple"},"acf":[],"yoast_head":"<!-- This site is optimized with the Yoast SEO plugin v27.0 - https:\/\/yoast.com\/product\/yoast-seo-wordpress\/ -->\n<title>\u00c9LECTRONIQUE DE PUISSANCE - De Lorenzo Training &amp; Didactical Equipment<\/title>\n<meta name=\"robots\" content=\"index, follow, max-snippet:-1, max-image-preview:large, max-video-preview:-1\" \/>\n<link rel=\"canonical\" href=\"https:\/\/delorenzoglobal.com\/fr\/produit\/electronique-de-puissance-3\/\" \/>\n<meta property=\"og:locale\" content=\"fr_FR\" \/>\n<meta property=\"og:type\" content=\"article\" \/>\n<meta property=\"og:title\" content=\"\u00c9LECTRONIQUE DE PUISSANCE - De Lorenzo Training &amp; Didactical Equipment\" \/>\n<meta property=\"og:description\" content=\"Cette carte permet d\u2019\u00e9tudier et d\u2019identifier les composants et circuits les plus importants habituellement utilis\u00e9s dans l\u2019\u00e9lectronique de puissance d\u00e9pos\u00e9e. Il comprend des sections claires distribu\u00e9es de mani\u00e8re \u00e0 comprendre leurs fonctions individuelles, ce qui permet \u00e0 l\u2019utilisateur final d\u2019effectuer facilement les exp\u00e9riences avec le minimum de c\u00e2bles de c\u00e2blage. Chaque section pr\u00e9sente un sch\u00e9ma [&hellip;]\" \/>\n<meta property=\"og:url\" content=\"https:\/\/delorenzoglobal.com\/fr\/produit\/electronique-de-puissance-3\/\" \/>\n<meta property=\"og:site_name\" content=\"De Lorenzo Training &amp; Didactical Equipment\" \/>\n<meta property=\"article:modified_time\" content=\"2025-01-28T14:21:43+00:00\" \/>\n<meta property=\"og:image\" content=\"https:\/\/delorenzoglobal.com\/wp-content\/uploads\/2024\/04\/DL-2317SR.png\" \/>\n\t<meta property=\"og:image:width\" content=\"1375\" \/>\n\t<meta property=\"og:image:height\" content=\"839\" \/>\n\t<meta property=\"og:image:type\" content=\"image\/png\" \/>\n<meta name=\"twitter:card\" content=\"summary_large_image\" \/>\n<meta name=\"twitter:label1\" content=\"Dur\u00e9e de lecture estim\u00e9e\" \/>\n\t<meta name=\"twitter:data1\" content=\"1 minute\" \/>\n<script type=\"application\/ld+json\" class=\"yoast-schema-graph\">{\"@context\":\"https:\/\/schema.org\",\"@graph\":[{\"@type\":\"WebPage\",\"@id\":\"https:\/\/delorenzoglobal.com\/fr\/produit\/electronique-de-puissance-3\/\",\"url\":\"https:\/\/delorenzoglobal.com\/fr\/produit\/electronique-de-puissance-3\/\",\"name\":\"\u00c9LECTRONIQUE DE PUISSANCE - De Lorenzo Training &amp; Didactical Equipment\",\"isPartOf\":{\"@id\":\"https:\/\/delorenzoglobal.com\/fr\/#website\"},\"primaryImageOfPage\":{\"@id\":\"https:\/\/delorenzoglobal.com\/fr\/produit\/electronique-de-puissance-3\/#primaryimage\"},\"image\":{\"@id\":\"https:\/\/delorenzoglobal.com\/fr\/produit\/electronique-de-puissance-3\/#primaryimage\"},\"thumbnailUrl\":\"https:\/\/delorenzoglobal.com\/wp-content\/uploads\/2024\/04\/DL-2317SR.png\",\"datePublished\":\"2024-04-16T07:09:21+00:00\",\"dateModified\":\"2025-01-28T14:21:43+00:00\",\"breadcrumb\":{\"@id\":\"https:\/\/delorenzoglobal.com\/fr\/produit\/electronique-de-puissance-3\/#breadcrumb\"},\"inLanguage\":\"fr-FR\",\"potentialAction\":[{\"@type\":\"ReadAction\",\"target\":[\"https:\/\/delorenzoglobal.com\/fr\/produit\/electronique-de-puissance-3\/\"]}]},{\"@type\":\"ImageObject\",\"inLanguage\":\"fr-FR\",\"@id\":\"https:\/\/delorenzoglobal.com\/fr\/produit\/electronique-de-puissance-3\/#primaryimage\",\"url\":\"https:\/\/delorenzoglobal.com\/wp-content\/uploads\/2024\/04\/DL-2317SR.png\",\"contentUrl\":\"https:\/\/delorenzoglobal.com\/wp-content\/uploads\/2024\/04\/DL-2317SR.png\",\"width\":1375,\"height\":839},{\"@type\":\"BreadcrumbList\",\"@id\":\"https:\/\/delorenzoglobal.com\/fr\/produit\/electronique-de-puissance-3\/#breadcrumb\",\"itemListElement\":[{\"@type\":\"ListItem\",\"position\":1,\"name\":\"Home\",\"item\":\"https:\/\/delorenzoglobal.com\/fr\/\"},{\"@type\":\"ListItem\",\"position\":2,\"name\":\"Boutique\",\"item\":\"https:\/\/delorenzoglobal.com\/fr\/boutique\/\"},{\"@type\":\"ListItem\",\"position\":3,\"name\":\"\u00c9LECTRONIQUE DE PUISSANCE\"}]},{\"@type\":\"WebSite\",\"@id\":\"https:\/\/delorenzoglobal.com\/fr\/#website\",\"url\":\"https:\/\/delorenzoglobal.com\/fr\/\",\"name\":\"De Lorenzo Training &amp; Didactical Equipment\",\"description\":\"\",\"potentialAction\":[{\"@type\":\"SearchAction\",\"target\":{\"@type\":\"EntryPoint\",\"urlTemplate\":\"https:\/\/delorenzoglobal.com\/fr\/?s={search_term_string}\"},\"query-input\":{\"@type\":\"PropertyValueSpecification\",\"valueRequired\":true,\"valueName\":\"search_term_string\"}}],\"inLanguage\":\"fr-FR\"}]}<\/script>\n<!-- \/ Yoast SEO plugin. -->","yoast_head_json":{"title":"\u00c9LECTRONIQUE DE PUISSANCE - De Lorenzo Training &amp; Didactical Equipment","robots":{"index":"index","follow":"follow","max-snippet":"max-snippet:-1","max-image-preview":"max-image-preview:large","max-video-preview":"max-video-preview:-1"},"canonical":"https:\/\/delorenzoglobal.com\/fr\/produit\/electronique-de-puissance-3\/","og_locale":"fr_FR","og_type":"article","og_title":"\u00c9LECTRONIQUE DE PUISSANCE - De Lorenzo Training &amp; Didactical Equipment","og_description":"Cette carte permet d\u2019\u00e9tudier et d\u2019identifier les composants et circuits les plus importants habituellement utilis\u00e9s dans l\u2019\u00e9lectronique de puissance d\u00e9pos\u00e9e. Il comprend des sections claires distribu\u00e9es de mani\u00e8re \u00e0 comprendre leurs fonctions individuelles, ce qui permet \u00e0 l\u2019utilisateur final d\u2019effectuer facilement les exp\u00e9riences avec le minimum de c\u00e2bles de c\u00e2blage. Chaque section pr\u00e9sente un sch\u00e9ma [&hellip;]","og_url":"https:\/\/delorenzoglobal.com\/fr\/produit\/electronique-de-puissance-3\/","og_site_name":"De Lorenzo Training &amp; Didactical Equipment","article_modified_time":"2025-01-28T14:21:43+00:00","og_image":[{"width":1375,"height":839,"url":"https:\/\/delorenzoglobal.com\/wp-content\/uploads\/2024\/04\/DL-2317SR.png","type":"image\/png"}],"twitter_card":"summary_large_image","twitter_misc":{"Dur\u00e9e de lecture estim\u00e9e":"1 minute"},"schema":{"@context":"https:\/\/schema.org","@graph":[{"@type":"WebPage","@id":"https:\/\/delorenzoglobal.com\/fr\/produit\/electronique-de-puissance-3\/","url":"https:\/\/delorenzoglobal.com\/fr\/produit\/electronique-de-puissance-3\/","name":"\u00c9LECTRONIQUE DE PUISSANCE - De Lorenzo Training &amp; Didactical Equipment","isPartOf":{"@id":"https:\/\/delorenzoglobal.com\/fr\/#website"},"primaryImageOfPage":{"@id":"https:\/\/delorenzoglobal.com\/fr\/produit\/electronique-de-puissance-3\/#primaryimage"},"image":{"@id":"https:\/\/delorenzoglobal.com\/fr\/produit\/electronique-de-puissance-3\/#primaryimage"},"thumbnailUrl":"https:\/\/delorenzoglobal.com\/wp-content\/uploads\/2024\/04\/DL-2317SR.png","datePublished":"2024-04-16T07:09:21+00:00","dateModified":"2025-01-28T14:21:43+00:00","breadcrumb":{"@id":"https:\/\/delorenzoglobal.com\/fr\/produit\/electronique-de-puissance-3\/#breadcrumb"},"inLanguage":"fr-FR","potentialAction":[{"@type":"ReadAction","target":["https:\/\/delorenzoglobal.com\/fr\/produit\/electronique-de-puissance-3\/"]}]},{"@type":"ImageObject","inLanguage":"fr-FR","@id":"https:\/\/delorenzoglobal.com\/fr\/produit\/electronique-de-puissance-3\/#primaryimage","url":"https:\/\/delorenzoglobal.com\/wp-content\/uploads\/2024\/04\/DL-2317SR.png","contentUrl":"https:\/\/delorenzoglobal.com\/wp-content\/uploads\/2024\/04\/DL-2317SR.png","width":1375,"height":839},{"@type":"BreadcrumbList","@id":"https:\/\/delorenzoglobal.com\/fr\/produit\/electronique-de-puissance-3\/#breadcrumb","itemListElement":[{"@type":"ListItem","position":1,"name":"Home","item":"https:\/\/delorenzoglobal.com\/fr\/"},{"@type":"ListItem","position":2,"name":"Boutique","item":"https:\/\/delorenzoglobal.com\/fr\/boutique\/"},{"@type":"ListItem","position":3,"name":"\u00c9LECTRONIQUE DE PUISSANCE"}]},{"@type":"WebSite","@id":"https:\/\/delorenzoglobal.com\/fr\/#website","url":"https:\/\/delorenzoglobal.com\/fr\/","name":"De Lorenzo Training &amp; Didactical Equipment","description":"","potentialAction":[{"@type":"SearchAction","target":{"@type":"EntryPoint","urlTemplate":"https:\/\/delorenzoglobal.com\/fr\/?s={search_term_string}"},"query-input":{"@type":"PropertyValueSpecification","valueRequired":true,"valueName":"search_term_string"}}],"inLanguage":"fr-FR"}]}},"_links":{"self":[{"href":"https:\/\/delorenzoglobal.com\/fr\/wp-json\/wp\/v2\/product\/16813","targetHints":{"allow":["GET"]}}],"collection":[{"href":"https:\/\/delorenzoglobal.com\/fr\/wp-json\/wp\/v2\/product"}],"about":[{"href":"https:\/\/delorenzoglobal.com\/fr\/wp-json\/wp\/v2\/types\/product"}],"wp:featuredmedia":[{"embeddable":true,"href":"https:\/\/delorenzoglobal.com\/fr\/wp-json\/wp\/v2\/media\/7446"}],"wp:attachment":[{"href":"https:\/\/delorenzoglobal.com\/fr\/wp-json\/wp\/v2\/media?parent=16813"}],"wp:term":[{"taxonomy":"product_brand","embeddable":true,"href":"https:\/\/delorenzoglobal.com\/fr\/wp-json\/wp\/v2\/product_brand?post=16813"},{"taxonomy":"product_cat","embeddable":true,"href":"https:\/\/delorenzoglobal.com\/fr\/wp-json\/wp\/v2\/product_cat?post=16813"},{"taxonomy":"product_tag","embeddable":true,"href":"https:\/\/delorenzoglobal.com\/fr\/wp-json\/wp\/v2\/product_tag?post=16813"}],"curies":[{"name":"wp","href":"https:\/\/api.w.org\/{rel}","templated":true}]}}