{"id":16400,"date":"2024-04-11T08:40:42","date_gmt":"2024-04-11T06:40:42","guid":{"rendered":"https:\/\/delorenzoglobal.com\/?post_type=product&#038;p=16400"},"modified":"2025-04-28T15:56:07","modified_gmt":"2025-04-28T13:56:07","slug":"les-transistors-2","status":"publish","type":"product","link":"https:\/\/delorenzoglobal.com\/fr\/produit\/les-transistors-2\/","title":{"rendered":"LES TRANSISTORS"},"content":{"rendered":"<p>La conception et la fabrication de circuits \u00e9lectroniques pour r\u00e9soudre des probl\u00e8mes pratiques est une technique essentielle dans les domaines de l&rsquo;ing\u00e9nierie \u00e9lectronique et de l&rsquo;ing\u00e9nierie informatique.<\/p>\n<p>Avec cette carte les \u00e9l\u00e8ves peuvent \u00e9tudier les caract\u00e9ristiques du transistor, comment il est polaris\u00e9 et son utilisation comme r\u00e9gulateur ou interrupteur de tension.<\/p>\n","protected":false},"excerpt":{"rendered":"<p>La conception et la fabrication de circuits \u00e9lectroniques pour r\u00e9soudre des probl\u00e8mes pratiques est une technique essentielle dans les domaines de l&rsquo;ing\u00e9nierie \u00e9lectronique et de l&rsquo;ing\u00e9nierie informatique. Avec cette carte les \u00e9l\u00e8ves peuvent \u00e9tudier les caract\u00e9ristiques du transistor, comment il est polaris\u00e9 et son utilisation comme r\u00e9gulateur ou interrupteur de tension.<\/p>\n","protected":false},"featured_media":3506,"template":"","meta":{"_acf_changed":false},"product_brand":[],"product_cat":[220],"product_tag":[],"class_list":{"0":"post-16400","1":"product","2":"type-product","3":"status-publish","4":"has-post-thumbnail","6":"product_cat-appareils-electroniques","8":"first","9":"instock","10":"shipping-taxable","11":"product-type-simple"},"acf":[],"yoast_head":"<!-- This site is optimized with the Yoast SEO plugin v27.0 - https:\/\/yoast.com\/product\/yoast-seo-wordpress\/ -->\n<title>LES TRANSISTORS - De Lorenzo Training &amp; Didactical Equipment<\/title>\n<meta name=\"robots\" content=\"index, follow, max-snippet:-1, max-image-preview:large, max-video-preview:-1\" \/>\n<link rel=\"canonical\" href=\"https:\/\/delorenzoglobal.com\/fr\/produit\/les-transistors-2\/\" \/>\n<meta property=\"og:locale\" content=\"fr_FR\" \/>\n<meta property=\"og:type\" content=\"article\" \/>\n<meta property=\"og:title\" content=\"LES TRANSISTORS - De Lorenzo Training &amp; Didactical Equipment\" \/>\n<meta property=\"og:description\" content=\"La conception et la fabrication de circuits \u00e9lectroniques pour r\u00e9soudre des probl\u00e8mes pratiques est une technique essentielle dans les domaines de l&rsquo;ing\u00e9nierie \u00e9lectronique et de l&rsquo;ing\u00e9nierie informatique. Avec cette carte les \u00e9l\u00e8ves peuvent \u00e9tudier les caract\u00e9ristiques du transistor, comment il est polaris\u00e9 et son utilisation comme r\u00e9gulateur ou interrupteur de tension.\" \/>\n<meta property=\"og:url\" content=\"https:\/\/delorenzoglobal.com\/fr\/produit\/les-transistors-2\/\" \/>\n<meta property=\"og:site_name\" content=\"De Lorenzo Training &amp; Didactical Equipment\" \/>\n<meta property=\"article:modified_time\" content=\"2025-04-28T13:56:07+00:00\" \/>\n<meta property=\"og:image\" content=\"https:\/\/delorenzoglobal.com\/wp-content\/uploads\/2024\/04\/DL-3155M13-scaled.jpg\" \/>\n\t<meta property=\"og:image:width\" content=\"2560\" \/>\n\t<meta property=\"og:image:height\" content=\"2248\" \/>\n\t<meta property=\"og:image:type\" content=\"image\/jpeg\" \/>\n<meta name=\"twitter:card\" content=\"summary_large_image\" \/>\n<meta name=\"twitter:label1\" content=\"Dur\u00e9e de lecture estim\u00e9e\" \/>\n\t<meta name=\"twitter:data1\" content=\"1 minute\" \/>\n<script type=\"application\/ld+json\" class=\"yoast-schema-graph\">{\"@context\":\"https:\/\/schema.org\",\"@graph\":[{\"@type\":\"WebPage\",\"@id\":\"https:\/\/delorenzoglobal.com\/fr\/produit\/les-transistors-2\/\",\"url\":\"https:\/\/delorenzoglobal.com\/fr\/produit\/les-transistors-2\/\",\"name\":\"LES TRANSISTORS - De Lorenzo Training &amp; Didactical Equipment\",\"isPartOf\":{\"@id\":\"https:\/\/delorenzoglobal.com\/fr\/#website\"},\"primaryImageOfPage\":{\"@id\":\"https:\/\/delorenzoglobal.com\/fr\/produit\/les-transistors-2\/#primaryimage\"},\"image\":{\"@id\":\"https:\/\/delorenzoglobal.com\/fr\/produit\/les-transistors-2\/#primaryimage\"},\"thumbnailUrl\":\"https:\/\/delorenzoglobal.com\/wp-content\/uploads\/2024\/04\/DL-3155M13-scaled.jpg\",\"datePublished\":\"2024-04-11T06:40:42+00:00\",\"dateModified\":\"2025-04-28T13:56:07+00:00\",\"breadcrumb\":{\"@id\":\"https:\/\/delorenzoglobal.com\/fr\/produit\/les-transistors-2\/#breadcrumb\"},\"inLanguage\":\"fr-FR\",\"potentialAction\":[{\"@type\":\"ReadAction\",\"target\":[\"https:\/\/delorenzoglobal.com\/fr\/produit\/les-transistors-2\/\"]}]},{\"@type\":\"ImageObject\",\"inLanguage\":\"fr-FR\",\"@id\":\"https:\/\/delorenzoglobal.com\/fr\/produit\/les-transistors-2\/#primaryimage\",\"url\":\"https:\/\/delorenzoglobal.com\/wp-content\/uploads\/2024\/04\/DL-3155M13-scaled.jpg\",\"contentUrl\":\"https:\/\/delorenzoglobal.com\/wp-content\/uploads\/2024\/04\/DL-3155M13-scaled.jpg\",\"width\":2560,\"height\":2248},{\"@type\":\"BreadcrumbList\",\"@id\":\"https:\/\/delorenzoglobal.com\/fr\/produit\/les-transistors-2\/#breadcrumb\",\"itemListElement\":[{\"@type\":\"ListItem\",\"position\":1,\"name\":\"Home\",\"item\":\"https:\/\/delorenzoglobal.com\/fr\/\"},{\"@type\":\"ListItem\",\"position\":2,\"name\":\"Boutique\",\"item\":\"https:\/\/delorenzoglobal.com\/fr\/boutique\/\"},{\"@type\":\"ListItem\",\"position\":3,\"name\":\"LES TRANSISTORS\"}]},{\"@type\":\"WebSite\",\"@id\":\"https:\/\/delorenzoglobal.com\/fr\/#website\",\"url\":\"https:\/\/delorenzoglobal.com\/fr\/\",\"name\":\"De Lorenzo Training &amp; Didactical Equipment\",\"description\":\"\",\"potentialAction\":[{\"@type\":\"SearchAction\",\"target\":{\"@type\":\"EntryPoint\",\"urlTemplate\":\"https:\/\/delorenzoglobal.com\/fr\/?s={search_term_string}\"},\"query-input\":{\"@type\":\"PropertyValueSpecification\",\"valueRequired\":true,\"valueName\":\"search_term_string\"}}],\"inLanguage\":\"fr-FR\"}]}<\/script>\n<!-- \/ Yoast SEO plugin. -->","yoast_head_json":{"title":"LES TRANSISTORS - De Lorenzo Training &amp; Didactical Equipment","robots":{"index":"index","follow":"follow","max-snippet":"max-snippet:-1","max-image-preview":"max-image-preview:large","max-video-preview":"max-video-preview:-1"},"canonical":"https:\/\/delorenzoglobal.com\/fr\/produit\/les-transistors-2\/","og_locale":"fr_FR","og_type":"article","og_title":"LES TRANSISTORS - De Lorenzo Training &amp; Didactical Equipment","og_description":"La conception et la fabrication de circuits \u00e9lectroniques pour r\u00e9soudre des probl\u00e8mes pratiques est une technique essentielle dans les domaines de l&rsquo;ing\u00e9nierie \u00e9lectronique et de l&rsquo;ing\u00e9nierie informatique. Avec cette carte les \u00e9l\u00e8ves peuvent \u00e9tudier les caract\u00e9ristiques du transistor, comment il est polaris\u00e9 et son utilisation comme r\u00e9gulateur ou interrupteur de tension.","og_url":"https:\/\/delorenzoglobal.com\/fr\/produit\/les-transistors-2\/","og_site_name":"De Lorenzo Training &amp; Didactical Equipment","article_modified_time":"2025-04-28T13:56:07+00:00","og_image":[{"width":2560,"height":2248,"url":"https:\/\/delorenzoglobal.com\/wp-content\/uploads\/2024\/04\/DL-3155M13-scaled.jpg","type":"image\/jpeg"}],"twitter_card":"summary_large_image","twitter_misc":{"Dur\u00e9e de lecture estim\u00e9e":"1 minute"},"schema":{"@context":"https:\/\/schema.org","@graph":[{"@type":"WebPage","@id":"https:\/\/delorenzoglobal.com\/fr\/produit\/les-transistors-2\/","url":"https:\/\/delorenzoglobal.com\/fr\/produit\/les-transistors-2\/","name":"LES TRANSISTORS - De Lorenzo Training &amp; Didactical Equipment","isPartOf":{"@id":"https:\/\/delorenzoglobal.com\/fr\/#website"},"primaryImageOfPage":{"@id":"https:\/\/delorenzoglobal.com\/fr\/produit\/les-transistors-2\/#primaryimage"},"image":{"@id":"https:\/\/delorenzoglobal.com\/fr\/produit\/les-transistors-2\/#primaryimage"},"thumbnailUrl":"https:\/\/delorenzoglobal.com\/wp-content\/uploads\/2024\/04\/DL-3155M13-scaled.jpg","datePublished":"2024-04-11T06:40:42+00:00","dateModified":"2025-04-28T13:56:07+00:00","breadcrumb":{"@id":"https:\/\/delorenzoglobal.com\/fr\/produit\/les-transistors-2\/#breadcrumb"},"inLanguage":"fr-FR","potentialAction":[{"@type":"ReadAction","target":["https:\/\/delorenzoglobal.com\/fr\/produit\/les-transistors-2\/"]}]},{"@type":"ImageObject","inLanguage":"fr-FR","@id":"https:\/\/delorenzoglobal.com\/fr\/produit\/les-transistors-2\/#primaryimage","url":"https:\/\/delorenzoglobal.com\/wp-content\/uploads\/2024\/04\/DL-3155M13-scaled.jpg","contentUrl":"https:\/\/delorenzoglobal.com\/wp-content\/uploads\/2024\/04\/DL-3155M13-scaled.jpg","width":2560,"height":2248},{"@type":"BreadcrumbList","@id":"https:\/\/delorenzoglobal.com\/fr\/produit\/les-transistors-2\/#breadcrumb","itemListElement":[{"@type":"ListItem","position":1,"name":"Home","item":"https:\/\/delorenzoglobal.com\/fr\/"},{"@type":"ListItem","position":2,"name":"Boutique","item":"https:\/\/delorenzoglobal.com\/fr\/boutique\/"},{"@type":"ListItem","position":3,"name":"LES TRANSISTORS"}]},{"@type":"WebSite","@id":"https:\/\/delorenzoglobal.com\/fr\/#website","url":"https:\/\/delorenzoglobal.com\/fr\/","name":"De Lorenzo Training &amp; Didactical Equipment","description":"","potentialAction":[{"@type":"SearchAction","target":{"@type":"EntryPoint","urlTemplate":"https:\/\/delorenzoglobal.com\/fr\/?s={search_term_string}"},"query-input":{"@type":"PropertyValueSpecification","valueRequired":true,"valueName":"search_term_string"}}],"inLanguage":"fr-FR"}]}},"_links":{"self":[{"href":"https:\/\/delorenzoglobal.com\/fr\/wp-json\/wp\/v2\/product\/16400","targetHints":{"allow":["GET"]}}],"collection":[{"href":"https:\/\/delorenzoglobal.com\/fr\/wp-json\/wp\/v2\/product"}],"about":[{"href":"https:\/\/delorenzoglobal.com\/fr\/wp-json\/wp\/v2\/types\/product"}],"wp:featuredmedia":[{"embeddable":true,"href":"https:\/\/delorenzoglobal.com\/fr\/wp-json\/wp\/v2\/media\/3506"}],"wp:attachment":[{"href":"https:\/\/delorenzoglobal.com\/fr\/wp-json\/wp\/v2\/media?parent=16400"}],"wp:term":[{"taxonomy":"product_brand","embeddable":true,"href":"https:\/\/delorenzoglobal.com\/fr\/wp-json\/wp\/v2\/product_brand?post=16400"},{"taxonomy":"product_cat","embeddable":true,"href":"https:\/\/delorenzoglobal.com\/fr\/wp-json\/wp\/v2\/product_cat?post=16400"},{"taxonomy":"product_tag","embeddable":true,"href":"https:\/\/delorenzoglobal.com\/fr\/wp-json\/wp\/v2\/product_tag?post=16400"}],"curies":[{"name":"wp","href":"https:\/\/api.w.org\/{rel}","templated":true}]}}