{"id":16315,"date":"2024-04-09T16:24:41","date_gmt":"2024-04-09T14:24:41","guid":{"rendered":"https:\/\/delorenzoglobal.com\/?post_type=product&#038;p=16315"},"modified":"2026-04-17T14:01:46","modified_gmt":"2026-04-17T12:01:46","slug":"hghgfghgfguj","status":"publish","type":"product","link":"https:\/\/delorenzoglobal.com\/fr\/produit\/hghgfghgfguj\/","title":{"rendered":"CONTR\u00d4LE ET R\u00c9GLAGE"},"content":{"rendered":"<p>La conception et la r\u00e9alisation de circuits \u00e9lectroniques pour r\u00e9soudre des probl\u00e8mes pratiques constituent une technique essentielle dans le domaine du g\u00e9nie \u00e9lectronique et du g\u00e9nie informatique.<\/p>\n<div>\n<p>Avec cette carte, les \u00e9tudiants peuvent \u00e9tudier les techniques de commande proportionnelle (P), de commande proportionnelle\u2013int\u00e9grale (PI), de commande PWM (Pulse Width Modulation), ainsi que la commande tout ou rien (ON\u2013OFF).<\/p>\n<\/div>\n","protected":false},"excerpt":{"rendered":"<p>La conception et la r\u00e9alisation de circuits \u00e9lectroniques pour r\u00e9soudre des probl\u00e8mes pratiques constituent une technique essentielle dans le domaine du g\u00e9nie \u00e9lectronique et du g\u00e9nie informatique. Avec cette carte, les \u00e9tudiants peuvent \u00e9tudier les techniques de commande proportionnelle (P), de commande proportionnelle\u2013int\u00e9grale (PI), de commande PWM (Pulse Width Modulation), ainsi que la commande tout [&hellip;]<\/p>\n","protected":false},"featured_media":2175,"template":"","meta":{"_acf_changed":false},"product_brand":[],"product_cat":[183],"product_tag":[],"class_list":{"0":"post-16315","1":"product","2":"type-product","3":"status-publish","4":"has-post-thumbnail","6":"product_cat-controle-de-processus","8":"first","9":"instock","10":"shipping-taxable","11":"product-type-simple"},"acf":[],"yoast_head":"<!-- This site is optimized with the Yoast SEO plugin v27.0 - https:\/\/yoast.com\/product\/yoast-seo-wordpress\/ -->\n<title>CONTR\u00d4LE ET R\u00c9GLAGE - De Lorenzo Training &amp; Didactical Equipment<\/title>\n<meta name=\"description\" content=\"Carte didactique pour l\u2019\u00e9tude du contr\u00f4le automatique utilisant des techniques P, PI, PWM et ON\u2011OFF, id\u00e9ale pour des applications pratiques en g\u00e9nie \u00e9lectronique et informatique.\" \/>\n<meta name=\"robots\" content=\"index, follow, max-snippet:-1, max-image-preview:large, max-video-preview:-1\" \/>\n<link rel=\"canonical\" href=\"https:\/\/delorenzoglobal.com\/fr\/produit\/hghgfghgfguj\/\" \/>\n<meta property=\"og:locale\" content=\"fr_FR\" \/>\n<meta property=\"og:type\" content=\"article\" \/>\n<meta property=\"og:title\" content=\"CONTR\u00d4LE ET R\u00c9GLAGE - De Lorenzo Training &amp; Didactical Equipment\" \/>\n<meta property=\"og:description\" content=\"Carte didactique pour l\u2019\u00e9tude du contr\u00f4le automatique utilisant des techniques P, PI, PWM et ON\u2011OFF, id\u00e9ale pour des applications pratiques en g\u00e9nie \u00e9lectronique et informatique.\" \/>\n<meta property=\"og:url\" content=\"https:\/\/delorenzoglobal.com\/fr\/produit\/hghgfghgfguj\/\" \/>\n<meta property=\"og:site_name\" content=\"De Lorenzo Training &amp; Didactical Equipment\" \/>\n<meta property=\"article:modified_time\" content=\"2026-04-17T12:01:46+00:00\" \/>\n<meta property=\"og:image\" content=\"https:\/\/delorenzoglobal.com\/wp-content\/uploads\/2024\/04\/DL-3155M33.jpg\" \/>\n\t<meta property=\"og:image:width\" content=\"2502\" \/>\n\t<meta property=\"og:image:height\" content=\"2192\" \/>\n\t<meta property=\"og:image:type\" content=\"image\/jpeg\" \/>\n<meta name=\"twitter:card\" content=\"summary_large_image\" \/>\n<meta name=\"twitter:label1\" content=\"Dur\u00e9e de lecture estim\u00e9e\" \/>\n\t<meta name=\"twitter:data1\" content=\"1 minute\" \/>\n<script type=\"application\/ld+json\" class=\"yoast-schema-graph\">{\"@context\":\"https:\/\/schema.org\",\"@graph\":[{\"@type\":\"WebPage\",\"@id\":\"https:\/\/delorenzoglobal.com\/fr\/produit\/hghgfghgfguj\/\",\"url\":\"https:\/\/delorenzoglobal.com\/fr\/produit\/hghgfghgfguj\/\",\"name\":\"CONTR\u00d4LE ET R\u00c9GLAGE - De Lorenzo Training &amp; Didactical Equipment\",\"isPartOf\":{\"@id\":\"https:\/\/delorenzoglobal.com\/fr\/#website\"},\"primaryImageOfPage\":{\"@id\":\"https:\/\/delorenzoglobal.com\/fr\/produit\/hghgfghgfguj\/#primaryimage\"},\"image\":{\"@id\":\"https:\/\/delorenzoglobal.com\/fr\/produit\/hghgfghgfguj\/#primaryimage\"},\"thumbnailUrl\":\"https:\/\/delorenzoglobal.com\/wp-content\/uploads\/2024\/04\/DL-3155M33.jpg\",\"datePublished\":\"2024-04-09T14:24:41+00:00\",\"dateModified\":\"2026-04-17T12:01:46+00:00\",\"description\":\"Carte didactique pour l\u2019\u00e9tude du contr\u00f4le automatique utilisant des techniques P, PI, PWM et ON\u2011OFF, id\u00e9ale pour des applications pratiques en g\u00e9nie \u00e9lectronique et informatique.\",\"breadcrumb\":{\"@id\":\"https:\/\/delorenzoglobal.com\/fr\/produit\/hghgfghgfguj\/#breadcrumb\"},\"inLanguage\":\"fr-FR\",\"potentialAction\":[{\"@type\":\"ReadAction\",\"target\":[\"https:\/\/delorenzoglobal.com\/fr\/produit\/hghgfghgfguj\/\"]}]},{\"@type\":\"ImageObject\",\"inLanguage\":\"fr-FR\",\"@id\":\"https:\/\/delorenzoglobal.com\/fr\/produit\/hghgfghgfguj\/#primaryimage\",\"url\":\"https:\/\/delorenzoglobal.com\/wp-content\/uploads\/2024\/04\/DL-3155M33.jpg\",\"contentUrl\":\"https:\/\/delorenzoglobal.com\/wp-content\/uploads\/2024\/04\/DL-3155M33.jpg\",\"width\":2502,\"height\":2192},{\"@type\":\"BreadcrumbList\",\"@id\":\"https:\/\/delorenzoglobal.com\/fr\/produit\/hghgfghgfguj\/#breadcrumb\",\"itemListElement\":[{\"@type\":\"ListItem\",\"position\":1,\"name\":\"Home\",\"item\":\"https:\/\/delorenzoglobal.com\/fr\/\"},{\"@type\":\"ListItem\",\"position\":2,\"name\":\"Boutique\",\"item\":\"https:\/\/delorenzoglobal.com\/fr\/boutique\/\"},{\"@type\":\"ListItem\",\"position\":3,\"name\":\"CONTR\u00d4LE ET R\u00c9GLAGE\"}]},{\"@type\":\"WebSite\",\"@id\":\"https:\/\/delorenzoglobal.com\/fr\/#website\",\"url\":\"https:\/\/delorenzoglobal.com\/fr\/\",\"name\":\"De Lorenzo Training &amp; Didactical Equipment\",\"description\":\"\",\"potentialAction\":[{\"@type\":\"SearchAction\",\"target\":{\"@type\":\"EntryPoint\",\"urlTemplate\":\"https:\/\/delorenzoglobal.com\/fr\/?s={search_term_string}\"},\"query-input\":{\"@type\":\"PropertyValueSpecification\",\"valueRequired\":true,\"valueName\":\"search_term_string\"}}],\"inLanguage\":\"fr-FR\"}]}<\/script>\n<!-- \/ Yoast SEO plugin. -->","yoast_head_json":{"title":"CONTR\u00d4LE ET R\u00c9GLAGE - De Lorenzo Training &amp; Didactical Equipment","description":"Carte didactique pour l\u2019\u00e9tude du contr\u00f4le automatique utilisant des techniques P, PI, PWM et ON\u2011OFF, id\u00e9ale pour des applications pratiques en g\u00e9nie \u00e9lectronique et informatique.","robots":{"index":"index","follow":"follow","max-snippet":"max-snippet:-1","max-image-preview":"max-image-preview:large","max-video-preview":"max-video-preview:-1"},"canonical":"https:\/\/delorenzoglobal.com\/fr\/produit\/hghgfghgfguj\/","og_locale":"fr_FR","og_type":"article","og_title":"CONTR\u00d4LE ET R\u00c9GLAGE - De Lorenzo Training &amp; Didactical Equipment","og_description":"Carte didactique pour l\u2019\u00e9tude du contr\u00f4le automatique utilisant des techniques P, PI, PWM et ON\u2011OFF, id\u00e9ale pour des applications pratiques en g\u00e9nie \u00e9lectronique et informatique.","og_url":"https:\/\/delorenzoglobal.com\/fr\/produit\/hghgfghgfguj\/","og_site_name":"De Lorenzo Training &amp; Didactical Equipment","article_modified_time":"2026-04-17T12:01:46+00:00","og_image":[{"width":2502,"height":2192,"url":"https:\/\/delorenzoglobal.com\/wp-content\/uploads\/2024\/04\/DL-3155M33.jpg","type":"image\/jpeg"}],"twitter_card":"summary_large_image","twitter_misc":{"Dur\u00e9e de lecture estim\u00e9e":"1 minute"},"schema":{"@context":"https:\/\/schema.org","@graph":[{"@type":"WebPage","@id":"https:\/\/delorenzoglobal.com\/fr\/produit\/hghgfghgfguj\/","url":"https:\/\/delorenzoglobal.com\/fr\/produit\/hghgfghgfguj\/","name":"CONTR\u00d4LE ET R\u00c9GLAGE - De Lorenzo Training &amp; Didactical Equipment","isPartOf":{"@id":"https:\/\/delorenzoglobal.com\/fr\/#website"},"primaryImageOfPage":{"@id":"https:\/\/delorenzoglobal.com\/fr\/produit\/hghgfghgfguj\/#primaryimage"},"image":{"@id":"https:\/\/delorenzoglobal.com\/fr\/produit\/hghgfghgfguj\/#primaryimage"},"thumbnailUrl":"https:\/\/delorenzoglobal.com\/wp-content\/uploads\/2024\/04\/DL-3155M33.jpg","datePublished":"2024-04-09T14:24:41+00:00","dateModified":"2026-04-17T12:01:46+00:00","description":"Carte didactique pour l\u2019\u00e9tude du contr\u00f4le automatique utilisant des techniques P, PI, PWM et ON\u2011OFF, id\u00e9ale pour des applications pratiques en g\u00e9nie \u00e9lectronique et informatique.","breadcrumb":{"@id":"https:\/\/delorenzoglobal.com\/fr\/produit\/hghgfghgfguj\/#breadcrumb"},"inLanguage":"fr-FR","potentialAction":[{"@type":"ReadAction","target":["https:\/\/delorenzoglobal.com\/fr\/produit\/hghgfghgfguj\/"]}]},{"@type":"ImageObject","inLanguage":"fr-FR","@id":"https:\/\/delorenzoglobal.com\/fr\/produit\/hghgfghgfguj\/#primaryimage","url":"https:\/\/delorenzoglobal.com\/wp-content\/uploads\/2024\/04\/DL-3155M33.jpg","contentUrl":"https:\/\/delorenzoglobal.com\/wp-content\/uploads\/2024\/04\/DL-3155M33.jpg","width":2502,"height":2192},{"@type":"BreadcrumbList","@id":"https:\/\/delorenzoglobal.com\/fr\/produit\/hghgfghgfguj\/#breadcrumb","itemListElement":[{"@type":"ListItem","position":1,"name":"Home","item":"https:\/\/delorenzoglobal.com\/fr\/"},{"@type":"ListItem","position":2,"name":"Boutique","item":"https:\/\/delorenzoglobal.com\/fr\/boutique\/"},{"@type":"ListItem","position":3,"name":"CONTR\u00d4LE ET R\u00c9GLAGE"}]},{"@type":"WebSite","@id":"https:\/\/delorenzoglobal.com\/fr\/#website","url":"https:\/\/delorenzoglobal.com\/fr\/","name":"De Lorenzo Training &amp; Didactical Equipment","description":"","potentialAction":[{"@type":"SearchAction","target":{"@type":"EntryPoint","urlTemplate":"https:\/\/delorenzoglobal.com\/fr\/?s={search_term_string}"},"query-input":{"@type":"PropertyValueSpecification","valueRequired":true,"valueName":"search_term_string"}}],"inLanguage":"fr-FR"}]}},"_links":{"self":[{"href":"https:\/\/delorenzoglobal.com\/fr\/wp-json\/wp\/v2\/product\/16315","targetHints":{"allow":["GET"]}}],"collection":[{"href":"https:\/\/delorenzoglobal.com\/fr\/wp-json\/wp\/v2\/product"}],"about":[{"href":"https:\/\/delorenzoglobal.com\/fr\/wp-json\/wp\/v2\/types\/product"}],"wp:featuredmedia":[{"embeddable":true,"href":"https:\/\/delorenzoglobal.com\/fr\/wp-json\/wp\/v2\/media\/2175"}],"wp:attachment":[{"href":"https:\/\/delorenzoglobal.com\/fr\/wp-json\/wp\/v2\/media?parent=16315"}],"wp:term":[{"taxonomy":"product_brand","embeddable":true,"href":"https:\/\/delorenzoglobal.com\/fr\/wp-json\/wp\/v2\/product_brand?post=16315"},{"taxonomy":"product_cat","embeddable":true,"href":"https:\/\/delorenzoglobal.com\/fr\/wp-json\/wp\/v2\/product_cat?post=16315"},{"taxonomy":"product_tag","embeddable":true,"href":"https:\/\/delorenzoglobal.com\/fr\/wp-json\/wp\/v2\/product_tag?post=16315"}],"curies":[{"name":"wp","href":"https:\/\/api.w.org\/{rel}","templated":true}]}}