{"id":1597,"date":"2024-04-09T12:42:50","date_gmt":"2024-04-09T10:42:50","guid":{"rendered":"https:\/\/delorenzoglobal.com\/?post_type=product&#038;p=1597"},"modified":"2025-10-07T13:00:14","modified_gmt":"2025-10-07T11:00:14","slug":"manipulateur-de-base","status":"publish","type":"product","link":"https:\/\/delorenzoglobal.com\/fr\/produit\/manipulateur-de-base\/","title":{"rendered":"MANIPULATEUR DE BASE"},"content":{"rendered":"<p>Manipulateur de base d\u00e9velopp\u00e9 pour l\u2019enseignement, la d\u00e9monstration, la formation pratique et la conception au sujet des principes de la m\u00e9catronique, de l\u2019automatisation et de l\u2019informatique.<\/p>\n<p>Gr\u00e2ce \u00e0 ce manipulateur, il est possible de comprendre la structure m\u00e9canique des robots utilis\u00e9s dans les secteurs industriels, d\u2019\u00e9laborer et d\u2019ex\u00e9cuter les processus de d\u00e9bogage pour le contr\u00f4le du syst\u00e8me et d\u2019analyser et de r\u00e9soudre des probl\u00e8mes qui se v\u00e9rifient dans un processus d\u2019exploitation r\u00e9el.<\/p>\n<p>En fonction du code de commande, il est possible de changer l\u2019unit\u00e9 de contr\u00f4le en choisissant entre un microcontr\u00f4leur ou un PLC.<\/p>\n","protected":false},"excerpt":{"rendered":"<p>Manipulateur de base d\u00e9velopp\u00e9 pour l\u2019enseignement, la d\u00e9monstration, la formation pratique et la conception au sujet des principes de la m\u00e9catronique, de l\u2019automatisation et de l\u2019informatique. Gr\u00e2ce \u00e0 ce manipulateur, il est possible de comprendre la structure m\u00e9canique des robots utilis\u00e9s dans les secteurs industriels, d\u2019\u00e9laborer et d\u2019ex\u00e9cuter les processus de d\u00e9bogage pour le contr\u00f4le [&hellip;]<\/p>\n","protected":false},"featured_media":1643,"template":"","meta":{"_acf_changed":false},"product_brand":[],"product_cat":[186],"product_tag":[],"class_list":{"0":"post-1597","1":"product","2":"type-product","3":"status-publish","4":"has-post-thumbnail","6":"product_cat-systemes-de-controle-dun-bras-robotique","8":"first","9":"instock","10":"shipping-taxable","11":"product-type-simple"},"acf":[],"yoast_head":"<!-- This site is optimized with the Yoast SEO plugin v27.0 - https:\/\/yoast.com\/product\/yoast-seo-wordpress\/ -->\n<title>MANIPULATEUR DE BASE - De Lorenzo Training &amp; Didactical Equipment<\/title>\n<meta name=\"robots\" content=\"index, follow, max-snippet:-1, max-image-preview:large, max-video-preview:-1\" \/>\n<link rel=\"canonical\" href=\"https:\/\/delorenzoglobal.com\/fr\/produit\/manipulateur-de-base\/\" \/>\n<meta property=\"og:locale\" content=\"fr_FR\" \/>\n<meta property=\"og:type\" content=\"article\" \/>\n<meta property=\"og:title\" content=\"MANIPULATEUR DE BASE - De Lorenzo Training &amp; Didactical Equipment\" \/>\n<meta property=\"og:description\" content=\"Manipulateur de base d\u00e9velopp\u00e9 pour l\u2019enseignement, la d\u00e9monstration, la formation pratique et la conception au sujet des principes de la m\u00e9catronique, de l\u2019automatisation et de l\u2019informatique. Gr\u00e2ce \u00e0 ce manipulateur, il est possible de comprendre la structure m\u00e9canique des robots utilis\u00e9s dans les secteurs industriels, d\u2019\u00e9laborer et d\u2019ex\u00e9cuter les processus de d\u00e9bogage pour le contr\u00f4le [&hellip;]\" \/>\n<meta property=\"og:url\" content=\"https:\/\/delorenzoglobal.com\/fr\/produit\/manipulateur-de-base\/\" \/>\n<meta property=\"og:site_name\" content=\"De Lorenzo Training &amp; Didactical Equipment\" \/>\n<meta property=\"article:modified_time\" content=\"2025-10-07T11:00:14+00:00\" \/>\n<meta property=\"og:image\" content=\"https:\/\/delorenzoglobal.com\/wp-content\/uploads\/2024\/04\/DL-ROBOT-PLC-1-940x1024.png\" \/>\n\t<meta property=\"og:image:width\" content=\"940\" \/>\n\t<meta property=\"og:image:height\" content=\"1024\" \/>\n\t<meta property=\"og:image:type\" content=\"image\/png\" \/>\n<meta name=\"twitter:card\" content=\"summary_large_image\" \/>\n<meta name=\"twitter:label1\" content=\"Dur\u00e9e de lecture estim\u00e9e\" \/>\n\t<meta name=\"twitter:data1\" content=\"1 minute\" \/>\n<script type=\"application\/ld+json\" class=\"yoast-schema-graph\">{\"@context\":\"https:\/\/schema.org\",\"@graph\":[{\"@type\":\"WebPage\",\"@id\":\"https:\/\/delorenzoglobal.com\/fr\/produit\/manipulateur-de-base\/\",\"url\":\"https:\/\/delorenzoglobal.com\/fr\/produit\/manipulateur-de-base\/\",\"name\":\"MANIPULATEUR DE BASE - De Lorenzo Training &amp; Didactical Equipment\",\"isPartOf\":{\"@id\":\"https:\/\/delorenzoglobal.com\/fr\/#website\"},\"primaryImageOfPage\":{\"@id\":\"https:\/\/delorenzoglobal.com\/fr\/produit\/manipulateur-de-base\/#primaryimage\"},\"image\":{\"@id\":\"https:\/\/delorenzoglobal.com\/fr\/produit\/manipulateur-de-base\/#primaryimage\"},\"thumbnailUrl\":\"https:\/\/delorenzoglobal.com\/wp-content\/uploads\/2024\/04\/DL-ROBOT-PLC-1.png\",\"datePublished\":\"2024-04-09T10:42:50+00:00\",\"dateModified\":\"2025-10-07T11:00:14+00:00\",\"breadcrumb\":{\"@id\":\"https:\/\/delorenzoglobal.com\/fr\/produit\/manipulateur-de-base\/#breadcrumb\"},\"inLanguage\":\"fr-FR\",\"potentialAction\":[{\"@type\":\"ReadAction\",\"target\":[\"https:\/\/delorenzoglobal.com\/fr\/produit\/manipulateur-de-base\/\"]}]},{\"@type\":\"ImageObject\",\"inLanguage\":\"fr-FR\",\"@id\":\"https:\/\/delorenzoglobal.com\/fr\/produit\/manipulateur-de-base\/#primaryimage\",\"url\":\"https:\/\/delorenzoglobal.com\/wp-content\/uploads\/2024\/04\/DL-ROBOT-PLC-1.png\",\"contentUrl\":\"https:\/\/delorenzoglobal.com\/wp-content\/uploads\/2024\/04\/DL-ROBOT-PLC-1.png\",\"width\":2077,\"height\":2262},{\"@type\":\"BreadcrumbList\",\"@id\":\"https:\/\/delorenzoglobal.com\/fr\/produit\/manipulateur-de-base\/#breadcrumb\",\"itemListElement\":[{\"@type\":\"ListItem\",\"position\":1,\"name\":\"Home\",\"item\":\"https:\/\/delorenzoglobal.com\/fr\/\"},{\"@type\":\"ListItem\",\"position\":2,\"name\":\"Boutique\",\"item\":\"https:\/\/delorenzoglobal.com\/fr\/boutique\/\"},{\"@type\":\"ListItem\",\"position\":3,\"name\":\"MANIPULATEUR DE BASE\"}]},{\"@type\":\"WebSite\",\"@id\":\"https:\/\/delorenzoglobal.com\/fr\/#website\",\"url\":\"https:\/\/delorenzoglobal.com\/fr\/\",\"name\":\"De Lorenzo Training &amp; Didactical Equipment\",\"description\":\"\",\"potentialAction\":[{\"@type\":\"SearchAction\",\"target\":{\"@type\":\"EntryPoint\",\"urlTemplate\":\"https:\/\/delorenzoglobal.com\/fr\/?s={search_term_string}\"},\"query-input\":{\"@type\":\"PropertyValueSpecification\",\"valueRequired\":true,\"valueName\":\"search_term_string\"}}],\"inLanguage\":\"fr-FR\"}]}<\/script>\n<!-- \/ Yoast SEO plugin. -->","yoast_head_json":{"title":"MANIPULATEUR DE BASE - De Lorenzo Training &amp; Didactical Equipment","robots":{"index":"index","follow":"follow","max-snippet":"max-snippet:-1","max-image-preview":"max-image-preview:large","max-video-preview":"max-video-preview:-1"},"canonical":"https:\/\/delorenzoglobal.com\/fr\/produit\/manipulateur-de-base\/","og_locale":"fr_FR","og_type":"article","og_title":"MANIPULATEUR DE BASE - De Lorenzo Training &amp; Didactical Equipment","og_description":"Manipulateur de base d\u00e9velopp\u00e9 pour l\u2019enseignement, la d\u00e9monstration, la formation pratique et la conception au sujet des principes de la m\u00e9catronique, de l\u2019automatisation et de l\u2019informatique. Gr\u00e2ce \u00e0 ce manipulateur, il est possible de comprendre la structure m\u00e9canique des robots utilis\u00e9s dans les secteurs industriels, d\u2019\u00e9laborer et d\u2019ex\u00e9cuter les processus de d\u00e9bogage pour le contr\u00f4le [&hellip;]","og_url":"https:\/\/delorenzoglobal.com\/fr\/produit\/manipulateur-de-base\/","og_site_name":"De Lorenzo Training &amp; Didactical Equipment","article_modified_time":"2025-10-07T11:00:14+00:00","og_image":[{"width":940,"height":1024,"url":"https:\/\/delorenzoglobal.com\/wp-content\/uploads\/2024\/04\/DL-ROBOT-PLC-1-940x1024.png","type":"image\/png"}],"twitter_card":"summary_large_image","twitter_misc":{"Dur\u00e9e de lecture estim\u00e9e":"1 minute"},"schema":{"@context":"https:\/\/schema.org","@graph":[{"@type":"WebPage","@id":"https:\/\/delorenzoglobal.com\/fr\/produit\/manipulateur-de-base\/","url":"https:\/\/delorenzoglobal.com\/fr\/produit\/manipulateur-de-base\/","name":"MANIPULATEUR DE BASE - De Lorenzo Training &amp; Didactical Equipment","isPartOf":{"@id":"https:\/\/delorenzoglobal.com\/fr\/#website"},"primaryImageOfPage":{"@id":"https:\/\/delorenzoglobal.com\/fr\/produit\/manipulateur-de-base\/#primaryimage"},"image":{"@id":"https:\/\/delorenzoglobal.com\/fr\/produit\/manipulateur-de-base\/#primaryimage"},"thumbnailUrl":"https:\/\/delorenzoglobal.com\/wp-content\/uploads\/2024\/04\/DL-ROBOT-PLC-1.png","datePublished":"2024-04-09T10:42:50+00:00","dateModified":"2025-10-07T11:00:14+00:00","breadcrumb":{"@id":"https:\/\/delorenzoglobal.com\/fr\/produit\/manipulateur-de-base\/#breadcrumb"},"inLanguage":"fr-FR","potentialAction":[{"@type":"ReadAction","target":["https:\/\/delorenzoglobal.com\/fr\/produit\/manipulateur-de-base\/"]}]},{"@type":"ImageObject","inLanguage":"fr-FR","@id":"https:\/\/delorenzoglobal.com\/fr\/produit\/manipulateur-de-base\/#primaryimage","url":"https:\/\/delorenzoglobal.com\/wp-content\/uploads\/2024\/04\/DL-ROBOT-PLC-1.png","contentUrl":"https:\/\/delorenzoglobal.com\/wp-content\/uploads\/2024\/04\/DL-ROBOT-PLC-1.png","width":2077,"height":2262},{"@type":"BreadcrumbList","@id":"https:\/\/delorenzoglobal.com\/fr\/produit\/manipulateur-de-base\/#breadcrumb","itemListElement":[{"@type":"ListItem","position":1,"name":"Home","item":"https:\/\/delorenzoglobal.com\/fr\/"},{"@type":"ListItem","position":2,"name":"Boutique","item":"https:\/\/delorenzoglobal.com\/fr\/boutique\/"},{"@type":"ListItem","position":3,"name":"MANIPULATEUR DE BASE"}]},{"@type":"WebSite","@id":"https:\/\/delorenzoglobal.com\/fr\/#website","url":"https:\/\/delorenzoglobal.com\/fr\/","name":"De Lorenzo Training &amp; Didactical Equipment","description":"","potentialAction":[{"@type":"SearchAction","target":{"@type":"EntryPoint","urlTemplate":"https:\/\/delorenzoglobal.com\/fr\/?s={search_term_string}"},"query-input":{"@type":"PropertyValueSpecification","valueRequired":true,"valueName":"search_term_string"}}],"inLanguage":"fr-FR"}]}},"_links":{"self":[{"href":"https:\/\/delorenzoglobal.com\/fr\/wp-json\/wp\/v2\/product\/1597","targetHints":{"allow":["GET"]}}],"collection":[{"href":"https:\/\/delorenzoglobal.com\/fr\/wp-json\/wp\/v2\/product"}],"about":[{"href":"https:\/\/delorenzoglobal.com\/fr\/wp-json\/wp\/v2\/types\/product"}],"wp:featuredmedia":[{"embeddable":true,"href":"https:\/\/delorenzoglobal.com\/fr\/wp-json\/wp\/v2\/media\/1643"}],"wp:attachment":[{"href":"https:\/\/delorenzoglobal.com\/fr\/wp-json\/wp\/v2\/media?parent=1597"}],"wp:term":[{"taxonomy":"product_brand","embeddable":true,"href":"https:\/\/delorenzoglobal.com\/fr\/wp-json\/wp\/v2\/product_brand?post=1597"},{"taxonomy":"product_cat","embeddable":true,"href":"https:\/\/delorenzoglobal.com\/fr\/wp-json\/wp\/v2\/product_cat?post=1597"},{"taxonomy":"product_tag","embeddable":true,"href":"https:\/\/delorenzoglobal.com\/fr\/wp-json\/wp\/v2\/product_tag?post=1597"}],"curies":[{"name":"wp","href":"https:\/\/api.w.org\/{rel}","templated":true}]}}