{"id":1578,"date":"2024-04-09T12:32:56","date_gmt":"2024-04-09T10:32:56","guid":{"rendered":"https:\/\/delorenzoglobal.com\/?post_type=product&#038;p=1578"},"modified":"2026-04-20T09:43:52","modified_gmt":"2026-04-20T07:43:52","slug":"robot-cartesien-a-deux-axes","status":"publish","type":"product","link":"https:\/\/delorenzoglobal.com\/fr\/produit\/robot-cartesien-a-deux-axes\/","title":{"rendered":"ROBOT CART\u00c9SIEN \u00c0 DEUX AXES"},"content":{"rendered":"<p>Contr\u00f4leur multifonction programmable d\u00e9velopp\u00e9 pour simuler le robot cart\u00e9sien utilis\u00e9 das l&rsquo;environnement industriel.<\/p>\n<p>Le robot applique la moderne technologie m\u00e9canique, de la pneumatique et des capteurs pour permettre \u00e0 l\u2019\u00e9tudiant l\u2019acquisition des connaissances en mati\u00e8re de conception m\u00e9canique et de la technologie de d\u00e9tection de position.<\/p>\n<p>Gr\u00e2ce \u00e0 l\u2019emploi d\u2019un moderne PLC il est possible de programmer le syst\u00e8me, ainsi l\u2019\u00e9tudiant al\u2019opportunit\u00e9 de s\u2019interfacer avec le monde de l\u2019automatisation.<\/p>\n<p>Num\u00e9ro de commande :<br \/>\nLe produit suivant peut \u00eatre command\u00e9 avec deux codes diff\u00e9rents.<br \/>\nLe choix du code est bas\u00e9 sur le type de PLC \u00e0 inclure avec le robot.<\/p>\n<ul>\n<li><strong>DL ROB2X-AB<\/strong> \u2013 Robot avec PLC Alan Bradley<\/li>\n<li><strong>DL ROB2X-1200<\/strong> \u2013 Robot avec PLC Siemen<\/li>\n<\/ul>\n","protected":false},"excerpt":{"rendered":"<p>Contr\u00f4leur multifonction programmable d\u00e9velopp\u00e9 pour simuler le robot cart\u00e9sien utilis\u00e9 das l&rsquo;environnement industriel. Le robot applique la moderne technologie m\u00e9canique, de la pneumatique et des capteurs pour permettre \u00e0 l\u2019\u00e9tudiant l\u2019acquisition des connaissances en mati\u00e8re de conception m\u00e9canique et de la technologie de d\u00e9tection de position. Gr\u00e2ce \u00e0 l\u2019emploi d\u2019un moderne PLC il est possible [&hellip;]<\/p>\n","protected":false},"featured_media":19399,"template":"","meta":{"_acf_changed":false},"product_brand":[],"product_cat":[186],"product_tag":[],"class_list":{"0":"post-1578","1":"product","2":"type-product","3":"status-publish","4":"has-post-thumbnail","6":"product_cat-systemes-de-controle-dun-bras-robotique","8":"first","9":"instock","10":"shipping-taxable","11":"product-type-simple"},"acf":[],"yoast_head":"<!-- This site is optimized with the Yoast SEO plugin v27.4 - https:\/\/yoast.com\/product\/yoast-seo-wordpress\/ -->\n<title>ROBOT CART\u00c9SIEN \u00c0 DEUX AXES - De Lorenzo Training &amp; Didactical Equipment<\/title>\n<meta name=\"robots\" content=\"index, follow, max-snippet:-1, max-image-preview:large, max-video-preview:-1\" \/>\n<link rel=\"canonical\" href=\"https:\/\/delorenzoglobal.com\/fr\/produit\/robot-cartesien-a-deux-axes\/\" \/>\n<meta property=\"og:locale\" content=\"fr_FR\" \/>\n<meta property=\"og:type\" content=\"article\" \/>\n<meta property=\"og:title\" content=\"ROBOT CART\u00c9SIEN \u00c0 DEUX AXES - De Lorenzo Training &amp; Didactical Equipment\" \/>\n<meta property=\"og:description\" content=\"Contr\u00f4leur multifonction programmable d\u00e9velopp\u00e9 pour simuler le robot cart\u00e9sien utilis\u00e9 das l&rsquo;environnement industriel. Le robot applique la moderne technologie m\u00e9canique, de la pneumatique et des capteurs pour permettre \u00e0 l\u2019\u00e9tudiant l\u2019acquisition des connaissances en mati\u00e8re de conception m\u00e9canique et de la technologie de d\u00e9tection de position. Gr\u00e2ce \u00e0 l\u2019emploi d\u2019un moderne PLC il est possible [&hellip;]\" \/>\n<meta property=\"og:url\" content=\"https:\/\/delorenzoglobal.com\/fr\/produit\/robot-cartesien-a-deux-axes\/\" \/>\n<meta property=\"og:site_name\" content=\"De Lorenzo Training &amp; Didactical Equipment\" \/>\n<meta property=\"article:modified_time\" content=\"2026-04-20T07:43:52+00:00\" \/>\n<meta property=\"og:image\" content=\"https:\/\/delorenzoglobal.com\/wp-content\/uploads\/2024\/04\/DL-ROB2X-1200-xs-1.jpg\" \/>\n\t<meta property=\"og:image:width\" content=\"2486\" \/>\n\t<meta property=\"og:image:height\" content=\"1768\" \/>\n\t<meta property=\"og:image:type\" content=\"image\/jpeg\" \/>\n<meta name=\"twitter:card\" content=\"summary_large_image\" \/>\n<meta name=\"twitter:label1\" content=\"Dur\u00e9e de lecture estim\u00e9e\" \/>\n\t<meta name=\"twitter:data1\" content=\"1 minute\" \/>\n<script type=\"application\/ld+json\" class=\"yoast-schema-graph\">{\"@context\":\"https:\\\/\\\/schema.org\",\"@graph\":[{\"@type\":\"WebPage\",\"@id\":\"https:\\\/\\\/delorenzoglobal.com\\\/fr\\\/produit\\\/robot-cartesien-a-deux-axes\\\/\",\"url\":\"https:\\\/\\\/delorenzoglobal.com\\\/fr\\\/produit\\\/robot-cartesien-a-deux-axes\\\/\",\"name\":\"ROBOT CART\u00c9SIEN \u00c0 DEUX AXES - De Lorenzo Training &amp; Didactical Equipment\",\"isPartOf\":{\"@id\":\"https:\\\/\\\/delorenzoglobal.com\\\/fr\\\/#website\"},\"primaryImageOfPage\":{\"@id\":\"https:\\\/\\\/delorenzoglobal.com\\\/fr\\\/produit\\\/robot-cartesien-a-deux-axes\\\/#primaryimage\"},\"image\":{\"@id\":\"https:\\\/\\\/delorenzoglobal.com\\\/fr\\\/produit\\\/robot-cartesien-a-deux-axes\\\/#primaryimage\"},\"thumbnailUrl\":\"https:\\\/\\\/delorenzoglobal.com\\\/wp-content\\\/uploads\\\/2024\\\/04\\\/DL-ROB2X-1200-xs-1.jpg\",\"datePublished\":\"2024-04-09T10:32:56+00:00\",\"dateModified\":\"2026-04-20T07:43:52+00:00\",\"breadcrumb\":{\"@id\":\"https:\\\/\\\/delorenzoglobal.com\\\/fr\\\/produit\\\/robot-cartesien-a-deux-axes\\\/#breadcrumb\"},\"inLanguage\":\"fr-FR\",\"potentialAction\":[{\"@type\":\"ReadAction\",\"target\":[\"https:\\\/\\\/delorenzoglobal.com\\\/fr\\\/produit\\\/robot-cartesien-a-deux-axes\\\/\"]}]},{\"@type\":\"ImageObject\",\"inLanguage\":\"fr-FR\",\"@id\":\"https:\\\/\\\/delorenzoglobal.com\\\/fr\\\/produit\\\/robot-cartesien-a-deux-axes\\\/#primaryimage\",\"url\":\"https:\\\/\\\/delorenzoglobal.com\\\/wp-content\\\/uploads\\\/2024\\\/04\\\/DL-ROB2X-1200-xs-1.jpg\",\"contentUrl\":\"https:\\\/\\\/delorenzoglobal.com\\\/wp-content\\\/uploads\\\/2024\\\/04\\\/DL-ROB2X-1200-xs-1.jpg\",\"width\":2486,\"height\":1768},{\"@type\":\"BreadcrumbList\",\"@id\":\"https:\\\/\\\/delorenzoglobal.com\\\/fr\\\/produit\\\/robot-cartesien-a-deux-axes\\\/#breadcrumb\",\"itemListElement\":[{\"@type\":\"ListItem\",\"position\":1,\"name\":\"Home\",\"item\":\"https:\\\/\\\/delorenzoglobal.com\\\/fr\\\/\"},{\"@type\":\"ListItem\",\"position\":2,\"name\":\"Boutique\",\"item\":\"https:\\\/\\\/delorenzoglobal.com\\\/fr\\\/boutique\\\/\"},{\"@type\":\"ListItem\",\"position\":3,\"name\":\"ROBOT CART\u00c9SIEN \u00c0 DEUX AXES\"}]},{\"@type\":\"WebSite\",\"@id\":\"https:\\\/\\\/delorenzoglobal.com\\\/fr\\\/#website\",\"url\":\"https:\\\/\\\/delorenzoglobal.com\\\/fr\\\/\",\"name\":\"De Lorenzo Training &amp; Didactical Equipment\",\"description\":\"\",\"potentialAction\":[{\"@type\":\"SearchAction\",\"target\":{\"@type\":\"EntryPoint\",\"urlTemplate\":\"https:\\\/\\\/delorenzoglobal.com\\\/fr\\\/?s={search_term_string}\"},\"query-input\":{\"@type\":\"PropertyValueSpecification\",\"valueRequired\":true,\"valueName\":\"search_term_string\"}}],\"inLanguage\":\"fr-FR\"}]}<\/script>\n<!-- \/ Yoast SEO plugin. -->","yoast_head_json":{"title":"ROBOT CART\u00c9SIEN \u00c0 DEUX AXES - De Lorenzo Training &amp; Didactical Equipment","robots":{"index":"index","follow":"follow","max-snippet":"max-snippet:-1","max-image-preview":"max-image-preview:large","max-video-preview":"max-video-preview:-1"},"canonical":"https:\/\/delorenzoglobal.com\/fr\/produit\/robot-cartesien-a-deux-axes\/","og_locale":"fr_FR","og_type":"article","og_title":"ROBOT CART\u00c9SIEN \u00c0 DEUX AXES - De Lorenzo Training &amp; Didactical Equipment","og_description":"Contr\u00f4leur multifonction programmable d\u00e9velopp\u00e9 pour simuler le robot cart\u00e9sien utilis\u00e9 das l&rsquo;environnement industriel. Le robot applique la moderne technologie m\u00e9canique, de la pneumatique et des capteurs pour permettre \u00e0 l\u2019\u00e9tudiant l\u2019acquisition des connaissances en mati\u00e8re de conception m\u00e9canique et de la technologie de d\u00e9tection de position. Gr\u00e2ce \u00e0 l\u2019emploi d\u2019un moderne PLC il est possible [&hellip;]","og_url":"https:\/\/delorenzoglobal.com\/fr\/produit\/robot-cartesien-a-deux-axes\/","og_site_name":"De Lorenzo Training &amp; Didactical Equipment","article_modified_time":"2026-04-20T07:43:52+00:00","og_image":[{"width":2486,"height":1768,"url":"https:\/\/delorenzoglobal.com\/wp-content\/uploads\/2024\/04\/DL-ROB2X-1200-xs-1.jpg","type":"image\/jpeg"}],"twitter_card":"summary_large_image","twitter_misc":{"Dur\u00e9e de lecture estim\u00e9e":"1 minute"},"schema":{"@context":"https:\/\/schema.org","@graph":[{"@type":"WebPage","@id":"https:\/\/delorenzoglobal.com\/fr\/produit\/robot-cartesien-a-deux-axes\/","url":"https:\/\/delorenzoglobal.com\/fr\/produit\/robot-cartesien-a-deux-axes\/","name":"ROBOT CART\u00c9SIEN \u00c0 DEUX AXES - De Lorenzo Training &amp; Didactical Equipment","isPartOf":{"@id":"https:\/\/delorenzoglobal.com\/fr\/#website"},"primaryImageOfPage":{"@id":"https:\/\/delorenzoglobal.com\/fr\/produit\/robot-cartesien-a-deux-axes\/#primaryimage"},"image":{"@id":"https:\/\/delorenzoglobal.com\/fr\/produit\/robot-cartesien-a-deux-axes\/#primaryimage"},"thumbnailUrl":"https:\/\/delorenzoglobal.com\/wp-content\/uploads\/2024\/04\/DL-ROB2X-1200-xs-1.jpg","datePublished":"2024-04-09T10:32:56+00:00","dateModified":"2026-04-20T07:43:52+00:00","breadcrumb":{"@id":"https:\/\/delorenzoglobal.com\/fr\/produit\/robot-cartesien-a-deux-axes\/#breadcrumb"},"inLanguage":"fr-FR","potentialAction":[{"@type":"ReadAction","target":["https:\/\/delorenzoglobal.com\/fr\/produit\/robot-cartesien-a-deux-axes\/"]}]},{"@type":"ImageObject","inLanguage":"fr-FR","@id":"https:\/\/delorenzoglobal.com\/fr\/produit\/robot-cartesien-a-deux-axes\/#primaryimage","url":"https:\/\/delorenzoglobal.com\/wp-content\/uploads\/2024\/04\/DL-ROB2X-1200-xs-1.jpg","contentUrl":"https:\/\/delorenzoglobal.com\/wp-content\/uploads\/2024\/04\/DL-ROB2X-1200-xs-1.jpg","width":2486,"height":1768},{"@type":"BreadcrumbList","@id":"https:\/\/delorenzoglobal.com\/fr\/produit\/robot-cartesien-a-deux-axes\/#breadcrumb","itemListElement":[{"@type":"ListItem","position":1,"name":"Home","item":"https:\/\/delorenzoglobal.com\/fr\/"},{"@type":"ListItem","position":2,"name":"Boutique","item":"https:\/\/delorenzoglobal.com\/fr\/boutique\/"},{"@type":"ListItem","position":3,"name":"ROBOT CART\u00c9SIEN \u00c0 DEUX AXES"}]},{"@type":"WebSite","@id":"https:\/\/delorenzoglobal.com\/fr\/#website","url":"https:\/\/delorenzoglobal.com\/fr\/","name":"De Lorenzo Training &amp; Didactical Equipment","description":"","potentialAction":[{"@type":"SearchAction","target":{"@type":"EntryPoint","urlTemplate":"https:\/\/delorenzoglobal.com\/fr\/?s={search_term_string}"},"query-input":{"@type":"PropertyValueSpecification","valueRequired":true,"valueName":"search_term_string"}}],"inLanguage":"fr-FR"}]}},"_links":{"self":[{"href":"https:\/\/delorenzoglobal.com\/fr\/wp-json\/wp\/v2\/product\/1578","targetHints":{"allow":["GET"]}}],"collection":[{"href":"https:\/\/delorenzoglobal.com\/fr\/wp-json\/wp\/v2\/product"}],"about":[{"href":"https:\/\/delorenzoglobal.com\/fr\/wp-json\/wp\/v2\/types\/product"}],"wp:featuredmedia":[{"embeddable":true,"href":"https:\/\/delorenzoglobal.com\/fr\/wp-json\/wp\/v2\/media\/19399"}],"wp:attachment":[{"href":"https:\/\/delorenzoglobal.com\/fr\/wp-json\/wp\/v2\/media?parent=1578"}],"wp:term":[{"taxonomy":"product_brand","embeddable":true,"href":"https:\/\/delorenzoglobal.com\/fr\/wp-json\/wp\/v2\/product_brand?post=1578"},{"taxonomy":"product_cat","embeddable":true,"href":"https:\/\/delorenzoglobal.com\/fr\/wp-json\/wp\/v2\/product_cat?post=1578"},{"taxonomy":"product_tag","embeddable":true,"href":"https:\/\/delorenzoglobal.com\/fr\/wp-json\/wp\/v2\/product_tag?post=1578"}],"curies":[{"name":"wp","href":"https:\/\/api.w.org\/{rel}","templated":true}]}}