{"id":1577,"date":"2024-04-09T12:24:44","date_gmt":"2024-04-09T10:24:44","guid":{"rendered":"https:\/\/delorenzoglobal.com\/?post_type=product&#038;p=1577"},"modified":"2025-04-28T12:34:28","modified_gmt":"2025-04-28T10:34:28","slug":"pupitre-dalimentation","status":"publish","type":"product","link":"https:\/\/delorenzoglobal.com\/fr\/produit\/pupitre-dalimentation\/","title":{"rendered":"PUPITRE D\u2019ALIMENTATION"},"content":{"rendered":"<p>Con\u00e7u pour les laboratoires d&rsquo;\u00e9lectronique.<\/p>\n<p>Son objectif principal est de r\u00e9aliser une source d&rsquo;alimentation avec des caract\u00e9ristiques de s\u00e9curit\u00e9 \u00e9lev\u00e9es et de performance \u00e9lectrique remarquable.<\/p>\n<p><strong>Tensions de sortie :<\/strong><\/p>\n<ul>\n<li>2 alimentations stabilis\u00e9es ind\u00e9pendantes: 0 \u00f7 30V, 0 \u00f7 2 A, compl\u00e9t\u00e9es avec un instrument num\u00e9rique pour tension et courant. Possibilit\u00e9 de tracking.<\/li>\n<li>Alimentation double fixe: \u00b1 5V\/1A<\/li>\n<li>Alimentation double fixe: \u00b1 12V\/1A<\/li>\n<li>Alimentation double: fixe \u00b1 24V\/1A<\/li>\n<li>2 alimentations CA: 0 \u00f7 250V\/1A \u00a0et 0 \u00f7 25V\/2A isol\u00e9es du r\u00e9seau<\/li>\n<li>S\u00e9rie de prises: 220 V, 10\/16A<\/li>\n<\/ul>\n<p>Les bornes de sortie sont du type s\u00fbr.<\/p>\n<p>Les sorties sont prot\u00e9g\u00e9es au moyen d&rsquo;un commutateur g\u00e9n\u00e9rale magn\u00e9tothermique diff\u00e9rentiel.<\/p>\n<p>Tension d&rsquo;alimentation: monophas\u00e9e de r\u00e9seau.<\/p>\n","protected":false},"excerpt":{"rendered":"<p>Con\u00e7u pour les laboratoires d&rsquo;\u00e9lectronique. Son objectif principal est de r\u00e9aliser une source d&rsquo;alimentation avec des caract\u00e9ristiques de s\u00e9curit\u00e9 \u00e9lev\u00e9es et de performance \u00e9lectrique remarquable. Tensions de sortie : 2 alimentations stabilis\u00e9es ind\u00e9pendantes: 0 \u00f7 30V, 0 \u00f7 2 A, compl\u00e9t\u00e9es avec un instrument num\u00e9rique pour tension et courant. Possibilit\u00e9 de tracking. Alimentation double fixe: [&hellip;]<\/p>\n","protected":false},"featured_media":21859,"template":"","meta":{"_acf_changed":false},"product_brand":[],"product_cat":[202],"product_tag":[],"class_list":{"0":"post-1577","1":"product","2":"type-product","3":"status-publish","4":"has-post-thumbnail","6":"product_cat-alimentations-electriques","8":"first","9":"instock","10":"shipping-taxable","11":"product-type-simple"},"acf":[],"yoast_head":"<!-- This site is optimized with the Yoast SEO plugin v27.0 - https:\/\/yoast.com\/product\/yoast-seo-wordpress\/ -->\n<title>PUPITRE D\u2019ALIMENTATION - De Lorenzo Training &amp; Didactical Equipment<\/title>\n<meta name=\"robots\" content=\"index, follow, max-snippet:-1, max-image-preview:large, max-video-preview:-1\" \/>\n<link rel=\"canonical\" href=\"https:\/\/delorenzoglobal.com\/fr\/produit\/pupitre-dalimentation\/\" \/>\n<meta property=\"og:locale\" content=\"fr_FR\" \/>\n<meta property=\"og:type\" content=\"article\" \/>\n<meta property=\"og:title\" content=\"PUPITRE D\u2019ALIMENTATION - De Lorenzo Training &amp; Didactical Equipment\" \/>\n<meta property=\"og:description\" content=\"Con\u00e7u pour les laboratoires d&rsquo;\u00e9lectronique. Son objectif principal est de r\u00e9aliser une source d&rsquo;alimentation avec des caract\u00e9ristiques de s\u00e9curit\u00e9 \u00e9lev\u00e9es et de performance \u00e9lectrique remarquable. Tensions de sortie : 2 alimentations stabilis\u00e9es ind\u00e9pendantes: 0 \u00f7 30V, 0 \u00f7 2 A, compl\u00e9t\u00e9es avec un instrument num\u00e9rique pour tension et courant. Possibilit\u00e9 de tracking. Alimentation double fixe: [&hellip;]\" \/>\n<meta property=\"og:url\" content=\"https:\/\/delorenzoglobal.com\/fr\/produit\/pupitre-dalimentation\/\" \/>\n<meta property=\"og:site_name\" content=\"De Lorenzo Training &amp; Didactical Equipment\" \/>\n<meta property=\"article:modified_time\" content=\"2025-04-28T10:34:28+00:00\" \/>\n<meta property=\"og:image\" content=\"https:\/\/delorenzoglobal.com\/wp-content\/uploads\/2024\/04\/1004-scaled.jpg\" \/>\n\t<meta property=\"og:image:width\" content=\"2560\" \/>\n\t<meta property=\"og:image:height\" content=\"1111\" \/>\n\t<meta property=\"og:image:type\" content=\"image\/jpeg\" \/>\n<meta name=\"twitter:card\" content=\"summary_large_image\" \/>\n<meta name=\"twitter:label1\" content=\"Dur\u00e9e de lecture estim\u00e9e\" \/>\n\t<meta name=\"twitter:data1\" content=\"1 minute\" \/>\n<script type=\"application\/ld+json\" class=\"yoast-schema-graph\">{\"@context\":\"https:\/\/schema.org\",\"@graph\":[{\"@type\":\"WebPage\",\"@id\":\"https:\/\/delorenzoglobal.com\/fr\/produit\/pupitre-dalimentation\/\",\"url\":\"https:\/\/delorenzoglobal.com\/fr\/produit\/pupitre-dalimentation\/\",\"name\":\"PUPITRE D\u2019ALIMENTATION - De Lorenzo Training &amp; Didactical Equipment\",\"isPartOf\":{\"@id\":\"https:\/\/delorenzoglobal.com\/fr\/#website\"},\"primaryImageOfPage\":{\"@id\":\"https:\/\/delorenzoglobal.com\/fr\/produit\/pupitre-dalimentation\/#primaryimage\"},\"image\":{\"@id\":\"https:\/\/delorenzoglobal.com\/fr\/produit\/pupitre-dalimentation\/#primaryimage\"},\"thumbnailUrl\":\"https:\/\/delorenzoglobal.com\/wp-content\/uploads\/2024\/04\/1004-scaled.jpg\",\"datePublished\":\"2024-04-09T10:24:44+00:00\",\"dateModified\":\"2025-04-28T10:34:28+00:00\",\"breadcrumb\":{\"@id\":\"https:\/\/delorenzoglobal.com\/fr\/produit\/pupitre-dalimentation\/#breadcrumb\"},\"inLanguage\":\"fr-FR\",\"potentialAction\":[{\"@type\":\"ReadAction\",\"target\":[\"https:\/\/delorenzoglobal.com\/fr\/produit\/pupitre-dalimentation\/\"]}]},{\"@type\":\"ImageObject\",\"inLanguage\":\"fr-FR\",\"@id\":\"https:\/\/delorenzoglobal.com\/fr\/produit\/pupitre-dalimentation\/#primaryimage\",\"url\":\"https:\/\/delorenzoglobal.com\/wp-content\/uploads\/2024\/04\/1004-scaled.jpg\",\"contentUrl\":\"https:\/\/delorenzoglobal.com\/wp-content\/uploads\/2024\/04\/1004-scaled.jpg\",\"width\":2560,\"height\":1111},{\"@type\":\"BreadcrumbList\",\"@id\":\"https:\/\/delorenzoglobal.com\/fr\/produit\/pupitre-dalimentation\/#breadcrumb\",\"itemListElement\":[{\"@type\":\"ListItem\",\"position\":1,\"name\":\"Home\",\"item\":\"https:\/\/delorenzoglobal.com\/fr\/\"},{\"@type\":\"ListItem\",\"position\":2,\"name\":\"Boutique\",\"item\":\"https:\/\/delorenzoglobal.com\/fr\/boutique\/\"},{\"@type\":\"ListItem\",\"position\":3,\"name\":\"PUPITRE D\u2019ALIMENTATION\"}]},{\"@type\":\"WebSite\",\"@id\":\"https:\/\/delorenzoglobal.com\/fr\/#website\",\"url\":\"https:\/\/delorenzoglobal.com\/fr\/\",\"name\":\"De Lorenzo Training &amp; Didactical Equipment\",\"description\":\"\",\"potentialAction\":[{\"@type\":\"SearchAction\",\"target\":{\"@type\":\"EntryPoint\",\"urlTemplate\":\"https:\/\/delorenzoglobal.com\/fr\/?s={search_term_string}\"},\"query-input\":{\"@type\":\"PropertyValueSpecification\",\"valueRequired\":true,\"valueName\":\"search_term_string\"}}],\"inLanguage\":\"fr-FR\"}]}<\/script>\n<!-- \/ Yoast SEO plugin. -->","yoast_head_json":{"title":"PUPITRE D\u2019ALIMENTATION - De Lorenzo Training &amp; Didactical Equipment","robots":{"index":"index","follow":"follow","max-snippet":"max-snippet:-1","max-image-preview":"max-image-preview:large","max-video-preview":"max-video-preview:-1"},"canonical":"https:\/\/delorenzoglobal.com\/fr\/produit\/pupitre-dalimentation\/","og_locale":"fr_FR","og_type":"article","og_title":"PUPITRE D\u2019ALIMENTATION - De Lorenzo Training &amp; Didactical Equipment","og_description":"Con\u00e7u pour les laboratoires d&rsquo;\u00e9lectronique. Son objectif principal est de r\u00e9aliser une source d&rsquo;alimentation avec des caract\u00e9ristiques de s\u00e9curit\u00e9 \u00e9lev\u00e9es et de performance \u00e9lectrique remarquable. Tensions de sortie : 2 alimentations stabilis\u00e9es ind\u00e9pendantes: 0 \u00f7 30V, 0 \u00f7 2 A, compl\u00e9t\u00e9es avec un instrument num\u00e9rique pour tension et courant. Possibilit\u00e9 de tracking. Alimentation double fixe: [&hellip;]","og_url":"https:\/\/delorenzoglobal.com\/fr\/produit\/pupitre-dalimentation\/","og_site_name":"De Lorenzo Training &amp; Didactical Equipment","article_modified_time":"2025-04-28T10:34:28+00:00","og_image":[{"width":2560,"height":1111,"url":"https:\/\/delorenzoglobal.com\/wp-content\/uploads\/2024\/04\/1004-scaled.jpg","type":"image\/jpeg"}],"twitter_card":"summary_large_image","twitter_misc":{"Dur\u00e9e de lecture estim\u00e9e":"1 minute"},"schema":{"@context":"https:\/\/schema.org","@graph":[{"@type":"WebPage","@id":"https:\/\/delorenzoglobal.com\/fr\/produit\/pupitre-dalimentation\/","url":"https:\/\/delorenzoglobal.com\/fr\/produit\/pupitre-dalimentation\/","name":"PUPITRE D\u2019ALIMENTATION - De Lorenzo Training &amp; Didactical Equipment","isPartOf":{"@id":"https:\/\/delorenzoglobal.com\/fr\/#website"},"primaryImageOfPage":{"@id":"https:\/\/delorenzoglobal.com\/fr\/produit\/pupitre-dalimentation\/#primaryimage"},"image":{"@id":"https:\/\/delorenzoglobal.com\/fr\/produit\/pupitre-dalimentation\/#primaryimage"},"thumbnailUrl":"https:\/\/delorenzoglobal.com\/wp-content\/uploads\/2024\/04\/1004-scaled.jpg","datePublished":"2024-04-09T10:24:44+00:00","dateModified":"2025-04-28T10:34:28+00:00","breadcrumb":{"@id":"https:\/\/delorenzoglobal.com\/fr\/produit\/pupitre-dalimentation\/#breadcrumb"},"inLanguage":"fr-FR","potentialAction":[{"@type":"ReadAction","target":["https:\/\/delorenzoglobal.com\/fr\/produit\/pupitre-dalimentation\/"]}]},{"@type":"ImageObject","inLanguage":"fr-FR","@id":"https:\/\/delorenzoglobal.com\/fr\/produit\/pupitre-dalimentation\/#primaryimage","url":"https:\/\/delorenzoglobal.com\/wp-content\/uploads\/2024\/04\/1004-scaled.jpg","contentUrl":"https:\/\/delorenzoglobal.com\/wp-content\/uploads\/2024\/04\/1004-scaled.jpg","width":2560,"height":1111},{"@type":"BreadcrumbList","@id":"https:\/\/delorenzoglobal.com\/fr\/produit\/pupitre-dalimentation\/#breadcrumb","itemListElement":[{"@type":"ListItem","position":1,"name":"Home","item":"https:\/\/delorenzoglobal.com\/fr\/"},{"@type":"ListItem","position":2,"name":"Boutique","item":"https:\/\/delorenzoglobal.com\/fr\/boutique\/"},{"@type":"ListItem","position":3,"name":"PUPITRE D\u2019ALIMENTATION"}]},{"@type":"WebSite","@id":"https:\/\/delorenzoglobal.com\/fr\/#website","url":"https:\/\/delorenzoglobal.com\/fr\/","name":"De Lorenzo Training &amp; Didactical Equipment","description":"","potentialAction":[{"@type":"SearchAction","target":{"@type":"EntryPoint","urlTemplate":"https:\/\/delorenzoglobal.com\/fr\/?s={search_term_string}"},"query-input":{"@type":"PropertyValueSpecification","valueRequired":true,"valueName":"search_term_string"}}],"inLanguage":"fr-FR"}]}},"_links":{"self":[{"href":"https:\/\/delorenzoglobal.com\/fr\/wp-json\/wp\/v2\/product\/1577","targetHints":{"allow":["GET"]}}],"collection":[{"href":"https:\/\/delorenzoglobal.com\/fr\/wp-json\/wp\/v2\/product"}],"about":[{"href":"https:\/\/delorenzoglobal.com\/fr\/wp-json\/wp\/v2\/types\/product"}],"wp:featuredmedia":[{"embeddable":true,"href":"https:\/\/delorenzoglobal.com\/fr\/wp-json\/wp\/v2\/media\/21859"}],"wp:attachment":[{"href":"https:\/\/delorenzoglobal.com\/fr\/wp-json\/wp\/v2\/media?parent=1577"}],"wp:term":[{"taxonomy":"product_brand","embeddable":true,"href":"https:\/\/delorenzoglobal.com\/fr\/wp-json\/wp\/v2\/product_brand?post=1577"},{"taxonomy":"product_cat","embeddable":true,"href":"https:\/\/delorenzoglobal.com\/fr\/wp-json\/wp\/v2\/product_cat?post=1577"},{"taxonomy":"product_tag","embeddable":true,"href":"https:\/\/delorenzoglobal.com\/fr\/wp-json\/wp\/v2\/product_tag?post=1577"}],"curies":[{"name":"wp","href":"https:\/\/api.w.org\/{rel}","templated":true}]}}