{"id":1568,"date":"2024-04-09T12:26:54","date_gmt":"2024-04-09T10:26:54","guid":{"rendered":"https:\/\/delorenzoglobal.com\/?post_type=product&#038;p=1568"},"modified":"2025-04-24T16:47:16","modified_gmt":"2025-04-24T14:47:16","slug":"manipulateur-electrique-6-axes","status":"publish","type":"product","link":"https:\/\/delorenzoglobal.com\/fr\/produit\/manipulateur-electrique-6-axes\/","title":{"rendered":"MANIPULATEUR \u00c9LECTRIQUE \u00c0 6 AXES"},"content":{"rendered":"<p>Ce banc simule le fonctionnement d&rsquo;un robot industriel, tels que: la rotation de tout le manipulateur, la rotation du bras, la rotation de l&rsquo;avant-bras, la rotation du poignet, la rotation de la pince, l&rsquo;ouverture\/ fermeture de la pince.<\/p>\n<p>Il int\u00e8gre des technologies diff\u00e9rentes, telles que la technologie de la transmission \u00e0 courroie, la commande d&rsquo;un moteur pas \u00e0 pas, la d\u00e9tection de la position, la technologie des PLC et des \u00a0microprocesseurs.<\/p>\n<p>Le manipulateur peut \u00eatre contr\u00f4l\u00e9 par MCU et PLC.<\/p>\n<p><strong>CODE DE COMMANDE<\/strong><br \/>\nIl est possible de commander ce produit avec deux codes diff\u00e9rents.<br \/>\nLe choix du code est bas\u00e9 sur le type d&rsquo;automate \u00e0 inclure avec le d\u00e9monstrateur.<\/p>\n<p><strong>DL ROBSIX-AB<\/strong> \u2013 avec API Allen Bradley<br \/>\n<strong>DL ROBSIX-1200<\/strong> \u2013avec API Siemens<\/p>\n","protected":false},"excerpt":{"rendered":"<p>Ce banc simule le fonctionnement d&rsquo;un robot industriel, tels que: la rotation de tout le manipulateur, la rotation du bras, la rotation de l&rsquo;avant-bras, la rotation du poignet, la rotation de la pince, l&rsquo;ouverture\/ fermeture de la pince. Il int\u00e8gre des technologies diff\u00e9rentes, telles que la technologie de la transmission \u00e0 courroie, la commande d&rsquo;un [&hellip;]<\/p>\n","protected":false},"featured_media":19390,"template":"","meta":{"_acf_changed":false},"product_brand":[],"product_cat":[186],"product_tag":[],"class_list":{"0":"post-1568","1":"product","2":"type-product","3":"status-publish","4":"has-post-thumbnail","6":"product_cat-systemes-de-controle-dun-bras-robotique","8":"first","9":"instock","10":"shipping-taxable","11":"product-type-simple"},"acf":[],"yoast_head":"<!-- This site is optimized with the Yoast SEO plugin v27.0 - https:\/\/yoast.com\/product\/yoast-seo-wordpress\/ -->\n<title>MANIPULATEUR \u00c9LECTRIQUE \u00c0 6 AXES - De Lorenzo Training &amp; Didactical Equipment<\/title>\n<meta name=\"robots\" content=\"index, follow, max-snippet:-1, max-image-preview:large, max-video-preview:-1\" \/>\n<link rel=\"canonical\" href=\"https:\/\/delorenzoglobal.com\/fr\/produit\/manipulateur-electrique-6-axes\/\" \/>\n<meta property=\"og:locale\" content=\"fr_FR\" \/>\n<meta property=\"og:type\" content=\"article\" \/>\n<meta property=\"og:title\" content=\"MANIPULATEUR \u00c9LECTRIQUE \u00c0 6 AXES - De Lorenzo Training &amp; Didactical Equipment\" \/>\n<meta property=\"og:description\" content=\"Ce banc simule le fonctionnement d&rsquo;un robot industriel, tels que: la rotation de tout le manipulateur, la rotation du bras, la rotation de l&rsquo;avant-bras, la rotation du poignet, la rotation de la pince, l&rsquo;ouverture\/ fermeture de la pince. Il int\u00e8gre des technologies diff\u00e9rentes, telles que la technologie de la transmission \u00e0 courroie, la commande d&rsquo;un [&hellip;]\" \/>\n<meta property=\"og:url\" content=\"https:\/\/delorenzoglobal.com\/fr\/produit\/manipulateur-electrique-6-axes\/\" \/>\n<meta property=\"og:site_name\" content=\"De Lorenzo Training &amp; Didactical Equipment\" \/>\n<meta property=\"article:modified_time\" content=\"2025-04-24T14:47:16+00:00\" \/>\n<meta property=\"og:image\" content=\"https:\/\/delorenzoglobal.com\/wp-content\/uploads\/2024\/04\/DL-ROBSIX-xs-scaled.jpg\" \/>\n\t<meta property=\"og:image:width\" content=\"2560\" \/>\n\t<meta property=\"og:image:height\" content=\"1558\" \/>\n\t<meta property=\"og:image:type\" content=\"image\/jpeg\" \/>\n<meta name=\"twitter:card\" content=\"summary_large_image\" \/>\n<meta name=\"twitter:label1\" content=\"Dur\u00e9e de lecture estim\u00e9e\" \/>\n\t<meta name=\"twitter:data1\" content=\"1 minute\" \/>\n<script type=\"application\/ld+json\" class=\"yoast-schema-graph\">{\"@context\":\"https:\/\/schema.org\",\"@graph\":[{\"@type\":\"WebPage\",\"@id\":\"https:\/\/delorenzoglobal.com\/fr\/produit\/manipulateur-electrique-6-axes\/\",\"url\":\"https:\/\/delorenzoglobal.com\/fr\/produit\/manipulateur-electrique-6-axes\/\",\"name\":\"MANIPULATEUR \u00c9LECTRIQUE \u00c0 6 AXES - De Lorenzo Training &amp; Didactical Equipment\",\"isPartOf\":{\"@id\":\"https:\/\/delorenzoglobal.com\/fr\/#website\"},\"primaryImageOfPage\":{\"@id\":\"https:\/\/delorenzoglobal.com\/fr\/produit\/manipulateur-electrique-6-axes\/#primaryimage\"},\"image\":{\"@id\":\"https:\/\/delorenzoglobal.com\/fr\/produit\/manipulateur-electrique-6-axes\/#primaryimage\"},\"thumbnailUrl\":\"https:\/\/delorenzoglobal.com\/wp-content\/uploads\/2024\/04\/DL-ROBSIX-xs-scaled.jpg\",\"datePublished\":\"2024-04-09T10:26:54+00:00\",\"dateModified\":\"2025-04-24T14:47:16+00:00\",\"breadcrumb\":{\"@id\":\"https:\/\/delorenzoglobal.com\/fr\/produit\/manipulateur-electrique-6-axes\/#breadcrumb\"},\"inLanguage\":\"fr-FR\",\"potentialAction\":[{\"@type\":\"ReadAction\",\"target\":[\"https:\/\/delorenzoglobal.com\/fr\/produit\/manipulateur-electrique-6-axes\/\"]}]},{\"@type\":\"ImageObject\",\"inLanguage\":\"fr-FR\",\"@id\":\"https:\/\/delorenzoglobal.com\/fr\/produit\/manipulateur-electrique-6-axes\/#primaryimage\",\"url\":\"https:\/\/delorenzoglobal.com\/wp-content\/uploads\/2024\/04\/DL-ROBSIX-xs-scaled.jpg\",\"contentUrl\":\"https:\/\/delorenzoglobal.com\/wp-content\/uploads\/2024\/04\/DL-ROBSIX-xs-scaled.jpg\",\"width\":2560,\"height\":1558},{\"@type\":\"BreadcrumbList\",\"@id\":\"https:\/\/delorenzoglobal.com\/fr\/produit\/manipulateur-electrique-6-axes\/#breadcrumb\",\"itemListElement\":[{\"@type\":\"ListItem\",\"position\":1,\"name\":\"Home\",\"item\":\"https:\/\/delorenzoglobal.com\/fr\/\"},{\"@type\":\"ListItem\",\"position\":2,\"name\":\"Boutique\",\"item\":\"https:\/\/delorenzoglobal.com\/fr\/boutique\/\"},{\"@type\":\"ListItem\",\"position\":3,\"name\":\"MANIPULATEUR \u00c9LECTRIQUE \u00c0 6 AXES\"}]},{\"@type\":\"WebSite\",\"@id\":\"https:\/\/delorenzoglobal.com\/fr\/#website\",\"url\":\"https:\/\/delorenzoglobal.com\/fr\/\",\"name\":\"De Lorenzo Training &amp; Didactical Equipment\",\"description\":\"\",\"potentialAction\":[{\"@type\":\"SearchAction\",\"target\":{\"@type\":\"EntryPoint\",\"urlTemplate\":\"https:\/\/delorenzoglobal.com\/fr\/?s={search_term_string}\"},\"query-input\":{\"@type\":\"PropertyValueSpecification\",\"valueRequired\":true,\"valueName\":\"search_term_string\"}}],\"inLanguage\":\"fr-FR\"}]}<\/script>\n<!-- \/ Yoast SEO plugin. -->","yoast_head_json":{"title":"MANIPULATEUR \u00c9LECTRIQUE \u00c0 6 AXES - De Lorenzo Training &amp; Didactical Equipment","robots":{"index":"index","follow":"follow","max-snippet":"max-snippet:-1","max-image-preview":"max-image-preview:large","max-video-preview":"max-video-preview:-1"},"canonical":"https:\/\/delorenzoglobal.com\/fr\/produit\/manipulateur-electrique-6-axes\/","og_locale":"fr_FR","og_type":"article","og_title":"MANIPULATEUR \u00c9LECTRIQUE \u00c0 6 AXES - De Lorenzo Training &amp; Didactical Equipment","og_description":"Ce banc simule le fonctionnement d&rsquo;un robot industriel, tels que: la rotation de tout le manipulateur, la rotation du bras, la rotation de l&rsquo;avant-bras, la rotation du poignet, la rotation de la pince, l&rsquo;ouverture\/ fermeture de la pince. Il int\u00e8gre des technologies diff\u00e9rentes, telles que la technologie de la transmission \u00e0 courroie, la commande d&rsquo;un [&hellip;]","og_url":"https:\/\/delorenzoglobal.com\/fr\/produit\/manipulateur-electrique-6-axes\/","og_site_name":"De Lorenzo Training &amp; Didactical Equipment","article_modified_time":"2025-04-24T14:47:16+00:00","og_image":[{"width":2560,"height":1558,"url":"https:\/\/delorenzoglobal.com\/wp-content\/uploads\/2024\/04\/DL-ROBSIX-xs-scaled.jpg","type":"image\/jpeg"}],"twitter_card":"summary_large_image","twitter_misc":{"Dur\u00e9e de lecture estim\u00e9e":"1 minute"},"schema":{"@context":"https:\/\/schema.org","@graph":[{"@type":"WebPage","@id":"https:\/\/delorenzoglobal.com\/fr\/produit\/manipulateur-electrique-6-axes\/","url":"https:\/\/delorenzoglobal.com\/fr\/produit\/manipulateur-electrique-6-axes\/","name":"MANIPULATEUR \u00c9LECTRIQUE \u00c0 6 AXES - De Lorenzo Training &amp; Didactical Equipment","isPartOf":{"@id":"https:\/\/delorenzoglobal.com\/fr\/#website"},"primaryImageOfPage":{"@id":"https:\/\/delorenzoglobal.com\/fr\/produit\/manipulateur-electrique-6-axes\/#primaryimage"},"image":{"@id":"https:\/\/delorenzoglobal.com\/fr\/produit\/manipulateur-electrique-6-axes\/#primaryimage"},"thumbnailUrl":"https:\/\/delorenzoglobal.com\/wp-content\/uploads\/2024\/04\/DL-ROBSIX-xs-scaled.jpg","datePublished":"2024-04-09T10:26:54+00:00","dateModified":"2025-04-24T14:47:16+00:00","breadcrumb":{"@id":"https:\/\/delorenzoglobal.com\/fr\/produit\/manipulateur-electrique-6-axes\/#breadcrumb"},"inLanguage":"fr-FR","potentialAction":[{"@type":"ReadAction","target":["https:\/\/delorenzoglobal.com\/fr\/produit\/manipulateur-electrique-6-axes\/"]}]},{"@type":"ImageObject","inLanguage":"fr-FR","@id":"https:\/\/delorenzoglobal.com\/fr\/produit\/manipulateur-electrique-6-axes\/#primaryimage","url":"https:\/\/delorenzoglobal.com\/wp-content\/uploads\/2024\/04\/DL-ROBSIX-xs-scaled.jpg","contentUrl":"https:\/\/delorenzoglobal.com\/wp-content\/uploads\/2024\/04\/DL-ROBSIX-xs-scaled.jpg","width":2560,"height":1558},{"@type":"BreadcrumbList","@id":"https:\/\/delorenzoglobal.com\/fr\/produit\/manipulateur-electrique-6-axes\/#breadcrumb","itemListElement":[{"@type":"ListItem","position":1,"name":"Home","item":"https:\/\/delorenzoglobal.com\/fr\/"},{"@type":"ListItem","position":2,"name":"Boutique","item":"https:\/\/delorenzoglobal.com\/fr\/boutique\/"},{"@type":"ListItem","position":3,"name":"MANIPULATEUR \u00c9LECTRIQUE \u00c0 6 AXES"}]},{"@type":"WebSite","@id":"https:\/\/delorenzoglobal.com\/fr\/#website","url":"https:\/\/delorenzoglobal.com\/fr\/","name":"De Lorenzo Training &amp; Didactical Equipment","description":"","potentialAction":[{"@type":"SearchAction","target":{"@type":"EntryPoint","urlTemplate":"https:\/\/delorenzoglobal.com\/fr\/?s={search_term_string}"},"query-input":{"@type":"PropertyValueSpecification","valueRequired":true,"valueName":"search_term_string"}}],"inLanguage":"fr-FR"}]}},"_links":{"self":[{"href":"https:\/\/delorenzoglobal.com\/fr\/wp-json\/wp\/v2\/product\/1568","targetHints":{"allow":["GET"]}}],"collection":[{"href":"https:\/\/delorenzoglobal.com\/fr\/wp-json\/wp\/v2\/product"}],"about":[{"href":"https:\/\/delorenzoglobal.com\/fr\/wp-json\/wp\/v2\/types\/product"}],"wp:featuredmedia":[{"embeddable":true,"href":"https:\/\/delorenzoglobal.com\/fr\/wp-json\/wp\/v2\/media\/19390"}],"wp:attachment":[{"href":"https:\/\/delorenzoglobal.com\/fr\/wp-json\/wp\/v2\/media?parent=1568"}],"wp:term":[{"taxonomy":"product_brand","embeddable":true,"href":"https:\/\/delorenzoglobal.com\/fr\/wp-json\/wp\/v2\/product_brand?post=1568"},{"taxonomy":"product_cat","embeddable":true,"href":"https:\/\/delorenzoglobal.com\/fr\/wp-json\/wp\/v2\/product_cat?post=1568"},{"taxonomy":"product_tag","embeddable":true,"href":"https:\/\/delorenzoglobal.com\/fr\/wp-json\/wp\/v2\/product_tag?post=1568"}],"curies":[{"name":"wp","href":"https:\/\/api.w.org\/{rel}","templated":true}]}}