{"id":1420,"date":"2024-04-09T10:55:32","date_gmt":"2024-04-09T08:55:32","guid":{"rendered":"https:\/\/delorenzoglobal.com\/?post_type=product&#038;p=1420"},"modified":"2025-01-23T15:55:56","modified_gmt":"2025-01-23T14:55:56","slug":"atelier-de-fabrication","status":"publish","type":"product","link":"https:\/\/delorenzoglobal.com\/fr\/produit\/atelier-de-fabrication\/","title":{"rendered":"ATELIER DE FABRICATION"},"content":{"rendered":"<p>De Lorenzo propose le FABLAB, un laboratoire fondamental pour aider l&rsquo;\u00e9tudiant \u00e0 se projeter dans le futur, en faisant ses premiers pas dans le monde de la mod\u00e9lisation 3D.<\/p>\n<p>Le laboratoire, qui se compose d&rsquo;une imprimante 3D performante et d&rsquo;un manuel didactique complet, vise \u00e0 guider l&rsquo;\u00e9tudiant \u00e0 travers une exp\u00e9rience compl\u00e8te in\u00e9dite, partant de la conception mentale d&rsquo;un objet, selon des besoins sp\u00e9cifiques, jusqu&rsquo;\u00e0 sa r\u00e9alisation physique.<\/p>\n","protected":false},"excerpt":{"rendered":"<p>De Lorenzo propose le FABLAB, un laboratoire fondamental pour aider l&rsquo;\u00e9tudiant \u00e0 se projeter dans le futur, en faisant ses premiers pas dans le monde de la mod\u00e9lisation 3D. Le laboratoire, qui se compose d&rsquo;une imprimante 3D performante et d&rsquo;un manuel didactique complet, vise \u00e0 guider l&rsquo;\u00e9tudiant \u00e0 travers une exp\u00e9rience compl\u00e8te in\u00e9dite, partant de [&hellip;]<\/p>\n","protected":false},"featured_media":1409,"template":"","meta":{"_acf_changed":false},"product_brand":[],"product_cat":[157],"product_tag":[],"class_list":{"0":"post-1420","1":"product","2":"type-product","3":"status-publish","4":"has-post-thumbnail","6":"product_cat-laboratoire-de-fabrication","8":"first","9":"instock","10":"shipping-taxable","11":"product-type-simple"},"acf":[],"yoast_head":"<!-- This site is optimized with the Yoast SEO plugin v27.4 - https:\/\/yoast.com\/product\/yoast-seo-wordpress\/ -->\n<title>ATELIER DE FABRICATION - De Lorenzo Training &amp; Didactical Equipment<\/title>\n<meta name=\"robots\" content=\"index, follow, max-snippet:-1, max-image-preview:large, max-video-preview:-1\" \/>\n<link rel=\"canonical\" href=\"https:\/\/delorenzoglobal.com\/fr\/produit\/atelier-de-fabrication\/\" \/>\n<meta property=\"og:locale\" content=\"fr_FR\" \/>\n<meta property=\"og:type\" content=\"article\" \/>\n<meta property=\"og:title\" content=\"ATELIER DE FABRICATION - De Lorenzo Training &amp; Didactical Equipment\" \/>\n<meta property=\"og:description\" content=\"De Lorenzo propose le FABLAB, un laboratoire fondamental pour aider l&rsquo;\u00e9tudiant \u00e0 se projeter dans le futur, en faisant ses premiers pas dans le monde de la mod\u00e9lisation 3D. Le laboratoire, qui se compose d&rsquo;une imprimante 3D performante et d&rsquo;un manuel didactique complet, vise \u00e0 guider l&rsquo;\u00e9tudiant \u00e0 travers une exp\u00e9rience compl\u00e8te in\u00e9dite, partant de [&hellip;]\" \/>\n<meta property=\"og:url\" content=\"https:\/\/delorenzoglobal.com\/fr\/produit\/atelier-de-fabrication\/\" \/>\n<meta property=\"og:site_name\" content=\"De Lorenzo Training &amp; Didactical Equipment\" \/>\n<meta property=\"article:modified_time\" content=\"2025-01-23T14:55:56+00:00\" \/>\n<meta property=\"og:image\" content=\"https:\/\/delorenzoglobal.com\/wp-content\/uploads\/2024\/04\/DL-FABLAB.jpg\" \/>\n\t<meta property=\"og:image:width\" content=\"800\" \/>\n\t<meta property=\"og:image:height\" content=\"643\" \/>\n\t<meta property=\"og:image:type\" content=\"image\/jpeg\" \/>\n<meta name=\"twitter:card\" content=\"summary_large_image\" \/>\n<meta name=\"twitter:label1\" content=\"Dur\u00e9e de lecture estim\u00e9e\" \/>\n\t<meta name=\"twitter:data1\" content=\"1 minute\" \/>\n<script type=\"application\/ld+json\" class=\"yoast-schema-graph\">{\"@context\":\"https:\\\/\\\/schema.org\",\"@graph\":[{\"@type\":\"WebPage\",\"@id\":\"https:\\\/\\\/delorenzoglobal.com\\\/fr\\\/produit\\\/atelier-de-fabrication\\\/\",\"url\":\"https:\\\/\\\/delorenzoglobal.com\\\/fr\\\/produit\\\/atelier-de-fabrication\\\/\",\"name\":\"ATELIER DE FABRICATION - De Lorenzo Training &amp; Didactical Equipment\",\"isPartOf\":{\"@id\":\"https:\\\/\\\/delorenzoglobal.com\\\/fr\\\/#website\"},\"primaryImageOfPage\":{\"@id\":\"https:\\\/\\\/delorenzoglobal.com\\\/fr\\\/produit\\\/atelier-de-fabrication\\\/#primaryimage\"},\"image\":{\"@id\":\"https:\\\/\\\/delorenzoglobal.com\\\/fr\\\/produit\\\/atelier-de-fabrication\\\/#primaryimage\"},\"thumbnailUrl\":\"https:\\\/\\\/delorenzoglobal.com\\\/wp-content\\\/uploads\\\/2024\\\/04\\\/DL-FABLAB.jpg\",\"datePublished\":\"2024-04-09T08:55:32+00:00\",\"dateModified\":\"2025-01-23T14:55:56+00:00\",\"breadcrumb\":{\"@id\":\"https:\\\/\\\/delorenzoglobal.com\\\/fr\\\/produit\\\/atelier-de-fabrication\\\/#breadcrumb\"},\"inLanguage\":\"fr-FR\",\"potentialAction\":[{\"@type\":\"ReadAction\",\"target\":[\"https:\\\/\\\/delorenzoglobal.com\\\/fr\\\/produit\\\/atelier-de-fabrication\\\/\"]}]},{\"@type\":\"ImageObject\",\"inLanguage\":\"fr-FR\",\"@id\":\"https:\\\/\\\/delorenzoglobal.com\\\/fr\\\/produit\\\/atelier-de-fabrication\\\/#primaryimage\",\"url\":\"https:\\\/\\\/delorenzoglobal.com\\\/wp-content\\\/uploads\\\/2024\\\/04\\\/DL-FABLAB.jpg\",\"contentUrl\":\"https:\\\/\\\/delorenzoglobal.com\\\/wp-content\\\/uploads\\\/2024\\\/04\\\/DL-FABLAB.jpg\",\"width\":800,\"height\":643},{\"@type\":\"BreadcrumbList\",\"@id\":\"https:\\\/\\\/delorenzoglobal.com\\\/fr\\\/produit\\\/atelier-de-fabrication\\\/#breadcrumb\",\"itemListElement\":[{\"@type\":\"ListItem\",\"position\":1,\"name\":\"Home\",\"item\":\"https:\\\/\\\/delorenzoglobal.com\\\/fr\\\/\"},{\"@type\":\"ListItem\",\"position\":2,\"name\":\"Boutique\",\"item\":\"https:\\\/\\\/delorenzoglobal.com\\\/fr\\\/boutique\\\/\"},{\"@type\":\"ListItem\",\"position\":3,\"name\":\"ATELIER DE FABRICATION\"}]},{\"@type\":\"WebSite\",\"@id\":\"https:\\\/\\\/delorenzoglobal.com\\\/fr\\\/#website\",\"url\":\"https:\\\/\\\/delorenzoglobal.com\\\/fr\\\/\",\"name\":\"De Lorenzo Training &amp; Didactical Equipment\",\"description\":\"\",\"potentialAction\":[{\"@type\":\"SearchAction\",\"target\":{\"@type\":\"EntryPoint\",\"urlTemplate\":\"https:\\\/\\\/delorenzoglobal.com\\\/fr\\\/?s={search_term_string}\"},\"query-input\":{\"@type\":\"PropertyValueSpecification\",\"valueRequired\":true,\"valueName\":\"search_term_string\"}}],\"inLanguage\":\"fr-FR\"}]}<\/script>\n<!-- \/ Yoast SEO plugin. -->","yoast_head_json":{"title":"ATELIER DE FABRICATION - De Lorenzo Training &amp; Didactical Equipment","robots":{"index":"index","follow":"follow","max-snippet":"max-snippet:-1","max-image-preview":"max-image-preview:large","max-video-preview":"max-video-preview:-1"},"canonical":"https:\/\/delorenzoglobal.com\/fr\/produit\/atelier-de-fabrication\/","og_locale":"fr_FR","og_type":"article","og_title":"ATELIER DE FABRICATION - De Lorenzo Training &amp; Didactical Equipment","og_description":"De Lorenzo propose le FABLAB, un laboratoire fondamental pour aider l&rsquo;\u00e9tudiant \u00e0 se projeter dans le futur, en faisant ses premiers pas dans le monde de la mod\u00e9lisation 3D. Le laboratoire, qui se compose d&rsquo;une imprimante 3D performante et d&rsquo;un manuel didactique complet, vise \u00e0 guider l&rsquo;\u00e9tudiant \u00e0 travers une exp\u00e9rience compl\u00e8te in\u00e9dite, partant de [&hellip;]","og_url":"https:\/\/delorenzoglobal.com\/fr\/produit\/atelier-de-fabrication\/","og_site_name":"De Lorenzo Training &amp; Didactical Equipment","article_modified_time":"2025-01-23T14:55:56+00:00","og_image":[{"width":800,"height":643,"url":"https:\/\/delorenzoglobal.com\/wp-content\/uploads\/2024\/04\/DL-FABLAB.jpg","type":"image\/jpeg"}],"twitter_card":"summary_large_image","twitter_misc":{"Dur\u00e9e de lecture estim\u00e9e":"1 minute"},"schema":{"@context":"https:\/\/schema.org","@graph":[{"@type":"WebPage","@id":"https:\/\/delorenzoglobal.com\/fr\/produit\/atelier-de-fabrication\/","url":"https:\/\/delorenzoglobal.com\/fr\/produit\/atelier-de-fabrication\/","name":"ATELIER DE FABRICATION - De Lorenzo Training &amp; Didactical Equipment","isPartOf":{"@id":"https:\/\/delorenzoglobal.com\/fr\/#website"},"primaryImageOfPage":{"@id":"https:\/\/delorenzoglobal.com\/fr\/produit\/atelier-de-fabrication\/#primaryimage"},"image":{"@id":"https:\/\/delorenzoglobal.com\/fr\/produit\/atelier-de-fabrication\/#primaryimage"},"thumbnailUrl":"https:\/\/delorenzoglobal.com\/wp-content\/uploads\/2024\/04\/DL-FABLAB.jpg","datePublished":"2024-04-09T08:55:32+00:00","dateModified":"2025-01-23T14:55:56+00:00","breadcrumb":{"@id":"https:\/\/delorenzoglobal.com\/fr\/produit\/atelier-de-fabrication\/#breadcrumb"},"inLanguage":"fr-FR","potentialAction":[{"@type":"ReadAction","target":["https:\/\/delorenzoglobal.com\/fr\/produit\/atelier-de-fabrication\/"]}]},{"@type":"ImageObject","inLanguage":"fr-FR","@id":"https:\/\/delorenzoglobal.com\/fr\/produit\/atelier-de-fabrication\/#primaryimage","url":"https:\/\/delorenzoglobal.com\/wp-content\/uploads\/2024\/04\/DL-FABLAB.jpg","contentUrl":"https:\/\/delorenzoglobal.com\/wp-content\/uploads\/2024\/04\/DL-FABLAB.jpg","width":800,"height":643},{"@type":"BreadcrumbList","@id":"https:\/\/delorenzoglobal.com\/fr\/produit\/atelier-de-fabrication\/#breadcrumb","itemListElement":[{"@type":"ListItem","position":1,"name":"Home","item":"https:\/\/delorenzoglobal.com\/fr\/"},{"@type":"ListItem","position":2,"name":"Boutique","item":"https:\/\/delorenzoglobal.com\/fr\/boutique\/"},{"@type":"ListItem","position":3,"name":"ATELIER DE FABRICATION"}]},{"@type":"WebSite","@id":"https:\/\/delorenzoglobal.com\/fr\/#website","url":"https:\/\/delorenzoglobal.com\/fr\/","name":"De Lorenzo Training &amp; Didactical Equipment","description":"","potentialAction":[{"@type":"SearchAction","target":{"@type":"EntryPoint","urlTemplate":"https:\/\/delorenzoglobal.com\/fr\/?s={search_term_string}"},"query-input":{"@type":"PropertyValueSpecification","valueRequired":true,"valueName":"search_term_string"}}],"inLanguage":"fr-FR"}]}},"_links":{"self":[{"href":"https:\/\/delorenzoglobal.com\/fr\/wp-json\/wp\/v2\/product\/1420","targetHints":{"allow":["GET"]}}],"collection":[{"href":"https:\/\/delorenzoglobal.com\/fr\/wp-json\/wp\/v2\/product"}],"about":[{"href":"https:\/\/delorenzoglobal.com\/fr\/wp-json\/wp\/v2\/types\/product"}],"wp:featuredmedia":[{"embeddable":true,"href":"https:\/\/delorenzoglobal.com\/fr\/wp-json\/wp\/v2\/media\/1409"}],"wp:attachment":[{"href":"https:\/\/delorenzoglobal.com\/fr\/wp-json\/wp\/v2\/media?parent=1420"}],"wp:term":[{"taxonomy":"product_brand","embeddable":true,"href":"https:\/\/delorenzoglobal.com\/fr\/wp-json\/wp\/v2\/product_brand?post=1420"},{"taxonomy":"product_cat","embeddable":true,"href":"https:\/\/delorenzoglobal.com\/fr\/wp-json\/wp\/v2\/product_cat?post=1420"},{"taxonomy":"product_tag","embeddable":true,"href":"https:\/\/delorenzoglobal.com\/fr\/wp-json\/wp\/v2\/product_tag?post=1420"}],"curies":[{"name":"wp","href":"https:\/\/api.w.org\/{rel}","templated":true}]}}