{"id":14118,"date":"2024-04-23T11:49:18","date_gmt":"2024-04-23T09:49:18","guid":{"rendered":"https:\/\/delorenzoglobal.com\/?post_type=product&#038;p=14118"},"modified":"2025-01-31T13:41:55","modified_gmt":"2025-01-31T12:41:55","slug":"module-pour-letude-de-la-cybersecurite","status":"publish","type":"product","link":"https:\/\/delorenzoglobal.com\/fr\/produit\/module-pour-letude-de-la-cybersecurite\/","title":{"rendered":"MODULE POUR L\u2019\u00c9TUDE DE LA CYBERS\u00c9CURIT\u00c9"},"content":{"rendered":"<p>Le module de cybers\u00e9curit\u00e9 a \u00e9t\u00e9 con\u00e7u pour \u00e9tudier les questions de s\u00e9curit\u00e9 des appareils, des r\u00e9seaux et des syst\u00e8mes.<\/p>\n<p>Il couvre diff\u00e9rents probl\u00e8mes \u00e0 partir d\u2019une analyse compl\u00e8te du mod\u00e8le OSI, fournissant \u00e0 l&rsquo;\u00e9tudiant une vue globale de la s\u00e9curit\u00e9 qui peut ensuite \u00eatre appliqu\u00e9e \u00e0 diff\u00e9rents domaines dans lesquels il op\u00e9rera.<\/p>\n<p>En fait, le mod\u00e8le OSI est un outil essentiel, non seulement pour comprendre le fonctionnement d&rsquo;un r\u00e9seau, mais aussi pour comprendre o\u00f9 les cybermenaces se produisent et quelles mesures prendre pour les \u00e9liminer.<\/p>\n<p>Les donn\u00e9es au sein des r\u00e9seaux traversent plusieurs couches repr\u00e9sent\u00e9es par le mod\u00e8le OSI et, \u00e0 chaque couche, il existe diff\u00e9rents types de vuln\u00e9rabilit\u00e9s.<\/p>\n<p>Pour r\u00e9soudre de mani\u00e8re exhaustive les probl\u00e8mes de vuln\u00e9rabilit\u00e9 d&rsquo;un r\u00e9seau, des mesures doivent \u00eatre prises \u00e0 chaque niveau.<\/p>\n","protected":false},"excerpt":{"rendered":"<p>Le module de cybers\u00e9curit\u00e9 a \u00e9t\u00e9 con\u00e7u pour \u00e9tudier les questions de s\u00e9curit\u00e9 des appareils, des r\u00e9seaux et des syst\u00e8mes. Il couvre diff\u00e9rents probl\u00e8mes \u00e0 partir d\u2019une analyse compl\u00e8te du mod\u00e8le OSI, fournissant \u00e0 l&rsquo;\u00e9tudiant une vue globale de la s\u00e9curit\u00e9 qui peut ensuite \u00eatre appliqu\u00e9e \u00e0 diff\u00e9rents domaines dans lesquels il op\u00e9rera. En fait, [&hellip;]<\/p>\n","protected":false},"featured_media":14104,"template":"","meta":{"_acf_changed":false},"product_brand":[],"product_cat":[469],"product_tag":[],"class_list":{"0":"post-14118","1":"product","2":"type-product","3":"status-publish","4":"has-post-thumbnail","6":"product_cat-dl-next-generation-labs-fr","8":"first","9":"instock","10":"shipping-taxable","11":"product-type-simple"},"acf":[],"yoast_head":"<!-- This site is optimized with the Yoast SEO plugin v27.4 - https:\/\/yoast.com\/product\/yoast-seo-wordpress\/ -->\n<title>MODULE POUR L\u2019\u00c9TUDE DE LA CYBERS\u00c9CURIT\u00c9 - De Lorenzo Training &amp; Didactical Equipment<\/title>\n<meta name=\"robots\" content=\"index, follow, max-snippet:-1, max-image-preview:large, max-video-preview:-1\" \/>\n<link rel=\"canonical\" href=\"https:\/\/delorenzoglobal.com\/fr\/produit\/module-pour-letude-de-la-cybersecurite\/\" \/>\n<meta property=\"og:locale\" content=\"fr_FR\" \/>\n<meta property=\"og:type\" content=\"article\" \/>\n<meta property=\"og:title\" content=\"MODULE POUR L\u2019\u00c9TUDE DE LA CYBERS\u00c9CURIT\u00c9 - De Lorenzo Training &amp; Didactical Equipment\" \/>\n<meta property=\"og:description\" content=\"Le module de cybers\u00e9curit\u00e9 a \u00e9t\u00e9 con\u00e7u pour \u00e9tudier les questions de s\u00e9curit\u00e9 des appareils, des r\u00e9seaux et des syst\u00e8mes. Il couvre diff\u00e9rents probl\u00e8mes \u00e0 partir d\u2019une analyse compl\u00e8te du mod\u00e8le OSI, fournissant \u00e0 l&rsquo;\u00e9tudiant une vue globale de la s\u00e9curit\u00e9 qui peut ensuite \u00eatre appliqu\u00e9e \u00e0 diff\u00e9rents domaines dans lesquels il op\u00e9rera. En fait, [&hellip;]\" \/>\n<meta property=\"og:url\" content=\"https:\/\/delorenzoglobal.com\/fr\/produit\/module-pour-letude-de-la-cybersecurite\/\" \/>\n<meta property=\"og:site_name\" content=\"De Lorenzo Training &amp; Didactical Equipment\" \/>\n<meta property=\"article:modified_time\" content=\"2025-01-31T12:41:55+00:00\" \/>\n<meta property=\"og:image\" content=\"https:\/\/delorenzoglobal.com\/wp-content\/uploads\/2024\/04\/DL-NGL-CYBER-1024x585.png\" \/>\n\t<meta property=\"og:image:width\" content=\"1024\" \/>\n\t<meta property=\"og:image:height\" content=\"585\" \/>\n\t<meta property=\"og:image:type\" content=\"image\/png\" \/>\n<meta name=\"twitter:card\" content=\"summary_large_image\" \/>\n<meta name=\"twitter:label1\" content=\"Dur\u00e9e de lecture estim\u00e9e\" \/>\n\t<meta name=\"twitter:data1\" content=\"1 minute\" \/>\n<script type=\"application\/ld+json\" class=\"yoast-schema-graph\">{\"@context\":\"https:\\\/\\\/schema.org\",\"@graph\":[{\"@type\":\"WebPage\",\"@id\":\"https:\\\/\\\/delorenzoglobal.com\\\/fr\\\/produit\\\/module-pour-letude-de-la-cybersecurite\\\/\",\"url\":\"https:\\\/\\\/delorenzoglobal.com\\\/fr\\\/produit\\\/module-pour-letude-de-la-cybersecurite\\\/\",\"name\":\"MODULE POUR L\u2019\u00c9TUDE DE LA CYBERS\u00c9CURIT\u00c9 - De Lorenzo Training &amp; Didactical Equipment\",\"isPartOf\":{\"@id\":\"https:\\\/\\\/delorenzoglobal.com\\\/fr\\\/#website\"},\"primaryImageOfPage\":{\"@id\":\"https:\\\/\\\/delorenzoglobal.com\\\/fr\\\/produit\\\/module-pour-letude-de-la-cybersecurite\\\/#primaryimage\"},\"image\":{\"@id\":\"https:\\\/\\\/delorenzoglobal.com\\\/fr\\\/produit\\\/module-pour-letude-de-la-cybersecurite\\\/#primaryimage\"},\"thumbnailUrl\":\"https:\\\/\\\/delorenzoglobal.com\\\/wp-content\\\/uploads\\\/2024\\\/04\\\/DL-NGL-CYBER.png\",\"datePublished\":\"2024-04-23T09:49:18+00:00\",\"dateModified\":\"2025-01-31T12:41:55+00:00\",\"breadcrumb\":{\"@id\":\"https:\\\/\\\/delorenzoglobal.com\\\/fr\\\/produit\\\/module-pour-letude-de-la-cybersecurite\\\/#breadcrumb\"},\"inLanguage\":\"fr-FR\",\"potentialAction\":[{\"@type\":\"ReadAction\",\"target\":[\"https:\\\/\\\/delorenzoglobal.com\\\/fr\\\/produit\\\/module-pour-letude-de-la-cybersecurite\\\/\"]}]},{\"@type\":\"ImageObject\",\"inLanguage\":\"fr-FR\",\"@id\":\"https:\\\/\\\/delorenzoglobal.com\\\/fr\\\/produit\\\/module-pour-letude-de-la-cybersecurite\\\/#primaryimage\",\"url\":\"https:\\\/\\\/delorenzoglobal.com\\\/wp-content\\\/uploads\\\/2024\\\/04\\\/DL-NGL-CYBER.png\",\"contentUrl\":\"https:\\\/\\\/delorenzoglobal.com\\\/wp-content\\\/uploads\\\/2024\\\/04\\\/DL-NGL-CYBER.png\",\"width\":11667,\"height\":6667},{\"@type\":\"BreadcrumbList\",\"@id\":\"https:\\\/\\\/delorenzoglobal.com\\\/fr\\\/produit\\\/module-pour-letude-de-la-cybersecurite\\\/#breadcrumb\",\"itemListElement\":[{\"@type\":\"ListItem\",\"position\":1,\"name\":\"Home\",\"item\":\"https:\\\/\\\/delorenzoglobal.com\\\/fr\\\/\"},{\"@type\":\"ListItem\",\"position\":2,\"name\":\"Boutique\",\"item\":\"https:\\\/\\\/delorenzoglobal.com\\\/fr\\\/boutique\\\/\"},{\"@type\":\"ListItem\",\"position\":3,\"name\":\"MODULE POUR L\u2019\u00c9TUDE DE LA CYBERS\u00c9CURIT\u00c9\"}]},{\"@type\":\"WebSite\",\"@id\":\"https:\\\/\\\/delorenzoglobal.com\\\/fr\\\/#website\",\"url\":\"https:\\\/\\\/delorenzoglobal.com\\\/fr\\\/\",\"name\":\"De Lorenzo Training &amp; Didactical Equipment\",\"description\":\"\",\"potentialAction\":[{\"@type\":\"SearchAction\",\"target\":{\"@type\":\"EntryPoint\",\"urlTemplate\":\"https:\\\/\\\/delorenzoglobal.com\\\/fr\\\/?s={search_term_string}\"},\"query-input\":{\"@type\":\"PropertyValueSpecification\",\"valueRequired\":true,\"valueName\":\"search_term_string\"}}],\"inLanguage\":\"fr-FR\"}]}<\/script>\n<!-- \/ Yoast SEO plugin. -->","yoast_head_json":{"title":"MODULE POUR L\u2019\u00c9TUDE DE LA CYBERS\u00c9CURIT\u00c9 - De Lorenzo Training &amp; Didactical Equipment","robots":{"index":"index","follow":"follow","max-snippet":"max-snippet:-1","max-image-preview":"max-image-preview:large","max-video-preview":"max-video-preview:-1"},"canonical":"https:\/\/delorenzoglobal.com\/fr\/produit\/module-pour-letude-de-la-cybersecurite\/","og_locale":"fr_FR","og_type":"article","og_title":"MODULE POUR L\u2019\u00c9TUDE DE LA CYBERS\u00c9CURIT\u00c9 - De Lorenzo Training &amp; Didactical Equipment","og_description":"Le module de cybers\u00e9curit\u00e9 a \u00e9t\u00e9 con\u00e7u pour \u00e9tudier les questions de s\u00e9curit\u00e9 des appareils, des r\u00e9seaux et des syst\u00e8mes. Il couvre diff\u00e9rents probl\u00e8mes \u00e0 partir d\u2019une analyse compl\u00e8te du mod\u00e8le OSI, fournissant \u00e0 l&rsquo;\u00e9tudiant une vue globale de la s\u00e9curit\u00e9 qui peut ensuite \u00eatre appliqu\u00e9e \u00e0 diff\u00e9rents domaines dans lesquels il op\u00e9rera. En fait, [&hellip;]","og_url":"https:\/\/delorenzoglobal.com\/fr\/produit\/module-pour-letude-de-la-cybersecurite\/","og_site_name":"De Lorenzo Training &amp; Didactical Equipment","article_modified_time":"2025-01-31T12:41:55+00:00","og_image":[{"width":1024,"height":585,"url":"https:\/\/delorenzoglobal.com\/wp-content\/uploads\/2024\/04\/DL-NGL-CYBER-1024x585.png","type":"image\/png"}],"twitter_card":"summary_large_image","twitter_misc":{"Dur\u00e9e de lecture estim\u00e9e":"1 minute"},"schema":{"@context":"https:\/\/schema.org","@graph":[{"@type":"WebPage","@id":"https:\/\/delorenzoglobal.com\/fr\/produit\/module-pour-letude-de-la-cybersecurite\/","url":"https:\/\/delorenzoglobal.com\/fr\/produit\/module-pour-letude-de-la-cybersecurite\/","name":"MODULE POUR L\u2019\u00c9TUDE DE LA CYBERS\u00c9CURIT\u00c9 - De Lorenzo Training &amp; Didactical Equipment","isPartOf":{"@id":"https:\/\/delorenzoglobal.com\/fr\/#website"},"primaryImageOfPage":{"@id":"https:\/\/delorenzoglobal.com\/fr\/produit\/module-pour-letude-de-la-cybersecurite\/#primaryimage"},"image":{"@id":"https:\/\/delorenzoglobal.com\/fr\/produit\/module-pour-letude-de-la-cybersecurite\/#primaryimage"},"thumbnailUrl":"https:\/\/delorenzoglobal.com\/wp-content\/uploads\/2024\/04\/DL-NGL-CYBER.png","datePublished":"2024-04-23T09:49:18+00:00","dateModified":"2025-01-31T12:41:55+00:00","breadcrumb":{"@id":"https:\/\/delorenzoglobal.com\/fr\/produit\/module-pour-letude-de-la-cybersecurite\/#breadcrumb"},"inLanguage":"fr-FR","potentialAction":[{"@type":"ReadAction","target":["https:\/\/delorenzoglobal.com\/fr\/produit\/module-pour-letude-de-la-cybersecurite\/"]}]},{"@type":"ImageObject","inLanguage":"fr-FR","@id":"https:\/\/delorenzoglobal.com\/fr\/produit\/module-pour-letude-de-la-cybersecurite\/#primaryimage","url":"https:\/\/delorenzoglobal.com\/wp-content\/uploads\/2024\/04\/DL-NGL-CYBER.png","contentUrl":"https:\/\/delorenzoglobal.com\/wp-content\/uploads\/2024\/04\/DL-NGL-CYBER.png","width":11667,"height":6667},{"@type":"BreadcrumbList","@id":"https:\/\/delorenzoglobal.com\/fr\/produit\/module-pour-letude-de-la-cybersecurite\/#breadcrumb","itemListElement":[{"@type":"ListItem","position":1,"name":"Home","item":"https:\/\/delorenzoglobal.com\/fr\/"},{"@type":"ListItem","position":2,"name":"Boutique","item":"https:\/\/delorenzoglobal.com\/fr\/boutique\/"},{"@type":"ListItem","position":3,"name":"MODULE POUR L\u2019\u00c9TUDE DE LA CYBERS\u00c9CURIT\u00c9"}]},{"@type":"WebSite","@id":"https:\/\/delorenzoglobal.com\/fr\/#website","url":"https:\/\/delorenzoglobal.com\/fr\/","name":"De Lorenzo Training &amp; Didactical Equipment","description":"","potentialAction":[{"@type":"SearchAction","target":{"@type":"EntryPoint","urlTemplate":"https:\/\/delorenzoglobal.com\/fr\/?s={search_term_string}"},"query-input":{"@type":"PropertyValueSpecification","valueRequired":true,"valueName":"search_term_string"}}],"inLanguage":"fr-FR"}]}},"_links":{"self":[{"href":"https:\/\/delorenzoglobal.com\/fr\/wp-json\/wp\/v2\/product\/14118","targetHints":{"allow":["GET"]}}],"collection":[{"href":"https:\/\/delorenzoglobal.com\/fr\/wp-json\/wp\/v2\/product"}],"about":[{"href":"https:\/\/delorenzoglobal.com\/fr\/wp-json\/wp\/v2\/types\/product"}],"wp:featuredmedia":[{"embeddable":true,"href":"https:\/\/delorenzoglobal.com\/fr\/wp-json\/wp\/v2\/media\/14104"}],"wp:attachment":[{"href":"https:\/\/delorenzoglobal.com\/fr\/wp-json\/wp\/v2\/media?parent=14118"}],"wp:term":[{"taxonomy":"product_brand","embeddable":true,"href":"https:\/\/delorenzoglobal.com\/fr\/wp-json\/wp\/v2\/product_brand?post=14118"},{"taxonomy":"product_cat","embeddable":true,"href":"https:\/\/delorenzoglobal.com\/fr\/wp-json\/wp\/v2\/product_cat?post=14118"},{"taxonomy":"product_tag","embeddable":true,"href":"https:\/\/delorenzoglobal.com\/fr\/wp-json\/wp\/v2\/product_tag?post=14118"}],"curies":[{"name":"wp","href":"https:\/\/api.w.org\/{rel}","templated":true}]}}