{"id":13980,"date":"2024-04-23T10:06:51","date_gmt":"2024-04-23T08:06:51","guid":{"rendered":"https:\/\/delorenzoglobal.com\/?post_type=product&#038;p=13980"},"modified":"2025-01-27T13:58:59","modified_gmt":"2025-01-27T12:58:59","slug":"ionophorese","status":"publish","type":"product","link":"https:\/\/delorenzoglobal.com\/fr\/produit\/ionophorese\/","title":{"rendered":"IONOPHOR\u00c8SE"},"content":{"rendered":"<p>La conception et la fabrication de circuits \u00e9lectroniques pour r\u00e9soudre des probl\u00e8mes pratiques est une technique essentielle dans les domaines de l&rsquo;ing\u00e9nierie \u00e9lectronique et de l&rsquo;ing\u00e9nierie informatique.<\/p>\n<p>La Ionophor\u00e8se est une technique qui permet aux substances sous forme ionique de p\u00e9n\u00e9trer depuis la surface de la peau dans les couches profondes par un courant.<\/p>\n<p>Ces substances, appel\u00e9es principes actifs, de diff\u00e9rentes dimensions et \u00a0poids mol\u00e9culaires, deviennent extr\u00eamement efficaces, car ils agissent \u00e0 l&rsquo;int\u00e9rieur des tissus de la peau \u00e0 des concentrations \u00e9lev\u00e9es.<\/p>\n","protected":false},"excerpt":{"rendered":"<p>La conception et la fabrication de circuits \u00e9lectroniques pour r\u00e9soudre des probl\u00e8mes pratiques est une technique essentielle dans les domaines de l&rsquo;ing\u00e9nierie \u00e9lectronique et de l&rsquo;ing\u00e9nierie informatique. La Ionophor\u00e8se est une technique qui permet aux substances sous forme ionique de p\u00e9n\u00e9trer depuis la surface de la peau dans les couches profondes par un courant. Ces [&hellip;]<\/p>\n","protected":false},"featured_media":13969,"template":"","meta":{"_acf_changed":false},"product_brand":[],"product_cat":[452],"product_tag":[],"class_list":{"0":"post-13980","1":"product","2":"type-product","3":"status-publish","4":"has-post-thumbnail","6":"product_cat-therapie","8":"first","9":"instock","10":"shipping-taxable","11":"product-type-simple"},"acf":[],"yoast_head":"<!-- This site is optimized with the Yoast SEO plugin v27.4 - https:\/\/yoast.com\/product\/yoast-seo-wordpress\/ -->\n<title>IONOPHOR\u00c8SE - De Lorenzo Training &amp; Didactical Equipment<\/title>\n<meta name=\"robots\" content=\"index, follow, max-snippet:-1, max-image-preview:large, max-video-preview:-1\" \/>\n<link rel=\"canonical\" href=\"https:\/\/delorenzoglobal.com\/fr\/produit\/ionophorese\/\" \/>\n<meta property=\"og:locale\" content=\"fr_FR\" \/>\n<meta property=\"og:type\" content=\"article\" \/>\n<meta property=\"og:title\" content=\"IONOPHOR\u00c8SE - De Lorenzo Training &amp; Didactical Equipment\" \/>\n<meta property=\"og:description\" content=\"La conception et la fabrication de circuits \u00e9lectroniques pour r\u00e9soudre des probl\u00e8mes pratiques est une technique essentielle dans les domaines de l&rsquo;ing\u00e9nierie \u00e9lectronique et de l&rsquo;ing\u00e9nierie informatique. La Ionophor\u00e8se est une technique qui permet aux substances sous forme ionique de p\u00e9n\u00e9trer depuis la surface de la peau dans les couches profondes par un courant. Ces [&hellip;]\" \/>\n<meta property=\"og:url\" content=\"https:\/\/delorenzoglobal.com\/fr\/produit\/ionophorese\/\" \/>\n<meta property=\"og:site_name\" content=\"De Lorenzo Training &amp; Didactical Equipment\" \/>\n<meta property=\"article:modified_time\" content=\"2025-01-27T12:58:59+00:00\" \/>\n<meta property=\"og:image\" content=\"https:\/\/delorenzoglobal.com\/wp-content\/uploads\/2024\/04\/DL-3155BIO14-1024x916.png\" \/>\n\t<meta property=\"og:image:width\" content=\"1024\" \/>\n\t<meta property=\"og:image:height\" content=\"916\" \/>\n\t<meta property=\"og:image:type\" content=\"image\/png\" \/>\n<meta name=\"twitter:card\" content=\"summary_large_image\" \/>\n<meta name=\"twitter:label1\" content=\"Dur\u00e9e de lecture estim\u00e9e\" \/>\n\t<meta name=\"twitter:data1\" content=\"1 minute\" \/>\n<script type=\"application\/ld+json\" class=\"yoast-schema-graph\">{\"@context\":\"https:\\\/\\\/schema.org\",\"@graph\":[{\"@type\":\"WebPage\",\"@id\":\"https:\\\/\\\/delorenzoglobal.com\\\/fr\\\/produit\\\/ionophorese\\\/\",\"url\":\"https:\\\/\\\/delorenzoglobal.com\\\/fr\\\/produit\\\/ionophorese\\\/\",\"name\":\"IONOPHOR\u00c8SE - De Lorenzo Training &amp; Didactical Equipment\",\"isPartOf\":{\"@id\":\"https:\\\/\\\/delorenzoglobal.com\\\/fr\\\/#website\"},\"primaryImageOfPage\":{\"@id\":\"https:\\\/\\\/delorenzoglobal.com\\\/fr\\\/produit\\\/ionophorese\\\/#primaryimage\"},\"image\":{\"@id\":\"https:\\\/\\\/delorenzoglobal.com\\\/fr\\\/produit\\\/ionophorese\\\/#primaryimage\"},\"thumbnailUrl\":\"https:\\\/\\\/delorenzoglobal.com\\\/wp-content\\\/uploads\\\/2024\\\/04\\\/DL-3155BIO14.png\",\"datePublished\":\"2024-04-23T08:06:51+00:00\",\"dateModified\":\"2025-01-27T12:58:59+00:00\",\"breadcrumb\":{\"@id\":\"https:\\\/\\\/delorenzoglobal.com\\\/fr\\\/produit\\\/ionophorese\\\/#breadcrumb\"},\"inLanguage\":\"fr-FR\",\"potentialAction\":[{\"@type\":\"ReadAction\",\"target\":[\"https:\\\/\\\/delorenzoglobal.com\\\/fr\\\/produit\\\/ionophorese\\\/\"]}]},{\"@type\":\"ImageObject\",\"inLanguage\":\"fr-FR\",\"@id\":\"https:\\\/\\\/delorenzoglobal.com\\\/fr\\\/produit\\\/ionophorese\\\/#primaryimage\",\"url\":\"https:\\\/\\\/delorenzoglobal.com\\\/wp-content\\\/uploads\\\/2024\\\/04\\\/DL-3155BIO14.png\",\"contentUrl\":\"https:\\\/\\\/delorenzoglobal.com\\\/wp-content\\\/uploads\\\/2024\\\/04\\\/DL-3155BIO14.png\",\"width\":1663,\"height\":1487},{\"@type\":\"BreadcrumbList\",\"@id\":\"https:\\\/\\\/delorenzoglobal.com\\\/fr\\\/produit\\\/ionophorese\\\/#breadcrumb\",\"itemListElement\":[{\"@type\":\"ListItem\",\"position\":1,\"name\":\"Home\",\"item\":\"https:\\\/\\\/delorenzoglobal.com\\\/fr\\\/\"},{\"@type\":\"ListItem\",\"position\":2,\"name\":\"Boutique\",\"item\":\"https:\\\/\\\/delorenzoglobal.com\\\/fr\\\/boutique\\\/\"},{\"@type\":\"ListItem\",\"position\":3,\"name\":\"IONOPHOR\u00c8SE\"}]},{\"@type\":\"WebSite\",\"@id\":\"https:\\\/\\\/delorenzoglobal.com\\\/fr\\\/#website\",\"url\":\"https:\\\/\\\/delorenzoglobal.com\\\/fr\\\/\",\"name\":\"De Lorenzo Training &amp; Didactical Equipment\",\"description\":\"\",\"potentialAction\":[{\"@type\":\"SearchAction\",\"target\":{\"@type\":\"EntryPoint\",\"urlTemplate\":\"https:\\\/\\\/delorenzoglobal.com\\\/fr\\\/?s={search_term_string}\"},\"query-input\":{\"@type\":\"PropertyValueSpecification\",\"valueRequired\":true,\"valueName\":\"search_term_string\"}}],\"inLanguage\":\"fr-FR\"}]}<\/script>\n<!-- \/ Yoast SEO plugin. -->","yoast_head_json":{"title":"IONOPHOR\u00c8SE - De Lorenzo Training &amp; Didactical Equipment","robots":{"index":"index","follow":"follow","max-snippet":"max-snippet:-1","max-image-preview":"max-image-preview:large","max-video-preview":"max-video-preview:-1"},"canonical":"https:\/\/delorenzoglobal.com\/fr\/produit\/ionophorese\/","og_locale":"fr_FR","og_type":"article","og_title":"IONOPHOR\u00c8SE - De Lorenzo Training &amp; Didactical Equipment","og_description":"La conception et la fabrication de circuits \u00e9lectroniques pour r\u00e9soudre des probl\u00e8mes pratiques est une technique essentielle dans les domaines de l&rsquo;ing\u00e9nierie \u00e9lectronique et de l&rsquo;ing\u00e9nierie informatique. La Ionophor\u00e8se est une technique qui permet aux substances sous forme ionique de p\u00e9n\u00e9trer depuis la surface de la peau dans les couches profondes par un courant. Ces [&hellip;]","og_url":"https:\/\/delorenzoglobal.com\/fr\/produit\/ionophorese\/","og_site_name":"De Lorenzo Training &amp; Didactical Equipment","article_modified_time":"2025-01-27T12:58:59+00:00","og_image":[{"width":1024,"height":916,"url":"https:\/\/delorenzoglobal.com\/wp-content\/uploads\/2024\/04\/DL-3155BIO14-1024x916.png","type":"image\/png"}],"twitter_card":"summary_large_image","twitter_misc":{"Dur\u00e9e de lecture estim\u00e9e":"1 minute"},"schema":{"@context":"https:\/\/schema.org","@graph":[{"@type":"WebPage","@id":"https:\/\/delorenzoglobal.com\/fr\/produit\/ionophorese\/","url":"https:\/\/delorenzoglobal.com\/fr\/produit\/ionophorese\/","name":"IONOPHOR\u00c8SE - De Lorenzo Training &amp; Didactical Equipment","isPartOf":{"@id":"https:\/\/delorenzoglobal.com\/fr\/#website"},"primaryImageOfPage":{"@id":"https:\/\/delorenzoglobal.com\/fr\/produit\/ionophorese\/#primaryimage"},"image":{"@id":"https:\/\/delorenzoglobal.com\/fr\/produit\/ionophorese\/#primaryimage"},"thumbnailUrl":"https:\/\/delorenzoglobal.com\/wp-content\/uploads\/2024\/04\/DL-3155BIO14.png","datePublished":"2024-04-23T08:06:51+00:00","dateModified":"2025-01-27T12:58:59+00:00","breadcrumb":{"@id":"https:\/\/delorenzoglobal.com\/fr\/produit\/ionophorese\/#breadcrumb"},"inLanguage":"fr-FR","potentialAction":[{"@type":"ReadAction","target":["https:\/\/delorenzoglobal.com\/fr\/produit\/ionophorese\/"]}]},{"@type":"ImageObject","inLanguage":"fr-FR","@id":"https:\/\/delorenzoglobal.com\/fr\/produit\/ionophorese\/#primaryimage","url":"https:\/\/delorenzoglobal.com\/wp-content\/uploads\/2024\/04\/DL-3155BIO14.png","contentUrl":"https:\/\/delorenzoglobal.com\/wp-content\/uploads\/2024\/04\/DL-3155BIO14.png","width":1663,"height":1487},{"@type":"BreadcrumbList","@id":"https:\/\/delorenzoglobal.com\/fr\/produit\/ionophorese\/#breadcrumb","itemListElement":[{"@type":"ListItem","position":1,"name":"Home","item":"https:\/\/delorenzoglobal.com\/fr\/"},{"@type":"ListItem","position":2,"name":"Boutique","item":"https:\/\/delorenzoglobal.com\/fr\/boutique\/"},{"@type":"ListItem","position":3,"name":"IONOPHOR\u00c8SE"}]},{"@type":"WebSite","@id":"https:\/\/delorenzoglobal.com\/fr\/#website","url":"https:\/\/delorenzoglobal.com\/fr\/","name":"De Lorenzo Training &amp; Didactical Equipment","description":"","potentialAction":[{"@type":"SearchAction","target":{"@type":"EntryPoint","urlTemplate":"https:\/\/delorenzoglobal.com\/fr\/?s={search_term_string}"},"query-input":{"@type":"PropertyValueSpecification","valueRequired":true,"valueName":"search_term_string"}}],"inLanguage":"fr-FR"}]}},"_links":{"self":[{"href":"https:\/\/delorenzoglobal.com\/fr\/wp-json\/wp\/v2\/product\/13980","targetHints":{"allow":["GET"]}}],"collection":[{"href":"https:\/\/delorenzoglobal.com\/fr\/wp-json\/wp\/v2\/product"}],"about":[{"href":"https:\/\/delorenzoglobal.com\/fr\/wp-json\/wp\/v2\/types\/product"}],"wp:featuredmedia":[{"embeddable":true,"href":"https:\/\/delorenzoglobal.com\/fr\/wp-json\/wp\/v2\/media\/13969"}],"wp:attachment":[{"href":"https:\/\/delorenzoglobal.com\/fr\/wp-json\/wp\/v2\/media?parent=13980"}],"wp:term":[{"taxonomy":"product_brand","embeddable":true,"href":"https:\/\/delorenzoglobal.com\/fr\/wp-json\/wp\/v2\/product_brand?post=13980"},{"taxonomy":"product_cat","embeddable":true,"href":"https:\/\/delorenzoglobal.com\/fr\/wp-json\/wp\/v2\/product_cat?post=13980"},{"taxonomy":"product_tag","embeddable":true,"href":"https:\/\/delorenzoglobal.com\/fr\/wp-json\/wp\/v2\/product_tag?post=13980"}],"curies":[{"name":"wp","href":"https:\/\/api.w.org\/{rel}","templated":true}]}}