{"id":13869,"date":"2024-04-23T09:35:19","date_gmt":"2024-04-23T07:35:19","guid":{"rendered":"https:\/\/delorenzoglobal.com\/?post_type=product&#038;p=13869"},"modified":"2025-01-27T11:33:15","modified_gmt":"2025-01-27T10:33:15","slug":"t-e-n-s","status":"publish","type":"product","link":"https:\/\/delorenzoglobal.com\/fr\/produit\/t-e-n-s\/","title":{"rendered":"T.E.N.S."},"content":{"rendered":"<p>La conception et la fabrication de circuits \u00e9lectroniques pour r\u00e9soudre des probl\u00e8mes pratiques est une technique essentielle dans les domaines de l&rsquo;ing\u00e9nierie \u00e9lectronique et de l&rsquo;ing\u00e9nierie informatique. TENS ou stimulation nerveuse \u00e9lectrique transcutan\u00e9e, est une forme particuli\u00e8re d\u2019onde de faible fr\u00e9quence qui, une fois appliqu\u00e9e au moyen d&rsquo;\u00e9lectrodes dans le domaine de la projection cutan\u00e9e de la douleur, permet une r\u00e9duction presque imm\u00e9diate et durable de la sensibilit\u00e9 au douleur.<\/p>\n<p>Pour cela, ce moyen est efficace comme traitement s\u00fbr et inoffensif pour le soulagement de toutes les douleurs musculaires et squelettiques, les n\u00e9vralgies, les douleurs rhumatismales, douleurs articulaires, maux de t\u00eate, douleurs lombaires, douleurs sciatiques et autres affections.<\/p>\n","protected":false},"excerpt":{"rendered":"<p>La conception et la fabrication de circuits \u00e9lectroniques pour r\u00e9soudre des probl\u00e8mes pratiques est une technique essentielle dans les domaines de l&rsquo;ing\u00e9nierie \u00e9lectronique et de l&rsquo;ing\u00e9nierie informatique. TENS ou stimulation nerveuse \u00e9lectrique transcutan\u00e9e, est une forme particuli\u00e8re d\u2019onde de faible fr\u00e9quence qui, une fois appliqu\u00e9e au moyen d&rsquo;\u00e9lectrodes dans le domaine de la projection cutan\u00e9e [&hellip;]<\/p>\n","protected":false},"featured_media":19863,"template":"","meta":{"_acf_changed":false},"product_brand":[],"product_cat":[452],"product_tag":[],"class_list":{"0":"post-13869","1":"product","2":"type-product","3":"status-publish","4":"has-post-thumbnail","6":"product_cat-therapie","8":"first","9":"instock","10":"shipping-taxable","11":"product-type-simple"},"acf":[],"yoast_head":"<!-- This site is optimized with the Yoast SEO plugin v27.4 - https:\/\/yoast.com\/product\/yoast-seo-wordpress\/ -->\n<title>T.E.N.S. - De Lorenzo Training &amp; Didactical Equipment<\/title>\n<meta name=\"robots\" content=\"index, follow, max-snippet:-1, max-image-preview:large, max-video-preview:-1\" \/>\n<link rel=\"canonical\" href=\"https:\/\/delorenzoglobal.com\/fr\/produit\/t-e-n-s\/\" \/>\n<meta property=\"og:locale\" content=\"fr_FR\" \/>\n<meta property=\"og:type\" content=\"article\" \/>\n<meta property=\"og:title\" content=\"T.E.N.S. - De Lorenzo Training &amp; Didactical Equipment\" \/>\n<meta property=\"og:description\" content=\"La conception et la fabrication de circuits \u00e9lectroniques pour r\u00e9soudre des probl\u00e8mes pratiques est une technique essentielle dans les domaines de l&rsquo;ing\u00e9nierie \u00e9lectronique et de l&rsquo;ing\u00e9nierie informatique. TENS ou stimulation nerveuse \u00e9lectrique transcutan\u00e9e, est une forme particuli\u00e8re d\u2019onde de faible fr\u00e9quence qui, une fois appliqu\u00e9e au moyen d&rsquo;\u00e9lectrodes dans le domaine de la projection cutan\u00e9e [&hellip;]\" \/>\n<meta property=\"og:url\" content=\"https:\/\/delorenzoglobal.com\/fr\/produit\/t-e-n-s\/\" \/>\n<meta property=\"og:site_name\" content=\"De Lorenzo Training &amp; Didactical Equipment\" \/>\n<meta property=\"article:modified_time\" content=\"2025-01-27T10:33:15+00:00\" \/>\n<meta property=\"og:image\" content=\"https:\/\/delorenzoglobal.com\/wp-content\/uploads\/2024\/04\/DL-3155BIO10-xs-scaled.jpg\" \/>\n\t<meta property=\"og:image:width\" content=\"2560\" \/>\n\t<meta property=\"og:image:height\" content=\"2280\" \/>\n\t<meta property=\"og:image:type\" content=\"image\/jpeg\" \/>\n<meta name=\"twitter:card\" content=\"summary_large_image\" \/>\n<meta name=\"twitter:label1\" content=\"Dur\u00e9e de lecture estim\u00e9e\" \/>\n\t<meta name=\"twitter:data1\" content=\"1 minute\" \/>\n<script type=\"application\/ld+json\" class=\"yoast-schema-graph\">{\"@context\":\"https:\\\/\\\/schema.org\",\"@graph\":[{\"@type\":\"WebPage\",\"@id\":\"https:\\\/\\\/delorenzoglobal.com\\\/fr\\\/produit\\\/t-e-n-s\\\/\",\"url\":\"https:\\\/\\\/delorenzoglobal.com\\\/fr\\\/produit\\\/t-e-n-s\\\/\",\"name\":\"T.E.N.S. - De Lorenzo Training &amp; Didactical Equipment\",\"isPartOf\":{\"@id\":\"https:\\\/\\\/delorenzoglobal.com\\\/fr\\\/#website\"},\"primaryImageOfPage\":{\"@id\":\"https:\\\/\\\/delorenzoglobal.com\\\/fr\\\/produit\\\/t-e-n-s\\\/#primaryimage\"},\"image\":{\"@id\":\"https:\\\/\\\/delorenzoglobal.com\\\/fr\\\/produit\\\/t-e-n-s\\\/#primaryimage\"},\"thumbnailUrl\":\"https:\\\/\\\/delorenzoglobal.com\\\/wp-content\\\/uploads\\\/2024\\\/04\\\/DL-3155BIO10-xs-scaled.jpg\",\"datePublished\":\"2024-04-23T07:35:19+00:00\",\"dateModified\":\"2025-01-27T10:33:15+00:00\",\"breadcrumb\":{\"@id\":\"https:\\\/\\\/delorenzoglobal.com\\\/fr\\\/produit\\\/t-e-n-s\\\/#breadcrumb\"},\"inLanguage\":\"fr-FR\",\"potentialAction\":[{\"@type\":\"ReadAction\",\"target\":[\"https:\\\/\\\/delorenzoglobal.com\\\/fr\\\/produit\\\/t-e-n-s\\\/\"]}]},{\"@type\":\"ImageObject\",\"inLanguage\":\"fr-FR\",\"@id\":\"https:\\\/\\\/delorenzoglobal.com\\\/fr\\\/produit\\\/t-e-n-s\\\/#primaryimage\",\"url\":\"https:\\\/\\\/delorenzoglobal.com\\\/wp-content\\\/uploads\\\/2024\\\/04\\\/DL-3155BIO10-xs-scaled.jpg\",\"contentUrl\":\"https:\\\/\\\/delorenzoglobal.com\\\/wp-content\\\/uploads\\\/2024\\\/04\\\/DL-3155BIO10-xs-scaled.jpg\",\"width\":2560,\"height\":2280},{\"@type\":\"BreadcrumbList\",\"@id\":\"https:\\\/\\\/delorenzoglobal.com\\\/fr\\\/produit\\\/t-e-n-s\\\/#breadcrumb\",\"itemListElement\":[{\"@type\":\"ListItem\",\"position\":1,\"name\":\"Home\",\"item\":\"https:\\\/\\\/delorenzoglobal.com\\\/fr\\\/\"},{\"@type\":\"ListItem\",\"position\":2,\"name\":\"Boutique\",\"item\":\"https:\\\/\\\/delorenzoglobal.com\\\/fr\\\/boutique\\\/\"},{\"@type\":\"ListItem\",\"position\":3,\"name\":\"T.E.N.S.\"}]},{\"@type\":\"WebSite\",\"@id\":\"https:\\\/\\\/delorenzoglobal.com\\\/fr\\\/#website\",\"url\":\"https:\\\/\\\/delorenzoglobal.com\\\/fr\\\/\",\"name\":\"De Lorenzo Training &amp; Didactical Equipment\",\"description\":\"\",\"potentialAction\":[{\"@type\":\"SearchAction\",\"target\":{\"@type\":\"EntryPoint\",\"urlTemplate\":\"https:\\\/\\\/delorenzoglobal.com\\\/fr\\\/?s={search_term_string}\"},\"query-input\":{\"@type\":\"PropertyValueSpecification\",\"valueRequired\":true,\"valueName\":\"search_term_string\"}}],\"inLanguage\":\"fr-FR\"}]}<\/script>\n<!-- \/ Yoast SEO plugin. -->","yoast_head_json":{"title":"T.E.N.S. - De Lorenzo Training &amp; Didactical Equipment","robots":{"index":"index","follow":"follow","max-snippet":"max-snippet:-1","max-image-preview":"max-image-preview:large","max-video-preview":"max-video-preview:-1"},"canonical":"https:\/\/delorenzoglobal.com\/fr\/produit\/t-e-n-s\/","og_locale":"fr_FR","og_type":"article","og_title":"T.E.N.S. - De Lorenzo Training &amp; Didactical Equipment","og_description":"La conception et la fabrication de circuits \u00e9lectroniques pour r\u00e9soudre des probl\u00e8mes pratiques est une technique essentielle dans les domaines de l&rsquo;ing\u00e9nierie \u00e9lectronique et de l&rsquo;ing\u00e9nierie informatique. TENS ou stimulation nerveuse \u00e9lectrique transcutan\u00e9e, est une forme particuli\u00e8re d\u2019onde de faible fr\u00e9quence qui, une fois appliqu\u00e9e au moyen d&rsquo;\u00e9lectrodes dans le domaine de la projection cutan\u00e9e [&hellip;]","og_url":"https:\/\/delorenzoglobal.com\/fr\/produit\/t-e-n-s\/","og_site_name":"De Lorenzo Training &amp; Didactical Equipment","article_modified_time":"2025-01-27T10:33:15+00:00","og_image":[{"width":2560,"height":2280,"url":"https:\/\/delorenzoglobal.com\/wp-content\/uploads\/2024\/04\/DL-3155BIO10-xs-scaled.jpg","type":"image\/jpeg"}],"twitter_card":"summary_large_image","twitter_misc":{"Dur\u00e9e de lecture estim\u00e9e":"1 minute"},"schema":{"@context":"https:\/\/schema.org","@graph":[{"@type":"WebPage","@id":"https:\/\/delorenzoglobal.com\/fr\/produit\/t-e-n-s\/","url":"https:\/\/delorenzoglobal.com\/fr\/produit\/t-e-n-s\/","name":"T.E.N.S. - De Lorenzo Training &amp; Didactical Equipment","isPartOf":{"@id":"https:\/\/delorenzoglobal.com\/fr\/#website"},"primaryImageOfPage":{"@id":"https:\/\/delorenzoglobal.com\/fr\/produit\/t-e-n-s\/#primaryimage"},"image":{"@id":"https:\/\/delorenzoglobal.com\/fr\/produit\/t-e-n-s\/#primaryimage"},"thumbnailUrl":"https:\/\/delorenzoglobal.com\/wp-content\/uploads\/2024\/04\/DL-3155BIO10-xs-scaled.jpg","datePublished":"2024-04-23T07:35:19+00:00","dateModified":"2025-01-27T10:33:15+00:00","breadcrumb":{"@id":"https:\/\/delorenzoglobal.com\/fr\/produit\/t-e-n-s\/#breadcrumb"},"inLanguage":"fr-FR","potentialAction":[{"@type":"ReadAction","target":["https:\/\/delorenzoglobal.com\/fr\/produit\/t-e-n-s\/"]}]},{"@type":"ImageObject","inLanguage":"fr-FR","@id":"https:\/\/delorenzoglobal.com\/fr\/produit\/t-e-n-s\/#primaryimage","url":"https:\/\/delorenzoglobal.com\/wp-content\/uploads\/2024\/04\/DL-3155BIO10-xs-scaled.jpg","contentUrl":"https:\/\/delorenzoglobal.com\/wp-content\/uploads\/2024\/04\/DL-3155BIO10-xs-scaled.jpg","width":2560,"height":2280},{"@type":"BreadcrumbList","@id":"https:\/\/delorenzoglobal.com\/fr\/produit\/t-e-n-s\/#breadcrumb","itemListElement":[{"@type":"ListItem","position":1,"name":"Home","item":"https:\/\/delorenzoglobal.com\/fr\/"},{"@type":"ListItem","position":2,"name":"Boutique","item":"https:\/\/delorenzoglobal.com\/fr\/boutique\/"},{"@type":"ListItem","position":3,"name":"T.E.N.S."}]},{"@type":"WebSite","@id":"https:\/\/delorenzoglobal.com\/fr\/#website","url":"https:\/\/delorenzoglobal.com\/fr\/","name":"De Lorenzo Training &amp; Didactical Equipment","description":"","potentialAction":[{"@type":"SearchAction","target":{"@type":"EntryPoint","urlTemplate":"https:\/\/delorenzoglobal.com\/fr\/?s={search_term_string}"},"query-input":{"@type":"PropertyValueSpecification","valueRequired":true,"valueName":"search_term_string"}}],"inLanguage":"fr-FR"}]}},"_links":{"self":[{"href":"https:\/\/delorenzoglobal.com\/fr\/wp-json\/wp\/v2\/product\/13869","targetHints":{"allow":["GET"]}}],"collection":[{"href":"https:\/\/delorenzoglobal.com\/fr\/wp-json\/wp\/v2\/product"}],"about":[{"href":"https:\/\/delorenzoglobal.com\/fr\/wp-json\/wp\/v2\/types\/product"}],"wp:featuredmedia":[{"embeddable":true,"href":"https:\/\/delorenzoglobal.com\/fr\/wp-json\/wp\/v2\/media\/19863"}],"wp:attachment":[{"href":"https:\/\/delorenzoglobal.com\/fr\/wp-json\/wp\/v2\/media?parent=13869"}],"wp:term":[{"taxonomy":"product_brand","embeddable":true,"href":"https:\/\/delorenzoglobal.com\/fr\/wp-json\/wp\/v2\/product_brand?post=13869"},{"taxonomy":"product_cat","embeddable":true,"href":"https:\/\/delorenzoglobal.com\/fr\/wp-json\/wp\/v2\/product_cat?post=13869"},{"taxonomy":"product_tag","embeddable":true,"href":"https:\/\/delorenzoglobal.com\/fr\/wp-json\/wp\/v2\/product_tag?post=13869"}],"curies":[{"name":"wp","href":"https:\/\/api.w.org\/{rel}","templated":true}]}}