{"id":13844,"date":"2024-04-23T09:30:06","date_gmt":"2024-04-23T07:30:06","guid":{"rendered":"https:\/\/delorenzoglobal.com\/?post_type=product&#038;p=13844"},"modified":"2025-01-27T11:09:14","modified_gmt":"2025-01-27T10:09:14","slug":"surveillance-de-la-pression-sanguine","status":"publish","type":"product","link":"https:\/\/delorenzoglobal.com\/fr\/produit\/surveillance-de-la-pression-sanguine\/","title":{"rendered":"SURVEILLANCE DE LA PRESSION SANGUINE"},"content":{"rendered":"<p>La conception et la fabrication de circuits \u00e9lectroniques pour r\u00e9soudre des probl\u00e8mes pratiques est une technique essentielle dans les domaines de l&rsquo;ing\u00e9nierie \u00e9lectronique et de l&rsquo;ing\u00e9nierie informatique.<\/p>\n<p>Dans les vaisseaux sanguins il doit y avoir une certaine pression afin que le sang puisse s&rsquo;\u00e9couler correctement. Chaque battement cardiaque provoque une onde de pression qui est transf\u00e9r\u00e9 aux art\u00e8res.<\/p>\n<p>La valeur sup\u00e9rieure (systole) est la pression maximale qui est enregistr\u00e9e dans l&rsquo;art\u00e8re \u00e0 la suite de la pulsation cardiaque.<\/p>\n<p>La valeur inf\u00e9rieure (diastole) correspond \u00e0 la pression que nous avons dans les art\u00e8res entre deux battements cardiaques.<\/p>\n<p>Par cons\u00e9quent, il est n\u00e9cessaire d&rsquo;\u00e9valuer correctement la pression et sa variabilit\u00e9 par la mesure de la pression par un compteur num\u00e9rique du rythme cardiaque.<\/p>\n","protected":false},"excerpt":{"rendered":"<p>La conception et la fabrication de circuits \u00e9lectroniques pour r\u00e9soudre des probl\u00e8mes pratiques est une technique essentielle dans les domaines de l&rsquo;ing\u00e9nierie \u00e9lectronique et de l&rsquo;ing\u00e9nierie informatique. Dans les vaisseaux sanguins il doit y avoir une certaine pression afin que le sang puisse s&rsquo;\u00e9couler correctement. Chaque battement cardiaque provoque une onde de pression qui est [&hellip;]<\/p>\n","protected":false},"featured_media":13833,"template":"","meta":{"_acf_changed":false},"product_brand":[],"product_cat":[449],"product_tag":[],"class_list":{"0":"post-13844","1":"product","2":"type-product","3":"status-publish","4":"has-post-thumbnail","6":"product_cat-surveillance-physiologique","8":"first","9":"instock","10":"shipping-taxable","11":"product-type-simple"},"acf":[],"yoast_head":"<!-- This site is optimized with the Yoast SEO plugin v27.4 - https:\/\/yoast.com\/product\/yoast-seo-wordpress\/ -->\n<title>SURVEILLANCE DE LA PRESSION SANGUINE - De Lorenzo Training &amp; Didactical Equipment<\/title>\n<meta name=\"robots\" content=\"index, follow, max-snippet:-1, max-image-preview:large, max-video-preview:-1\" \/>\n<link rel=\"canonical\" href=\"https:\/\/delorenzoglobal.com\/fr\/produit\/surveillance-de-la-pression-sanguine\/\" \/>\n<meta property=\"og:locale\" content=\"fr_FR\" \/>\n<meta property=\"og:type\" content=\"article\" \/>\n<meta property=\"og:title\" content=\"SURVEILLANCE DE LA PRESSION SANGUINE - De Lorenzo Training &amp; Didactical Equipment\" \/>\n<meta property=\"og:description\" content=\"La conception et la fabrication de circuits \u00e9lectroniques pour r\u00e9soudre des probl\u00e8mes pratiques est une technique essentielle dans les domaines de l&rsquo;ing\u00e9nierie \u00e9lectronique et de l&rsquo;ing\u00e9nierie informatique. Dans les vaisseaux sanguins il doit y avoir une certaine pression afin que le sang puisse s&rsquo;\u00e9couler correctement. Chaque battement cardiaque provoque une onde de pression qui est [&hellip;]\" \/>\n<meta property=\"og:url\" content=\"https:\/\/delorenzoglobal.com\/fr\/produit\/surveillance-de-la-pression-sanguine\/\" \/>\n<meta property=\"og:site_name\" content=\"De Lorenzo Training &amp; Didactical Equipment\" \/>\n<meta property=\"article:modified_time\" content=\"2025-01-27T10:09:14+00:00\" \/>\n<meta property=\"og:image\" content=\"https:\/\/delorenzoglobal.com\/wp-content\/uploads\/2024\/04\/DL-3155BIO16-1024x901.png\" \/>\n\t<meta property=\"og:image:width\" content=\"1024\" \/>\n\t<meta property=\"og:image:height\" content=\"901\" \/>\n\t<meta property=\"og:image:type\" content=\"image\/png\" \/>\n<meta name=\"twitter:card\" content=\"summary_large_image\" \/>\n<meta name=\"twitter:label1\" content=\"Dur\u00e9e de lecture estim\u00e9e\" \/>\n\t<meta name=\"twitter:data1\" content=\"1 minute\" \/>\n<script type=\"application\/ld+json\" class=\"yoast-schema-graph\">{\"@context\":\"https:\\\/\\\/schema.org\",\"@graph\":[{\"@type\":\"WebPage\",\"@id\":\"https:\\\/\\\/delorenzoglobal.com\\\/fr\\\/produit\\\/surveillance-de-la-pression-sanguine\\\/\",\"url\":\"https:\\\/\\\/delorenzoglobal.com\\\/fr\\\/produit\\\/surveillance-de-la-pression-sanguine\\\/\",\"name\":\"SURVEILLANCE DE LA PRESSION SANGUINE - De Lorenzo Training &amp; Didactical Equipment\",\"isPartOf\":{\"@id\":\"https:\\\/\\\/delorenzoglobal.com\\\/fr\\\/#website\"},\"primaryImageOfPage\":{\"@id\":\"https:\\\/\\\/delorenzoglobal.com\\\/fr\\\/produit\\\/surveillance-de-la-pression-sanguine\\\/#primaryimage\"},\"image\":{\"@id\":\"https:\\\/\\\/delorenzoglobal.com\\\/fr\\\/produit\\\/surveillance-de-la-pression-sanguine\\\/#primaryimage\"},\"thumbnailUrl\":\"https:\\\/\\\/delorenzoglobal.com\\\/wp-content\\\/uploads\\\/2024\\\/04\\\/DL-3155BIO16.png\",\"datePublished\":\"2024-04-23T07:30:06+00:00\",\"dateModified\":\"2025-01-27T10:09:14+00:00\",\"breadcrumb\":{\"@id\":\"https:\\\/\\\/delorenzoglobal.com\\\/fr\\\/produit\\\/surveillance-de-la-pression-sanguine\\\/#breadcrumb\"},\"inLanguage\":\"fr-FR\",\"potentialAction\":[{\"@type\":\"ReadAction\",\"target\":[\"https:\\\/\\\/delorenzoglobal.com\\\/fr\\\/produit\\\/surveillance-de-la-pression-sanguine\\\/\"]}]},{\"@type\":\"ImageObject\",\"inLanguage\":\"fr-FR\",\"@id\":\"https:\\\/\\\/delorenzoglobal.com\\\/fr\\\/produit\\\/surveillance-de-la-pression-sanguine\\\/#primaryimage\",\"url\":\"https:\\\/\\\/delorenzoglobal.com\\\/wp-content\\\/uploads\\\/2024\\\/04\\\/DL-3155BIO16.png\",\"contentUrl\":\"https:\\\/\\\/delorenzoglobal.com\\\/wp-content\\\/uploads\\\/2024\\\/04\\\/DL-3155BIO16.png\",\"width\":2775,\"height\":2441},{\"@type\":\"BreadcrumbList\",\"@id\":\"https:\\\/\\\/delorenzoglobal.com\\\/fr\\\/produit\\\/surveillance-de-la-pression-sanguine\\\/#breadcrumb\",\"itemListElement\":[{\"@type\":\"ListItem\",\"position\":1,\"name\":\"Home\",\"item\":\"https:\\\/\\\/delorenzoglobal.com\\\/fr\\\/\"},{\"@type\":\"ListItem\",\"position\":2,\"name\":\"Boutique\",\"item\":\"https:\\\/\\\/delorenzoglobal.com\\\/fr\\\/boutique\\\/\"},{\"@type\":\"ListItem\",\"position\":3,\"name\":\"SURVEILLANCE DE LA PRESSION SANGUINE\"}]},{\"@type\":\"WebSite\",\"@id\":\"https:\\\/\\\/delorenzoglobal.com\\\/fr\\\/#website\",\"url\":\"https:\\\/\\\/delorenzoglobal.com\\\/fr\\\/\",\"name\":\"De Lorenzo Training &amp; Didactical Equipment\",\"description\":\"\",\"potentialAction\":[{\"@type\":\"SearchAction\",\"target\":{\"@type\":\"EntryPoint\",\"urlTemplate\":\"https:\\\/\\\/delorenzoglobal.com\\\/fr\\\/?s={search_term_string}\"},\"query-input\":{\"@type\":\"PropertyValueSpecification\",\"valueRequired\":true,\"valueName\":\"search_term_string\"}}],\"inLanguage\":\"fr-FR\"}]}<\/script>\n<!-- \/ Yoast SEO plugin. -->","yoast_head_json":{"title":"SURVEILLANCE DE LA PRESSION SANGUINE - De Lorenzo Training &amp; Didactical Equipment","robots":{"index":"index","follow":"follow","max-snippet":"max-snippet:-1","max-image-preview":"max-image-preview:large","max-video-preview":"max-video-preview:-1"},"canonical":"https:\/\/delorenzoglobal.com\/fr\/produit\/surveillance-de-la-pression-sanguine\/","og_locale":"fr_FR","og_type":"article","og_title":"SURVEILLANCE DE LA PRESSION SANGUINE - De Lorenzo Training &amp; Didactical Equipment","og_description":"La conception et la fabrication de circuits \u00e9lectroniques pour r\u00e9soudre des probl\u00e8mes pratiques est une technique essentielle dans les domaines de l&rsquo;ing\u00e9nierie \u00e9lectronique et de l&rsquo;ing\u00e9nierie informatique. Dans les vaisseaux sanguins il doit y avoir une certaine pression afin que le sang puisse s&rsquo;\u00e9couler correctement. Chaque battement cardiaque provoque une onde de pression qui est [&hellip;]","og_url":"https:\/\/delorenzoglobal.com\/fr\/produit\/surveillance-de-la-pression-sanguine\/","og_site_name":"De Lorenzo Training &amp; Didactical Equipment","article_modified_time":"2025-01-27T10:09:14+00:00","og_image":[{"width":1024,"height":901,"url":"https:\/\/delorenzoglobal.com\/wp-content\/uploads\/2024\/04\/DL-3155BIO16-1024x901.png","type":"image\/png"}],"twitter_card":"summary_large_image","twitter_misc":{"Dur\u00e9e de lecture estim\u00e9e":"1 minute"},"schema":{"@context":"https:\/\/schema.org","@graph":[{"@type":"WebPage","@id":"https:\/\/delorenzoglobal.com\/fr\/produit\/surveillance-de-la-pression-sanguine\/","url":"https:\/\/delorenzoglobal.com\/fr\/produit\/surveillance-de-la-pression-sanguine\/","name":"SURVEILLANCE DE LA PRESSION SANGUINE - De Lorenzo Training &amp; Didactical Equipment","isPartOf":{"@id":"https:\/\/delorenzoglobal.com\/fr\/#website"},"primaryImageOfPage":{"@id":"https:\/\/delorenzoglobal.com\/fr\/produit\/surveillance-de-la-pression-sanguine\/#primaryimage"},"image":{"@id":"https:\/\/delorenzoglobal.com\/fr\/produit\/surveillance-de-la-pression-sanguine\/#primaryimage"},"thumbnailUrl":"https:\/\/delorenzoglobal.com\/wp-content\/uploads\/2024\/04\/DL-3155BIO16.png","datePublished":"2024-04-23T07:30:06+00:00","dateModified":"2025-01-27T10:09:14+00:00","breadcrumb":{"@id":"https:\/\/delorenzoglobal.com\/fr\/produit\/surveillance-de-la-pression-sanguine\/#breadcrumb"},"inLanguage":"fr-FR","potentialAction":[{"@type":"ReadAction","target":["https:\/\/delorenzoglobal.com\/fr\/produit\/surveillance-de-la-pression-sanguine\/"]}]},{"@type":"ImageObject","inLanguage":"fr-FR","@id":"https:\/\/delorenzoglobal.com\/fr\/produit\/surveillance-de-la-pression-sanguine\/#primaryimage","url":"https:\/\/delorenzoglobal.com\/wp-content\/uploads\/2024\/04\/DL-3155BIO16.png","contentUrl":"https:\/\/delorenzoglobal.com\/wp-content\/uploads\/2024\/04\/DL-3155BIO16.png","width":2775,"height":2441},{"@type":"BreadcrumbList","@id":"https:\/\/delorenzoglobal.com\/fr\/produit\/surveillance-de-la-pression-sanguine\/#breadcrumb","itemListElement":[{"@type":"ListItem","position":1,"name":"Home","item":"https:\/\/delorenzoglobal.com\/fr\/"},{"@type":"ListItem","position":2,"name":"Boutique","item":"https:\/\/delorenzoglobal.com\/fr\/boutique\/"},{"@type":"ListItem","position":3,"name":"SURVEILLANCE DE LA PRESSION SANGUINE"}]},{"@type":"WebSite","@id":"https:\/\/delorenzoglobal.com\/fr\/#website","url":"https:\/\/delorenzoglobal.com\/fr\/","name":"De Lorenzo Training &amp; Didactical Equipment","description":"","potentialAction":[{"@type":"SearchAction","target":{"@type":"EntryPoint","urlTemplate":"https:\/\/delorenzoglobal.com\/fr\/?s={search_term_string}"},"query-input":{"@type":"PropertyValueSpecification","valueRequired":true,"valueName":"search_term_string"}}],"inLanguage":"fr-FR"}]}},"_links":{"self":[{"href":"https:\/\/delorenzoglobal.com\/fr\/wp-json\/wp\/v2\/product\/13844","targetHints":{"allow":["GET"]}}],"collection":[{"href":"https:\/\/delorenzoglobal.com\/fr\/wp-json\/wp\/v2\/product"}],"about":[{"href":"https:\/\/delorenzoglobal.com\/fr\/wp-json\/wp\/v2\/types\/product"}],"wp:featuredmedia":[{"embeddable":true,"href":"https:\/\/delorenzoglobal.com\/fr\/wp-json\/wp\/v2\/media\/13833"}],"wp:attachment":[{"href":"https:\/\/delorenzoglobal.com\/fr\/wp-json\/wp\/v2\/media?parent=13844"}],"wp:term":[{"taxonomy":"product_brand","embeddable":true,"href":"https:\/\/delorenzoglobal.com\/fr\/wp-json\/wp\/v2\/product_brand?post=13844"},{"taxonomy":"product_cat","embeddable":true,"href":"https:\/\/delorenzoglobal.com\/fr\/wp-json\/wp\/v2\/product_cat?post=13844"},{"taxonomy":"product_tag","embeddable":true,"href":"https:\/\/delorenzoglobal.com\/fr\/wp-json\/wp\/v2\/product_tag?post=13844"}],"curies":[{"name":"wp","href":"https:\/\/api.w.org\/{rel}","templated":true}]}}