{"id":1381,"date":"2024-04-09T10:45:20","date_gmt":"2024-04-09T08:45:20","guid":{"rendered":"https:\/\/delorenzoglobal.com\/?post_type=product&#038;p=1381"},"modified":"2025-01-13T14:05:37","modified_gmt":"2025-01-13T13:05:37","slug":"bandes-transporteuses-pour-letude-de-la-programmation-des-api-et-des-capteurs","status":"publish","type":"product","link":"https:\/\/delorenzoglobal.com\/fr\/produit\/bandes-transporteuses-pour-letude-de-la-programmation-des-api-et-des-capteurs\/","title":{"rendered":"SYST\u00c8ME POUR L&rsquo;\u00c9TUDE DE LA PROGRAMMATION  DES AUTOMATES ET DES CAPTEURS"},"content":{"rendered":"<p>Ce banc d&rsquo;essai permet des \u00e9tudes de programmation et de fonctionnement avec d\u00e9tection de capteurs, ainsi que des pratiques avec ports E\/S, protocole Modbus avec activation moteur locale<br \/>\net \u00e0 distance.<br \/>\nIl est bas\u00e9 sur un convoyeur \u00e0 bande motoris\u00e9 capable de d\u00e9tecter des pi\u00e8ces en mouvement simulant un syst\u00e8me de manutention industriel. Il est utilis\u00e9 comme syst\u00e8me de formation de base<br \/>\npour apprendre et se familiariser avec les applications r\u00e9elles des PLC (API) dans les industries de l&rsquo;automatisation et de la m\u00e9catronique.<br \/>\nTrois types de pi\u00e8ces (plastique, aluminium, fer) sont fournies et achemin\u00e9es vers une bo\u00eete de collecte. Les pi\u00e8ces agissent sur trois types de capteurs normalement utilis\u00e9s dans l&rsquo;automatisation<br \/>\nqui, au moyen de la programmation, permettent de trier et de compter les pi\u00e8ces en fonction du mat\u00e9riau dont elles sont constitu\u00e9es.<br \/>\nLe fonctionnement et le contr\u00f4le du processus sont r\u00e9alis\u00e9s gr\u00e2ce \u00e0 divers composants \u00e9lectrom\u00e9caniques contr\u00f4l\u00e9s par un PLC.<\/p>\n","protected":false},"excerpt":{"rendered":"<p>Ce banc d&rsquo;essai permet des \u00e9tudes de programmation et de fonctionnement avec d\u00e9tection de capteurs, ainsi que des pratiques avec ports E\/S, protocole Modbus avec activation moteur locale et \u00e0 distance. Il est bas\u00e9 sur un convoyeur \u00e0 bande motoris\u00e9 capable de d\u00e9tecter des pi\u00e8ces en mouvement simulant un syst\u00e8me de manutention industriel. Il est [&hellip;]<\/p>\n","protected":false},"featured_media":24695,"template":"","meta":{"_acf_changed":false},"product_brand":[],"product_cat":[154],"product_tag":[],"class_list":{"0":"post-1381","1":"product","2":"type-product","3":"status-publish","4":"has-post-thumbnail","6":"product_cat-applications-industrielle","8":"first","9":"instock","10":"shipping-taxable","11":"product-type-simple"},"acf":[],"yoast_head":"<!-- This site is optimized with the Yoast SEO plugin v27.4 - https:\/\/yoast.com\/product\/yoast-seo-wordpress\/ -->\n<title>SYST\u00c8ME POUR L&#039;\u00c9TUDE DE LA PROGRAMMATION DES AUTOMATES ET DES CAPTEURS - De Lorenzo Training &amp; Didactical Equipment<\/title>\n<meta name=\"robots\" content=\"index, follow, max-snippet:-1, max-image-preview:large, max-video-preview:-1\" \/>\n<link rel=\"canonical\" href=\"https:\/\/delorenzoglobal.com\/fr\/produit\/bandes-transporteuses-pour-letude-de-la-programmation-des-api-et-des-capteurs\/\" \/>\n<meta property=\"og:locale\" content=\"fr_FR\" \/>\n<meta property=\"og:type\" content=\"article\" \/>\n<meta property=\"og:title\" content=\"SYST\u00c8ME POUR L&#039;\u00c9TUDE DE LA PROGRAMMATION DES AUTOMATES ET DES CAPTEURS - De Lorenzo Training &amp; Didactical Equipment\" \/>\n<meta property=\"og:description\" content=\"Ce banc d&rsquo;essai permet des \u00e9tudes de programmation et de fonctionnement avec d\u00e9tection de capteurs, ainsi que des pratiques avec ports E\/S, protocole Modbus avec activation moteur locale et \u00e0 distance. Il est bas\u00e9 sur un convoyeur \u00e0 bande motoris\u00e9 capable de d\u00e9tecter des pi\u00e8ces en mouvement simulant un syst\u00e8me de manutention industriel. Il est [&hellip;]\" \/>\n<meta property=\"og:url\" content=\"https:\/\/delorenzoglobal.com\/fr\/produit\/bandes-transporteuses-pour-letude-de-la-programmation-des-api-et-des-capteurs\/\" \/>\n<meta property=\"og:site_name\" content=\"De Lorenzo Training &amp; Didactical Equipment\" \/>\n<meta property=\"article:modified_time\" content=\"2025-01-13T13:05:37+00:00\" \/>\n<meta property=\"og:image\" content=\"https:\/\/delorenzoglobal.com\/wp-content\/uploads\/2024\/04\/DL-IND-02-1.png\" \/>\n\t<meta property=\"og:image:width\" content=\"1003\" \/>\n\t<meta property=\"og:image:height\" content=\"559\" \/>\n\t<meta property=\"og:image:type\" content=\"image\/png\" \/>\n<meta name=\"twitter:card\" content=\"summary_large_image\" \/>\n<meta name=\"twitter:label1\" content=\"Dur\u00e9e de lecture estim\u00e9e\" \/>\n\t<meta name=\"twitter:data1\" content=\"2 minutes\" \/>\n<script type=\"application\/ld+json\" class=\"yoast-schema-graph\">{\"@context\":\"https:\\\/\\\/schema.org\",\"@graph\":[{\"@type\":\"WebPage\",\"@id\":\"https:\\\/\\\/delorenzoglobal.com\\\/fr\\\/produit\\\/bandes-transporteuses-pour-letude-de-la-programmation-des-api-et-des-capteurs\\\/\",\"url\":\"https:\\\/\\\/delorenzoglobal.com\\\/fr\\\/produit\\\/bandes-transporteuses-pour-letude-de-la-programmation-des-api-et-des-capteurs\\\/\",\"name\":\"SYST\u00c8ME POUR L'\u00c9TUDE DE LA PROGRAMMATION DES AUTOMATES ET DES CAPTEURS - De Lorenzo Training &amp; Didactical Equipment\",\"isPartOf\":{\"@id\":\"https:\\\/\\\/delorenzoglobal.com\\\/fr\\\/#website\"},\"primaryImageOfPage\":{\"@id\":\"https:\\\/\\\/delorenzoglobal.com\\\/fr\\\/produit\\\/bandes-transporteuses-pour-letude-de-la-programmation-des-api-et-des-capteurs\\\/#primaryimage\"},\"image\":{\"@id\":\"https:\\\/\\\/delorenzoglobal.com\\\/fr\\\/produit\\\/bandes-transporteuses-pour-letude-de-la-programmation-des-api-et-des-capteurs\\\/#primaryimage\"},\"thumbnailUrl\":\"https:\\\/\\\/delorenzoglobal.com\\\/wp-content\\\/uploads\\\/2024\\\/04\\\/DL-IND-02-1.png\",\"datePublished\":\"2024-04-09T08:45:20+00:00\",\"dateModified\":\"2025-01-13T13:05:37+00:00\",\"breadcrumb\":{\"@id\":\"https:\\\/\\\/delorenzoglobal.com\\\/fr\\\/produit\\\/bandes-transporteuses-pour-letude-de-la-programmation-des-api-et-des-capteurs\\\/#breadcrumb\"},\"inLanguage\":\"fr-FR\",\"potentialAction\":[{\"@type\":\"ReadAction\",\"target\":[\"https:\\\/\\\/delorenzoglobal.com\\\/fr\\\/produit\\\/bandes-transporteuses-pour-letude-de-la-programmation-des-api-et-des-capteurs\\\/\"]}]},{\"@type\":\"ImageObject\",\"inLanguage\":\"fr-FR\",\"@id\":\"https:\\\/\\\/delorenzoglobal.com\\\/fr\\\/produit\\\/bandes-transporteuses-pour-letude-de-la-programmation-des-api-et-des-capteurs\\\/#primaryimage\",\"url\":\"https:\\\/\\\/delorenzoglobal.com\\\/wp-content\\\/uploads\\\/2024\\\/04\\\/DL-IND-02-1.png\",\"contentUrl\":\"https:\\\/\\\/delorenzoglobal.com\\\/wp-content\\\/uploads\\\/2024\\\/04\\\/DL-IND-02-1.png\",\"width\":1003,\"height\":559},{\"@type\":\"BreadcrumbList\",\"@id\":\"https:\\\/\\\/delorenzoglobal.com\\\/fr\\\/produit\\\/bandes-transporteuses-pour-letude-de-la-programmation-des-api-et-des-capteurs\\\/#breadcrumb\",\"itemListElement\":[{\"@type\":\"ListItem\",\"position\":1,\"name\":\"Home\",\"item\":\"https:\\\/\\\/delorenzoglobal.com\\\/fr\\\/\"},{\"@type\":\"ListItem\",\"position\":2,\"name\":\"Boutique\",\"item\":\"https:\\\/\\\/delorenzoglobal.com\\\/fr\\\/boutique\\\/\"},{\"@type\":\"ListItem\",\"position\":3,\"name\":\"SYST\u00c8ME POUR L&#8217;\u00c9TUDE DE LA PROGRAMMATION DES AUTOMATES ET DES CAPTEURS\"}]},{\"@type\":\"WebSite\",\"@id\":\"https:\\\/\\\/delorenzoglobal.com\\\/fr\\\/#website\",\"url\":\"https:\\\/\\\/delorenzoglobal.com\\\/fr\\\/\",\"name\":\"De Lorenzo Training &amp; Didactical Equipment\",\"description\":\"\",\"potentialAction\":[{\"@type\":\"SearchAction\",\"target\":{\"@type\":\"EntryPoint\",\"urlTemplate\":\"https:\\\/\\\/delorenzoglobal.com\\\/fr\\\/?s={search_term_string}\"},\"query-input\":{\"@type\":\"PropertyValueSpecification\",\"valueRequired\":true,\"valueName\":\"search_term_string\"}}],\"inLanguage\":\"fr-FR\"}]}<\/script>\n<!-- \/ Yoast SEO plugin. -->","yoast_head_json":{"title":"SYST\u00c8ME POUR L'\u00c9TUDE DE LA PROGRAMMATION DES AUTOMATES ET DES CAPTEURS - De Lorenzo Training &amp; Didactical Equipment","robots":{"index":"index","follow":"follow","max-snippet":"max-snippet:-1","max-image-preview":"max-image-preview:large","max-video-preview":"max-video-preview:-1"},"canonical":"https:\/\/delorenzoglobal.com\/fr\/produit\/bandes-transporteuses-pour-letude-de-la-programmation-des-api-et-des-capteurs\/","og_locale":"fr_FR","og_type":"article","og_title":"SYST\u00c8ME POUR L'\u00c9TUDE DE LA PROGRAMMATION DES AUTOMATES ET DES CAPTEURS - De Lorenzo Training &amp; Didactical Equipment","og_description":"Ce banc d&rsquo;essai permet des \u00e9tudes de programmation et de fonctionnement avec d\u00e9tection de capteurs, ainsi que des pratiques avec ports E\/S, protocole Modbus avec activation moteur locale et \u00e0 distance. Il est bas\u00e9 sur un convoyeur \u00e0 bande motoris\u00e9 capable de d\u00e9tecter des pi\u00e8ces en mouvement simulant un syst\u00e8me de manutention industriel. Il est [&hellip;]","og_url":"https:\/\/delorenzoglobal.com\/fr\/produit\/bandes-transporteuses-pour-letude-de-la-programmation-des-api-et-des-capteurs\/","og_site_name":"De Lorenzo Training &amp; Didactical Equipment","article_modified_time":"2025-01-13T13:05:37+00:00","og_image":[{"width":1003,"height":559,"url":"https:\/\/delorenzoglobal.com\/wp-content\/uploads\/2024\/04\/DL-IND-02-1.png","type":"image\/png"}],"twitter_card":"summary_large_image","twitter_misc":{"Dur\u00e9e de lecture estim\u00e9e":"2 minutes"},"schema":{"@context":"https:\/\/schema.org","@graph":[{"@type":"WebPage","@id":"https:\/\/delorenzoglobal.com\/fr\/produit\/bandes-transporteuses-pour-letude-de-la-programmation-des-api-et-des-capteurs\/","url":"https:\/\/delorenzoglobal.com\/fr\/produit\/bandes-transporteuses-pour-letude-de-la-programmation-des-api-et-des-capteurs\/","name":"SYST\u00c8ME POUR L'\u00c9TUDE DE LA PROGRAMMATION DES AUTOMATES ET DES CAPTEURS - De Lorenzo Training &amp; Didactical Equipment","isPartOf":{"@id":"https:\/\/delorenzoglobal.com\/fr\/#website"},"primaryImageOfPage":{"@id":"https:\/\/delorenzoglobal.com\/fr\/produit\/bandes-transporteuses-pour-letude-de-la-programmation-des-api-et-des-capteurs\/#primaryimage"},"image":{"@id":"https:\/\/delorenzoglobal.com\/fr\/produit\/bandes-transporteuses-pour-letude-de-la-programmation-des-api-et-des-capteurs\/#primaryimage"},"thumbnailUrl":"https:\/\/delorenzoglobal.com\/wp-content\/uploads\/2024\/04\/DL-IND-02-1.png","datePublished":"2024-04-09T08:45:20+00:00","dateModified":"2025-01-13T13:05:37+00:00","breadcrumb":{"@id":"https:\/\/delorenzoglobal.com\/fr\/produit\/bandes-transporteuses-pour-letude-de-la-programmation-des-api-et-des-capteurs\/#breadcrumb"},"inLanguage":"fr-FR","potentialAction":[{"@type":"ReadAction","target":["https:\/\/delorenzoglobal.com\/fr\/produit\/bandes-transporteuses-pour-letude-de-la-programmation-des-api-et-des-capteurs\/"]}]},{"@type":"ImageObject","inLanguage":"fr-FR","@id":"https:\/\/delorenzoglobal.com\/fr\/produit\/bandes-transporteuses-pour-letude-de-la-programmation-des-api-et-des-capteurs\/#primaryimage","url":"https:\/\/delorenzoglobal.com\/wp-content\/uploads\/2024\/04\/DL-IND-02-1.png","contentUrl":"https:\/\/delorenzoglobal.com\/wp-content\/uploads\/2024\/04\/DL-IND-02-1.png","width":1003,"height":559},{"@type":"BreadcrumbList","@id":"https:\/\/delorenzoglobal.com\/fr\/produit\/bandes-transporteuses-pour-letude-de-la-programmation-des-api-et-des-capteurs\/#breadcrumb","itemListElement":[{"@type":"ListItem","position":1,"name":"Home","item":"https:\/\/delorenzoglobal.com\/fr\/"},{"@type":"ListItem","position":2,"name":"Boutique","item":"https:\/\/delorenzoglobal.com\/fr\/boutique\/"},{"@type":"ListItem","position":3,"name":"SYST\u00c8ME POUR L&#8217;\u00c9TUDE DE LA PROGRAMMATION DES AUTOMATES ET DES CAPTEURS"}]},{"@type":"WebSite","@id":"https:\/\/delorenzoglobal.com\/fr\/#website","url":"https:\/\/delorenzoglobal.com\/fr\/","name":"De Lorenzo Training &amp; Didactical Equipment","description":"","potentialAction":[{"@type":"SearchAction","target":{"@type":"EntryPoint","urlTemplate":"https:\/\/delorenzoglobal.com\/fr\/?s={search_term_string}"},"query-input":{"@type":"PropertyValueSpecification","valueRequired":true,"valueName":"search_term_string"}}],"inLanguage":"fr-FR"}]}},"_links":{"self":[{"href":"https:\/\/delorenzoglobal.com\/fr\/wp-json\/wp\/v2\/product\/1381","targetHints":{"allow":["GET"]}}],"collection":[{"href":"https:\/\/delorenzoglobal.com\/fr\/wp-json\/wp\/v2\/product"}],"about":[{"href":"https:\/\/delorenzoglobal.com\/fr\/wp-json\/wp\/v2\/types\/product"}],"wp:featuredmedia":[{"embeddable":true,"href":"https:\/\/delorenzoglobal.com\/fr\/wp-json\/wp\/v2\/media\/24695"}],"wp:attachment":[{"href":"https:\/\/delorenzoglobal.com\/fr\/wp-json\/wp\/v2\/media?parent=1381"}],"wp:term":[{"taxonomy":"product_brand","embeddable":true,"href":"https:\/\/delorenzoglobal.com\/fr\/wp-json\/wp\/v2\/product_brand?post=1381"},{"taxonomy":"product_cat","embeddable":true,"href":"https:\/\/delorenzoglobal.com\/fr\/wp-json\/wp\/v2\/product_cat?post=1381"},{"taxonomy":"product_tag","embeddable":true,"href":"https:\/\/delorenzoglobal.com\/fr\/wp-json\/wp\/v2\/product_tag?post=1381"}],"curies":[{"name":"wp","href":"https:\/\/api.w.org\/{rel}","templated":true}]}}