{"id":13636,"date":"2024-04-23T08:34:31","date_gmt":"2024-04-23T06:34:31","guid":{"rendered":"https:\/\/delorenzoglobal.com\/?post_type=product&#038;p=13636"},"modified":"2025-01-31T13:41:08","modified_gmt":"2025-01-31T12:41:08","slug":"module-pour-letude-de-lintelligence-artificielle","status":"publish","type":"product","link":"https:\/\/delorenzoglobal.com\/fr\/produit\/module-pour-letude-de-lintelligence-artificielle\/","title":{"rendered":"MODULE POUR L&rsquo;ETUDE DE L&rsquo;INTELLIGENCE ARTIFICIELLE"},"content":{"rendered":"<p>L&rsquo;intelligence artificielle est une discipline qui \u00e9tudie la possibilit\u00e9 et la fa\u00e7on de cr\u00e9er des syst\u00e8mes informatiques intelligents qui simulent la capacit\u00e9 et le comportement de la pens\u00e9e humaine.<\/p>\n<p>Elle appartient \u00e0 l&rsquo;informatique qui \u00e9tudie les fondements th\u00e9oriques, les m\u00e9thodologies et les techniques qui permettent la conception de mat\u00e9riel et de syst\u00e8mes logiciels qui fournissent \u00e0 l&rsquo;ordinateur des capacit\u00e9s qui semblent \u00eatre exclusives \u00e0 l&rsquo;intelligence humaine.<\/p>\n<p>Le module &lsquo;Intelligence artificielle&rsquo; ajoute au module de base les outils pour \u00e9tudier et apprendre les sujets li\u00e9s \u00e0 l&rsquo;IA.<\/p>\n<p>Il se compose d&rsquo;un logiciel qui a \u00e9t\u00e9 d\u00e9velopp\u00e9 pour enseigner l&rsquo;intelligence artificielle clairement et efficacement.<\/p>\n<p>Avec ce logiciel, les \u00e9tudiants peuvent am\u00e9liorer leur exp\u00e9rience individuelle dans l&rsquo;\u00e9tude pratique de cette nouvelle discipline.<\/p>\n","protected":false},"excerpt":{"rendered":"<p>L&rsquo;intelligence artificielle est une discipline qui \u00e9tudie la possibilit\u00e9 et la fa\u00e7on de cr\u00e9er des syst\u00e8mes informatiques intelligents qui simulent la capacit\u00e9 et le comportement de la pens\u00e9e humaine. Elle appartient \u00e0 l&rsquo;informatique qui \u00e9tudie les fondements th\u00e9oriques, les m\u00e9thodologies et les techniques qui permettent la conception de mat\u00e9riel et de syst\u00e8mes logiciels qui fournissent [&hellip;]<\/p>\n","protected":false},"featured_media":13629,"template":"","meta":{"_acf_changed":false},"product_brand":[],"product_cat":[469],"product_tag":[],"class_list":{"0":"post-13636","1":"product","2":"type-product","3":"status-publish","4":"has-post-thumbnail","6":"product_cat-dl-next-generation-labs-fr","8":"first","9":"instock","10":"shipping-taxable","11":"product-type-simple"},"acf":[],"yoast_head":"<!-- This site is optimized with the Yoast SEO plugin v27.4 - https:\/\/yoast.com\/product\/yoast-seo-wordpress\/ -->\n<title>MODULE POUR L&#039;ETUDE DE L&#039;INTELLIGENCE ARTIFICIELLE - De Lorenzo Training &amp; Didactical Equipment<\/title>\n<meta name=\"robots\" content=\"index, follow, max-snippet:-1, max-image-preview:large, max-video-preview:-1\" \/>\n<link rel=\"canonical\" href=\"https:\/\/delorenzoglobal.com\/fr\/produit\/module-pour-letude-de-lintelligence-artificielle\/\" \/>\n<meta property=\"og:locale\" content=\"fr_FR\" \/>\n<meta property=\"og:type\" content=\"article\" \/>\n<meta property=\"og:title\" content=\"MODULE POUR L&#039;ETUDE DE L&#039;INTELLIGENCE ARTIFICIELLE - De Lorenzo Training &amp; Didactical Equipment\" \/>\n<meta property=\"og:description\" content=\"L&rsquo;intelligence artificielle est une discipline qui \u00e9tudie la possibilit\u00e9 et la fa\u00e7on de cr\u00e9er des syst\u00e8mes informatiques intelligents qui simulent la capacit\u00e9 et le comportement de la pens\u00e9e humaine. Elle appartient \u00e0 l&rsquo;informatique qui \u00e9tudie les fondements th\u00e9oriques, les m\u00e9thodologies et les techniques qui permettent la conception de mat\u00e9riel et de syst\u00e8mes logiciels qui fournissent [&hellip;]\" \/>\n<meta property=\"og:url\" content=\"https:\/\/delorenzoglobal.com\/fr\/produit\/module-pour-letude-de-lintelligence-artificielle\/\" \/>\n<meta property=\"og:site_name\" content=\"De Lorenzo Training &amp; Didactical Equipment\" \/>\n<meta property=\"article:modified_time\" content=\"2025-01-31T12:41:08+00:00\" \/>\n<meta property=\"og:image\" content=\"https:\/\/delorenzoglobal.com\/wp-content\/uploads\/2024\/04\/DL-NGL-AI-scaled.jpeg\" \/>\n\t<meta property=\"og:image:width\" content=\"2560\" \/>\n\t<meta property=\"og:image:height\" content=\"1440\" \/>\n\t<meta property=\"og:image:type\" content=\"image\/jpeg\" \/>\n<meta name=\"twitter:card\" content=\"summary_large_image\" \/>\n<meta name=\"twitter:label1\" content=\"Dur\u00e9e de lecture estim\u00e9e\" \/>\n\t<meta name=\"twitter:data1\" content=\"1 minute\" \/>\n<script type=\"application\/ld+json\" class=\"yoast-schema-graph\">{\"@context\":\"https:\\\/\\\/schema.org\",\"@graph\":[{\"@type\":\"WebPage\",\"@id\":\"https:\\\/\\\/delorenzoglobal.com\\\/fr\\\/produit\\\/module-pour-letude-de-lintelligence-artificielle\\\/\",\"url\":\"https:\\\/\\\/delorenzoglobal.com\\\/fr\\\/produit\\\/module-pour-letude-de-lintelligence-artificielle\\\/\",\"name\":\"MODULE POUR L'ETUDE DE L'INTELLIGENCE ARTIFICIELLE - De Lorenzo Training &amp; Didactical Equipment\",\"isPartOf\":{\"@id\":\"https:\\\/\\\/delorenzoglobal.com\\\/fr\\\/#website\"},\"primaryImageOfPage\":{\"@id\":\"https:\\\/\\\/delorenzoglobal.com\\\/fr\\\/produit\\\/module-pour-letude-de-lintelligence-artificielle\\\/#primaryimage\"},\"image\":{\"@id\":\"https:\\\/\\\/delorenzoglobal.com\\\/fr\\\/produit\\\/module-pour-letude-de-lintelligence-artificielle\\\/#primaryimage\"},\"thumbnailUrl\":\"https:\\\/\\\/delorenzoglobal.com\\\/wp-content\\\/uploads\\\/2024\\\/04\\\/DL-NGL-AI-scaled.jpeg\",\"datePublished\":\"2024-04-23T06:34:31+00:00\",\"dateModified\":\"2025-01-31T12:41:08+00:00\",\"breadcrumb\":{\"@id\":\"https:\\\/\\\/delorenzoglobal.com\\\/fr\\\/produit\\\/module-pour-letude-de-lintelligence-artificielle\\\/#breadcrumb\"},\"inLanguage\":\"fr-FR\",\"potentialAction\":[{\"@type\":\"ReadAction\",\"target\":[\"https:\\\/\\\/delorenzoglobal.com\\\/fr\\\/produit\\\/module-pour-letude-de-lintelligence-artificielle\\\/\"]}]},{\"@type\":\"ImageObject\",\"inLanguage\":\"fr-FR\",\"@id\":\"https:\\\/\\\/delorenzoglobal.com\\\/fr\\\/produit\\\/module-pour-letude-de-lintelligence-artificielle\\\/#primaryimage\",\"url\":\"https:\\\/\\\/delorenzoglobal.com\\\/wp-content\\\/uploads\\\/2024\\\/04\\\/DL-NGL-AI-scaled.jpeg\",\"contentUrl\":\"https:\\\/\\\/delorenzoglobal.com\\\/wp-content\\\/uploads\\\/2024\\\/04\\\/DL-NGL-AI-scaled.jpeg\",\"width\":2560,\"height\":1440},{\"@type\":\"BreadcrumbList\",\"@id\":\"https:\\\/\\\/delorenzoglobal.com\\\/fr\\\/produit\\\/module-pour-letude-de-lintelligence-artificielle\\\/#breadcrumb\",\"itemListElement\":[{\"@type\":\"ListItem\",\"position\":1,\"name\":\"Home\",\"item\":\"https:\\\/\\\/delorenzoglobal.com\\\/fr\\\/\"},{\"@type\":\"ListItem\",\"position\":2,\"name\":\"Boutique\",\"item\":\"https:\\\/\\\/delorenzoglobal.com\\\/fr\\\/boutique\\\/\"},{\"@type\":\"ListItem\",\"position\":3,\"name\":\"MODULE POUR L&#8217;ETUDE DE L&#8217;INTELLIGENCE ARTIFICIELLE\"}]},{\"@type\":\"WebSite\",\"@id\":\"https:\\\/\\\/delorenzoglobal.com\\\/fr\\\/#website\",\"url\":\"https:\\\/\\\/delorenzoglobal.com\\\/fr\\\/\",\"name\":\"De Lorenzo Training &amp; Didactical Equipment\",\"description\":\"\",\"potentialAction\":[{\"@type\":\"SearchAction\",\"target\":{\"@type\":\"EntryPoint\",\"urlTemplate\":\"https:\\\/\\\/delorenzoglobal.com\\\/fr\\\/?s={search_term_string}\"},\"query-input\":{\"@type\":\"PropertyValueSpecification\",\"valueRequired\":true,\"valueName\":\"search_term_string\"}}],\"inLanguage\":\"fr-FR\"}]}<\/script>\n<!-- \/ Yoast SEO plugin. -->","yoast_head_json":{"title":"MODULE POUR L'ETUDE DE L'INTELLIGENCE ARTIFICIELLE - De Lorenzo Training &amp; Didactical Equipment","robots":{"index":"index","follow":"follow","max-snippet":"max-snippet:-1","max-image-preview":"max-image-preview:large","max-video-preview":"max-video-preview:-1"},"canonical":"https:\/\/delorenzoglobal.com\/fr\/produit\/module-pour-letude-de-lintelligence-artificielle\/","og_locale":"fr_FR","og_type":"article","og_title":"MODULE POUR L'ETUDE DE L'INTELLIGENCE ARTIFICIELLE - De Lorenzo Training &amp; Didactical Equipment","og_description":"L&rsquo;intelligence artificielle est une discipline qui \u00e9tudie la possibilit\u00e9 et la fa\u00e7on de cr\u00e9er des syst\u00e8mes informatiques intelligents qui simulent la capacit\u00e9 et le comportement de la pens\u00e9e humaine. Elle appartient \u00e0 l&rsquo;informatique qui \u00e9tudie les fondements th\u00e9oriques, les m\u00e9thodologies et les techniques qui permettent la conception de mat\u00e9riel et de syst\u00e8mes logiciels qui fournissent [&hellip;]","og_url":"https:\/\/delorenzoglobal.com\/fr\/produit\/module-pour-letude-de-lintelligence-artificielle\/","og_site_name":"De Lorenzo Training &amp; Didactical Equipment","article_modified_time":"2025-01-31T12:41:08+00:00","og_image":[{"width":2560,"height":1440,"url":"https:\/\/delorenzoglobal.com\/wp-content\/uploads\/2024\/04\/DL-NGL-AI-scaled.jpeg","type":"image\/jpeg"}],"twitter_card":"summary_large_image","twitter_misc":{"Dur\u00e9e de lecture estim\u00e9e":"1 minute"},"schema":{"@context":"https:\/\/schema.org","@graph":[{"@type":"WebPage","@id":"https:\/\/delorenzoglobal.com\/fr\/produit\/module-pour-letude-de-lintelligence-artificielle\/","url":"https:\/\/delorenzoglobal.com\/fr\/produit\/module-pour-letude-de-lintelligence-artificielle\/","name":"MODULE POUR L'ETUDE DE L'INTELLIGENCE ARTIFICIELLE - De Lorenzo Training &amp; Didactical Equipment","isPartOf":{"@id":"https:\/\/delorenzoglobal.com\/fr\/#website"},"primaryImageOfPage":{"@id":"https:\/\/delorenzoglobal.com\/fr\/produit\/module-pour-letude-de-lintelligence-artificielle\/#primaryimage"},"image":{"@id":"https:\/\/delorenzoglobal.com\/fr\/produit\/module-pour-letude-de-lintelligence-artificielle\/#primaryimage"},"thumbnailUrl":"https:\/\/delorenzoglobal.com\/wp-content\/uploads\/2024\/04\/DL-NGL-AI-scaled.jpeg","datePublished":"2024-04-23T06:34:31+00:00","dateModified":"2025-01-31T12:41:08+00:00","breadcrumb":{"@id":"https:\/\/delorenzoglobal.com\/fr\/produit\/module-pour-letude-de-lintelligence-artificielle\/#breadcrumb"},"inLanguage":"fr-FR","potentialAction":[{"@type":"ReadAction","target":["https:\/\/delorenzoglobal.com\/fr\/produit\/module-pour-letude-de-lintelligence-artificielle\/"]}]},{"@type":"ImageObject","inLanguage":"fr-FR","@id":"https:\/\/delorenzoglobal.com\/fr\/produit\/module-pour-letude-de-lintelligence-artificielle\/#primaryimage","url":"https:\/\/delorenzoglobal.com\/wp-content\/uploads\/2024\/04\/DL-NGL-AI-scaled.jpeg","contentUrl":"https:\/\/delorenzoglobal.com\/wp-content\/uploads\/2024\/04\/DL-NGL-AI-scaled.jpeg","width":2560,"height":1440},{"@type":"BreadcrumbList","@id":"https:\/\/delorenzoglobal.com\/fr\/produit\/module-pour-letude-de-lintelligence-artificielle\/#breadcrumb","itemListElement":[{"@type":"ListItem","position":1,"name":"Home","item":"https:\/\/delorenzoglobal.com\/fr\/"},{"@type":"ListItem","position":2,"name":"Boutique","item":"https:\/\/delorenzoglobal.com\/fr\/boutique\/"},{"@type":"ListItem","position":3,"name":"MODULE POUR L&#8217;ETUDE DE L&#8217;INTELLIGENCE ARTIFICIELLE"}]},{"@type":"WebSite","@id":"https:\/\/delorenzoglobal.com\/fr\/#website","url":"https:\/\/delorenzoglobal.com\/fr\/","name":"De Lorenzo Training &amp; Didactical Equipment","description":"","potentialAction":[{"@type":"SearchAction","target":{"@type":"EntryPoint","urlTemplate":"https:\/\/delorenzoglobal.com\/fr\/?s={search_term_string}"},"query-input":{"@type":"PropertyValueSpecification","valueRequired":true,"valueName":"search_term_string"}}],"inLanguage":"fr-FR"}]}},"_links":{"self":[{"href":"https:\/\/delorenzoglobal.com\/fr\/wp-json\/wp\/v2\/product\/13636","targetHints":{"allow":["GET"]}}],"collection":[{"href":"https:\/\/delorenzoglobal.com\/fr\/wp-json\/wp\/v2\/product"}],"about":[{"href":"https:\/\/delorenzoglobal.com\/fr\/wp-json\/wp\/v2\/types\/product"}],"wp:featuredmedia":[{"embeddable":true,"href":"https:\/\/delorenzoglobal.com\/fr\/wp-json\/wp\/v2\/media\/13629"}],"wp:attachment":[{"href":"https:\/\/delorenzoglobal.com\/fr\/wp-json\/wp\/v2\/media?parent=13636"}],"wp:term":[{"taxonomy":"product_brand","embeddable":true,"href":"https:\/\/delorenzoglobal.com\/fr\/wp-json\/wp\/v2\/product_brand?post=13636"},{"taxonomy":"product_cat","embeddable":true,"href":"https:\/\/delorenzoglobal.com\/fr\/wp-json\/wp\/v2\/product_cat?post=13636"},{"taxonomy":"product_tag","embeddable":true,"href":"https:\/\/delorenzoglobal.com\/fr\/wp-json\/wp\/v2\/product_tag?post=13636"}],"curies":[{"name":"wp","href":"https:\/\/api.w.org\/{rel}","templated":true}]}}