{"id":1336,"date":"2024-04-09T10:29:39","date_gmt":"2024-04-09T08:29:39","guid":{"rendered":"https:\/\/delorenzoglobal.com\/?post_type=product&#038;p=1336"},"modified":"2025-07-04T12:54:04","modified_gmt":"2025-07-04T10:54:04","slug":"kit-pour-letude-des-applications-rfid","status":"publish","type":"product","link":"https:\/\/delorenzoglobal.com\/fr\/produit\/kit-pour-letude-des-applications-rfid\/","title":{"rendered":"KIT POUR L\u2019\u00c9TUDE DES APPLICATIONS RFID"},"content":{"rendered":"<p>La conception et la construction des circuits \u00e9lectroniques pour r\u00e9soudre des probl\u00e8mes pratiques est une technique essentielle dans les domaines de l\u2019ing\u00e9nierie \u00e9lectronique et de l\u2019ing\u00e9nierie informatique.<\/p>\n<p>Avec cette carte, les \u00e9tudiants peuvent \u00e9tudier toutes les propri\u00e9t\u00e9s d\u2019un syst\u00e8me RFID et de tous les composants n\u00e9cessaires pour d\u00e9velopper un syst\u00e8me de contr\u00f4le d\u2019acc\u00e8s de porte.<\/p>\n<p>L\u2019\u00e9tudiant pourra interagir avec le hardware de mani\u00e8re simple et intuitive \u00e0 travers un logiciel CAI qui explique pas \u00e0 pas le fonctionnement du syst\u00e8me.<\/p>\n<p>Le syst\u00e8me est fourni avec un logiciel SCADA pour l&rsquo;\u00e9tude des concepts d&rsquo;automatisation et de l&rsquo;industrie 4.0, et peut \u00eatre combin\u00e9 avec d&rsquo;autres formateurs de la famille pour simuler une usine industrielle 4.0 r\u00e9duite.<\/p>\n","protected":false},"excerpt":{"rendered":"<p>La conception et la construction des circuits \u00e9lectroniques pour r\u00e9soudre des probl\u00e8mes pratiques est une technique essentielle dans les domaines de l\u2019ing\u00e9nierie \u00e9lectronique et de l\u2019ing\u00e9nierie informatique. Avec cette carte, les \u00e9tudiants peuvent \u00e9tudier toutes les propri\u00e9t\u00e9s d\u2019un syst\u00e8me RFID et de tous les composants n\u00e9cessaires pour d\u00e9velopper un syst\u00e8me de contr\u00f4le d\u2019acc\u00e8s de porte. [&hellip;]<\/p>\n","protected":false},"featured_media":1323,"template":"","meta":{"_acf_changed":false},"product_brand":[],"product_cat":[208,154],"product_tag":[],"class_list":{"0":"post-1336","1":"product","2":"type-product","3":"status-publish","4":"has-post-thumbnail","6":"product_cat-kits-de-cartes-brs","7":"product_cat-applications-industrielle","9":"first","10":"instock","11":"shipping-taxable","12":"product-type-simple"},"acf":[],"yoast_head":"<!-- This site is optimized with the Yoast SEO plugin v27.0 - https:\/\/yoast.com\/product\/yoast-seo-wordpress\/ -->\n<title>KIT POUR L\u2019\u00c9TUDE DES APPLICATIONS RFID - De Lorenzo Training &amp; Didactical Equipment<\/title>\n<meta name=\"robots\" content=\"index, follow, max-snippet:-1, max-image-preview:large, max-video-preview:-1\" \/>\n<link rel=\"canonical\" href=\"https:\/\/delorenzoglobal.com\/fr\/produit\/kit-pour-letude-des-applications-rfid\/\" \/>\n<meta property=\"og:locale\" content=\"fr_FR\" \/>\n<meta property=\"og:type\" content=\"article\" \/>\n<meta property=\"og:title\" content=\"KIT POUR L\u2019\u00c9TUDE DES APPLICATIONS RFID - De Lorenzo Training &amp; Didactical Equipment\" \/>\n<meta property=\"og:description\" content=\"La conception et la construction des circuits \u00e9lectroniques pour r\u00e9soudre des probl\u00e8mes pratiques est une technique essentielle dans les domaines de l\u2019ing\u00e9nierie \u00e9lectronique et de l\u2019ing\u00e9nierie informatique. Avec cette carte, les \u00e9tudiants peuvent \u00e9tudier toutes les propri\u00e9t\u00e9s d\u2019un syst\u00e8me RFID et de tous les composants n\u00e9cessaires pour d\u00e9velopper un syst\u00e8me de contr\u00f4le d\u2019acc\u00e8s de porte. [&hellip;]\" \/>\n<meta property=\"og:url\" content=\"https:\/\/delorenzoglobal.com\/fr\/produit\/kit-pour-letude-des-applications-rfid\/\" \/>\n<meta property=\"og:site_name\" content=\"De Lorenzo Training &amp; Didactical Equipment\" \/>\n<meta property=\"article:modified_time\" content=\"2025-07-04T10:54:04+00:00\" \/>\n<meta property=\"og:image\" content=\"https:\/\/delorenzoglobal.com\/wp-content\/uploads\/2024\/04\/DL-3155BRS-RFID-scaled.jpg\" \/>\n\t<meta property=\"og:image:width\" content=\"2560\" \/>\n\t<meta property=\"og:image:height\" content=\"2172\" \/>\n\t<meta property=\"og:image:type\" content=\"image\/jpeg\" \/>\n<meta name=\"twitter:card\" content=\"summary_large_image\" \/>\n<meta name=\"twitter:label1\" content=\"Dur\u00e9e de lecture estim\u00e9e\" \/>\n\t<meta name=\"twitter:data1\" content=\"1 minute\" \/>\n<script type=\"application\/ld+json\" class=\"yoast-schema-graph\">{\"@context\":\"https:\/\/schema.org\",\"@graph\":[{\"@type\":\"WebPage\",\"@id\":\"https:\/\/delorenzoglobal.com\/fr\/produit\/kit-pour-letude-des-applications-rfid\/\",\"url\":\"https:\/\/delorenzoglobal.com\/fr\/produit\/kit-pour-letude-des-applications-rfid\/\",\"name\":\"KIT POUR L\u2019\u00c9TUDE DES APPLICATIONS RFID - De Lorenzo Training &amp; Didactical Equipment\",\"isPartOf\":{\"@id\":\"https:\/\/delorenzoglobal.com\/fr\/#website\"},\"primaryImageOfPage\":{\"@id\":\"https:\/\/delorenzoglobal.com\/fr\/produit\/kit-pour-letude-des-applications-rfid\/#primaryimage\"},\"image\":{\"@id\":\"https:\/\/delorenzoglobal.com\/fr\/produit\/kit-pour-letude-des-applications-rfid\/#primaryimage\"},\"thumbnailUrl\":\"https:\/\/delorenzoglobal.com\/wp-content\/uploads\/2024\/04\/DL-3155BRS-RFID-scaled.jpg\",\"datePublished\":\"2024-04-09T08:29:39+00:00\",\"dateModified\":\"2025-07-04T10:54:04+00:00\",\"breadcrumb\":{\"@id\":\"https:\/\/delorenzoglobal.com\/fr\/produit\/kit-pour-letude-des-applications-rfid\/#breadcrumb\"},\"inLanguage\":\"fr-FR\",\"potentialAction\":[{\"@type\":\"ReadAction\",\"target\":[\"https:\/\/delorenzoglobal.com\/fr\/produit\/kit-pour-letude-des-applications-rfid\/\"]}]},{\"@type\":\"ImageObject\",\"inLanguage\":\"fr-FR\",\"@id\":\"https:\/\/delorenzoglobal.com\/fr\/produit\/kit-pour-letude-des-applications-rfid\/#primaryimage\",\"url\":\"https:\/\/delorenzoglobal.com\/wp-content\/uploads\/2024\/04\/DL-3155BRS-RFID-scaled.jpg\",\"contentUrl\":\"https:\/\/delorenzoglobal.com\/wp-content\/uploads\/2024\/04\/DL-3155BRS-RFID-scaled.jpg\",\"width\":2560,\"height\":2172},{\"@type\":\"BreadcrumbList\",\"@id\":\"https:\/\/delorenzoglobal.com\/fr\/produit\/kit-pour-letude-des-applications-rfid\/#breadcrumb\",\"itemListElement\":[{\"@type\":\"ListItem\",\"position\":1,\"name\":\"Home\",\"item\":\"https:\/\/delorenzoglobal.com\/fr\/\"},{\"@type\":\"ListItem\",\"position\":2,\"name\":\"Boutique\",\"item\":\"https:\/\/delorenzoglobal.com\/fr\/boutique\/\"},{\"@type\":\"ListItem\",\"position\":3,\"name\":\"KIT POUR L\u2019\u00c9TUDE DES APPLICATIONS RFID\"}]},{\"@type\":\"WebSite\",\"@id\":\"https:\/\/delorenzoglobal.com\/fr\/#website\",\"url\":\"https:\/\/delorenzoglobal.com\/fr\/\",\"name\":\"De Lorenzo Training &amp; Didactical Equipment\",\"description\":\"\",\"potentialAction\":[{\"@type\":\"SearchAction\",\"target\":{\"@type\":\"EntryPoint\",\"urlTemplate\":\"https:\/\/delorenzoglobal.com\/fr\/?s={search_term_string}\"},\"query-input\":{\"@type\":\"PropertyValueSpecification\",\"valueRequired\":true,\"valueName\":\"search_term_string\"}}],\"inLanguage\":\"fr-FR\"}]}<\/script>\n<!-- \/ Yoast SEO plugin. -->","yoast_head_json":{"title":"KIT POUR L\u2019\u00c9TUDE DES APPLICATIONS RFID - De Lorenzo Training &amp; Didactical Equipment","robots":{"index":"index","follow":"follow","max-snippet":"max-snippet:-1","max-image-preview":"max-image-preview:large","max-video-preview":"max-video-preview:-1"},"canonical":"https:\/\/delorenzoglobal.com\/fr\/produit\/kit-pour-letude-des-applications-rfid\/","og_locale":"fr_FR","og_type":"article","og_title":"KIT POUR L\u2019\u00c9TUDE DES APPLICATIONS RFID - De Lorenzo Training &amp; Didactical Equipment","og_description":"La conception et la construction des circuits \u00e9lectroniques pour r\u00e9soudre des probl\u00e8mes pratiques est une technique essentielle dans les domaines de l\u2019ing\u00e9nierie \u00e9lectronique et de l\u2019ing\u00e9nierie informatique. Avec cette carte, les \u00e9tudiants peuvent \u00e9tudier toutes les propri\u00e9t\u00e9s d\u2019un syst\u00e8me RFID et de tous les composants n\u00e9cessaires pour d\u00e9velopper un syst\u00e8me de contr\u00f4le d\u2019acc\u00e8s de porte. [&hellip;]","og_url":"https:\/\/delorenzoglobal.com\/fr\/produit\/kit-pour-letude-des-applications-rfid\/","og_site_name":"De Lorenzo Training &amp; Didactical Equipment","article_modified_time":"2025-07-04T10:54:04+00:00","og_image":[{"width":2560,"height":2172,"url":"https:\/\/delorenzoglobal.com\/wp-content\/uploads\/2024\/04\/DL-3155BRS-RFID-scaled.jpg","type":"image\/jpeg"}],"twitter_card":"summary_large_image","twitter_misc":{"Dur\u00e9e de lecture estim\u00e9e":"1 minute"},"schema":{"@context":"https:\/\/schema.org","@graph":[{"@type":"WebPage","@id":"https:\/\/delorenzoglobal.com\/fr\/produit\/kit-pour-letude-des-applications-rfid\/","url":"https:\/\/delorenzoglobal.com\/fr\/produit\/kit-pour-letude-des-applications-rfid\/","name":"KIT POUR L\u2019\u00c9TUDE DES APPLICATIONS RFID - De Lorenzo Training &amp; Didactical Equipment","isPartOf":{"@id":"https:\/\/delorenzoglobal.com\/fr\/#website"},"primaryImageOfPage":{"@id":"https:\/\/delorenzoglobal.com\/fr\/produit\/kit-pour-letude-des-applications-rfid\/#primaryimage"},"image":{"@id":"https:\/\/delorenzoglobal.com\/fr\/produit\/kit-pour-letude-des-applications-rfid\/#primaryimage"},"thumbnailUrl":"https:\/\/delorenzoglobal.com\/wp-content\/uploads\/2024\/04\/DL-3155BRS-RFID-scaled.jpg","datePublished":"2024-04-09T08:29:39+00:00","dateModified":"2025-07-04T10:54:04+00:00","breadcrumb":{"@id":"https:\/\/delorenzoglobal.com\/fr\/produit\/kit-pour-letude-des-applications-rfid\/#breadcrumb"},"inLanguage":"fr-FR","potentialAction":[{"@type":"ReadAction","target":["https:\/\/delorenzoglobal.com\/fr\/produit\/kit-pour-letude-des-applications-rfid\/"]}]},{"@type":"ImageObject","inLanguage":"fr-FR","@id":"https:\/\/delorenzoglobal.com\/fr\/produit\/kit-pour-letude-des-applications-rfid\/#primaryimage","url":"https:\/\/delorenzoglobal.com\/wp-content\/uploads\/2024\/04\/DL-3155BRS-RFID-scaled.jpg","contentUrl":"https:\/\/delorenzoglobal.com\/wp-content\/uploads\/2024\/04\/DL-3155BRS-RFID-scaled.jpg","width":2560,"height":2172},{"@type":"BreadcrumbList","@id":"https:\/\/delorenzoglobal.com\/fr\/produit\/kit-pour-letude-des-applications-rfid\/#breadcrumb","itemListElement":[{"@type":"ListItem","position":1,"name":"Home","item":"https:\/\/delorenzoglobal.com\/fr\/"},{"@type":"ListItem","position":2,"name":"Boutique","item":"https:\/\/delorenzoglobal.com\/fr\/boutique\/"},{"@type":"ListItem","position":3,"name":"KIT POUR L\u2019\u00c9TUDE DES APPLICATIONS RFID"}]},{"@type":"WebSite","@id":"https:\/\/delorenzoglobal.com\/fr\/#website","url":"https:\/\/delorenzoglobal.com\/fr\/","name":"De Lorenzo Training &amp; Didactical Equipment","description":"","potentialAction":[{"@type":"SearchAction","target":{"@type":"EntryPoint","urlTemplate":"https:\/\/delorenzoglobal.com\/fr\/?s={search_term_string}"},"query-input":{"@type":"PropertyValueSpecification","valueRequired":true,"valueName":"search_term_string"}}],"inLanguage":"fr-FR"}]}},"_links":{"self":[{"href":"https:\/\/delorenzoglobal.com\/fr\/wp-json\/wp\/v2\/product\/1336","targetHints":{"allow":["GET"]}}],"collection":[{"href":"https:\/\/delorenzoglobal.com\/fr\/wp-json\/wp\/v2\/product"}],"about":[{"href":"https:\/\/delorenzoglobal.com\/fr\/wp-json\/wp\/v2\/types\/product"}],"wp:featuredmedia":[{"embeddable":true,"href":"https:\/\/delorenzoglobal.com\/fr\/wp-json\/wp\/v2\/media\/1323"}],"wp:attachment":[{"href":"https:\/\/delorenzoglobal.com\/fr\/wp-json\/wp\/v2\/media?parent=1336"}],"wp:term":[{"taxonomy":"product_brand","embeddable":true,"href":"https:\/\/delorenzoglobal.com\/fr\/wp-json\/wp\/v2\/product_brand?post=1336"},{"taxonomy":"product_cat","embeddable":true,"href":"https:\/\/delorenzoglobal.com\/fr\/wp-json\/wp\/v2\/product_cat?post=1336"},{"taxonomy":"product_tag","embeddable":true,"href":"https:\/\/delorenzoglobal.com\/fr\/wp-json\/wp\/v2\/product_tag?post=1336"}],"curies":[{"name":"wp","href":"https:\/\/api.w.org\/{rel}","templated":true}]}}