{"id":13307,"date":"2024-04-22T10:55:05","date_gmt":"2024-04-22T08:55:05","guid":{"rendered":"https:\/\/delorenzoglobal.com\/?post_type=product&#038;p=13307"},"modified":"2025-01-31T11:39:39","modified_gmt":"2025-01-31T10:39:39","slug":"syteme-didactique-pour-la-formation-et-letude-de-la-deformation-des-poutres-et-cadres-avec-dynamometres-et-logiciel","status":"publish","type":"product","link":"https:\/\/delorenzoglobal.com\/fr\/produit\/syteme-didactique-pour-la-formation-et-letude-de-la-deformation-des-poutres-et-cadres-avec-dynamometres-et-logiciel\/","title":{"rendered":"SYTEME DIDACTIQUE POUR LA FORMATION ET L\u2019ETUDE DE LA DEFORMATION DES POUTRES ET CADRES AVEC DYNAMOMETRES ET LOGICIEL."},"content":{"rendered":"<p>Le syst\u00e8me de formation modulaire DL ST033 permet aux utilisateurs d&rsquo;\u00e9tudier des assemblages th\u00e9oriques-pratiques impliquant des poutres et des cadres, de mesurer avec deux dynamom\u00e8tres \u00e9lectroniques et de visualiser graphiquement les valeurs de force appliqu\u00e9e sur un PC (non inclus).<\/p>\n<p>Les dynamom\u00e8tres peuvent \u00eatre utilis\u00e9s dans le laboratoire du client pour d&rsquo;autres activit\u00e9s \u00e9ducatives.<\/p>\n","protected":false},"excerpt":{"rendered":"<p>Le syst\u00e8me de formation modulaire DL ST033 permet aux utilisateurs d&rsquo;\u00e9tudier des assemblages th\u00e9oriques-pratiques impliquant des poutres et des cadres, de mesurer avec deux dynamom\u00e8tres \u00e9lectroniques et de visualiser graphiquement les valeurs de force appliqu\u00e9e sur un PC (non inclus). Les dynamom\u00e8tres peuvent \u00eatre utilis\u00e9s dans le laboratoire du client pour d&rsquo;autres activit\u00e9s \u00e9ducatives.<\/p>\n","protected":false},"featured_media":19886,"template":"","meta":{"_acf_changed":false},"product_brand":[],"product_cat":[463],"product_tag":[],"class_list":{"0":"post-13307","1":"product","2":"type-product","3":"status-publish","4":"has-post-thumbnail","6":"product_cat-phenomenes-physiques-mecaniques","8":"first","9":"instock","10":"shipping-taxable","11":"product-type-simple"},"acf":[],"yoast_head":"<!-- This site is optimized with the Yoast SEO plugin v27.4 - https:\/\/yoast.com\/product\/yoast-seo-wordpress\/ -->\n<title>SYTEME DIDACTIQUE POUR LA FORMATION ET L\u2019ETUDE DE LA DEFORMATION DES POUTRES ET CADRES AVEC DYNAMOMETRES ET LOGICIEL. - De Lorenzo Training &amp; Didactical Equipment<\/title>\n<meta name=\"robots\" content=\"index, follow, max-snippet:-1, max-image-preview:large, max-video-preview:-1\" \/>\n<link rel=\"canonical\" href=\"https:\/\/delorenzoglobal.com\/fr\/produit\/syteme-didactique-pour-la-formation-et-letude-de-la-deformation-des-poutres-et-cadres-avec-dynamometres-et-logiciel\/\" \/>\n<meta property=\"og:locale\" content=\"fr_FR\" \/>\n<meta property=\"og:type\" content=\"article\" \/>\n<meta property=\"og:title\" content=\"SYTEME DIDACTIQUE POUR LA FORMATION ET L\u2019ETUDE DE LA DEFORMATION DES POUTRES ET CADRES AVEC DYNAMOMETRES ET LOGICIEL. - De Lorenzo Training &amp; Didactical Equipment\" \/>\n<meta property=\"og:description\" content=\"Le syst\u00e8me de formation modulaire DL ST033 permet aux utilisateurs d&rsquo;\u00e9tudier des assemblages th\u00e9oriques-pratiques impliquant des poutres et des cadres, de mesurer avec deux dynamom\u00e8tres \u00e9lectroniques et de visualiser graphiquement les valeurs de force appliqu\u00e9e sur un PC (non inclus). Les dynamom\u00e8tres peuvent \u00eatre utilis\u00e9s dans le laboratoire du client pour d&rsquo;autres activit\u00e9s \u00e9ducatives.\" \/>\n<meta property=\"og:url\" content=\"https:\/\/delorenzoglobal.com\/fr\/produit\/syteme-didactique-pour-la-formation-et-letude-de-la-deformation-des-poutres-et-cadres-avec-dynamometres-et-logiciel\/\" \/>\n<meta property=\"og:site_name\" content=\"De Lorenzo Training &amp; Didactical Equipment\" \/>\n<meta property=\"article:modified_time\" content=\"2025-01-31T10:39:39+00:00\" \/>\n<meta property=\"og:image\" content=\"https:\/\/delorenzoglobal.com\/wp-content\/uploads\/2024\/04\/DL-ST033-xs.jpg\" \/>\n\t<meta property=\"og:image:width\" content=\"880\" \/>\n\t<meta property=\"og:image:height\" content=\"698\" \/>\n\t<meta property=\"og:image:type\" content=\"image\/jpeg\" \/>\n<meta name=\"twitter:card\" content=\"summary_large_image\" \/>\n<meta name=\"twitter:label1\" content=\"Dur\u00e9e de lecture estim\u00e9e\" \/>\n\t<meta name=\"twitter:data1\" content=\"1 minute\" \/>\n<script type=\"application\/ld+json\" class=\"yoast-schema-graph\">{\"@context\":\"https:\\\/\\\/schema.org\",\"@graph\":[{\"@type\":\"WebPage\",\"@id\":\"https:\\\/\\\/delorenzoglobal.com\\\/fr\\\/produit\\\/syteme-didactique-pour-la-formation-et-letude-de-la-deformation-des-poutres-et-cadres-avec-dynamometres-et-logiciel\\\/\",\"url\":\"https:\\\/\\\/delorenzoglobal.com\\\/fr\\\/produit\\\/syteme-didactique-pour-la-formation-et-letude-de-la-deformation-des-poutres-et-cadres-avec-dynamometres-et-logiciel\\\/\",\"name\":\"SYTEME DIDACTIQUE POUR LA FORMATION ET L\u2019ETUDE DE LA DEFORMATION DES POUTRES ET CADRES AVEC DYNAMOMETRES ET LOGICIEL. - De Lorenzo Training &amp; Didactical Equipment\",\"isPartOf\":{\"@id\":\"https:\\\/\\\/delorenzoglobal.com\\\/fr\\\/#website\"},\"primaryImageOfPage\":{\"@id\":\"https:\\\/\\\/delorenzoglobal.com\\\/fr\\\/produit\\\/syteme-didactique-pour-la-formation-et-letude-de-la-deformation-des-poutres-et-cadres-avec-dynamometres-et-logiciel\\\/#primaryimage\"},\"image\":{\"@id\":\"https:\\\/\\\/delorenzoglobal.com\\\/fr\\\/produit\\\/syteme-didactique-pour-la-formation-et-letude-de-la-deformation-des-poutres-et-cadres-avec-dynamometres-et-logiciel\\\/#primaryimage\"},\"thumbnailUrl\":\"https:\\\/\\\/delorenzoglobal.com\\\/wp-content\\\/uploads\\\/2024\\\/04\\\/DL-ST033-xs.jpg\",\"datePublished\":\"2024-04-22T08:55:05+00:00\",\"dateModified\":\"2025-01-31T10:39:39+00:00\",\"breadcrumb\":{\"@id\":\"https:\\\/\\\/delorenzoglobal.com\\\/fr\\\/produit\\\/syteme-didactique-pour-la-formation-et-letude-de-la-deformation-des-poutres-et-cadres-avec-dynamometres-et-logiciel\\\/#breadcrumb\"},\"inLanguage\":\"fr-FR\",\"potentialAction\":[{\"@type\":\"ReadAction\",\"target\":[\"https:\\\/\\\/delorenzoglobal.com\\\/fr\\\/produit\\\/syteme-didactique-pour-la-formation-et-letude-de-la-deformation-des-poutres-et-cadres-avec-dynamometres-et-logiciel\\\/\"]}]},{\"@type\":\"ImageObject\",\"inLanguage\":\"fr-FR\",\"@id\":\"https:\\\/\\\/delorenzoglobal.com\\\/fr\\\/produit\\\/syteme-didactique-pour-la-formation-et-letude-de-la-deformation-des-poutres-et-cadres-avec-dynamometres-et-logiciel\\\/#primaryimage\",\"url\":\"https:\\\/\\\/delorenzoglobal.com\\\/wp-content\\\/uploads\\\/2024\\\/04\\\/DL-ST033-xs.jpg\",\"contentUrl\":\"https:\\\/\\\/delorenzoglobal.com\\\/wp-content\\\/uploads\\\/2024\\\/04\\\/DL-ST033-xs.jpg\",\"width\":880,\"height\":698},{\"@type\":\"BreadcrumbList\",\"@id\":\"https:\\\/\\\/delorenzoglobal.com\\\/fr\\\/produit\\\/syteme-didactique-pour-la-formation-et-letude-de-la-deformation-des-poutres-et-cadres-avec-dynamometres-et-logiciel\\\/#breadcrumb\",\"itemListElement\":[{\"@type\":\"ListItem\",\"position\":1,\"name\":\"Home\",\"item\":\"https:\\\/\\\/delorenzoglobal.com\\\/fr\\\/\"},{\"@type\":\"ListItem\",\"position\":2,\"name\":\"Boutique\",\"item\":\"https:\\\/\\\/delorenzoglobal.com\\\/fr\\\/boutique\\\/\"},{\"@type\":\"ListItem\",\"position\":3,\"name\":\"SYTEME DIDACTIQUE POUR LA FORMATION ET L\u2019ETUDE DE LA DEFORMATION DES POUTRES ET CADRES AVEC DYNAMOMETRES ET LOGICIEL.\"}]},{\"@type\":\"WebSite\",\"@id\":\"https:\\\/\\\/delorenzoglobal.com\\\/fr\\\/#website\",\"url\":\"https:\\\/\\\/delorenzoglobal.com\\\/fr\\\/\",\"name\":\"De Lorenzo Training &amp; Didactical Equipment\",\"description\":\"\",\"potentialAction\":[{\"@type\":\"SearchAction\",\"target\":{\"@type\":\"EntryPoint\",\"urlTemplate\":\"https:\\\/\\\/delorenzoglobal.com\\\/fr\\\/?s={search_term_string}\"},\"query-input\":{\"@type\":\"PropertyValueSpecification\",\"valueRequired\":true,\"valueName\":\"search_term_string\"}}],\"inLanguage\":\"fr-FR\"}]}<\/script>\n<!-- \/ Yoast SEO plugin. -->","yoast_head_json":{"title":"SYTEME DIDACTIQUE POUR LA FORMATION ET L\u2019ETUDE DE LA DEFORMATION DES POUTRES ET CADRES AVEC DYNAMOMETRES ET LOGICIEL. - De Lorenzo Training &amp; Didactical Equipment","robots":{"index":"index","follow":"follow","max-snippet":"max-snippet:-1","max-image-preview":"max-image-preview:large","max-video-preview":"max-video-preview:-1"},"canonical":"https:\/\/delorenzoglobal.com\/fr\/produit\/syteme-didactique-pour-la-formation-et-letude-de-la-deformation-des-poutres-et-cadres-avec-dynamometres-et-logiciel\/","og_locale":"fr_FR","og_type":"article","og_title":"SYTEME DIDACTIQUE POUR LA FORMATION ET L\u2019ETUDE DE LA DEFORMATION DES POUTRES ET CADRES AVEC DYNAMOMETRES ET LOGICIEL. - De Lorenzo Training &amp; Didactical Equipment","og_description":"Le syst\u00e8me de formation modulaire DL ST033 permet aux utilisateurs d&rsquo;\u00e9tudier des assemblages th\u00e9oriques-pratiques impliquant des poutres et des cadres, de mesurer avec deux dynamom\u00e8tres \u00e9lectroniques et de visualiser graphiquement les valeurs de force appliqu\u00e9e sur un PC (non inclus). Les dynamom\u00e8tres peuvent \u00eatre utilis\u00e9s dans le laboratoire du client pour d&rsquo;autres activit\u00e9s \u00e9ducatives.","og_url":"https:\/\/delorenzoglobal.com\/fr\/produit\/syteme-didactique-pour-la-formation-et-letude-de-la-deformation-des-poutres-et-cadres-avec-dynamometres-et-logiciel\/","og_site_name":"De Lorenzo Training &amp; Didactical Equipment","article_modified_time":"2025-01-31T10:39:39+00:00","og_image":[{"width":880,"height":698,"url":"https:\/\/delorenzoglobal.com\/wp-content\/uploads\/2024\/04\/DL-ST033-xs.jpg","type":"image\/jpeg"}],"twitter_card":"summary_large_image","twitter_misc":{"Dur\u00e9e de lecture estim\u00e9e":"1 minute"},"schema":{"@context":"https:\/\/schema.org","@graph":[{"@type":"WebPage","@id":"https:\/\/delorenzoglobal.com\/fr\/produit\/syteme-didactique-pour-la-formation-et-letude-de-la-deformation-des-poutres-et-cadres-avec-dynamometres-et-logiciel\/","url":"https:\/\/delorenzoglobal.com\/fr\/produit\/syteme-didactique-pour-la-formation-et-letude-de-la-deformation-des-poutres-et-cadres-avec-dynamometres-et-logiciel\/","name":"SYTEME DIDACTIQUE POUR LA FORMATION ET L\u2019ETUDE DE LA DEFORMATION DES POUTRES ET CADRES AVEC DYNAMOMETRES ET LOGICIEL. - De Lorenzo Training &amp; Didactical Equipment","isPartOf":{"@id":"https:\/\/delorenzoglobal.com\/fr\/#website"},"primaryImageOfPage":{"@id":"https:\/\/delorenzoglobal.com\/fr\/produit\/syteme-didactique-pour-la-formation-et-letude-de-la-deformation-des-poutres-et-cadres-avec-dynamometres-et-logiciel\/#primaryimage"},"image":{"@id":"https:\/\/delorenzoglobal.com\/fr\/produit\/syteme-didactique-pour-la-formation-et-letude-de-la-deformation-des-poutres-et-cadres-avec-dynamometres-et-logiciel\/#primaryimage"},"thumbnailUrl":"https:\/\/delorenzoglobal.com\/wp-content\/uploads\/2024\/04\/DL-ST033-xs.jpg","datePublished":"2024-04-22T08:55:05+00:00","dateModified":"2025-01-31T10:39:39+00:00","breadcrumb":{"@id":"https:\/\/delorenzoglobal.com\/fr\/produit\/syteme-didactique-pour-la-formation-et-letude-de-la-deformation-des-poutres-et-cadres-avec-dynamometres-et-logiciel\/#breadcrumb"},"inLanguage":"fr-FR","potentialAction":[{"@type":"ReadAction","target":["https:\/\/delorenzoglobal.com\/fr\/produit\/syteme-didactique-pour-la-formation-et-letude-de-la-deformation-des-poutres-et-cadres-avec-dynamometres-et-logiciel\/"]}]},{"@type":"ImageObject","inLanguage":"fr-FR","@id":"https:\/\/delorenzoglobal.com\/fr\/produit\/syteme-didactique-pour-la-formation-et-letude-de-la-deformation-des-poutres-et-cadres-avec-dynamometres-et-logiciel\/#primaryimage","url":"https:\/\/delorenzoglobal.com\/wp-content\/uploads\/2024\/04\/DL-ST033-xs.jpg","contentUrl":"https:\/\/delorenzoglobal.com\/wp-content\/uploads\/2024\/04\/DL-ST033-xs.jpg","width":880,"height":698},{"@type":"BreadcrumbList","@id":"https:\/\/delorenzoglobal.com\/fr\/produit\/syteme-didactique-pour-la-formation-et-letude-de-la-deformation-des-poutres-et-cadres-avec-dynamometres-et-logiciel\/#breadcrumb","itemListElement":[{"@type":"ListItem","position":1,"name":"Home","item":"https:\/\/delorenzoglobal.com\/fr\/"},{"@type":"ListItem","position":2,"name":"Boutique","item":"https:\/\/delorenzoglobal.com\/fr\/boutique\/"},{"@type":"ListItem","position":3,"name":"SYTEME DIDACTIQUE POUR LA FORMATION ET L\u2019ETUDE DE LA DEFORMATION DES POUTRES ET CADRES AVEC DYNAMOMETRES ET LOGICIEL."}]},{"@type":"WebSite","@id":"https:\/\/delorenzoglobal.com\/fr\/#website","url":"https:\/\/delorenzoglobal.com\/fr\/","name":"De Lorenzo Training &amp; Didactical Equipment","description":"","potentialAction":[{"@type":"SearchAction","target":{"@type":"EntryPoint","urlTemplate":"https:\/\/delorenzoglobal.com\/fr\/?s={search_term_string}"},"query-input":{"@type":"PropertyValueSpecification","valueRequired":true,"valueName":"search_term_string"}}],"inLanguage":"fr-FR"}]}},"_links":{"self":[{"href":"https:\/\/delorenzoglobal.com\/fr\/wp-json\/wp\/v2\/product\/13307","targetHints":{"allow":["GET"]}}],"collection":[{"href":"https:\/\/delorenzoglobal.com\/fr\/wp-json\/wp\/v2\/product"}],"about":[{"href":"https:\/\/delorenzoglobal.com\/fr\/wp-json\/wp\/v2\/types\/product"}],"wp:featuredmedia":[{"embeddable":true,"href":"https:\/\/delorenzoglobal.com\/fr\/wp-json\/wp\/v2\/media\/19886"}],"wp:attachment":[{"href":"https:\/\/delorenzoglobal.com\/fr\/wp-json\/wp\/v2\/media?parent=13307"}],"wp:term":[{"taxonomy":"product_brand","embeddable":true,"href":"https:\/\/delorenzoglobal.com\/fr\/wp-json\/wp\/v2\/product_brand?post=13307"},{"taxonomy":"product_cat","embeddable":true,"href":"https:\/\/delorenzoglobal.com\/fr\/wp-json\/wp\/v2\/product_cat?post=13307"},{"taxonomy":"product_tag","embeddable":true,"href":"https:\/\/delorenzoglobal.com\/fr\/wp-json\/wp\/v2\/product_tag?post=13307"}],"curies":[{"name":"wp","href":"https:\/\/api.w.org\/{rel}","templated":true}]}}