{"id":13023,"date":"2024-04-22T09:46:21","date_gmt":"2024-04-22T07:46:21","guid":{"rendered":"https:\/\/delorenzoglobal.com\/?post_type=product&#038;p=13023"},"modified":"2025-01-24T11:31:09","modified_gmt":"2025-01-24T10:31:09","slug":"cours-de-robotique","status":"publish","type":"product","link":"https:\/\/delorenzoglobal.com\/fr\/produit\/cours-de-robotique\/","title":{"rendered":"COURS DE ROBOTIQUE"},"content":{"rendered":"<p>Le DL SMART-ROB est un logiciel qui a \u00e9t\u00e9 d\u00e9velopp\u00e9 pour enseigner la robotique avec PLC d&rsquo;une mani\u00e8re unique et efficace.<\/p>\n<p>Avec ce logiciel, les \u00e9tudiants peuvent am\u00e9liorer leur exp\u00e9rience individuelle en \u00e9tudiant la robotique industrielle dans la pratique.<\/p>\n<p>Les professeurs peuvent explorer cet entra\u00eeneur pour fournir des exp\u00e9riences aux \u00e9tudiants sur les sujets suivants\u00a0:<\/p>\n<ul>\n<li>Robot Scara 2D : mod\u00e8le, applications, classifications ;<\/li>\n<li>Robot palettiseur : mod\u00e8le, applications, classifications ;<\/li>\n<li>Cin\u00e9matique directe : qu&rsquo;est-ce que c&rsquo;est et comment la mettre en \u0153uvre ;<\/li>\n<li>Cin\u00e9matique inverse : qu&rsquo;est-ce que c&rsquo;est et comment la mettre en \u0153uvre ;<\/li>\n<li>Notation Denavit-Hartenberg : qu&rsquo;est-ce que c&rsquo;est, comment l&rsquo;appliquer et comment l&rsquo;impl\u00e9menter.<\/li>\n<\/ul>\n","protected":false},"excerpt":{"rendered":"<p>Le DL SMART-ROB est un logiciel qui a \u00e9t\u00e9 d\u00e9velopp\u00e9 pour enseigner la robotique avec PLC d&rsquo;une mani\u00e8re unique et efficace. Avec ce logiciel, les \u00e9tudiants peuvent am\u00e9liorer leur exp\u00e9rience individuelle en \u00e9tudiant la robotique industrielle dans la pratique. Les professeurs peuvent explorer cet entra\u00eeneur pour fournir des exp\u00e9riences aux \u00e9tudiants sur les sujets suivants\u00a0: [&hellip;]<\/p>\n","protected":false},"featured_media":13015,"template":"","meta":{"_acf_changed":false},"product_brand":[],"product_cat":[3102,422],"product_tag":[],"class_list":{"0":"post-13023","1":"product","2":"type-product","3":"status-publish","4":"has-post-thumbnail","6":"product_cat-logiciel-et-e-learning","7":"product_cat-software-ed-e-learning-fr","9":"first","10":"instock","11":"shipping-taxable","12":"product-type-simple"},"acf":[],"yoast_head":"<!-- This site is optimized with the Yoast SEO plugin v27.4 - https:\/\/yoast.com\/product\/yoast-seo-wordpress\/ -->\n<title>COURS DE ROBOTIQUE - De Lorenzo Training &amp; Didactical Equipment<\/title>\n<meta name=\"robots\" content=\"index, follow, max-snippet:-1, max-image-preview:large, max-video-preview:-1\" \/>\n<link rel=\"canonical\" href=\"https:\/\/delorenzoglobal.com\/fr\/produit\/cours-de-robotique\/\" \/>\n<meta property=\"og:locale\" content=\"fr_FR\" \/>\n<meta property=\"og:type\" content=\"article\" \/>\n<meta property=\"og:title\" content=\"COURS DE ROBOTIQUE - De Lorenzo Training &amp; Didactical Equipment\" \/>\n<meta property=\"og:description\" content=\"Le DL SMART-ROB est un logiciel qui a \u00e9t\u00e9 d\u00e9velopp\u00e9 pour enseigner la robotique avec PLC d&rsquo;une mani\u00e8re unique et efficace. Avec ce logiciel, les \u00e9tudiants peuvent am\u00e9liorer leur exp\u00e9rience individuelle en \u00e9tudiant la robotique industrielle dans la pratique. Les professeurs peuvent explorer cet entra\u00eeneur pour fournir des exp\u00e9riences aux \u00e9tudiants sur les sujets suivants\u00a0: [&hellip;]\" \/>\n<meta property=\"og:url\" content=\"https:\/\/delorenzoglobal.com\/fr\/produit\/cours-de-robotique\/\" \/>\n<meta property=\"og:site_name\" content=\"De Lorenzo Training &amp; Didactical Equipment\" \/>\n<meta property=\"article:modified_time\" content=\"2025-01-24T10:31:09+00:00\" \/>\n<meta property=\"og:image\" content=\"https:\/\/delorenzoglobal.com\/wp-content\/uploads\/2024\/04\/DL-SMART-ROB.png\" \/>\n\t<meta property=\"og:image:width\" content=\"1393\" \/>\n\t<meta property=\"og:image:height\" content=\"817\" \/>\n\t<meta property=\"og:image:type\" content=\"image\/png\" \/>\n<meta name=\"twitter:card\" content=\"summary_large_image\" \/>\n<meta name=\"twitter:label1\" content=\"Dur\u00e9e de lecture estim\u00e9e\" \/>\n\t<meta name=\"twitter:data1\" content=\"1 minute\" \/>\n<script type=\"application\/ld+json\" class=\"yoast-schema-graph\">{\"@context\":\"https:\\\/\\\/schema.org\",\"@graph\":[{\"@type\":\"WebPage\",\"@id\":\"https:\\\/\\\/delorenzoglobal.com\\\/fr\\\/produit\\\/cours-de-robotique\\\/\",\"url\":\"https:\\\/\\\/delorenzoglobal.com\\\/fr\\\/produit\\\/cours-de-robotique\\\/\",\"name\":\"COURS DE ROBOTIQUE - De Lorenzo Training &amp; Didactical Equipment\",\"isPartOf\":{\"@id\":\"https:\\\/\\\/delorenzoglobal.com\\\/fr\\\/#website\"},\"primaryImageOfPage\":{\"@id\":\"https:\\\/\\\/delorenzoglobal.com\\\/fr\\\/produit\\\/cours-de-robotique\\\/#primaryimage\"},\"image\":{\"@id\":\"https:\\\/\\\/delorenzoglobal.com\\\/fr\\\/produit\\\/cours-de-robotique\\\/#primaryimage\"},\"thumbnailUrl\":\"https:\\\/\\\/delorenzoglobal.com\\\/wp-content\\\/uploads\\\/2024\\\/04\\\/DL-SMART-ROB.png\",\"datePublished\":\"2024-04-22T07:46:21+00:00\",\"dateModified\":\"2025-01-24T10:31:09+00:00\",\"breadcrumb\":{\"@id\":\"https:\\\/\\\/delorenzoglobal.com\\\/fr\\\/produit\\\/cours-de-robotique\\\/#breadcrumb\"},\"inLanguage\":\"fr-FR\",\"potentialAction\":[{\"@type\":\"ReadAction\",\"target\":[\"https:\\\/\\\/delorenzoglobal.com\\\/fr\\\/produit\\\/cours-de-robotique\\\/\"]}]},{\"@type\":\"ImageObject\",\"inLanguage\":\"fr-FR\",\"@id\":\"https:\\\/\\\/delorenzoglobal.com\\\/fr\\\/produit\\\/cours-de-robotique\\\/#primaryimage\",\"url\":\"https:\\\/\\\/delorenzoglobal.com\\\/wp-content\\\/uploads\\\/2024\\\/04\\\/DL-SMART-ROB.png\",\"contentUrl\":\"https:\\\/\\\/delorenzoglobal.com\\\/wp-content\\\/uploads\\\/2024\\\/04\\\/DL-SMART-ROB.png\",\"width\":1393,\"height\":817},{\"@type\":\"BreadcrumbList\",\"@id\":\"https:\\\/\\\/delorenzoglobal.com\\\/fr\\\/produit\\\/cours-de-robotique\\\/#breadcrumb\",\"itemListElement\":[{\"@type\":\"ListItem\",\"position\":1,\"name\":\"Home\",\"item\":\"https:\\\/\\\/delorenzoglobal.com\\\/fr\\\/\"},{\"@type\":\"ListItem\",\"position\":2,\"name\":\"Boutique\",\"item\":\"https:\\\/\\\/delorenzoglobal.com\\\/fr\\\/boutique\\\/\"},{\"@type\":\"ListItem\",\"position\":3,\"name\":\"COURS DE ROBOTIQUE\"}]},{\"@type\":\"WebSite\",\"@id\":\"https:\\\/\\\/delorenzoglobal.com\\\/fr\\\/#website\",\"url\":\"https:\\\/\\\/delorenzoglobal.com\\\/fr\\\/\",\"name\":\"De Lorenzo Training &amp; Didactical Equipment\",\"description\":\"\",\"potentialAction\":[{\"@type\":\"SearchAction\",\"target\":{\"@type\":\"EntryPoint\",\"urlTemplate\":\"https:\\\/\\\/delorenzoglobal.com\\\/fr\\\/?s={search_term_string}\"},\"query-input\":{\"@type\":\"PropertyValueSpecification\",\"valueRequired\":true,\"valueName\":\"search_term_string\"}}],\"inLanguage\":\"fr-FR\"}]}<\/script>\n<!-- \/ Yoast SEO plugin. -->","yoast_head_json":{"title":"COURS DE ROBOTIQUE - De Lorenzo Training &amp; Didactical Equipment","robots":{"index":"index","follow":"follow","max-snippet":"max-snippet:-1","max-image-preview":"max-image-preview:large","max-video-preview":"max-video-preview:-1"},"canonical":"https:\/\/delorenzoglobal.com\/fr\/produit\/cours-de-robotique\/","og_locale":"fr_FR","og_type":"article","og_title":"COURS DE ROBOTIQUE - De Lorenzo Training &amp; Didactical Equipment","og_description":"Le DL SMART-ROB est un logiciel qui a \u00e9t\u00e9 d\u00e9velopp\u00e9 pour enseigner la robotique avec PLC d&rsquo;une mani\u00e8re unique et efficace. Avec ce logiciel, les \u00e9tudiants peuvent am\u00e9liorer leur exp\u00e9rience individuelle en \u00e9tudiant la robotique industrielle dans la pratique. Les professeurs peuvent explorer cet entra\u00eeneur pour fournir des exp\u00e9riences aux \u00e9tudiants sur les sujets suivants\u00a0: [&hellip;]","og_url":"https:\/\/delorenzoglobal.com\/fr\/produit\/cours-de-robotique\/","og_site_name":"De Lorenzo Training &amp; Didactical Equipment","article_modified_time":"2025-01-24T10:31:09+00:00","og_image":[{"width":1393,"height":817,"url":"https:\/\/delorenzoglobal.com\/wp-content\/uploads\/2024\/04\/DL-SMART-ROB.png","type":"image\/png"}],"twitter_card":"summary_large_image","twitter_misc":{"Dur\u00e9e de lecture estim\u00e9e":"1 minute"},"schema":{"@context":"https:\/\/schema.org","@graph":[{"@type":"WebPage","@id":"https:\/\/delorenzoglobal.com\/fr\/produit\/cours-de-robotique\/","url":"https:\/\/delorenzoglobal.com\/fr\/produit\/cours-de-robotique\/","name":"COURS DE ROBOTIQUE - De Lorenzo Training &amp; Didactical Equipment","isPartOf":{"@id":"https:\/\/delorenzoglobal.com\/fr\/#website"},"primaryImageOfPage":{"@id":"https:\/\/delorenzoglobal.com\/fr\/produit\/cours-de-robotique\/#primaryimage"},"image":{"@id":"https:\/\/delorenzoglobal.com\/fr\/produit\/cours-de-robotique\/#primaryimage"},"thumbnailUrl":"https:\/\/delorenzoglobal.com\/wp-content\/uploads\/2024\/04\/DL-SMART-ROB.png","datePublished":"2024-04-22T07:46:21+00:00","dateModified":"2025-01-24T10:31:09+00:00","breadcrumb":{"@id":"https:\/\/delorenzoglobal.com\/fr\/produit\/cours-de-robotique\/#breadcrumb"},"inLanguage":"fr-FR","potentialAction":[{"@type":"ReadAction","target":["https:\/\/delorenzoglobal.com\/fr\/produit\/cours-de-robotique\/"]}]},{"@type":"ImageObject","inLanguage":"fr-FR","@id":"https:\/\/delorenzoglobal.com\/fr\/produit\/cours-de-robotique\/#primaryimage","url":"https:\/\/delorenzoglobal.com\/wp-content\/uploads\/2024\/04\/DL-SMART-ROB.png","contentUrl":"https:\/\/delorenzoglobal.com\/wp-content\/uploads\/2024\/04\/DL-SMART-ROB.png","width":1393,"height":817},{"@type":"BreadcrumbList","@id":"https:\/\/delorenzoglobal.com\/fr\/produit\/cours-de-robotique\/#breadcrumb","itemListElement":[{"@type":"ListItem","position":1,"name":"Home","item":"https:\/\/delorenzoglobal.com\/fr\/"},{"@type":"ListItem","position":2,"name":"Boutique","item":"https:\/\/delorenzoglobal.com\/fr\/boutique\/"},{"@type":"ListItem","position":3,"name":"COURS DE ROBOTIQUE"}]},{"@type":"WebSite","@id":"https:\/\/delorenzoglobal.com\/fr\/#website","url":"https:\/\/delorenzoglobal.com\/fr\/","name":"De Lorenzo Training &amp; Didactical Equipment","description":"","potentialAction":[{"@type":"SearchAction","target":{"@type":"EntryPoint","urlTemplate":"https:\/\/delorenzoglobal.com\/fr\/?s={search_term_string}"},"query-input":{"@type":"PropertyValueSpecification","valueRequired":true,"valueName":"search_term_string"}}],"inLanguage":"fr-FR"}]}},"_links":{"self":[{"href":"https:\/\/delorenzoglobal.com\/fr\/wp-json\/wp\/v2\/product\/13023","targetHints":{"allow":["GET"]}}],"collection":[{"href":"https:\/\/delorenzoglobal.com\/fr\/wp-json\/wp\/v2\/product"}],"about":[{"href":"https:\/\/delorenzoglobal.com\/fr\/wp-json\/wp\/v2\/types\/product"}],"wp:featuredmedia":[{"embeddable":true,"href":"https:\/\/delorenzoglobal.com\/fr\/wp-json\/wp\/v2\/media\/13015"}],"wp:attachment":[{"href":"https:\/\/delorenzoglobal.com\/fr\/wp-json\/wp\/v2\/media?parent=13023"}],"wp:term":[{"taxonomy":"product_brand","embeddable":true,"href":"https:\/\/delorenzoglobal.com\/fr\/wp-json\/wp\/v2\/product_brand?post=13023"},{"taxonomy":"product_cat","embeddable":true,"href":"https:\/\/delorenzoglobal.com\/fr\/wp-json\/wp\/v2\/product_cat?post=13023"},{"taxonomy":"product_tag","embeddable":true,"href":"https:\/\/delorenzoglobal.com\/fr\/wp-json\/wp\/v2\/product_tag?post=13023"}],"curies":[{"name":"wp","href":"https:\/\/api.w.org\/{rel}","templated":true}]}}