{"id":13001,"date":"2024-04-22T09:41:25","date_gmt":"2024-04-22T07:41:25","guid":{"rendered":"https:\/\/delorenzoglobal.com\/?post_type=product&#038;p=13001"},"modified":"2025-01-24T11:47:16","modified_gmt":"2025-01-24T10:47:16","slug":"cours-de-developpement-de-systemes-scada","status":"publish","type":"product","link":"https:\/\/delorenzoglobal.com\/fr\/produit\/cours-de-developpement-de-systemes-scada\/","title":{"rendered":"COURS DE DEVELOPPEMENT DE SYSTEMES SCADA"},"content":{"rendered":"<p>Le DL SMART-SCADA est un logiciel qui a \u00e9t\u00e9 d\u00e9velopp\u00e9 pour enseigner comment d\u00e9velopper des syst\u00e8mes de contr\u00f4le de supervision d&rsquo;une mani\u00e8re unique et efficace.<\/p>\n<p>Avec ce logiciel, les \u00e9tudiants peuvent am\u00e9liorer leur exp\u00e9rience individuelle en \u00e9tudiant les syst\u00e8mes SCADA dans la pratique.<\/p>\n<p>Les professeurs peuvent explorer ce formateur pour proposer des exp\u00e9riences aux \u00e9tudiants sur les sujets suivants: Main concepts of SCADA Systems;<\/p>\n<ul>\n<li>Principaux concepts des syst\u00e8mes SCADA;<\/li>\n<li>Composants mat\u00e9riels et logiciels;<\/li>\n<li>Interaction avec les contr\u00f4leurs, les pilotes et les serveurs OPC;<\/li>\n<li>Principaux \u00e9l\u00e9ments et ressources: balises, \u00e9crans, composants d&rsquo;interface utilisateur, bases de donn\u00e9es en temps r\u00e9el, tendances, enregistrement de donn\u00e9es historiques, animations et autorisations des utilisateurs;<\/li>\n<li>D\u00e9veloppement de projets dans 3 environnements diff\u00e9rents: Codesys WebVisu, Elipse E3 et WinCC<\/li>\n<\/ul>\n","protected":false},"excerpt":{"rendered":"<p>Le DL SMART-SCADA est un logiciel qui a \u00e9t\u00e9 d\u00e9velopp\u00e9 pour enseigner comment d\u00e9velopper des syst\u00e8mes de contr\u00f4le de supervision d&rsquo;une mani\u00e8re unique et efficace. Avec ce logiciel, les \u00e9tudiants peuvent am\u00e9liorer leur exp\u00e9rience individuelle en \u00e9tudiant les syst\u00e8mes SCADA dans la pratique. Les professeurs peuvent explorer ce formateur pour proposer des exp\u00e9riences aux \u00e9tudiants [&hellip;]<\/p>\n","protected":false},"featured_media":12994,"template":"","meta":{"_acf_changed":false},"product_brand":[],"product_cat":[3102,422],"product_tag":[],"class_list":{"0":"post-13001","1":"product","2":"type-product","3":"status-publish","4":"has-post-thumbnail","6":"product_cat-logiciel-et-e-learning","7":"product_cat-software-ed-e-learning-fr","9":"first","10":"instock","11":"shipping-taxable","12":"product-type-simple"},"acf":[],"yoast_head":"<!-- This site is optimized with the Yoast SEO plugin v27.4 - https:\/\/yoast.com\/product\/yoast-seo-wordpress\/ -->\n<title>COURS DE DEVELOPPEMENT DE SYSTEMES SCADA - De Lorenzo Training &amp; Didactical Equipment<\/title>\n<meta name=\"robots\" content=\"index, follow, max-snippet:-1, max-image-preview:large, max-video-preview:-1\" \/>\n<link rel=\"canonical\" href=\"https:\/\/delorenzoglobal.com\/fr\/produit\/cours-de-developpement-de-systemes-scada\/\" \/>\n<meta property=\"og:locale\" content=\"fr_FR\" \/>\n<meta property=\"og:type\" content=\"article\" \/>\n<meta property=\"og:title\" content=\"COURS DE DEVELOPPEMENT DE SYSTEMES SCADA - De Lorenzo Training &amp; Didactical Equipment\" \/>\n<meta property=\"og:description\" content=\"Le DL SMART-SCADA est un logiciel qui a \u00e9t\u00e9 d\u00e9velopp\u00e9 pour enseigner comment d\u00e9velopper des syst\u00e8mes de contr\u00f4le de supervision d&rsquo;une mani\u00e8re unique et efficace. Avec ce logiciel, les \u00e9tudiants peuvent am\u00e9liorer leur exp\u00e9rience individuelle en \u00e9tudiant les syst\u00e8mes SCADA dans la pratique. Les professeurs peuvent explorer ce formateur pour proposer des exp\u00e9riences aux \u00e9tudiants [&hellip;]\" \/>\n<meta property=\"og:url\" content=\"https:\/\/delorenzoglobal.com\/fr\/produit\/cours-de-developpement-de-systemes-scada\/\" \/>\n<meta property=\"og:site_name\" content=\"De Lorenzo Training &amp; Didactical Equipment\" \/>\n<meta property=\"article:modified_time\" content=\"2025-01-24T10:47:16+00:00\" \/>\n<meta property=\"og:image\" content=\"https:\/\/delorenzoglobal.com\/wp-content\/uploads\/2024\/04\/DL-SMART-SCADA.png\" \/>\n\t<meta property=\"og:image:width\" content=\"1393\" \/>\n\t<meta property=\"og:image:height\" content=\"817\" \/>\n\t<meta property=\"og:image:type\" content=\"image\/png\" \/>\n<meta name=\"twitter:card\" content=\"summary_large_image\" \/>\n<meta name=\"twitter:label1\" content=\"Dur\u00e9e de lecture estim\u00e9e\" \/>\n\t<meta name=\"twitter:data1\" content=\"1 minute\" \/>\n<script type=\"application\/ld+json\" class=\"yoast-schema-graph\">{\"@context\":\"https:\\\/\\\/schema.org\",\"@graph\":[{\"@type\":\"WebPage\",\"@id\":\"https:\\\/\\\/delorenzoglobal.com\\\/fr\\\/produit\\\/cours-de-developpement-de-systemes-scada\\\/\",\"url\":\"https:\\\/\\\/delorenzoglobal.com\\\/fr\\\/produit\\\/cours-de-developpement-de-systemes-scada\\\/\",\"name\":\"COURS DE DEVELOPPEMENT DE SYSTEMES SCADA - De Lorenzo Training &amp; Didactical Equipment\",\"isPartOf\":{\"@id\":\"https:\\\/\\\/delorenzoglobal.com\\\/fr\\\/#website\"},\"primaryImageOfPage\":{\"@id\":\"https:\\\/\\\/delorenzoglobal.com\\\/fr\\\/produit\\\/cours-de-developpement-de-systemes-scada\\\/#primaryimage\"},\"image\":{\"@id\":\"https:\\\/\\\/delorenzoglobal.com\\\/fr\\\/produit\\\/cours-de-developpement-de-systemes-scada\\\/#primaryimage\"},\"thumbnailUrl\":\"https:\\\/\\\/delorenzoglobal.com\\\/wp-content\\\/uploads\\\/2024\\\/04\\\/DL-SMART-SCADA.png\",\"datePublished\":\"2024-04-22T07:41:25+00:00\",\"dateModified\":\"2025-01-24T10:47:16+00:00\",\"breadcrumb\":{\"@id\":\"https:\\\/\\\/delorenzoglobal.com\\\/fr\\\/produit\\\/cours-de-developpement-de-systemes-scada\\\/#breadcrumb\"},\"inLanguage\":\"fr-FR\",\"potentialAction\":[{\"@type\":\"ReadAction\",\"target\":[\"https:\\\/\\\/delorenzoglobal.com\\\/fr\\\/produit\\\/cours-de-developpement-de-systemes-scada\\\/\"]}]},{\"@type\":\"ImageObject\",\"inLanguage\":\"fr-FR\",\"@id\":\"https:\\\/\\\/delorenzoglobal.com\\\/fr\\\/produit\\\/cours-de-developpement-de-systemes-scada\\\/#primaryimage\",\"url\":\"https:\\\/\\\/delorenzoglobal.com\\\/wp-content\\\/uploads\\\/2024\\\/04\\\/DL-SMART-SCADA.png\",\"contentUrl\":\"https:\\\/\\\/delorenzoglobal.com\\\/wp-content\\\/uploads\\\/2024\\\/04\\\/DL-SMART-SCADA.png\",\"width\":1393,\"height\":817},{\"@type\":\"BreadcrumbList\",\"@id\":\"https:\\\/\\\/delorenzoglobal.com\\\/fr\\\/produit\\\/cours-de-developpement-de-systemes-scada\\\/#breadcrumb\",\"itemListElement\":[{\"@type\":\"ListItem\",\"position\":1,\"name\":\"Home\",\"item\":\"https:\\\/\\\/delorenzoglobal.com\\\/fr\\\/\"},{\"@type\":\"ListItem\",\"position\":2,\"name\":\"Boutique\",\"item\":\"https:\\\/\\\/delorenzoglobal.com\\\/fr\\\/boutique\\\/\"},{\"@type\":\"ListItem\",\"position\":3,\"name\":\"COURS DE DEVELOPPEMENT DE SYSTEMES SCADA\"}]},{\"@type\":\"WebSite\",\"@id\":\"https:\\\/\\\/delorenzoglobal.com\\\/fr\\\/#website\",\"url\":\"https:\\\/\\\/delorenzoglobal.com\\\/fr\\\/\",\"name\":\"De Lorenzo Training &amp; Didactical Equipment\",\"description\":\"\",\"potentialAction\":[{\"@type\":\"SearchAction\",\"target\":{\"@type\":\"EntryPoint\",\"urlTemplate\":\"https:\\\/\\\/delorenzoglobal.com\\\/fr\\\/?s={search_term_string}\"},\"query-input\":{\"@type\":\"PropertyValueSpecification\",\"valueRequired\":true,\"valueName\":\"search_term_string\"}}],\"inLanguage\":\"fr-FR\"}]}<\/script>\n<!-- \/ Yoast SEO plugin. -->","yoast_head_json":{"title":"COURS DE DEVELOPPEMENT DE SYSTEMES SCADA - De Lorenzo Training &amp; Didactical Equipment","robots":{"index":"index","follow":"follow","max-snippet":"max-snippet:-1","max-image-preview":"max-image-preview:large","max-video-preview":"max-video-preview:-1"},"canonical":"https:\/\/delorenzoglobal.com\/fr\/produit\/cours-de-developpement-de-systemes-scada\/","og_locale":"fr_FR","og_type":"article","og_title":"COURS DE DEVELOPPEMENT DE SYSTEMES SCADA - De Lorenzo Training &amp; Didactical Equipment","og_description":"Le DL SMART-SCADA est un logiciel qui a \u00e9t\u00e9 d\u00e9velopp\u00e9 pour enseigner comment d\u00e9velopper des syst\u00e8mes de contr\u00f4le de supervision d&rsquo;une mani\u00e8re unique et efficace. Avec ce logiciel, les \u00e9tudiants peuvent am\u00e9liorer leur exp\u00e9rience individuelle en \u00e9tudiant les syst\u00e8mes SCADA dans la pratique. Les professeurs peuvent explorer ce formateur pour proposer des exp\u00e9riences aux \u00e9tudiants [&hellip;]","og_url":"https:\/\/delorenzoglobal.com\/fr\/produit\/cours-de-developpement-de-systemes-scada\/","og_site_name":"De Lorenzo Training &amp; Didactical Equipment","article_modified_time":"2025-01-24T10:47:16+00:00","og_image":[{"width":1393,"height":817,"url":"https:\/\/delorenzoglobal.com\/wp-content\/uploads\/2024\/04\/DL-SMART-SCADA.png","type":"image\/png"}],"twitter_card":"summary_large_image","twitter_misc":{"Dur\u00e9e de lecture estim\u00e9e":"1 minute"},"schema":{"@context":"https:\/\/schema.org","@graph":[{"@type":"WebPage","@id":"https:\/\/delorenzoglobal.com\/fr\/produit\/cours-de-developpement-de-systemes-scada\/","url":"https:\/\/delorenzoglobal.com\/fr\/produit\/cours-de-developpement-de-systemes-scada\/","name":"COURS DE DEVELOPPEMENT DE SYSTEMES SCADA - De Lorenzo Training &amp; Didactical Equipment","isPartOf":{"@id":"https:\/\/delorenzoglobal.com\/fr\/#website"},"primaryImageOfPage":{"@id":"https:\/\/delorenzoglobal.com\/fr\/produit\/cours-de-developpement-de-systemes-scada\/#primaryimage"},"image":{"@id":"https:\/\/delorenzoglobal.com\/fr\/produit\/cours-de-developpement-de-systemes-scada\/#primaryimage"},"thumbnailUrl":"https:\/\/delorenzoglobal.com\/wp-content\/uploads\/2024\/04\/DL-SMART-SCADA.png","datePublished":"2024-04-22T07:41:25+00:00","dateModified":"2025-01-24T10:47:16+00:00","breadcrumb":{"@id":"https:\/\/delorenzoglobal.com\/fr\/produit\/cours-de-developpement-de-systemes-scada\/#breadcrumb"},"inLanguage":"fr-FR","potentialAction":[{"@type":"ReadAction","target":["https:\/\/delorenzoglobal.com\/fr\/produit\/cours-de-developpement-de-systemes-scada\/"]}]},{"@type":"ImageObject","inLanguage":"fr-FR","@id":"https:\/\/delorenzoglobal.com\/fr\/produit\/cours-de-developpement-de-systemes-scada\/#primaryimage","url":"https:\/\/delorenzoglobal.com\/wp-content\/uploads\/2024\/04\/DL-SMART-SCADA.png","contentUrl":"https:\/\/delorenzoglobal.com\/wp-content\/uploads\/2024\/04\/DL-SMART-SCADA.png","width":1393,"height":817},{"@type":"BreadcrumbList","@id":"https:\/\/delorenzoglobal.com\/fr\/produit\/cours-de-developpement-de-systemes-scada\/#breadcrumb","itemListElement":[{"@type":"ListItem","position":1,"name":"Home","item":"https:\/\/delorenzoglobal.com\/fr\/"},{"@type":"ListItem","position":2,"name":"Boutique","item":"https:\/\/delorenzoglobal.com\/fr\/boutique\/"},{"@type":"ListItem","position":3,"name":"COURS DE DEVELOPPEMENT DE SYSTEMES SCADA"}]},{"@type":"WebSite","@id":"https:\/\/delorenzoglobal.com\/fr\/#website","url":"https:\/\/delorenzoglobal.com\/fr\/","name":"De Lorenzo Training &amp; Didactical Equipment","description":"","potentialAction":[{"@type":"SearchAction","target":{"@type":"EntryPoint","urlTemplate":"https:\/\/delorenzoglobal.com\/fr\/?s={search_term_string}"},"query-input":{"@type":"PropertyValueSpecification","valueRequired":true,"valueName":"search_term_string"}}],"inLanguage":"fr-FR"}]}},"_links":{"self":[{"href":"https:\/\/delorenzoglobal.com\/fr\/wp-json\/wp\/v2\/product\/13001","targetHints":{"allow":["GET"]}}],"collection":[{"href":"https:\/\/delorenzoglobal.com\/fr\/wp-json\/wp\/v2\/product"}],"about":[{"href":"https:\/\/delorenzoglobal.com\/fr\/wp-json\/wp\/v2\/types\/product"}],"wp:featuredmedia":[{"embeddable":true,"href":"https:\/\/delorenzoglobal.com\/fr\/wp-json\/wp\/v2\/media\/12994"}],"wp:attachment":[{"href":"https:\/\/delorenzoglobal.com\/fr\/wp-json\/wp\/v2\/media?parent=13001"}],"wp:term":[{"taxonomy":"product_brand","embeddable":true,"href":"https:\/\/delorenzoglobal.com\/fr\/wp-json\/wp\/v2\/product_brand?post=13001"},{"taxonomy":"product_cat","embeddable":true,"href":"https:\/\/delorenzoglobal.com\/fr\/wp-json\/wp\/v2\/product_cat?post=13001"},{"taxonomy":"product_tag","embeddable":true,"href":"https:\/\/delorenzoglobal.com\/fr\/wp-json\/wp\/v2\/product_tag?post=13001"}],"curies":[{"name":"wp","href":"https:\/\/api.w.org\/{rel}","templated":true}]}}