{"id":12478,"date":"2024-04-19T16:26:55","date_gmt":"2024-04-19T14:26:55","guid":{"rendered":"https:\/\/delorenzoglobal.com\/?post_type=product&#038;p=12478"},"modified":"2025-01-23T11:40:13","modified_gmt":"2025-01-23T10:40:13","slug":"biocarburant","status":"publish","type":"product","link":"https:\/\/delorenzoglobal.com\/fr\/produit\/biocarburant\/","title":{"rendered":"BIOCARBURANT"},"content":{"rendered":"<p>Avec ce kit on peut observer l\u2019ensemble de processus de la production des carburants organiques.<\/p>\n<p>On commence avec l\u2019\u00e9tape biologique de la fermentation alcoolique.<\/p>\n<p>Ensuite, le mo\u00fbt produit sera distill\u00e9 \u00e0 l\u2019aide du condenseur.<\/p>\n<p>La derni\u00e8re \u00e9tape montre la conversion du biocarburant produit \u00e9nergie utilisable, telle que l\u2019\u00e9nergie \u00e9lectrique, en utilisant pile \u00e0 \u00e9thanol fournie.<\/p>\n<p>Le kit ne couvre pas seulement le th\u00e8me de la production du bio\u00e9thanol, mais aussi la production du biodiesel \u00e0 travers de la transest\u00e9rification des graisses<\/p>\n","protected":false},"excerpt":{"rendered":"<p>Avec ce kit on peut observer l\u2019ensemble de processus de la production des carburants organiques. On commence avec l\u2019\u00e9tape biologique de la fermentation alcoolique. Ensuite, le mo\u00fbt produit sera distill\u00e9 \u00e0 l\u2019aide du condenseur. La derni\u00e8re \u00e9tape montre la conversion du biocarburant produit \u00e9nergie utilisable, telle que l\u2019\u00e9nergie \u00e9lectrique, en utilisant pile \u00e0 \u00e9thanol fournie. [&hellip;]<\/p>\n","protected":false},"featured_media":12459,"template":"","meta":{"_acf_changed":false},"product_brand":[],"product_cat":[416],"product_tag":[],"class_list":{"0":"post-12478","1":"product","2":"type-product","3":"status-publish","4":"has-post-thumbnail","6":"product_cat-protection-cathodique","8":"first","9":"instock","10":"shipping-taxable","11":"product-type-simple"},"acf":[],"yoast_head":"<!-- This site is optimized with the Yoast SEO plugin v27.0 - https:\/\/yoast.com\/product\/yoast-seo-wordpress\/ -->\n<title>BIOCARBURANT - De Lorenzo Training &amp; Didactical Equipment<\/title>\n<meta name=\"robots\" content=\"index, follow, max-snippet:-1, max-image-preview:large, max-video-preview:-1\" \/>\n<link rel=\"canonical\" href=\"https:\/\/delorenzoglobal.com\/fr\/produit\/biocarburant\/\" \/>\n<meta property=\"og:locale\" content=\"fr_FR\" \/>\n<meta property=\"og:type\" content=\"article\" \/>\n<meta property=\"og:title\" content=\"BIOCARBURANT - De Lorenzo Training &amp; Didactical Equipment\" \/>\n<meta property=\"og:description\" content=\"Avec ce kit on peut observer l\u2019ensemble de processus de la production des carburants organiques. On commence avec l\u2019\u00e9tape biologique de la fermentation alcoolique. Ensuite, le mo\u00fbt produit sera distill\u00e9 \u00e0 l\u2019aide du condenseur. La derni\u00e8re \u00e9tape montre la conversion du biocarburant produit \u00e9nergie utilisable, telle que l\u2019\u00e9nergie \u00e9lectrique, en utilisant pile \u00e0 \u00e9thanol fournie. [&hellip;]\" \/>\n<meta property=\"og:url\" content=\"https:\/\/delorenzoglobal.com\/fr\/produit\/biocarburant\/\" \/>\n<meta property=\"og:site_name\" content=\"De Lorenzo Training &amp; Didactical Equipment\" \/>\n<meta property=\"article:modified_time\" content=\"2025-01-23T10:40:13+00:00\" \/>\n<meta property=\"og:image\" content=\"https:\/\/delorenzoglobal.com\/wp-content\/uploads\/2024\/04\/DL-BIO-L.png\" \/>\n\t<meta property=\"og:image:width\" content=\"426\" \/>\n\t<meta property=\"og:image:height\" content=\"314\" \/>\n\t<meta property=\"og:image:type\" content=\"image\/png\" \/>\n<meta name=\"twitter:card\" content=\"summary_large_image\" \/>\n<meta name=\"twitter:label1\" content=\"Dur\u00e9e de lecture estim\u00e9e\" \/>\n\t<meta name=\"twitter:data1\" content=\"1 minute\" \/>\n<script type=\"application\/ld+json\" class=\"yoast-schema-graph\">{\"@context\":\"https:\/\/schema.org\",\"@graph\":[{\"@type\":\"WebPage\",\"@id\":\"https:\/\/delorenzoglobal.com\/fr\/produit\/biocarburant\/\",\"url\":\"https:\/\/delorenzoglobal.com\/fr\/produit\/biocarburant\/\",\"name\":\"BIOCARBURANT - De Lorenzo Training &amp; Didactical Equipment\",\"isPartOf\":{\"@id\":\"https:\/\/delorenzoglobal.com\/fr\/#website\"},\"primaryImageOfPage\":{\"@id\":\"https:\/\/delorenzoglobal.com\/fr\/produit\/biocarburant\/#primaryimage\"},\"image\":{\"@id\":\"https:\/\/delorenzoglobal.com\/fr\/produit\/biocarburant\/#primaryimage\"},\"thumbnailUrl\":\"https:\/\/delorenzoglobal.com\/wp-content\/uploads\/2024\/04\/DL-BIO-L.png\",\"datePublished\":\"2024-04-19T14:26:55+00:00\",\"dateModified\":\"2025-01-23T10:40:13+00:00\",\"breadcrumb\":{\"@id\":\"https:\/\/delorenzoglobal.com\/fr\/produit\/biocarburant\/#breadcrumb\"},\"inLanguage\":\"fr-FR\",\"potentialAction\":[{\"@type\":\"ReadAction\",\"target\":[\"https:\/\/delorenzoglobal.com\/fr\/produit\/biocarburant\/\"]}]},{\"@type\":\"ImageObject\",\"inLanguage\":\"fr-FR\",\"@id\":\"https:\/\/delorenzoglobal.com\/fr\/produit\/biocarburant\/#primaryimage\",\"url\":\"https:\/\/delorenzoglobal.com\/wp-content\/uploads\/2024\/04\/DL-BIO-L.png\",\"contentUrl\":\"https:\/\/delorenzoglobal.com\/wp-content\/uploads\/2024\/04\/DL-BIO-L.png\",\"width\":426,\"height\":314},{\"@type\":\"BreadcrumbList\",\"@id\":\"https:\/\/delorenzoglobal.com\/fr\/produit\/biocarburant\/#breadcrumb\",\"itemListElement\":[{\"@type\":\"ListItem\",\"position\":1,\"name\":\"Home\",\"item\":\"https:\/\/delorenzoglobal.com\/fr\/\"},{\"@type\":\"ListItem\",\"position\":2,\"name\":\"Boutique\",\"item\":\"https:\/\/delorenzoglobal.com\/fr\/boutique\/\"},{\"@type\":\"ListItem\",\"position\":3,\"name\":\"BIOCARBURANT\"}]},{\"@type\":\"WebSite\",\"@id\":\"https:\/\/delorenzoglobal.com\/fr\/#website\",\"url\":\"https:\/\/delorenzoglobal.com\/fr\/\",\"name\":\"De Lorenzo Training &amp; Didactical Equipment\",\"description\":\"\",\"potentialAction\":[{\"@type\":\"SearchAction\",\"target\":{\"@type\":\"EntryPoint\",\"urlTemplate\":\"https:\/\/delorenzoglobal.com\/fr\/?s={search_term_string}\"},\"query-input\":{\"@type\":\"PropertyValueSpecification\",\"valueRequired\":true,\"valueName\":\"search_term_string\"}}],\"inLanguage\":\"fr-FR\"}]}<\/script>\n<!-- \/ Yoast SEO plugin. -->","yoast_head_json":{"title":"BIOCARBURANT - De Lorenzo Training &amp; Didactical Equipment","robots":{"index":"index","follow":"follow","max-snippet":"max-snippet:-1","max-image-preview":"max-image-preview:large","max-video-preview":"max-video-preview:-1"},"canonical":"https:\/\/delorenzoglobal.com\/fr\/produit\/biocarburant\/","og_locale":"fr_FR","og_type":"article","og_title":"BIOCARBURANT - De Lorenzo Training &amp; Didactical Equipment","og_description":"Avec ce kit on peut observer l\u2019ensemble de processus de la production des carburants organiques. On commence avec l\u2019\u00e9tape biologique de la fermentation alcoolique. Ensuite, le mo\u00fbt produit sera distill\u00e9 \u00e0 l\u2019aide du condenseur. La derni\u00e8re \u00e9tape montre la conversion du biocarburant produit \u00e9nergie utilisable, telle que l\u2019\u00e9nergie \u00e9lectrique, en utilisant pile \u00e0 \u00e9thanol fournie. [&hellip;]","og_url":"https:\/\/delorenzoglobal.com\/fr\/produit\/biocarburant\/","og_site_name":"De Lorenzo Training &amp; Didactical Equipment","article_modified_time":"2025-01-23T10:40:13+00:00","og_image":[{"width":426,"height":314,"url":"https:\/\/delorenzoglobal.com\/wp-content\/uploads\/2024\/04\/DL-BIO-L.png","type":"image\/png"}],"twitter_card":"summary_large_image","twitter_misc":{"Dur\u00e9e de lecture estim\u00e9e":"1 minute"},"schema":{"@context":"https:\/\/schema.org","@graph":[{"@type":"WebPage","@id":"https:\/\/delorenzoglobal.com\/fr\/produit\/biocarburant\/","url":"https:\/\/delorenzoglobal.com\/fr\/produit\/biocarburant\/","name":"BIOCARBURANT - De Lorenzo Training &amp; Didactical Equipment","isPartOf":{"@id":"https:\/\/delorenzoglobal.com\/fr\/#website"},"primaryImageOfPage":{"@id":"https:\/\/delorenzoglobal.com\/fr\/produit\/biocarburant\/#primaryimage"},"image":{"@id":"https:\/\/delorenzoglobal.com\/fr\/produit\/biocarburant\/#primaryimage"},"thumbnailUrl":"https:\/\/delorenzoglobal.com\/wp-content\/uploads\/2024\/04\/DL-BIO-L.png","datePublished":"2024-04-19T14:26:55+00:00","dateModified":"2025-01-23T10:40:13+00:00","breadcrumb":{"@id":"https:\/\/delorenzoglobal.com\/fr\/produit\/biocarburant\/#breadcrumb"},"inLanguage":"fr-FR","potentialAction":[{"@type":"ReadAction","target":["https:\/\/delorenzoglobal.com\/fr\/produit\/biocarburant\/"]}]},{"@type":"ImageObject","inLanguage":"fr-FR","@id":"https:\/\/delorenzoglobal.com\/fr\/produit\/biocarburant\/#primaryimage","url":"https:\/\/delorenzoglobal.com\/wp-content\/uploads\/2024\/04\/DL-BIO-L.png","contentUrl":"https:\/\/delorenzoglobal.com\/wp-content\/uploads\/2024\/04\/DL-BIO-L.png","width":426,"height":314},{"@type":"BreadcrumbList","@id":"https:\/\/delorenzoglobal.com\/fr\/produit\/biocarburant\/#breadcrumb","itemListElement":[{"@type":"ListItem","position":1,"name":"Home","item":"https:\/\/delorenzoglobal.com\/fr\/"},{"@type":"ListItem","position":2,"name":"Boutique","item":"https:\/\/delorenzoglobal.com\/fr\/boutique\/"},{"@type":"ListItem","position":3,"name":"BIOCARBURANT"}]},{"@type":"WebSite","@id":"https:\/\/delorenzoglobal.com\/fr\/#website","url":"https:\/\/delorenzoglobal.com\/fr\/","name":"De Lorenzo Training &amp; Didactical Equipment","description":"","potentialAction":[{"@type":"SearchAction","target":{"@type":"EntryPoint","urlTemplate":"https:\/\/delorenzoglobal.com\/fr\/?s={search_term_string}"},"query-input":{"@type":"PropertyValueSpecification","valueRequired":true,"valueName":"search_term_string"}}],"inLanguage":"fr-FR"}]}},"_links":{"self":[{"href":"https:\/\/delorenzoglobal.com\/fr\/wp-json\/wp\/v2\/product\/12478","targetHints":{"allow":["GET"]}}],"collection":[{"href":"https:\/\/delorenzoglobal.com\/fr\/wp-json\/wp\/v2\/product"}],"about":[{"href":"https:\/\/delorenzoglobal.com\/fr\/wp-json\/wp\/v2\/types\/product"}],"wp:featuredmedia":[{"embeddable":true,"href":"https:\/\/delorenzoglobal.com\/fr\/wp-json\/wp\/v2\/media\/12459"}],"wp:attachment":[{"href":"https:\/\/delorenzoglobal.com\/fr\/wp-json\/wp\/v2\/media?parent=12478"}],"wp:term":[{"taxonomy":"product_brand","embeddable":true,"href":"https:\/\/delorenzoglobal.com\/fr\/wp-json\/wp\/v2\/product_brand?post=12478"},{"taxonomy":"product_cat","embeddable":true,"href":"https:\/\/delorenzoglobal.com\/fr\/wp-json\/wp\/v2\/product_cat?post=12478"},{"taxonomy":"product_tag","embeddable":true,"href":"https:\/\/delorenzoglobal.com\/fr\/wp-json\/wp\/v2\/product_tag?post=12478"}],"curies":[{"name":"wp","href":"https:\/\/api.w.org\/{rel}","templated":true}]}}