{"id":12321,"date":"2024-04-19T15:51:33","date_gmt":"2024-04-19T13:51:33","guid":{"rendered":"https:\/\/delorenzoglobal.com\/?post_type=product&#038;p=12321"},"modified":"2025-01-23T09:13:46","modified_gmt":"2025-01-23T08:13:46","slug":"banc-multi-fonctionnel","status":"publish","type":"product","link":"https:\/\/delorenzoglobal.com\/fr\/produit\/banc-multi-fonctionnel\/","title":{"rendered":"BANC MULTI FONCTIONNEL"},"content":{"rendered":"<p>Unit\u00e9 de cuisson multifonctionnelle avec un volume total d&rsquo;environ 30 litres et un volume de fonctionnement de 20 litres adapt\u00e9 \u00e0 la pr\u00e9paration de petites quantit\u00e9s (15-20 kg) de marmelades, confitures, ketchup, jus et autres produits alimentaires.<\/p>\n<p>L&rsquo;unit\u00e9, con\u00e7ue comme un banc multifonctionnel, est compos\u00e9e d&rsquo;une unit\u00e9 multifonctionnelle de cuisson \/ concentration (dans l&rsquo;atmosph\u00e8re ou sous vide) et de traitement thermique (pasteurisation \/ st\u00e9rilisation et refroidissement cons\u00e9cutif) du produit conditionn\u00e9.<\/p>\n<p>La possibilit\u00e9 d&rsquo;effectuer l&rsquo;op\u00e9ration de cuisson et de concentration m\u00eame sous vide, comme dans les installations \u00e0 grande \u00e9chelle, permet d&rsquo;atteindre des niveaux qualitatifs \u00e9lev\u00e9s du produit fini, en maintenant les niveaux de vitamines contenus \u00e9lev\u00e9s et en maintenant les couleurs plus vives.<\/p>\n","protected":false},"excerpt":{"rendered":"<p>Unit\u00e9 de cuisson multifonctionnelle avec un volume total d&rsquo;environ 30 litres et un volume de fonctionnement de 20 litres adapt\u00e9 \u00e0 la pr\u00e9paration de petites quantit\u00e9s (15-20 kg) de marmelades, confitures, ketchup, jus et autres produits alimentaires. L&rsquo;unit\u00e9, con\u00e7ue comme un banc multifonctionnel, est compos\u00e9e d&rsquo;une unit\u00e9 multifonctionnelle de cuisson \/ concentration (dans l&rsquo;atmosph\u00e8re ou [&hellip;]<\/p>\n","protected":false},"featured_media":12314,"template":"","meta":{"_acf_changed":false},"product_brand":[],"product_cat":[413],"product_tag":[],"class_list":{"0":"post-12321","1":"product","2":"type-product","3":"status-publish","4":"has-post-thumbnail","6":"product_cat-technologies-alimentaires","8":"first","9":"instock","10":"shipping-taxable","11":"product-type-simple"},"acf":[],"yoast_head":"<!-- This site is optimized with the Yoast SEO plugin v27.4 - https:\/\/yoast.com\/product\/yoast-seo-wordpress\/ -->\n<title>BANC MULTI FONCTIONNEL - De Lorenzo Training &amp; Didactical Equipment<\/title>\n<meta name=\"robots\" content=\"index, follow, max-snippet:-1, max-image-preview:large, max-video-preview:-1\" \/>\n<link rel=\"canonical\" href=\"https:\/\/delorenzoglobal.com\/fr\/produit\/banc-multi-fonctionnel\/\" \/>\n<meta property=\"og:locale\" content=\"fr_FR\" \/>\n<meta property=\"og:type\" content=\"article\" \/>\n<meta property=\"og:title\" content=\"BANC MULTI FONCTIONNEL - De Lorenzo Training &amp; Didactical Equipment\" \/>\n<meta property=\"og:description\" content=\"Unit\u00e9 de cuisson multifonctionnelle avec un volume total d&rsquo;environ 30 litres et un volume de fonctionnement de 20 litres adapt\u00e9 \u00e0 la pr\u00e9paration de petites quantit\u00e9s (15-20 kg) de marmelades, confitures, ketchup, jus et autres produits alimentaires. L&rsquo;unit\u00e9, con\u00e7ue comme un banc multifonctionnel, est compos\u00e9e d&rsquo;une unit\u00e9 multifonctionnelle de cuisson \/ concentration (dans l&rsquo;atmosph\u00e8re ou [&hellip;]\" \/>\n<meta property=\"og:url\" content=\"https:\/\/delorenzoglobal.com\/fr\/produit\/banc-multi-fonctionnel\/\" \/>\n<meta property=\"og:site_name\" content=\"De Lorenzo Training &amp; Didactical Equipment\" \/>\n<meta property=\"article:modified_time\" content=\"2025-01-23T08:13:46+00:00\" \/>\n<meta property=\"og:image\" content=\"https:\/\/delorenzoglobal.com\/wp-content\/uploads\/2024\/04\/DL-LAB30-672x1024.png\" \/>\n\t<meta property=\"og:image:width\" content=\"672\" \/>\n\t<meta property=\"og:image:height\" content=\"1024\" \/>\n\t<meta property=\"og:image:type\" content=\"image\/png\" \/>\n<meta name=\"twitter:card\" content=\"summary_large_image\" \/>\n<meta name=\"twitter:label1\" content=\"Dur\u00e9e de lecture estim\u00e9e\" \/>\n\t<meta name=\"twitter:data1\" content=\"1 minute\" \/>\n<script type=\"application\/ld+json\" class=\"yoast-schema-graph\">{\"@context\":\"https:\\\/\\\/schema.org\",\"@graph\":[{\"@type\":\"WebPage\",\"@id\":\"https:\\\/\\\/delorenzoglobal.com\\\/fr\\\/produit\\\/banc-multi-fonctionnel\\\/\",\"url\":\"https:\\\/\\\/delorenzoglobal.com\\\/fr\\\/produit\\\/banc-multi-fonctionnel\\\/\",\"name\":\"BANC MULTI FONCTIONNEL - De Lorenzo Training &amp; Didactical Equipment\",\"isPartOf\":{\"@id\":\"https:\\\/\\\/delorenzoglobal.com\\\/fr\\\/#website\"},\"primaryImageOfPage\":{\"@id\":\"https:\\\/\\\/delorenzoglobal.com\\\/fr\\\/produit\\\/banc-multi-fonctionnel\\\/#primaryimage\"},\"image\":{\"@id\":\"https:\\\/\\\/delorenzoglobal.com\\\/fr\\\/produit\\\/banc-multi-fonctionnel\\\/#primaryimage\"},\"thumbnailUrl\":\"https:\\\/\\\/delorenzoglobal.com\\\/wp-content\\\/uploads\\\/2024\\\/04\\\/DL-LAB30.png\",\"datePublished\":\"2024-04-19T13:51:33+00:00\",\"dateModified\":\"2025-01-23T08:13:46+00:00\",\"breadcrumb\":{\"@id\":\"https:\\\/\\\/delorenzoglobal.com\\\/fr\\\/produit\\\/banc-multi-fonctionnel\\\/#breadcrumb\"},\"inLanguage\":\"fr-FR\",\"potentialAction\":[{\"@type\":\"ReadAction\",\"target\":[\"https:\\\/\\\/delorenzoglobal.com\\\/fr\\\/produit\\\/banc-multi-fonctionnel\\\/\"]}]},{\"@type\":\"ImageObject\",\"inLanguage\":\"fr-FR\",\"@id\":\"https:\\\/\\\/delorenzoglobal.com\\\/fr\\\/produit\\\/banc-multi-fonctionnel\\\/#primaryimage\",\"url\":\"https:\\\/\\\/delorenzoglobal.com\\\/wp-content\\\/uploads\\\/2024\\\/04\\\/DL-LAB30.png\",\"contentUrl\":\"https:\\\/\\\/delorenzoglobal.com\\\/wp-content\\\/uploads\\\/2024\\\/04\\\/DL-LAB30.png\",\"width\":2204,\"height\":3358},{\"@type\":\"BreadcrumbList\",\"@id\":\"https:\\\/\\\/delorenzoglobal.com\\\/fr\\\/produit\\\/banc-multi-fonctionnel\\\/#breadcrumb\",\"itemListElement\":[{\"@type\":\"ListItem\",\"position\":1,\"name\":\"Home\",\"item\":\"https:\\\/\\\/delorenzoglobal.com\\\/fr\\\/\"},{\"@type\":\"ListItem\",\"position\":2,\"name\":\"Boutique\",\"item\":\"https:\\\/\\\/delorenzoglobal.com\\\/fr\\\/boutique\\\/\"},{\"@type\":\"ListItem\",\"position\":3,\"name\":\"BANC MULTI FONCTIONNEL\"}]},{\"@type\":\"WebSite\",\"@id\":\"https:\\\/\\\/delorenzoglobal.com\\\/fr\\\/#website\",\"url\":\"https:\\\/\\\/delorenzoglobal.com\\\/fr\\\/\",\"name\":\"De Lorenzo Training &amp; Didactical Equipment\",\"description\":\"\",\"potentialAction\":[{\"@type\":\"SearchAction\",\"target\":{\"@type\":\"EntryPoint\",\"urlTemplate\":\"https:\\\/\\\/delorenzoglobal.com\\\/fr\\\/?s={search_term_string}\"},\"query-input\":{\"@type\":\"PropertyValueSpecification\",\"valueRequired\":true,\"valueName\":\"search_term_string\"}}],\"inLanguage\":\"fr-FR\"}]}<\/script>\n<!-- \/ Yoast SEO plugin. -->","yoast_head_json":{"title":"BANC MULTI FONCTIONNEL - De Lorenzo Training &amp; Didactical Equipment","robots":{"index":"index","follow":"follow","max-snippet":"max-snippet:-1","max-image-preview":"max-image-preview:large","max-video-preview":"max-video-preview:-1"},"canonical":"https:\/\/delorenzoglobal.com\/fr\/produit\/banc-multi-fonctionnel\/","og_locale":"fr_FR","og_type":"article","og_title":"BANC MULTI FONCTIONNEL - De Lorenzo Training &amp; Didactical Equipment","og_description":"Unit\u00e9 de cuisson multifonctionnelle avec un volume total d&rsquo;environ 30 litres et un volume de fonctionnement de 20 litres adapt\u00e9 \u00e0 la pr\u00e9paration de petites quantit\u00e9s (15-20 kg) de marmelades, confitures, ketchup, jus et autres produits alimentaires. L&rsquo;unit\u00e9, con\u00e7ue comme un banc multifonctionnel, est compos\u00e9e d&rsquo;une unit\u00e9 multifonctionnelle de cuisson \/ concentration (dans l&rsquo;atmosph\u00e8re ou [&hellip;]","og_url":"https:\/\/delorenzoglobal.com\/fr\/produit\/banc-multi-fonctionnel\/","og_site_name":"De Lorenzo Training &amp; Didactical Equipment","article_modified_time":"2025-01-23T08:13:46+00:00","og_image":[{"width":672,"height":1024,"url":"https:\/\/delorenzoglobal.com\/wp-content\/uploads\/2024\/04\/DL-LAB30-672x1024.png","type":"image\/png"}],"twitter_card":"summary_large_image","twitter_misc":{"Dur\u00e9e de lecture estim\u00e9e":"1 minute"},"schema":{"@context":"https:\/\/schema.org","@graph":[{"@type":"WebPage","@id":"https:\/\/delorenzoglobal.com\/fr\/produit\/banc-multi-fonctionnel\/","url":"https:\/\/delorenzoglobal.com\/fr\/produit\/banc-multi-fonctionnel\/","name":"BANC MULTI FONCTIONNEL - De Lorenzo Training &amp; Didactical Equipment","isPartOf":{"@id":"https:\/\/delorenzoglobal.com\/fr\/#website"},"primaryImageOfPage":{"@id":"https:\/\/delorenzoglobal.com\/fr\/produit\/banc-multi-fonctionnel\/#primaryimage"},"image":{"@id":"https:\/\/delorenzoglobal.com\/fr\/produit\/banc-multi-fonctionnel\/#primaryimage"},"thumbnailUrl":"https:\/\/delorenzoglobal.com\/wp-content\/uploads\/2024\/04\/DL-LAB30.png","datePublished":"2024-04-19T13:51:33+00:00","dateModified":"2025-01-23T08:13:46+00:00","breadcrumb":{"@id":"https:\/\/delorenzoglobal.com\/fr\/produit\/banc-multi-fonctionnel\/#breadcrumb"},"inLanguage":"fr-FR","potentialAction":[{"@type":"ReadAction","target":["https:\/\/delorenzoglobal.com\/fr\/produit\/banc-multi-fonctionnel\/"]}]},{"@type":"ImageObject","inLanguage":"fr-FR","@id":"https:\/\/delorenzoglobal.com\/fr\/produit\/banc-multi-fonctionnel\/#primaryimage","url":"https:\/\/delorenzoglobal.com\/wp-content\/uploads\/2024\/04\/DL-LAB30.png","contentUrl":"https:\/\/delorenzoglobal.com\/wp-content\/uploads\/2024\/04\/DL-LAB30.png","width":2204,"height":3358},{"@type":"BreadcrumbList","@id":"https:\/\/delorenzoglobal.com\/fr\/produit\/banc-multi-fonctionnel\/#breadcrumb","itemListElement":[{"@type":"ListItem","position":1,"name":"Home","item":"https:\/\/delorenzoglobal.com\/fr\/"},{"@type":"ListItem","position":2,"name":"Boutique","item":"https:\/\/delorenzoglobal.com\/fr\/boutique\/"},{"@type":"ListItem","position":3,"name":"BANC MULTI FONCTIONNEL"}]},{"@type":"WebSite","@id":"https:\/\/delorenzoglobal.com\/fr\/#website","url":"https:\/\/delorenzoglobal.com\/fr\/","name":"De Lorenzo Training &amp; Didactical Equipment","description":"","potentialAction":[{"@type":"SearchAction","target":{"@type":"EntryPoint","urlTemplate":"https:\/\/delorenzoglobal.com\/fr\/?s={search_term_string}"},"query-input":{"@type":"PropertyValueSpecification","valueRequired":true,"valueName":"search_term_string"}}],"inLanguage":"fr-FR"}]}},"_links":{"self":[{"href":"https:\/\/delorenzoglobal.com\/fr\/wp-json\/wp\/v2\/product\/12321","targetHints":{"allow":["GET"]}}],"collection":[{"href":"https:\/\/delorenzoglobal.com\/fr\/wp-json\/wp\/v2\/product"}],"about":[{"href":"https:\/\/delorenzoglobal.com\/fr\/wp-json\/wp\/v2\/types\/product"}],"wp:featuredmedia":[{"embeddable":true,"href":"https:\/\/delorenzoglobal.com\/fr\/wp-json\/wp\/v2\/media\/12314"}],"wp:attachment":[{"href":"https:\/\/delorenzoglobal.com\/fr\/wp-json\/wp\/v2\/media?parent=12321"}],"wp:term":[{"taxonomy":"product_brand","embeddable":true,"href":"https:\/\/delorenzoglobal.com\/fr\/wp-json\/wp\/v2\/product_brand?post=12321"},{"taxonomy":"product_cat","embeddable":true,"href":"https:\/\/delorenzoglobal.com\/fr\/wp-json\/wp\/v2\/product_cat?post=12321"},{"taxonomy":"product_tag","embeddable":true,"href":"https:\/\/delorenzoglobal.com\/fr\/wp-json\/wp\/v2\/product_tag?post=12321"}],"curies":[{"name":"wp","href":"https:\/\/api.w.org\/{rel}","templated":true}]}}