{"id":12262,"date":"2024-04-19T15:34:48","date_gmt":"2024-04-19T13:34:48","guid":{"rendered":"https:\/\/delorenzoglobal.com\/?post_type=product&#038;p=12262"},"modified":"2025-01-23T10:56:07","modified_gmt":"2025-01-23T09:56:07","slug":"machine-de-traitement-du-lait-et-du-fromage-3","status":"publish","type":"product","link":"https:\/\/delorenzoglobal.com\/fr\/produit\/machine-de-traitement-du-lait-et-du-fromage-3\/","title":{"rendered":"MACHINE DE TRAITEMENT DU LAIT ET DU FROMAGE"},"content":{"rendered":"<p>La technologie alimentaire est devenue un domaine interdisciplinaire bas\u00e9 sur le g\u00e9nie chimique et la science alimentaire traitant des processus de production des aliments.<\/p>\n<p>Les industries alimentaires cherchent constamment \u00e0 am\u00e9liorer la qualit\u00e9 et la rentabilit\u00e9 des produits alimentaires, en essayant de mener des activit\u00e9s industrielles plus durables et plus respectueuses de l&rsquo;environnement.<\/p>\n<p>Afin de r\u00e9pondre \u00e0 la demande croissante de techniciens qualifi\u00e9s et de personnel comp\u00e9tent dans le secteur des technologies alimentaires, les instituts techniques et les universit\u00e9s doivent \u00e9tendre leur offre de formation en \u00e9quipant les laboratoires concern\u00e9s de machines et d&rsquo;\u00e9quipements adapt\u00e9s.<\/p>\n<p>Gr\u00e2ce \u00e0 la taille compacte de cette machine et \u00e0 son affichage convivial, les \u00e9tudiants peuvent facilement comprendre et reproduire un cycle de production complet li\u00e9 \u00e0 la transformation du lait.<\/p>\n<p>En particulier, avec cette machine, il est possible de produire:<\/p>\n<ul>\n<li>Lait pasteuris\u00e9<\/li>\n<li>Yaourt<\/li>\n<li>Fromage \u00e0 p\u00e2te molle et \u00e0 p\u00e2te dure<\/li>\n<li>Fromage blanc<\/li>\n<li>Fromage p\u00e2tes fil\u00e9es<\/li>\n<\/ul>\n","protected":false},"excerpt":{"rendered":"<p>La technologie alimentaire est devenue un domaine interdisciplinaire bas\u00e9 sur le g\u00e9nie chimique et la science alimentaire traitant des processus de production des aliments. Les industries alimentaires cherchent constamment \u00e0 am\u00e9liorer la qualit\u00e9 et la rentabilit\u00e9 des produits alimentaires, en essayant de mener des activit\u00e9s industrielles plus durables et plus respectueuses de l&rsquo;environnement. Afin de [&hellip;]<\/p>\n","protected":false},"featured_media":12255,"template":"","meta":{"_acf_changed":false},"product_brand":[],"product_cat":[413],"product_tag":[],"class_list":{"0":"post-12262","1":"product","2":"type-product","3":"status-publish","4":"has-post-thumbnail","6":"product_cat-technologies-alimentaires","8":"first","9":"instock","10":"shipping-taxable","11":"product-type-simple"},"acf":[],"yoast_head":"<!-- This site is optimized with the Yoast SEO plugin v27.4 - https:\/\/yoast.com\/product\/yoast-seo-wordpress\/ -->\n<title>MACHINE DE TRAITEMENT DU LAIT ET DU FROMAGE - De Lorenzo Training &amp; Didactical Equipment<\/title>\n<meta name=\"robots\" content=\"index, follow, max-snippet:-1, max-image-preview:large, max-video-preview:-1\" \/>\n<link rel=\"canonical\" href=\"https:\/\/delorenzoglobal.com\/fr\/produit\/machine-de-traitement-du-lait-et-du-fromage-3\/\" \/>\n<meta property=\"og:locale\" content=\"fr_FR\" \/>\n<meta property=\"og:type\" content=\"article\" \/>\n<meta property=\"og:title\" content=\"MACHINE DE TRAITEMENT DU LAIT ET DU FROMAGE - De Lorenzo Training &amp; Didactical Equipment\" \/>\n<meta property=\"og:description\" content=\"La technologie alimentaire est devenue un domaine interdisciplinaire bas\u00e9 sur le g\u00e9nie chimique et la science alimentaire traitant des processus de production des aliments. Les industries alimentaires cherchent constamment \u00e0 am\u00e9liorer la qualit\u00e9 et la rentabilit\u00e9 des produits alimentaires, en essayant de mener des activit\u00e9s industrielles plus durables et plus respectueuses de l&rsquo;environnement. Afin de [&hellip;]\" \/>\n<meta property=\"og:url\" content=\"https:\/\/delorenzoglobal.com\/fr\/produit\/machine-de-traitement-du-lait-et-du-fromage-3\/\" \/>\n<meta property=\"og:site_name\" content=\"De Lorenzo Training &amp; Didactical Equipment\" \/>\n<meta property=\"article:modified_time\" content=\"2025-01-23T09:56:07+00:00\" \/>\n<meta property=\"og:image\" content=\"https:\/\/delorenzoglobal.com\/wp-content\/uploads\/2024\/04\/MILK200.jpg\" \/>\n\t<meta property=\"og:image:width\" content=\"590\" \/>\n\t<meta property=\"og:image:height\" content=\"728\" \/>\n\t<meta property=\"og:image:type\" content=\"image\/jpeg\" \/>\n<meta name=\"twitter:card\" content=\"summary_large_image\" \/>\n<meta name=\"twitter:label1\" content=\"Dur\u00e9e de lecture estim\u00e9e\" \/>\n\t<meta name=\"twitter:data1\" content=\"2 minutes\" \/>\n<script type=\"application\/ld+json\" class=\"yoast-schema-graph\">{\"@context\":\"https:\\\/\\\/schema.org\",\"@graph\":[{\"@type\":\"WebPage\",\"@id\":\"https:\\\/\\\/delorenzoglobal.com\\\/fr\\\/produit\\\/machine-de-traitement-du-lait-et-du-fromage-3\\\/\",\"url\":\"https:\\\/\\\/delorenzoglobal.com\\\/fr\\\/produit\\\/machine-de-traitement-du-lait-et-du-fromage-3\\\/\",\"name\":\"MACHINE DE TRAITEMENT DU LAIT ET DU FROMAGE - De Lorenzo Training &amp; Didactical Equipment\",\"isPartOf\":{\"@id\":\"https:\\\/\\\/delorenzoglobal.com\\\/fr\\\/#website\"},\"primaryImageOfPage\":{\"@id\":\"https:\\\/\\\/delorenzoglobal.com\\\/fr\\\/produit\\\/machine-de-traitement-du-lait-et-du-fromage-3\\\/#primaryimage\"},\"image\":{\"@id\":\"https:\\\/\\\/delorenzoglobal.com\\\/fr\\\/produit\\\/machine-de-traitement-du-lait-et-du-fromage-3\\\/#primaryimage\"},\"thumbnailUrl\":\"https:\\\/\\\/delorenzoglobal.com\\\/wp-content\\\/uploads\\\/2024\\\/04\\\/MILK200.jpg\",\"datePublished\":\"2024-04-19T13:34:48+00:00\",\"dateModified\":\"2025-01-23T09:56:07+00:00\",\"breadcrumb\":{\"@id\":\"https:\\\/\\\/delorenzoglobal.com\\\/fr\\\/produit\\\/machine-de-traitement-du-lait-et-du-fromage-3\\\/#breadcrumb\"},\"inLanguage\":\"fr-FR\",\"potentialAction\":[{\"@type\":\"ReadAction\",\"target\":[\"https:\\\/\\\/delorenzoglobal.com\\\/fr\\\/produit\\\/machine-de-traitement-du-lait-et-du-fromage-3\\\/\"]}]},{\"@type\":\"ImageObject\",\"inLanguage\":\"fr-FR\",\"@id\":\"https:\\\/\\\/delorenzoglobal.com\\\/fr\\\/produit\\\/machine-de-traitement-du-lait-et-du-fromage-3\\\/#primaryimage\",\"url\":\"https:\\\/\\\/delorenzoglobal.com\\\/wp-content\\\/uploads\\\/2024\\\/04\\\/MILK200.jpg\",\"contentUrl\":\"https:\\\/\\\/delorenzoglobal.com\\\/wp-content\\\/uploads\\\/2024\\\/04\\\/MILK200.jpg\",\"width\":590,\"height\":728},{\"@type\":\"BreadcrumbList\",\"@id\":\"https:\\\/\\\/delorenzoglobal.com\\\/fr\\\/produit\\\/machine-de-traitement-du-lait-et-du-fromage-3\\\/#breadcrumb\",\"itemListElement\":[{\"@type\":\"ListItem\",\"position\":1,\"name\":\"Home\",\"item\":\"https:\\\/\\\/delorenzoglobal.com\\\/fr\\\/\"},{\"@type\":\"ListItem\",\"position\":2,\"name\":\"Boutique\",\"item\":\"https:\\\/\\\/delorenzoglobal.com\\\/fr\\\/boutique\\\/\"},{\"@type\":\"ListItem\",\"position\":3,\"name\":\"MACHINE DE TRAITEMENT DU LAIT ET DU FROMAGE\"}]},{\"@type\":\"WebSite\",\"@id\":\"https:\\\/\\\/delorenzoglobal.com\\\/fr\\\/#website\",\"url\":\"https:\\\/\\\/delorenzoglobal.com\\\/fr\\\/\",\"name\":\"De Lorenzo Training &amp; Didactical Equipment\",\"description\":\"\",\"potentialAction\":[{\"@type\":\"SearchAction\",\"target\":{\"@type\":\"EntryPoint\",\"urlTemplate\":\"https:\\\/\\\/delorenzoglobal.com\\\/fr\\\/?s={search_term_string}\"},\"query-input\":{\"@type\":\"PropertyValueSpecification\",\"valueRequired\":true,\"valueName\":\"search_term_string\"}}],\"inLanguage\":\"fr-FR\"}]}<\/script>\n<!-- \/ Yoast SEO plugin. -->","yoast_head_json":{"title":"MACHINE DE TRAITEMENT DU LAIT ET DU FROMAGE - De Lorenzo Training &amp; Didactical Equipment","robots":{"index":"index","follow":"follow","max-snippet":"max-snippet:-1","max-image-preview":"max-image-preview:large","max-video-preview":"max-video-preview:-1"},"canonical":"https:\/\/delorenzoglobal.com\/fr\/produit\/machine-de-traitement-du-lait-et-du-fromage-3\/","og_locale":"fr_FR","og_type":"article","og_title":"MACHINE DE TRAITEMENT DU LAIT ET DU FROMAGE - De Lorenzo Training &amp; Didactical Equipment","og_description":"La technologie alimentaire est devenue un domaine interdisciplinaire bas\u00e9 sur le g\u00e9nie chimique et la science alimentaire traitant des processus de production des aliments. Les industries alimentaires cherchent constamment \u00e0 am\u00e9liorer la qualit\u00e9 et la rentabilit\u00e9 des produits alimentaires, en essayant de mener des activit\u00e9s industrielles plus durables et plus respectueuses de l&rsquo;environnement. Afin de [&hellip;]","og_url":"https:\/\/delorenzoglobal.com\/fr\/produit\/machine-de-traitement-du-lait-et-du-fromage-3\/","og_site_name":"De Lorenzo Training &amp; Didactical Equipment","article_modified_time":"2025-01-23T09:56:07+00:00","og_image":[{"width":590,"height":728,"url":"https:\/\/delorenzoglobal.com\/wp-content\/uploads\/2024\/04\/MILK200.jpg","type":"image\/jpeg"}],"twitter_card":"summary_large_image","twitter_misc":{"Dur\u00e9e de lecture estim\u00e9e":"2 minutes"},"schema":{"@context":"https:\/\/schema.org","@graph":[{"@type":"WebPage","@id":"https:\/\/delorenzoglobal.com\/fr\/produit\/machine-de-traitement-du-lait-et-du-fromage-3\/","url":"https:\/\/delorenzoglobal.com\/fr\/produit\/machine-de-traitement-du-lait-et-du-fromage-3\/","name":"MACHINE DE TRAITEMENT DU LAIT ET DU FROMAGE - De Lorenzo Training &amp; Didactical Equipment","isPartOf":{"@id":"https:\/\/delorenzoglobal.com\/fr\/#website"},"primaryImageOfPage":{"@id":"https:\/\/delorenzoglobal.com\/fr\/produit\/machine-de-traitement-du-lait-et-du-fromage-3\/#primaryimage"},"image":{"@id":"https:\/\/delorenzoglobal.com\/fr\/produit\/machine-de-traitement-du-lait-et-du-fromage-3\/#primaryimage"},"thumbnailUrl":"https:\/\/delorenzoglobal.com\/wp-content\/uploads\/2024\/04\/MILK200.jpg","datePublished":"2024-04-19T13:34:48+00:00","dateModified":"2025-01-23T09:56:07+00:00","breadcrumb":{"@id":"https:\/\/delorenzoglobal.com\/fr\/produit\/machine-de-traitement-du-lait-et-du-fromage-3\/#breadcrumb"},"inLanguage":"fr-FR","potentialAction":[{"@type":"ReadAction","target":["https:\/\/delorenzoglobal.com\/fr\/produit\/machine-de-traitement-du-lait-et-du-fromage-3\/"]}]},{"@type":"ImageObject","inLanguage":"fr-FR","@id":"https:\/\/delorenzoglobal.com\/fr\/produit\/machine-de-traitement-du-lait-et-du-fromage-3\/#primaryimage","url":"https:\/\/delorenzoglobal.com\/wp-content\/uploads\/2024\/04\/MILK200.jpg","contentUrl":"https:\/\/delorenzoglobal.com\/wp-content\/uploads\/2024\/04\/MILK200.jpg","width":590,"height":728},{"@type":"BreadcrumbList","@id":"https:\/\/delorenzoglobal.com\/fr\/produit\/machine-de-traitement-du-lait-et-du-fromage-3\/#breadcrumb","itemListElement":[{"@type":"ListItem","position":1,"name":"Home","item":"https:\/\/delorenzoglobal.com\/fr\/"},{"@type":"ListItem","position":2,"name":"Boutique","item":"https:\/\/delorenzoglobal.com\/fr\/boutique\/"},{"@type":"ListItem","position":3,"name":"MACHINE DE TRAITEMENT DU LAIT ET DU FROMAGE"}]},{"@type":"WebSite","@id":"https:\/\/delorenzoglobal.com\/fr\/#website","url":"https:\/\/delorenzoglobal.com\/fr\/","name":"De Lorenzo Training &amp; Didactical Equipment","description":"","potentialAction":[{"@type":"SearchAction","target":{"@type":"EntryPoint","urlTemplate":"https:\/\/delorenzoglobal.com\/fr\/?s={search_term_string}"},"query-input":{"@type":"PropertyValueSpecification","valueRequired":true,"valueName":"search_term_string"}}],"inLanguage":"fr-FR"}]}},"_links":{"self":[{"href":"https:\/\/delorenzoglobal.com\/fr\/wp-json\/wp\/v2\/product\/12262","targetHints":{"allow":["GET"]}}],"collection":[{"href":"https:\/\/delorenzoglobal.com\/fr\/wp-json\/wp\/v2\/product"}],"about":[{"href":"https:\/\/delorenzoglobal.com\/fr\/wp-json\/wp\/v2\/types\/product"}],"wp:featuredmedia":[{"embeddable":true,"href":"https:\/\/delorenzoglobal.com\/fr\/wp-json\/wp\/v2\/media\/12255"}],"wp:attachment":[{"href":"https:\/\/delorenzoglobal.com\/fr\/wp-json\/wp\/v2\/media?parent=12262"}],"wp:term":[{"taxonomy":"product_brand","embeddable":true,"href":"https:\/\/delorenzoglobal.com\/fr\/wp-json\/wp\/v2\/product_brand?post=12262"},{"taxonomy":"product_cat","embeddable":true,"href":"https:\/\/delorenzoglobal.com\/fr\/wp-json\/wp\/v2\/product_cat?post=12262"},{"taxonomy":"product_tag","embeddable":true,"href":"https:\/\/delorenzoglobal.com\/fr\/wp-json\/wp\/v2\/product_tag?post=12262"}],"curies":[{"name":"wp","href":"https:\/\/api.w.org\/{rel}","templated":true}]}}