{"id":12206,"date":"2024-04-19T15:19:46","date_gmt":"2024-04-19T13:19:46","guid":{"rendered":"https:\/\/delorenzoglobal.com\/?post_type=product&#038;p=12206"},"modified":"2025-10-06T14:09:20","modified_gmt":"2025-10-06T12:09:20","slug":"echangeur-de-chaleur-a-double-enveloppe-avec-serpentin-et-agitateur","status":"publish","type":"product","link":"https:\/\/delorenzoglobal.com\/fr\/produit\/echangeur-de-chaleur-a-double-enveloppe-avec-serpentin-et-agitateur\/","title":{"rendered":"ECHANGEUR DE CHALEUR A DOUBLE ENVELOPPE AVEC SERPENTIN ET AGITATEUR"},"content":{"rendered":"<p>Ce type d\u2019\u00e9changeur de chaleur est couramment utilis\u00e9 dans les industries de traitement et chimiques, lorsqu\u2019une temp\u00e9rature de fluide bien d\u00e9finie est requise.<\/p>\n<p>L&rsquo;\u00e9changeur peut fonctionner avec un r\u00e9cipient \u00e0 double paroi ou un tube enroul\u00e9; le module peut \u00e9galement fonctionner avec un flux continu dans la cuve ou en chauffant une quantit\u00e9 d\u00e9finie de liquide.<\/p>\n<p>L&rsquo;\u00e9changeur comprend un thermocouple qui mesure en permanence la temp\u00e9rature du fluide \u00e0 l&rsquo;int\u00e9rieur de la cuve et comprend \u00e9galement un agitateur \u00e0 vitesse variable pour tester les effets dans l&rsquo;\u00e9changeur thermique.<\/p>\n","protected":false},"excerpt":{"rendered":"<p>Ce type d\u2019\u00e9changeur de chaleur est couramment utilis\u00e9 dans les industries de traitement et chimiques, lorsqu\u2019une temp\u00e9rature de fluide bien d\u00e9finie est requise. L&rsquo;\u00e9changeur peut fonctionner avec un r\u00e9cipient \u00e0 double paroi ou un tube enroul\u00e9; le module peut \u00e9galement fonctionner avec un flux continu dans la cuve ou en chauffant une quantit\u00e9 d\u00e9finie de [&hellip;]<\/p>\n","protected":false},"featured_media":64127,"template":"","meta":{"_acf_changed":false},"product_brand":[],"product_cat":[404],"product_tag":[],"class_list":{"0":"post-12206","1":"product","2":"type-product","3":"status-publish","4":"has-post-thumbnail","6":"product_cat-transfert-de-chaleur","8":"first","9":"instock","10":"shipping-taxable","11":"product-type-simple"},"acf":[],"yoast_head":"<!-- This site is optimized with the Yoast SEO plugin v27.0 - https:\/\/yoast.com\/product\/yoast-seo-wordpress\/ -->\n<title>ECHANGEUR DE CHALEUR A DOUBLE ENVELOPPE AVEC SERPENTIN ET AGITATEUR - De Lorenzo Training &amp; Didactical Equipment<\/title>\n<meta name=\"robots\" content=\"index, follow, max-snippet:-1, max-image-preview:large, max-video-preview:-1\" \/>\n<link rel=\"canonical\" href=\"https:\/\/delorenzoglobal.com\/fr\/produit\/echangeur-de-chaleur-a-double-enveloppe-avec-serpentin-et-agitateur\/\" \/>\n<meta property=\"og:locale\" content=\"fr_FR\" \/>\n<meta property=\"og:type\" content=\"article\" \/>\n<meta property=\"og:title\" content=\"ECHANGEUR DE CHALEUR A DOUBLE ENVELOPPE AVEC SERPENTIN ET AGITATEUR - De Lorenzo Training &amp; Didactical Equipment\" \/>\n<meta property=\"og:description\" content=\"Ce type d\u2019\u00e9changeur de chaleur est couramment utilis\u00e9 dans les industries de traitement et chimiques, lorsqu\u2019une temp\u00e9rature de fluide bien d\u00e9finie est requise. L&rsquo;\u00e9changeur peut fonctionner avec un r\u00e9cipient \u00e0 double paroi ou un tube enroul\u00e9; le module peut \u00e9galement fonctionner avec un flux continu dans la cuve ou en chauffant une quantit\u00e9 d\u00e9finie de [&hellip;]\" \/>\n<meta property=\"og:url\" content=\"https:\/\/delorenzoglobal.com\/fr\/produit\/echangeur-de-chaleur-a-double-enveloppe-avec-serpentin-et-agitateur\/\" \/>\n<meta property=\"og:site_name\" content=\"De Lorenzo Training &amp; Didactical Equipment\" \/>\n<meta property=\"article:modified_time\" content=\"2025-10-06T12:09:20+00:00\" \/>\n<meta property=\"og:image\" content=\"https:\/\/delorenzoglobal.com\/wp-content\/uploads\/2024\/04\/DL-DKC015-1-scaled.jpg\" \/>\n\t<meta property=\"og:image:width\" content=\"2258\" \/>\n\t<meta property=\"og:image:height\" content=\"2560\" \/>\n\t<meta property=\"og:image:type\" content=\"image\/jpeg\" \/>\n<meta name=\"twitter:card\" content=\"summary_large_image\" \/>\n<meta name=\"twitter:label1\" content=\"Dur\u00e9e de lecture estim\u00e9e\" \/>\n\t<meta name=\"twitter:data1\" content=\"1 minute\" \/>\n<script type=\"application\/ld+json\" class=\"yoast-schema-graph\">{\"@context\":\"https:\/\/schema.org\",\"@graph\":[{\"@type\":\"WebPage\",\"@id\":\"https:\/\/delorenzoglobal.com\/fr\/produit\/echangeur-de-chaleur-a-double-enveloppe-avec-serpentin-et-agitateur\/\",\"url\":\"https:\/\/delorenzoglobal.com\/fr\/produit\/echangeur-de-chaleur-a-double-enveloppe-avec-serpentin-et-agitateur\/\",\"name\":\"ECHANGEUR DE CHALEUR A DOUBLE ENVELOPPE AVEC SERPENTIN ET AGITATEUR - De Lorenzo Training &amp; Didactical Equipment\",\"isPartOf\":{\"@id\":\"https:\/\/delorenzoglobal.com\/fr\/#website\"},\"primaryImageOfPage\":{\"@id\":\"https:\/\/delorenzoglobal.com\/fr\/produit\/echangeur-de-chaleur-a-double-enveloppe-avec-serpentin-et-agitateur\/#primaryimage\"},\"image\":{\"@id\":\"https:\/\/delorenzoglobal.com\/fr\/produit\/echangeur-de-chaleur-a-double-enveloppe-avec-serpentin-et-agitateur\/#primaryimage\"},\"thumbnailUrl\":\"https:\/\/delorenzoglobal.com\/wp-content\/uploads\/2024\/04\/DL-DKC015-3.jpg\",\"datePublished\":\"2024-04-19T13:19:46+00:00\",\"dateModified\":\"2025-10-06T12:09:20+00:00\",\"breadcrumb\":{\"@id\":\"https:\/\/delorenzoglobal.com\/fr\/produit\/echangeur-de-chaleur-a-double-enveloppe-avec-serpentin-et-agitateur\/#breadcrumb\"},\"inLanguage\":\"fr-FR\",\"potentialAction\":[{\"@type\":\"ReadAction\",\"target\":[\"https:\/\/delorenzoglobal.com\/fr\/produit\/echangeur-de-chaleur-a-double-enveloppe-avec-serpentin-et-agitateur\/\"]}]},{\"@type\":\"ImageObject\",\"inLanguage\":\"fr-FR\",\"@id\":\"https:\/\/delorenzoglobal.com\/fr\/produit\/echangeur-de-chaleur-a-double-enveloppe-avec-serpentin-et-agitateur\/#primaryimage\",\"url\":\"https:\/\/delorenzoglobal.com\/wp-content\/uploads\/2024\/04\/DL-DKC015-3.jpg\",\"contentUrl\":\"https:\/\/delorenzoglobal.com\/wp-content\/uploads\/2024\/04\/DL-DKC015-3.jpg\",\"width\":635,\"height\":628},{\"@type\":\"BreadcrumbList\",\"@id\":\"https:\/\/delorenzoglobal.com\/fr\/produit\/echangeur-de-chaleur-a-double-enveloppe-avec-serpentin-et-agitateur\/#breadcrumb\",\"itemListElement\":[{\"@type\":\"ListItem\",\"position\":1,\"name\":\"Home\",\"item\":\"https:\/\/delorenzoglobal.com\/fr\/\"},{\"@type\":\"ListItem\",\"position\":2,\"name\":\"Boutique\",\"item\":\"https:\/\/delorenzoglobal.com\/fr\/boutique\/\"},{\"@type\":\"ListItem\",\"position\":3,\"name\":\"ECHANGEUR DE CHALEUR A DOUBLE ENVELOPPE AVEC SERPENTIN ET AGITATEUR\"}]},{\"@type\":\"WebSite\",\"@id\":\"https:\/\/delorenzoglobal.com\/fr\/#website\",\"url\":\"https:\/\/delorenzoglobal.com\/fr\/\",\"name\":\"De Lorenzo Training &amp; Didactical Equipment\",\"description\":\"\",\"potentialAction\":[{\"@type\":\"SearchAction\",\"target\":{\"@type\":\"EntryPoint\",\"urlTemplate\":\"https:\/\/delorenzoglobal.com\/fr\/?s={search_term_string}\"},\"query-input\":{\"@type\":\"PropertyValueSpecification\",\"valueRequired\":true,\"valueName\":\"search_term_string\"}}],\"inLanguage\":\"fr-FR\"}]}<\/script>\n<!-- \/ Yoast SEO plugin. -->","yoast_head_json":{"title":"ECHANGEUR DE CHALEUR A DOUBLE ENVELOPPE AVEC SERPENTIN ET AGITATEUR - De Lorenzo Training &amp; Didactical Equipment","robots":{"index":"index","follow":"follow","max-snippet":"max-snippet:-1","max-image-preview":"max-image-preview:large","max-video-preview":"max-video-preview:-1"},"canonical":"https:\/\/delorenzoglobal.com\/fr\/produit\/echangeur-de-chaleur-a-double-enveloppe-avec-serpentin-et-agitateur\/","og_locale":"fr_FR","og_type":"article","og_title":"ECHANGEUR DE CHALEUR A DOUBLE ENVELOPPE AVEC SERPENTIN ET AGITATEUR - De Lorenzo Training &amp; Didactical Equipment","og_description":"Ce type d\u2019\u00e9changeur de chaleur est couramment utilis\u00e9 dans les industries de traitement et chimiques, lorsqu\u2019une temp\u00e9rature de fluide bien d\u00e9finie est requise. L&rsquo;\u00e9changeur peut fonctionner avec un r\u00e9cipient \u00e0 double paroi ou un tube enroul\u00e9; le module peut \u00e9galement fonctionner avec un flux continu dans la cuve ou en chauffant une quantit\u00e9 d\u00e9finie de [&hellip;]","og_url":"https:\/\/delorenzoglobal.com\/fr\/produit\/echangeur-de-chaleur-a-double-enveloppe-avec-serpentin-et-agitateur\/","og_site_name":"De Lorenzo Training &amp; Didactical Equipment","article_modified_time":"2025-10-06T12:09:20+00:00","og_image":[{"width":2258,"height":2560,"url":"https:\/\/delorenzoglobal.com\/wp-content\/uploads\/2024\/04\/DL-DKC015-1-scaled.jpg","type":"image\/jpeg"}],"twitter_card":"summary_large_image","twitter_misc":{"Dur\u00e9e de lecture estim\u00e9e":"1 minute"},"schema":{"@context":"https:\/\/schema.org","@graph":[{"@type":"WebPage","@id":"https:\/\/delorenzoglobal.com\/fr\/produit\/echangeur-de-chaleur-a-double-enveloppe-avec-serpentin-et-agitateur\/","url":"https:\/\/delorenzoglobal.com\/fr\/produit\/echangeur-de-chaleur-a-double-enveloppe-avec-serpentin-et-agitateur\/","name":"ECHANGEUR DE CHALEUR A DOUBLE ENVELOPPE AVEC SERPENTIN ET AGITATEUR - De Lorenzo Training &amp; Didactical Equipment","isPartOf":{"@id":"https:\/\/delorenzoglobal.com\/fr\/#website"},"primaryImageOfPage":{"@id":"https:\/\/delorenzoglobal.com\/fr\/produit\/echangeur-de-chaleur-a-double-enveloppe-avec-serpentin-et-agitateur\/#primaryimage"},"image":{"@id":"https:\/\/delorenzoglobal.com\/fr\/produit\/echangeur-de-chaleur-a-double-enveloppe-avec-serpentin-et-agitateur\/#primaryimage"},"thumbnailUrl":"https:\/\/delorenzoglobal.com\/wp-content\/uploads\/2024\/04\/DL-DKC015-3.jpg","datePublished":"2024-04-19T13:19:46+00:00","dateModified":"2025-10-06T12:09:20+00:00","breadcrumb":{"@id":"https:\/\/delorenzoglobal.com\/fr\/produit\/echangeur-de-chaleur-a-double-enveloppe-avec-serpentin-et-agitateur\/#breadcrumb"},"inLanguage":"fr-FR","potentialAction":[{"@type":"ReadAction","target":["https:\/\/delorenzoglobal.com\/fr\/produit\/echangeur-de-chaleur-a-double-enveloppe-avec-serpentin-et-agitateur\/"]}]},{"@type":"ImageObject","inLanguage":"fr-FR","@id":"https:\/\/delorenzoglobal.com\/fr\/produit\/echangeur-de-chaleur-a-double-enveloppe-avec-serpentin-et-agitateur\/#primaryimage","url":"https:\/\/delorenzoglobal.com\/wp-content\/uploads\/2024\/04\/DL-DKC015-3.jpg","contentUrl":"https:\/\/delorenzoglobal.com\/wp-content\/uploads\/2024\/04\/DL-DKC015-3.jpg","width":635,"height":628},{"@type":"BreadcrumbList","@id":"https:\/\/delorenzoglobal.com\/fr\/produit\/echangeur-de-chaleur-a-double-enveloppe-avec-serpentin-et-agitateur\/#breadcrumb","itemListElement":[{"@type":"ListItem","position":1,"name":"Home","item":"https:\/\/delorenzoglobal.com\/fr\/"},{"@type":"ListItem","position":2,"name":"Boutique","item":"https:\/\/delorenzoglobal.com\/fr\/boutique\/"},{"@type":"ListItem","position":3,"name":"ECHANGEUR DE CHALEUR A DOUBLE ENVELOPPE AVEC SERPENTIN ET AGITATEUR"}]},{"@type":"WebSite","@id":"https:\/\/delorenzoglobal.com\/fr\/#website","url":"https:\/\/delorenzoglobal.com\/fr\/","name":"De Lorenzo Training &amp; Didactical Equipment","description":"","potentialAction":[{"@type":"SearchAction","target":{"@type":"EntryPoint","urlTemplate":"https:\/\/delorenzoglobal.com\/fr\/?s={search_term_string}"},"query-input":{"@type":"PropertyValueSpecification","valueRequired":true,"valueName":"search_term_string"}}],"inLanguage":"fr-FR"}]}},"_links":{"self":[{"href":"https:\/\/delorenzoglobal.com\/fr\/wp-json\/wp\/v2\/product\/12206","targetHints":{"allow":["GET"]}}],"collection":[{"href":"https:\/\/delorenzoglobal.com\/fr\/wp-json\/wp\/v2\/product"}],"about":[{"href":"https:\/\/delorenzoglobal.com\/fr\/wp-json\/wp\/v2\/types\/product"}],"wp:featuredmedia":[{"embeddable":true,"href":"https:\/\/delorenzoglobal.com\/fr\/wp-json\/wp\/v2\/media\/64127"}],"wp:attachment":[{"href":"https:\/\/delorenzoglobal.com\/fr\/wp-json\/wp\/v2\/media?parent=12206"}],"wp:term":[{"taxonomy":"product_brand","embeddable":true,"href":"https:\/\/delorenzoglobal.com\/fr\/wp-json\/wp\/v2\/product_brand?post=12206"},{"taxonomy":"product_cat","embeddable":true,"href":"https:\/\/delorenzoglobal.com\/fr\/wp-json\/wp\/v2\/product_cat?post=12206"},{"taxonomy":"product_tag","embeddable":true,"href":"https:\/\/delorenzoglobal.com\/fr\/wp-json\/wp\/v2\/product_tag?post=12206"}],"curies":[{"name":"wp","href":"https:\/\/api.w.org\/{rel}","templated":true}]}}