{"id":12061,"date":"2024-04-19T14:39:59","date_gmt":"2024-04-19T12:39:59","guid":{"rendered":"https:\/\/delorenzoglobal.com\/?post_type=product&#038;p=12061"},"modified":"2025-01-22T16:12:53","modified_gmt":"2025-01-22T15:12:53","slug":"extraction-solide-liquide","status":"publish","type":"product","link":"https:\/\/delorenzoglobal.com\/fr\/produit\/extraction-solide-liquide\/","title":{"rendered":"EXTRACTION SOLIDE &#8211; LIQUIDE"},"content":{"rendered":"<p>Cette plante permet d&rsquo;\u00e9tudier le processus d&rsquo;extraction solide-liquide.<\/p>\n<p>L&rsquo;installation permet de r\u00e9aliser des \u00e9tudes d&rsquo;extraction en utilisant diff\u00e9rents solides et en modifiant les principales variables qui affectent le processus :<\/p>\n<ul>\n<li>D\u00e9bit liquide l\u00e9ger<\/li>\n<li>Vitesse de rotation de la vis sans fin<\/li>\n<li>Temp\u00e9rature du solvant<\/li>\n<li>Vitesse d&rsquo;avance solide<\/li>\n<li>Angle d&rsquo;inclinaison<\/li>\n<\/ul>\n","protected":false},"excerpt":{"rendered":"<p>Cette plante permet d&rsquo;\u00e9tudier le processus d&rsquo;extraction solide-liquide. L&rsquo;installation permet de r\u00e9aliser des \u00e9tudes d&rsquo;extraction en utilisant diff\u00e9rents solides et en modifiant les principales variables qui affectent le processus : D\u00e9bit liquide l\u00e9ger Vitesse de rotation de la vis sans fin Temp\u00e9rature du solvant Vitesse d&rsquo;avance solide Angle d&rsquo;inclinaison<\/p>\n","protected":false},"featured_media":12116,"template":"","meta":{"_acf_changed":false},"product_brand":[],"product_cat":[410],"product_tag":[],"class_list":{"0":"post-12061","1":"product","2":"type-product","3":"status-publish","4":"has-post-thumbnail","6":"product_cat-chimie-industrielle-2","8":"first","9":"instock","10":"shipping-taxable","11":"product-type-simple"},"acf":[],"yoast_head":"<!-- This site is optimized with the Yoast SEO plugin v27.4 - https:\/\/yoast.com\/product\/yoast-seo-wordpress\/ -->\n<title>EXTRACTION SOLIDE - LIQUIDE - De Lorenzo Training &amp; Didactical Equipment<\/title>\n<meta name=\"robots\" content=\"index, follow, max-snippet:-1, max-image-preview:large, max-video-preview:-1\" \/>\n<link rel=\"canonical\" href=\"https:\/\/delorenzoglobal.com\/fr\/produit\/extraction-solide-liquide\/\" \/>\n<meta property=\"og:locale\" content=\"fr_FR\" \/>\n<meta property=\"og:type\" content=\"article\" \/>\n<meta property=\"og:title\" content=\"EXTRACTION SOLIDE - LIQUIDE - De Lorenzo Training &amp; Didactical Equipment\" \/>\n<meta property=\"og:description\" content=\"Cette plante permet d&rsquo;\u00e9tudier le processus d&rsquo;extraction solide-liquide. L&rsquo;installation permet de r\u00e9aliser des \u00e9tudes d&rsquo;extraction en utilisant diff\u00e9rents solides et en modifiant les principales variables qui affectent le processus : D\u00e9bit liquide l\u00e9ger Vitesse de rotation de la vis sans fin Temp\u00e9rature du solvant Vitesse d&rsquo;avance solide Angle d&rsquo;inclinaison\" \/>\n<meta property=\"og:url\" content=\"https:\/\/delorenzoglobal.com\/fr\/produit\/extraction-solide-liquide\/\" \/>\n<meta property=\"og:site_name\" content=\"De Lorenzo Training &amp; Didactical Equipment\" \/>\n<meta property=\"article:modified_time\" content=\"2025-01-22T15:12:53+00:00\" \/>\n<meta property=\"og:image\" content=\"https:\/\/delorenzoglobal.com\/wp-content\/uploads\/2024\/04\/DL-CH16.png\" \/>\n\t<meta property=\"og:image:width\" content=\"414\" \/>\n\t<meta property=\"og:image:height\" content=\"402\" \/>\n\t<meta property=\"og:image:type\" content=\"image\/png\" \/>\n<meta name=\"twitter:card\" content=\"summary_large_image\" \/>\n<meta name=\"twitter:label1\" content=\"Dur\u00e9e de lecture estim\u00e9e\" \/>\n\t<meta name=\"twitter:data1\" content=\"1 minute\" \/>\n<script type=\"application\/ld+json\" class=\"yoast-schema-graph\">{\"@context\":\"https:\\\/\\\/schema.org\",\"@graph\":[{\"@type\":\"WebPage\",\"@id\":\"https:\\\/\\\/delorenzoglobal.com\\\/fr\\\/produit\\\/extraction-solide-liquide\\\/\",\"url\":\"https:\\\/\\\/delorenzoglobal.com\\\/fr\\\/produit\\\/extraction-solide-liquide\\\/\",\"name\":\"EXTRACTION SOLIDE - LIQUIDE - De Lorenzo Training &amp; Didactical Equipment\",\"isPartOf\":{\"@id\":\"https:\\\/\\\/delorenzoglobal.com\\\/fr\\\/#website\"},\"primaryImageOfPage\":{\"@id\":\"https:\\\/\\\/delorenzoglobal.com\\\/fr\\\/produit\\\/extraction-solide-liquide\\\/#primaryimage\"},\"image\":{\"@id\":\"https:\\\/\\\/delorenzoglobal.com\\\/fr\\\/produit\\\/extraction-solide-liquide\\\/#primaryimage\"},\"thumbnailUrl\":\"https:\\\/\\\/delorenzoglobal.com\\\/wp-content\\\/uploads\\\/2024\\\/04\\\/DL-CH16.png\",\"datePublished\":\"2024-04-19T12:39:59+00:00\",\"dateModified\":\"2025-01-22T15:12:53+00:00\",\"breadcrumb\":{\"@id\":\"https:\\\/\\\/delorenzoglobal.com\\\/fr\\\/produit\\\/extraction-solide-liquide\\\/#breadcrumb\"},\"inLanguage\":\"fr-FR\",\"potentialAction\":[{\"@type\":\"ReadAction\",\"target\":[\"https:\\\/\\\/delorenzoglobal.com\\\/fr\\\/produit\\\/extraction-solide-liquide\\\/\"]}]},{\"@type\":\"ImageObject\",\"inLanguage\":\"fr-FR\",\"@id\":\"https:\\\/\\\/delorenzoglobal.com\\\/fr\\\/produit\\\/extraction-solide-liquide\\\/#primaryimage\",\"url\":\"https:\\\/\\\/delorenzoglobal.com\\\/wp-content\\\/uploads\\\/2024\\\/04\\\/DL-CH16.png\",\"contentUrl\":\"https:\\\/\\\/delorenzoglobal.com\\\/wp-content\\\/uploads\\\/2024\\\/04\\\/DL-CH16.png\",\"width\":414,\"height\":402},{\"@type\":\"BreadcrumbList\",\"@id\":\"https:\\\/\\\/delorenzoglobal.com\\\/fr\\\/produit\\\/extraction-solide-liquide\\\/#breadcrumb\",\"itemListElement\":[{\"@type\":\"ListItem\",\"position\":1,\"name\":\"Home\",\"item\":\"https:\\\/\\\/delorenzoglobal.com\\\/fr\\\/\"},{\"@type\":\"ListItem\",\"position\":2,\"name\":\"Boutique\",\"item\":\"https:\\\/\\\/delorenzoglobal.com\\\/fr\\\/boutique\\\/\"},{\"@type\":\"ListItem\",\"position\":3,\"name\":\"EXTRACTION SOLIDE &#8211; LIQUIDE\"}]},{\"@type\":\"WebSite\",\"@id\":\"https:\\\/\\\/delorenzoglobal.com\\\/fr\\\/#website\",\"url\":\"https:\\\/\\\/delorenzoglobal.com\\\/fr\\\/\",\"name\":\"De Lorenzo Training &amp; Didactical Equipment\",\"description\":\"\",\"potentialAction\":[{\"@type\":\"SearchAction\",\"target\":{\"@type\":\"EntryPoint\",\"urlTemplate\":\"https:\\\/\\\/delorenzoglobal.com\\\/fr\\\/?s={search_term_string}\"},\"query-input\":{\"@type\":\"PropertyValueSpecification\",\"valueRequired\":true,\"valueName\":\"search_term_string\"}}],\"inLanguage\":\"fr-FR\"}]}<\/script>\n<!-- \/ Yoast SEO plugin. -->","yoast_head_json":{"title":"EXTRACTION SOLIDE - LIQUIDE - De Lorenzo Training &amp; Didactical Equipment","robots":{"index":"index","follow":"follow","max-snippet":"max-snippet:-1","max-image-preview":"max-image-preview:large","max-video-preview":"max-video-preview:-1"},"canonical":"https:\/\/delorenzoglobal.com\/fr\/produit\/extraction-solide-liquide\/","og_locale":"fr_FR","og_type":"article","og_title":"EXTRACTION SOLIDE - LIQUIDE - De Lorenzo Training &amp; Didactical Equipment","og_description":"Cette plante permet d&rsquo;\u00e9tudier le processus d&rsquo;extraction solide-liquide. L&rsquo;installation permet de r\u00e9aliser des \u00e9tudes d&rsquo;extraction en utilisant diff\u00e9rents solides et en modifiant les principales variables qui affectent le processus : D\u00e9bit liquide l\u00e9ger Vitesse de rotation de la vis sans fin Temp\u00e9rature du solvant Vitesse d&rsquo;avance solide Angle d&rsquo;inclinaison","og_url":"https:\/\/delorenzoglobal.com\/fr\/produit\/extraction-solide-liquide\/","og_site_name":"De Lorenzo Training &amp; Didactical Equipment","article_modified_time":"2025-01-22T15:12:53+00:00","og_image":[{"width":414,"height":402,"url":"https:\/\/delorenzoglobal.com\/wp-content\/uploads\/2024\/04\/DL-CH16.png","type":"image\/png"}],"twitter_card":"summary_large_image","twitter_misc":{"Dur\u00e9e de lecture estim\u00e9e":"1 minute"},"schema":{"@context":"https:\/\/schema.org","@graph":[{"@type":"WebPage","@id":"https:\/\/delorenzoglobal.com\/fr\/produit\/extraction-solide-liquide\/","url":"https:\/\/delorenzoglobal.com\/fr\/produit\/extraction-solide-liquide\/","name":"EXTRACTION SOLIDE - LIQUIDE - De Lorenzo Training &amp; Didactical Equipment","isPartOf":{"@id":"https:\/\/delorenzoglobal.com\/fr\/#website"},"primaryImageOfPage":{"@id":"https:\/\/delorenzoglobal.com\/fr\/produit\/extraction-solide-liquide\/#primaryimage"},"image":{"@id":"https:\/\/delorenzoglobal.com\/fr\/produit\/extraction-solide-liquide\/#primaryimage"},"thumbnailUrl":"https:\/\/delorenzoglobal.com\/wp-content\/uploads\/2024\/04\/DL-CH16.png","datePublished":"2024-04-19T12:39:59+00:00","dateModified":"2025-01-22T15:12:53+00:00","breadcrumb":{"@id":"https:\/\/delorenzoglobal.com\/fr\/produit\/extraction-solide-liquide\/#breadcrumb"},"inLanguage":"fr-FR","potentialAction":[{"@type":"ReadAction","target":["https:\/\/delorenzoglobal.com\/fr\/produit\/extraction-solide-liquide\/"]}]},{"@type":"ImageObject","inLanguage":"fr-FR","@id":"https:\/\/delorenzoglobal.com\/fr\/produit\/extraction-solide-liquide\/#primaryimage","url":"https:\/\/delorenzoglobal.com\/wp-content\/uploads\/2024\/04\/DL-CH16.png","contentUrl":"https:\/\/delorenzoglobal.com\/wp-content\/uploads\/2024\/04\/DL-CH16.png","width":414,"height":402},{"@type":"BreadcrumbList","@id":"https:\/\/delorenzoglobal.com\/fr\/produit\/extraction-solide-liquide\/#breadcrumb","itemListElement":[{"@type":"ListItem","position":1,"name":"Home","item":"https:\/\/delorenzoglobal.com\/fr\/"},{"@type":"ListItem","position":2,"name":"Boutique","item":"https:\/\/delorenzoglobal.com\/fr\/boutique\/"},{"@type":"ListItem","position":3,"name":"EXTRACTION SOLIDE &#8211; LIQUIDE"}]},{"@type":"WebSite","@id":"https:\/\/delorenzoglobal.com\/fr\/#website","url":"https:\/\/delorenzoglobal.com\/fr\/","name":"De Lorenzo Training &amp; Didactical Equipment","description":"","potentialAction":[{"@type":"SearchAction","target":{"@type":"EntryPoint","urlTemplate":"https:\/\/delorenzoglobal.com\/fr\/?s={search_term_string}"},"query-input":{"@type":"PropertyValueSpecification","valueRequired":true,"valueName":"search_term_string"}}],"inLanguage":"fr-FR"}]}},"_links":{"self":[{"href":"https:\/\/delorenzoglobal.com\/fr\/wp-json\/wp\/v2\/product\/12061","targetHints":{"allow":["GET"]}}],"collection":[{"href":"https:\/\/delorenzoglobal.com\/fr\/wp-json\/wp\/v2\/product"}],"about":[{"href":"https:\/\/delorenzoglobal.com\/fr\/wp-json\/wp\/v2\/types\/product"}],"wp:featuredmedia":[{"embeddable":true,"href":"https:\/\/delorenzoglobal.com\/fr\/wp-json\/wp\/v2\/media\/12116"}],"wp:attachment":[{"href":"https:\/\/delorenzoglobal.com\/fr\/wp-json\/wp\/v2\/media?parent=12061"}],"wp:term":[{"taxonomy":"product_brand","embeddable":true,"href":"https:\/\/delorenzoglobal.com\/fr\/wp-json\/wp\/v2\/product_brand?post=12061"},{"taxonomy":"product_cat","embeddable":true,"href":"https:\/\/delorenzoglobal.com\/fr\/wp-json\/wp\/v2\/product_cat?post=12061"},{"taxonomy":"product_tag","embeddable":true,"href":"https:\/\/delorenzoglobal.com\/fr\/wp-json\/wp\/v2\/product_tag?post=12061"}],"curies":[{"name":"wp","href":"https:\/\/api.w.org\/{rel}","templated":true}]}}