{"id":11996,"date":"2024-04-19T14:14:32","date_gmt":"2024-04-19T12:14:32","guid":{"rendered":"https:\/\/delorenzoglobal.com\/?post_type=product&#038;p=11996"},"modified":"2025-04-29T16:08:04","modified_gmt":"2025-04-29T14:08:04","slug":"purification-de-gaz","status":"publish","type":"product","link":"https:\/\/delorenzoglobal.com\/fr\/produit\/purification-de-gaz\/","title":{"rendered":"PURIFICATION DE GAZ"},"content":{"rendered":"<p>La station d&rsquo;\u00e9puration des gaz permet de tester l&rsquo;\u00e9limination des particules solides d&rsquo;un flux gazeux, par diff\u00e9rentes m\u00e9thodes :<\/p>\n<ul>\n<li>Colonne statique<\/li>\n<li>Colon dynamique<\/li>\n<li>S\u00e9parateur cyclonique, et comparaison des trois proc\u00e9d\u00e9s.<\/li>\n<\/ul>\n<p>Le contaminant, solide, est stock\u00e9 dans une tr\u00e9mie, d&rsquo;o\u00f9 il est dos\u00e9 au process au moyen d&rsquo;une vis d&rsquo;Archim\u00e8de qui est directement actionn\u00e9e par un moteur \u00e0 engrenages.<\/p>\n","protected":false},"excerpt":{"rendered":"<p>La station d&rsquo;\u00e9puration des gaz permet de tester l&rsquo;\u00e9limination des particules solides d&rsquo;un flux gazeux, par diff\u00e9rentes m\u00e9thodes : Colonne statique Colon dynamique S\u00e9parateur cyclonique, et comparaison des trois proc\u00e9d\u00e9s. Le contaminant, solide, est stock\u00e9 dans une tr\u00e9mie, d&rsquo;o\u00f9 il est dos\u00e9 au process au moyen d&rsquo;une vis d&rsquo;Archim\u00e8de qui est directement actionn\u00e9e par un [&hellip;]<\/p>\n","protected":false},"featured_media":19847,"template":"","meta":{"_acf_changed":false},"product_brand":[],"product_cat":[410],"product_tag":[],"class_list":{"0":"post-11996","1":"product","2":"type-product","3":"status-publish","4":"has-post-thumbnail","6":"product_cat-chimie-industrielle-2","8":"first","9":"instock","10":"shipping-taxable","11":"product-type-simple"},"acf":[],"yoast_head":"<!-- This site is optimized with the Yoast SEO plugin v27.4 - https:\/\/yoast.com\/product\/yoast-seo-wordpress\/ -->\n<title>PURIFICATION DE GAZ - De Lorenzo Training &amp; Didactical Equipment<\/title>\n<meta name=\"robots\" content=\"index, follow, max-snippet:-1, max-image-preview:large, max-video-preview:-1\" \/>\n<link rel=\"canonical\" href=\"https:\/\/delorenzoglobal.com\/fr\/produit\/purification-de-gaz\/\" \/>\n<meta property=\"og:locale\" content=\"fr_FR\" \/>\n<meta property=\"og:type\" content=\"article\" \/>\n<meta property=\"og:title\" content=\"PURIFICATION DE GAZ - De Lorenzo Training &amp; Didactical Equipment\" \/>\n<meta property=\"og:description\" content=\"La station d&rsquo;\u00e9puration des gaz permet de tester l&rsquo;\u00e9limination des particules solides d&rsquo;un flux gazeux, par diff\u00e9rentes m\u00e9thodes : Colonne statique Colon dynamique S\u00e9parateur cyclonique, et comparaison des trois proc\u00e9d\u00e9s. Le contaminant, solide, est stock\u00e9 dans une tr\u00e9mie, d&rsquo;o\u00f9 il est dos\u00e9 au process au moyen d&rsquo;une vis d&rsquo;Archim\u00e8de qui est directement actionn\u00e9e par un [&hellip;]\" \/>\n<meta property=\"og:url\" content=\"https:\/\/delorenzoglobal.com\/fr\/produit\/purification-de-gaz\/\" \/>\n<meta property=\"og:site_name\" content=\"De Lorenzo Training &amp; Didactical Equipment\" \/>\n<meta property=\"article:modified_time\" content=\"2025-04-29T14:08:04+00:00\" \/>\n<meta property=\"og:image\" content=\"https:\/\/delorenzoglobal.com\/wp-content\/uploads\/2024\/04\/DL-CH14-xs.jpg\" \/>\n\t<meta property=\"og:image:width\" content=\"714\" \/>\n\t<meta property=\"og:image:height\" content=\"471\" \/>\n\t<meta property=\"og:image:type\" content=\"image\/jpeg\" \/>\n<meta name=\"twitter:card\" content=\"summary_large_image\" \/>\n<meta name=\"twitter:label1\" content=\"Dur\u00e9e de lecture estim\u00e9e\" \/>\n\t<meta name=\"twitter:data1\" content=\"1 minute\" \/>\n<script type=\"application\/ld+json\" class=\"yoast-schema-graph\">{\"@context\":\"https:\\\/\\\/schema.org\",\"@graph\":[{\"@type\":\"WebPage\",\"@id\":\"https:\\\/\\\/delorenzoglobal.com\\\/fr\\\/produit\\\/purification-de-gaz\\\/\",\"url\":\"https:\\\/\\\/delorenzoglobal.com\\\/fr\\\/produit\\\/purification-de-gaz\\\/\",\"name\":\"PURIFICATION DE GAZ - De Lorenzo Training &amp; Didactical Equipment\",\"isPartOf\":{\"@id\":\"https:\\\/\\\/delorenzoglobal.com\\\/fr\\\/#website\"},\"primaryImageOfPage\":{\"@id\":\"https:\\\/\\\/delorenzoglobal.com\\\/fr\\\/produit\\\/purification-de-gaz\\\/#primaryimage\"},\"image\":{\"@id\":\"https:\\\/\\\/delorenzoglobal.com\\\/fr\\\/produit\\\/purification-de-gaz\\\/#primaryimage\"},\"thumbnailUrl\":\"https:\\\/\\\/delorenzoglobal.com\\\/wp-content\\\/uploads\\\/2024\\\/04\\\/DL-CH14-xs.jpg\",\"datePublished\":\"2024-04-19T12:14:32+00:00\",\"dateModified\":\"2025-04-29T14:08:04+00:00\",\"breadcrumb\":{\"@id\":\"https:\\\/\\\/delorenzoglobal.com\\\/fr\\\/produit\\\/purification-de-gaz\\\/#breadcrumb\"},\"inLanguage\":\"fr-FR\",\"potentialAction\":[{\"@type\":\"ReadAction\",\"target\":[\"https:\\\/\\\/delorenzoglobal.com\\\/fr\\\/produit\\\/purification-de-gaz\\\/\"]}]},{\"@type\":\"ImageObject\",\"inLanguage\":\"fr-FR\",\"@id\":\"https:\\\/\\\/delorenzoglobal.com\\\/fr\\\/produit\\\/purification-de-gaz\\\/#primaryimage\",\"url\":\"https:\\\/\\\/delorenzoglobal.com\\\/wp-content\\\/uploads\\\/2024\\\/04\\\/DL-CH14-xs.jpg\",\"contentUrl\":\"https:\\\/\\\/delorenzoglobal.com\\\/wp-content\\\/uploads\\\/2024\\\/04\\\/DL-CH14-xs.jpg\",\"width\":714,\"height\":471},{\"@type\":\"BreadcrumbList\",\"@id\":\"https:\\\/\\\/delorenzoglobal.com\\\/fr\\\/produit\\\/purification-de-gaz\\\/#breadcrumb\",\"itemListElement\":[{\"@type\":\"ListItem\",\"position\":1,\"name\":\"Home\",\"item\":\"https:\\\/\\\/delorenzoglobal.com\\\/fr\\\/\"},{\"@type\":\"ListItem\",\"position\":2,\"name\":\"Boutique\",\"item\":\"https:\\\/\\\/delorenzoglobal.com\\\/fr\\\/boutique\\\/\"},{\"@type\":\"ListItem\",\"position\":3,\"name\":\"PURIFICATION DE GAZ\"}]},{\"@type\":\"WebSite\",\"@id\":\"https:\\\/\\\/delorenzoglobal.com\\\/fr\\\/#website\",\"url\":\"https:\\\/\\\/delorenzoglobal.com\\\/fr\\\/\",\"name\":\"De Lorenzo Training &amp; Didactical Equipment\",\"description\":\"\",\"potentialAction\":[{\"@type\":\"SearchAction\",\"target\":{\"@type\":\"EntryPoint\",\"urlTemplate\":\"https:\\\/\\\/delorenzoglobal.com\\\/fr\\\/?s={search_term_string}\"},\"query-input\":{\"@type\":\"PropertyValueSpecification\",\"valueRequired\":true,\"valueName\":\"search_term_string\"}}],\"inLanguage\":\"fr-FR\"}]}<\/script>\n<!-- \/ Yoast SEO plugin. -->","yoast_head_json":{"title":"PURIFICATION DE GAZ - De Lorenzo Training &amp; Didactical Equipment","robots":{"index":"index","follow":"follow","max-snippet":"max-snippet:-1","max-image-preview":"max-image-preview:large","max-video-preview":"max-video-preview:-1"},"canonical":"https:\/\/delorenzoglobal.com\/fr\/produit\/purification-de-gaz\/","og_locale":"fr_FR","og_type":"article","og_title":"PURIFICATION DE GAZ - De Lorenzo Training &amp; Didactical Equipment","og_description":"La station d&rsquo;\u00e9puration des gaz permet de tester l&rsquo;\u00e9limination des particules solides d&rsquo;un flux gazeux, par diff\u00e9rentes m\u00e9thodes : Colonne statique Colon dynamique S\u00e9parateur cyclonique, et comparaison des trois proc\u00e9d\u00e9s. Le contaminant, solide, est stock\u00e9 dans une tr\u00e9mie, d&rsquo;o\u00f9 il est dos\u00e9 au process au moyen d&rsquo;une vis d&rsquo;Archim\u00e8de qui est directement actionn\u00e9e par un [&hellip;]","og_url":"https:\/\/delorenzoglobal.com\/fr\/produit\/purification-de-gaz\/","og_site_name":"De Lorenzo Training &amp; Didactical Equipment","article_modified_time":"2025-04-29T14:08:04+00:00","og_image":[{"width":714,"height":471,"url":"https:\/\/delorenzoglobal.com\/wp-content\/uploads\/2024\/04\/DL-CH14-xs.jpg","type":"image\/jpeg"}],"twitter_card":"summary_large_image","twitter_misc":{"Dur\u00e9e de lecture estim\u00e9e":"1 minute"},"schema":{"@context":"https:\/\/schema.org","@graph":[{"@type":"WebPage","@id":"https:\/\/delorenzoglobal.com\/fr\/produit\/purification-de-gaz\/","url":"https:\/\/delorenzoglobal.com\/fr\/produit\/purification-de-gaz\/","name":"PURIFICATION DE GAZ - De Lorenzo Training &amp; Didactical Equipment","isPartOf":{"@id":"https:\/\/delorenzoglobal.com\/fr\/#website"},"primaryImageOfPage":{"@id":"https:\/\/delorenzoglobal.com\/fr\/produit\/purification-de-gaz\/#primaryimage"},"image":{"@id":"https:\/\/delorenzoglobal.com\/fr\/produit\/purification-de-gaz\/#primaryimage"},"thumbnailUrl":"https:\/\/delorenzoglobal.com\/wp-content\/uploads\/2024\/04\/DL-CH14-xs.jpg","datePublished":"2024-04-19T12:14:32+00:00","dateModified":"2025-04-29T14:08:04+00:00","breadcrumb":{"@id":"https:\/\/delorenzoglobal.com\/fr\/produit\/purification-de-gaz\/#breadcrumb"},"inLanguage":"fr-FR","potentialAction":[{"@type":"ReadAction","target":["https:\/\/delorenzoglobal.com\/fr\/produit\/purification-de-gaz\/"]}]},{"@type":"ImageObject","inLanguage":"fr-FR","@id":"https:\/\/delorenzoglobal.com\/fr\/produit\/purification-de-gaz\/#primaryimage","url":"https:\/\/delorenzoglobal.com\/wp-content\/uploads\/2024\/04\/DL-CH14-xs.jpg","contentUrl":"https:\/\/delorenzoglobal.com\/wp-content\/uploads\/2024\/04\/DL-CH14-xs.jpg","width":714,"height":471},{"@type":"BreadcrumbList","@id":"https:\/\/delorenzoglobal.com\/fr\/produit\/purification-de-gaz\/#breadcrumb","itemListElement":[{"@type":"ListItem","position":1,"name":"Home","item":"https:\/\/delorenzoglobal.com\/fr\/"},{"@type":"ListItem","position":2,"name":"Boutique","item":"https:\/\/delorenzoglobal.com\/fr\/boutique\/"},{"@type":"ListItem","position":3,"name":"PURIFICATION DE GAZ"}]},{"@type":"WebSite","@id":"https:\/\/delorenzoglobal.com\/fr\/#website","url":"https:\/\/delorenzoglobal.com\/fr\/","name":"De Lorenzo Training &amp; Didactical Equipment","description":"","potentialAction":[{"@type":"SearchAction","target":{"@type":"EntryPoint","urlTemplate":"https:\/\/delorenzoglobal.com\/fr\/?s={search_term_string}"},"query-input":{"@type":"PropertyValueSpecification","valueRequired":true,"valueName":"search_term_string"}}],"inLanguage":"fr-FR"}]}},"_links":{"self":[{"href":"https:\/\/delorenzoglobal.com\/fr\/wp-json\/wp\/v2\/product\/11996","targetHints":{"allow":["GET"]}}],"collection":[{"href":"https:\/\/delorenzoglobal.com\/fr\/wp-json\/wp\/v2\/product"}],"about":[{"href":"https:\/\/delorenzoglobal.com\/fr\/wp-json\/wp\/v2\/types\/product"}],"wp:featuredmedia":[{"embeddable":true,"href":"https:\/\/delorenzoglobal.com\/fr\/wp-json\/wp\/v2\/media\/19847"}],"wp:attachment":[{"href":"https:\/\/delorenzoglobal.com\/fr\/wp-json\/wp\/v2\/media?parent=11996"}],"wp:term":[{"taxonomy":"product_brand","embeddable":true,"href":"https:\/\/delorenzoglobal.com\/fr\/wp-json\/wp\/v2\/product_brand?post=11996"},{"taxonomy":"product_cat","embeddable":true,"href":"https:\/\/delorenzoglobal.com\/fr\/wp-json\/wp\/v2\/product_cat?post=11996"},{"taxonomy":"product_tag","embeddable":true,"href":"https:\/\/delorenzoglobal.com\/fr\/wp-json\/wp\/v2\/product_tag?post=11996"}],"curies":[{"name":"wp","href":"https:\/\/api.w.org\/{rel}","templated":true}]}}