{"id":11969,"date":"2024-04-19T13:58:50","date_gmt":"2024-04-19T11:58:50","guid":{"rendered":"https:\/\/delorenzoglobal.com\/?post_type=product&#038;p=11969"},"modified":"2025-01-22T15:10:26","modified_gmt":"2025-01-22T14:10:26","slug":"distillation-continue","status":"publish","type":"product","link":"https:\/\/delorenzoglobal.com\/fr\/produit\/distillation-continue\/","title":{"rendered":"DISTILLATION CONTINUE"},"content":{"rendered":"<p>L&rsquo;installation de distillation en continu permet l&rsquo;\u00e9tude de l&rsquo;\u00e9limination d&rsquo;un liquide volatil pour enrichir un solut\u00e9 ; il permet de travailler \u00e0 pression atmosph\u00e9rique ou en d\u00e9pression.<\/p>\n<p>Avec cet \u00e9quipement, nous pouvons effectuer des \u00e9tudes en modifiant les principales variables qui affectent le processus de distillation en continu\u00a0:<\/p>\n<ul>\n<li>Temp\u00e9rature d&rsquo;alimentation d&rsquo;entr\u00e9e<\/li>\n<li>Puissance de chauffage<\/li>\n<li>Afflux de liquide<\/li>\n<li>Pression de la colonne<\/li>\n<li>Rapport du reflux<\/li>\n<li>Refroidissement d&rsquo;entr\u00e9e<\/li>\n<\/ul>\n","protected":false},"excerpt":{"rendered":"<p>L&rsquo;installation de distillation en continu permet l&rsquo;\u00e9tude de l&rsquo;\u00e9limination d&rsquo;un liquide volatil pour enrichir un solut\u00e9 ; il permet de travailler \u00e0 pression atmosph\u00e9rique ou en d\u00e9pression. Avec cet \u00e9quipement, nous pouvons effectuer des \u00e9tudes en modifiant les principales variables qui affectent le processus de distillation en continu\u00a0: Temp\u00e9rature d&rsquo;alimentation d&rsquo;entr\u00e9e Puissance de chauffage Afflux [&hellip;]<\/p>\n","protected":false},"featured_media":12133,"template":"","meta":{"_acf_changed":false},"product_brand":[],"product_cat":[410],"product_tag":[],"class_list":{"0":"post-11969","1":"product","2":"type-product","3":"status-publish","4":"has-post-thumbnail","6":"product_cat-chimie-industrielle-2","8":"first","9":"instock","10":"shipping-taxable","11":"product-type-simple"},"acf":[],"yoast_head":"<!-- This site is optimized with the Yoast SEO plugin v27.4 - https:\/\/yoast.com\/product\/yoast-seo-wordpress\/ -->\n<title>DISTILLATION CONTINUE - De Lorenzo Training &amp; Didactical Equipment<\/title>\n<meta name=\"robots\" content=\"index, follow, max-snippet:-1, max-image-preview:large, max-video-preview:-1\" \/>\n<link rel=\"canonical\" href=\"https:\/\/delorenzoglobal.com\/fr\/produit\/distillation-continue\/\" \/>\n<meta property=\"og:locale\" content=\"fr_FR\" \/>\n<meta property=\"og:type\" content=\"article\" \/>\n<meta property=\"og:title\" content=\"DISTILLATION CONTINUE - De Lorenzo Training &amp; Didactical Equipment\" \/>\n<meta property=\"og:description\" content=\"L&rsquo;installation de distillation en continu permet l&rsquo;\u00e9tude de l&rsquo;\u00e9limination d&rsquo;un liquide volatil pour enrichir un solut\u00e9 ; il permet de travailler \u00e0 pression atmosph\u00e9rique ou en d\u00e9pression. Avec cet \u00e9quipement, nous pouvons effectuer des \u00e9tudes en modifiant les principales variables qui affectent le processus de distillation en continu\u00a0: Temp\u00e9rature d&rsquo;alimentation d&rsquo;entr\u00e9e Puissance de chauffage Afflux [&hellip;]\" \/>\n<meta property=\"og:url\" content=\"https:\/\/delorenzoglobal.com\/fr\/produit\/distillation-continue\/\" \/>\n<meta property=\"og:site_name\" content=\"De Lorenzo Training &amp; Didactical Equipment\" \/>\n<meta property=\"article:modified_time\" content=\"2025-01-22T14:10:26+00:00\" \/>\n<meta property=\"og:image\" content=\"https:\/\/delorenzoglobal.com\/wp-content\/uploads\/2024\/04\/DL-CH13.png\" \/>\n\t<meta property=\"og:image:width\" content=\"373\" \/>\n\t<meta property=\"og:image:height\" content=\"408\" \/>\n\t<meta property=\"og:image:type\" content=\"image\/png\" \/>\n<meta name=\"twitter:card\" content=\"summary_large_image\" \/>\n<meta name=\"twitter:label1\" content=\"Dur\u00e9e de lecture estim\u00e9e\" \/>\n\t<meta name=\"twitter:data1\" content=\"1 minute\" \/>\n<script type=\"application\/ld+json\" class=\"yoast-schema-graph\">{\"@context\":\"https:\\\/\\\/schema.org\",\"@graph\":[{\"@type\":\"WebPage\",\"@id\":\"https:\\\/\\\/delorenzoglobal.com\\\/fr\\\/produit\\\/distillation-continue\\\/\",\"url\":\"https:\\\/\\\/delorenzoglobal.com\\\/fr\\\/produit\\\/distillation-continue\\\/\",\"name\":\"DISTILLATION CONTINUE - De Lorenzo Training &amp; Didactical Equipment\",\"isPartOf\":{\"@id\":\"https:\\\/\\\/delorenzoglobal.com\\\/fr\\\/#website\"},\"primaryImageOfPage\":{\"@id\":\"https:\\\/\\\/delorenzoglobal.com\\\/fr\\\/produit\\\/distillation-continue\\\/#primaryimage\"},\"image\":{\"@id\":\"https:\\\/\\\/delorenzoglobal.com\\\/fr\\\/produit\\\/distillation-continue\\\/#primaryimage\"},\"thumbnailUrl\":\"https:\\\/\\\/delorenzoglobal.com\\\/wp-content\\\/uploads\\\/2024\\\/04\\\/DL-CH13.png\",\"datePublished\":\"2024-04-19T11:58:50+00:00\",\"dateModified\":\"2025-01-22T14:10:26+00:00\",\"breadcrumb\":{\"@id\":\"https:\\\/\\\/delorenzoglobal.com\\\/fr\\\/produit\\\/distillation-continue\\\/#breadcrumb\"},\"inLanguage\":\"fr-FR\",\"potentialAction\":[{\"@type\":\"ReadAction\",\"target\":[\"https:\\\/\\\/delorenzoglobal.com\\\/fr\\\/produit\\\/distillation-continue\\\/\"]}]},{\"@type\":\"ImageObject\",\"inLanguage\":\"fr-FR\",\"@id\":\"https:\\\/\\\/delorenzoglobal.com\\\/fr\\\/produit\\\/distillation-continue\\\/#primaryimage\",\"url\":\"https:\\\/\\\/delorenzoglobal.com\\\/wp-content\\\/uploads\\\/2024\\\/04\\\/DL-CH13.png\",\"contentUrl\":\"https:\\\/\\\/delorenzoglobal.com\\\/wp-content\\\/uploads\\\/2024\\\/04\\\/DL-CH13.png\",\"width\":373,\"height\":408},{\"@type\":\"BreadcrumbList\",\"@id\":\"https:\\\/\\\/delorenzoglobal.com\\\/fr\\\/produit\\\/distillation-continue\\\/#breadcrumb\",\"itemListElement\":[{\"@type\":\"ListItem\",\"position\":1,\"name\":\"Home\",\"item\":\"https:\\\/\\\/delorenzoglobal.com\\\/fr\\\/\"},{\"@type\":\"ListItem\",\"position\":2,\"name\":\"Boutique\",\"item\":\"https:\\\/\\\/delorenzoglobal.com\\\/fr\\\/boutique\\\/\"},{\"@type\":\"ListItem\",\"position\":3,\"name\":\"DISTILLATION CONTINUE\"}]},{\"@type\":\"WebSite\",\"@id\":\"https:\\\/\\\/delorenzoglobal.com\\\/fr\\\/#website\",\"url\":\"https:\\\/\\\/delorenzoglobal.com\\\/fr\\\/\",\"name\":\"De Lorenzo Training &amp; Didactical Equipment\",\"description\":\"\",\"potentialAction\":[{\"@type\":\"SearchAction\",\"target\":{\"@type\":\"EntryPoint\",\"urlTemplate\":\"https:\\\/\\\/delorenzoglobal.com\\\/fr\\\/?s={search_term_string}\"},\"query-input\":{\"@type\":\"PropertyValueSpecification\",\"valueRequired\":true,\"valueName\":\"search_term_string\"}}],\"inLanguage\":\"fr-FR\"}]}<\/script>\n<!-- \/ Yoast SEO plugin. -->","yoast_head_json":{"title":"DISTILLATION CONTINUE - De Lorenzo Training &amp; Didactical Equipment","robots":{"index":"index","follow":"follow","max-snippet":"max-snippet:-1","max-image-preview":"max-image-preview:large","max-video-preview":"max-video-preview:-1"},"canonical":"https:\/\/delorenzoglobal.com\/fr\/produit\/distillation-continue\/","og_locale":"fr_FR","og_type":"article","og_title":"DISTILLATION CONTINUE - De Lorenzo Training &amp; Didactical Equipment","og_description":"L&rsquo;installation de distillation en continu permet l&rsquo;\u00e9tude de l&rsquo;\u00e9limination d&rsquo;un liquide volatil pour enrichir un solut\u00e9 ; il permet de travailler \u00e0 pression atmosph\u00e9rique ou en d\u00e9pression. Avec cet \u00e9quipement, nous pouvons effectuer des \u00e9tudes en modifiant les principales variables qui affectent le processus de distillation en continu\u00a0: Temp\u00e9rature d&rsquo;alimentation d&rsquo;entr\u00e9e Puissance de chauffage Afflux [&hellip;]","og_url":"https:\/\/delorenzoglobal.com\/fr\/produit\/distillation-continue\/","og_site_name":"De Lorenzo Training &amp; Didactical Equipment","article_modified_time":"2025-01-22T14:10:26+00:00","og_image":[{"width":373,"height":408,"url":"https:\/\/delorenzoglobal.com\/wp-content\/uploads\/2024\/04\/DL-CH13.png","type":"image\/png"}],"twitter_card":"summary_large_image","twitter_misc":{"Dur\u00e9e de lecture estim\u00e9e":"1 minute"},"schema":{"@context":"https:\/\/schema.org","@graph":[{"@type":"WebPage","@id":"https:\/\/delorenzoglobal.com\/fr\/produit\/distillation-continue\/","url":"https:\/\/delorenzoglobal.com\/fr\/produit\/distillation-continue\/","name":"DISTILLATION CONTINUE - De Lorenzo Training &amp; Didactical Equipment","isPartOf":{"@id":"https:\/\/delorenzoglobal.com\/fr\/#website"},"primaryImageOfPage":{"@id":"https:\/\/delorenzoglobal.com\/fr\/produit\/distillation-continue\/#primaryimage"},"image":{"@id":"https:\/\/delorenzoglobal.com\/fr\/produit\/distillation-continue\/#primaryimage"},"thumbnailUrl":"https:\/\/delorenzoglobal.com\/wp-content\/uploads\/2024\/04\/DL-CH13.png","datePublished":"2024-04-19T11:58:50+00:00","dateModified":"2025-01-22T14:10:26+00:00","breadcrumb":{"@id":"https:\/\/delorenzoglobal.com\/fr\/produit\/distillation-continue\/#breadcrumb"},"inLanguage":"fr-FR","potentialAction":[{"@type":"ReadAction","target":["https:\/\/delorenzoglobal.com\/fr\/produit\/distillation-continue\/"]}]},{"@type":"ImageObject","inLanguage":"fr-FR","@id":"https:\/\/delorenzoglobal.com\/fr\/produit\/distillation-continue\/#primaryimage","url":"https:\/\/delorenzoglobal.com\/wp-content\/uploads\/2024\/04\/DL-CH13.png","contentUrl":"https:\/\/delorenzoglobal.com\/wp-content\/uploads\/2024\/04\/DL-CH13.png","width":373,"height":408},{"@type":"BreadcrumbList","@id":"https:\/\/delorenzoglobal.com\/fr\/produit\/distillation-continue\/#breadcrumb","itemListElement":[{"@type":"ListItem","position":1,"name":"Home","item":"https:\/\/delorenzoglobal.com\/fr\/"},{"@type":"ListItem","position":2,"name":"Boutique","item":"https:\/\/delorenzoglobal.com\/fr\/boutique\/"},{"@type":"ListItem","position":3,"name":"DISTILLATION CONTINUE"}]},{"@type":"WebSite","@id":"https:\/\/delorenzoglobal.com\/fr\/#website","url":"https:\/\/delorenzoglobal.com\/fr\/","name":"De Lorenzo Training &amp; Didactical Equipment","description":"","potentialAction":[{"@type":"SearchAction","target":{"@type":"EntryPoint","urlTemplate":"https:\/\/delorenzoglobal.com\/fr\/?s={search_term_string}"},"query-input":{"@type":"PropertyValueSpecification","valueRequired":true,"valueName":"search_term_string"}}],"inLanguage":"fr-FR"}]}},"_links":{"self":[{"href":"https:\/\/delorenzoglobal.com\/fr\/wp-json\/wp\/v2\/product\/11969","targetHints":{"allow":["GET"]}}],"collection":[{"href":"https:\/\/delorenzoglobal.com\/fr\/wp-json\/wp\/v2\/product"}],"about":[{"href":"https:\/\/delorenzoglobal.com\/fr\/wp-json\/wp\/v2\/types\/product"}],"wp:featuredmedia":[{"embeddable":true,"href":"https:\/\/delorenzoglobal.com\/fr\/wp-json\/wp\/v2\/media\/12133"}],"wp:attachment":[{"href":"https:\/\/delorenzoglobal.com\/fr\/wp-json\/wp\/v2\/media?parent=11969"}],"wp:term":[{"taxonomy":"product_brand","embeddable":true,"href":"https:\/\/delorenzoglobal.com\/fr\/wp-json\/wp\/v2\/product_brand?post=11969"},{"taxonomy":"product_cat","embeddable":true,"href":"https:\/\/delorenzoglobal.com\/fr\/wp-json\/wp\/v2\/product_cat?post=11969"},{"taxonomy":"product_tag","embeddable":true,"href":"https:\/\/delorenzoglobal.com\/fr\/wp-json\/wp\/v2\/product_tag?post=11969"}],"curies":[{"name":"wp","href":"https:\/\/api.w.org\/{rel}","templated":true}]}}