{"id":1194,"date":"2024-04-09T09:35:06","date_gmt":"2024-04-09T07:35:06","guid":{"rendered":"https:\/\/delorenzoglobal.com\/?post_type=product&#038;p=1194"},"modified":"2025-04-14T09:22:35","modified_gmt":"2025-04-14T07:22:35","slug":"computer-integrated-manufacturing-trainer-plc-siemens","status":"publish","type":"product","link":"https:\/\/delorenzoglobal.com\/fr\/produit\/computer-integrated-manufacturing-trainer-plc-siemens\/","title":{"rendered":"COMPUTER INTEGRATED MANUFACTURING TRAINER &#8211; PLC SIEMENS"},"content":{"rendered":"<p>CIM (Fabrication Int\u00e9gr\u00e9e par Ordinateur) est une m\u00e9thode de fabrication dans laquelle l&rsquo;ensemble du processus de production est contr\u00f4l\u00e9 par ordinateur.<\/p>\n<p>Cette m\u00e9thode de fabrication comprend des applications transversales dans plusieurs domaines didactiques tels que l&rsquo;automatisation, la pneumatique, l&rsquo;\u00e9lectronique, la m\u00e9catronique et le contr\u00f4le de processus.<\/p>\n<p>De Lorenzo a d\u00e9velopp\u00e9 des syst\u00e8mes de formation en station, qui permettent \u00e0 l&rsquo;\u00e9tudiant de visualiser un processus de fabrication sp\u00e9cifique d&rsquo;une ligne de production industrielle.<\/p>\n<p>Le trainer est un syst\u00e8me de contr\u00f4le en boucle ferm\u00e9e bas\u00e9 sur API qui \u00e9change les informations collect\u00e9es \u00e0 partir des capteurs.<\/p>\n<p>La version DL CIM-C int\u00e8gre une bande transporteuse, une unit\u00e9 de transfert lin\u00e9aire, une unit\u00e9 Pick and Place, une table rotative \u00e0 six stations, un module de forage, un bras de chargement, un module de pesage et un palettiseur.<\/p>\n<p>Caract\u00e9ristiques incluses de l&rsquo;API:<\/p>\n<ul>\n<li>\u00a0API SIEMENS S7-1200 series, CPU 1214C<\/li>\n<li>\u00a0Module d&rsquo;extension SM1223 DI16\/DO16<\/li>\n<\/ul>\n<p>Des mod\u00e8les comprenant une IHM et un logiciel SCADA sont \u00e9galement disponibles:<\/p>\n<ul>\n<li>\u00a0DL CIM-CS_7INCH avec IHM 7 pouces<\/li>\n<li>\u00a0DL CIM-CS_10INCH avec IHM 10 pouces<\/li>\n<\/ul>\n<p>Le syst\u00e8me CIM est \u00e9galement disponible avec un bornier ouvert en lieu et place de l&rsquo;API.<\/p>\n<p>Cette version permet la connexion d&rsquo;un contr\u00f4leur externe via les bornes de 2 mm.<\/p>\n<p>Pour le bon fonctionnement du syst\u00e8me, il est recommand\u00e9 d&rsquo;utiliser un API avec des caract\u00e9ristiques similaires ou am\u00e9lior\u00e9es (ENTREES\/SORTIES) \u00e0 celles fournies avec nos versions standard (voir notes pr\u00e9c\u00e9dentes).<\/p>\n<p>Code de commande : DL CIM-C_1200<\/p>\n","protected":false},"excerpt":{"rendered":"<p>CIM (Fabrication Int\u00e9gr\u00e9e par Ordinateur) est une m\u00e9thode de fabrication dans laquelle l&rsquo;ensemble du processus de production est contr\u00f4l\u00e9 par ordinateur. Cette m\u00e9thode de fabrication comprend des applications transversales dans plusieurs domaines didactiques tels que l&rsquo;automatisation, la pneumatique, l&rsquo;\u00e9lectronique, la m\u00e9catronique et le contr\u00f4le de processus. De Lorenzo a d\u00e9velopp\u00e9 des syst\u00e8mes de formation en [&hellip;]<\/p>\n","protected":false},"featured_media":1174,"template":"","meta":{"_acf_changed":false},"product_brand":[],"product_cat":[154],"product_tag":[],"class_list":{"0":"post-1194","1":"product","2":"type-product","3":"status-publish","4":"has-post-thumbnail","6":"product_cat-applications-industrielle","8":"first","9":"instock","10":"shipping-taxable","11":"product-type-simple"},"acf":[],"yoast_head":"<!-- This site is optimized with the Yoast SEO plugin v27.0 - https:\/\/yoast.com\/product\/yoast-seo-wordpress\/ -->\n<title>COMPUTER INTEGRATED MANUFACTURING TRAINER - PLC SIEMENS - De Lorenzo Training &amp; Didactical Equipment<\/title>\n<meta name=\"robots\" content=\"index, follow, max-snippet:-1, max-image-preview:large, max-video-preview:-1\" \/>\n<link rel=\"canonical\" href=\"https:\/\/delorenzoglobal.com\/fr\/produit\/computer-integrated-manufacturing-trainer-plc-siemens\/\" \/>\n<meta property=\"og:locale\" content=\"fr_FR\" \/>\n<meta property=\"og:type\" content=\"article\" \/>\n<meta property=\"og:title\" content=\"COMPUTER INTEGRATED MANUFACTURING TRAINER - PLC SIEMENS - De Lorenzo Training &amp; Didactical Equipment\" \/>\n<meta property=\"og:description\" content=\"CIM (Fabrication Int\u00e9gr\u00e9e par Ordinateur) est une m\u00e9thode de fabrication dans laquelle l&rsquo;ensemble du processus de production est contr\u00f4l\u00e9 par ordinateur. Cette m\u00e9thode de fabrication comprend des applications transversales dans plusieurs domaines didactiques tels que l&rsquo;automatisation, la pneumatique, l&rsquo;\u00e9lectronique, la m\u00e9catronique et le contr\u00f4le de processus. De Lorenzo a d\u00e9velopp\u00e9 des syst\u00e8mes de formation en [&hellip;]\" \/>\n<meta property=\"og:url\" content=\"https:\/\/delorenzoglobal.com\/fr\/produit\/computer-integrated-manufacturing-trainer-plc-siemens\/\" \/>\n<meta property=\"og:site_name\" content=\"De Lorenzo Training &amp; Didactical Equipment\" \/>\n<meta property=\"article:modified_time\" content=\"2025-04-14T07:22:35+00:00\" \/>\n<meta property=\"og:image\" content=\"https:\/\/delorenzoglobal.com\/wp-content\/uploads\/2024\/04\/CIM-C-scaled.jpg\" \/>\n\t<meta property=\"og:image:width\" content=\"2560\" \/>\n\t<meta property=\"og:image:height\" content=\"1435\" \/>\n\t<meta property=\"og:image:type\" content=\"image\/jpeg\" \/>\n<meta name=\"twitter:card\" content=\"summary_large_image\" \/>\n<meta name=\"twitter:label1\" content=\"Dur\u00e9e de lecture estim\u00e9e\" \/>\n\t<meta name=\"twitter:data1\" content=\"2 minutes\" \/>\n<script type=\"application\/ld+json\" class=\"yoast-schema-graph\">{\"@context\":\"https:\/\/schema.org\",\"@graph\":[{\"@type\":\"WebPage\",\"@id\":\"https:\/\/delorenzoglobal.com\/fr\/produit\/computer-integrated-manufacturing-trainer-plc-siemens\/\",\"url\":\"https:\/\/delorenzoglobal.com\/fr\/produit\/computer-integrated-manufacturing-trainer-plc-siemens\/\",\"name\":\"COMPUTER INTEGRATED MANUFACTURING TRAINER - PLC SIEMENS - De Lorenzo Training &amp; Didactical Equipment\",\"isPartOf\":{\"@id\":\"https:\/\/delorenzoglobal.com\/fr\/#website\"},\"primaryImageOfPage\":{\"@id\":\"https:\/\/delorenzoglobal.com\/fr\/produit\/computer-integrated-manufacturing-trainer-plc-siemens\/#primaryimage\"},\"image\":{\"@id\":\"https:\/\/delorenzoglobal.com\/fr\/produit\/computer-integrated-manufacturing-trainer-plc-siemens\/#primaryimage\"},\"thumbnailUrl\":\"https:\/\/delorenzoglobal.com\/wp-content\/uploads\/2024\/04\/CIM-C-scaled.jpg\",\"datePublished\":\"2024-04-09T07:35:06+00:00\",\"dateModified\":\"2025-04-14T07:22:35+00:00\",\"breadcrumb\":{\"@id\":\"https:\/\/delorenzoglobal.com\/fr\/produit\/computer-integrated-manufacturing-trainer-plc-siemens\/#breadcrumb\"},\"inLanguage\":\"fr-FR\",\"potentialAction\":[{\"@type\":\"ReadAction\",\"target\":[\"https:\/\/delorenzoglobal.com\/fr\/produit\/computer-integrated-manufacturing-trainer-plc-siemens\/\"]}]},{\"@type\":\"ImageObject\",\"inLanguage\":\"fr-FR\",\"@id\":\"https:\/\/delorenzoglobal.com\/fr\/produit\/computer-integrated-manufacturing-trainer-plc-siemens\/#primaryimage\",\"url\":\"https:\/\/delorenzoglobal.com\/wp-content\/uploads\/2024\/04\/CIM-C-scaled.jpg\",\"contentUrl\":\"https:\/\/delorenzoglobal.com\/wp-content\/uploads\/2024\/04\/CIM-C-scaled.jpg\",\"width\":2560,\"height\":1435},{\"@type\":\"BreadcrumbList\",\"@id\":\"https:\/\/delorenzoglobal.com\/fr\/produit\/computer-integrated-manufacturing-trainer-plc-siemens\/#breadcrumb\",\"itemListElement\":[{\"@type\":\"ListItem\",\"position\":1,\"name\":\"Home\",\"item\":\"https:\/\/delorenzoglobal.com\/fr\/\"},{\"@type\":\"ListItem\",\"position\":2,\"name\":\"Boutique\",\"item\":\"https:\/\/delorenzoglobal.com\/fr\/boutique\/\"},{\"@type\":\"ListItem\",\"position\":3,\"name\":\"COMPUTER INTEGRATED MANUFACTURING TRAINER &#8211; PLC SIEMENS\"}]},{\"@type\":\"WebSite\",\"@id\":\"https:\/\/delorenzoglobal.com\/fr\/#website\",\"url\":\"https:\/\/delorenzoglobal.com\/fr\/\",\"name\":\"De Lorenzo Training &amp; Didactical Equipment\",\"description\":\"\",\"potentialAction\":[{\"@type\":\"SearchAction\",\"target\":{\"@type\":\"EntryPoint\",\"urlTemplate\":\"https:\/\/delorenzoglobal.com\/fr\/?s={search_term_string}\"},\"query-input\":{\"@type\":\"PropertyValueSpecification\",\"valueRequired\":true,\"valueName\":\"search_term_string\"}}],\"inLanguage\":\"fr-FR\"}]}<\/script>\n<!-- \/ Yoast SEO plugin. -->","yoast_head_json":{"title":"COMPUTER INTEGRATED MANUFACTURING TRAINER - PLC SIEMENS - De Lorenzo Training &amp; Didactical Equipment","robots":{"index":"index","follow":"follow","max-snippet":"max-snippet:-1","max-image-preview":"max-image-preview:large","max-video-preview":"max-video-preview:-1"},"canonical":"https:\/\/delorenzoglobal.com\/fr\/produit\/computer-integrated-manufacturing-trainer-plc-siemens\/","og_locale":"fr_FR","og_type":"article","og_title":"COMPUTER INTEGRATED MANUFACTURING TRAINER - PLC SIEMENS - De Lorenzo Training &amp; Didactical Equipment","og_description":"CIM (Fabrication Int\u00e9gr\u00e9e par Ordinateur) est une m\u00e9thode de fabrication dans laquelle l&rsquo;ensemble du processus de production est contr\u00f4l\u00e9 par ordinateur. Cette m\u00e9thode de fabrication comprend des applications transversales dans plusieurs domaines didactiques tels que l&rsquo;automatisation, la pneumatique, l&rsquo;\u00e9lectronique, la m\u00e9catronique et le contr\u00f4le de processus. De Lorenzo a d\u00e9velopp\u00e9 des syst\u00e8mes de formation en [&hellip;]","og_url":"https:\/\/delorenzoglobal.com\/fr\/produit\/computer-integrated-manufacturing-trainer-plc-siemens\/","og_site_name":"De Lorenzo Training &amp; Didactical Equipment","article_modified_time":"2025-04-14T07:22:35+00:00","og_image":[{"width":2560,"height":1435,"url":"https:\/\/delorenzoglobal.com\/wp-content\/uploads\/2024\/04\/CIM-C-scaled.jpg","type":"image\/jpeg"}],"twitter_card":"summary_large_image","twitter_misc":{"Dur\u00e9e de lecture estim\u00e9e":"2 minutes"},"schema":{"@context":"https:\/\/schema.org","@graph":[{"@type":"WebPage","@id":"https:\/\/delorenzoglobal.com\/fr\/produit\/computer-integrated-manufacturing-trainer-plc-siemens\/","url":"https:\/\/delorenzoglobal.com\/fr\/produit\/computer-integrated-manufacturing-trainer-plc-siemens\/","name":"COMPUTER INTEGRATED MANUFACTURING TRAINER - PLC SIEMENS - De Lorenzo Training &amp; Didactical Equipment","isPartOf":{"@id":"https:\/\/delorenzoglobal.com\/fr\/#website"},"primaryImageOfPage":{"@id":"https:\/\/delorenzoglobal.com\/fr\/produit\/computer-integrated-manufacturing-trainer-plc-siemens\/#primaryimage"},"image":{"@id":"https:\/\/delorenzoglobal.com\/fr\/produit\/computer-integrated-manufacturing-trainer-plc-siemens\/#primaryimage"},"thumbnailUrl":"https:\/\/delorenzoglobal.com\/wp-content\/uploads\/2024\/04\/CIM-C-scaled.jpg","datePublished":"2024-04-09T07:35:06+00:00","dateModified":"2025-04-14T07:22:35+00:00","breadcrumb":{"@id":"https:\/\/delorenzoglobal.com\/fr\/produit\/computer-integrated-manufacturing-trainer-plc-siemens\/#breadcrumb"},"inLanguage":"fr-FR","potentialAction":[{"@type":"ReadAction","target":["https:\/\/delorenzoglobal.com\/fr\/produit\/computer-integrated-manufacturing-trainer-plc-siemens\/"]}]},{"@type":"ImageObject","inLanguage":"fr-FR","@id":"https:\/\/delorenzoglobal.com\/fr\/produit\/computer-integrated-manufacturing-trainer-plc-siemens\/#primaryimage","url":"https:\/\/delorenzoglobal.com\/wp-content\/uploads\/2024\/04\/CIM-C-scaled.jpg","contentUrl":"https:\/\/delorenzoglobal.com\/wp-content\/uploads\/2024\/04\/CIM-C-scaled.jpg","width":2560,"height":1435},{"@type":"BreadcrumbList","@id":"https:\/\/delorenzoglobal.com\/fr\/produit\/computer-integrated-manufacturing-trainer-plc-siemens\/#breadcrumb","itemListElement":[{"@type":"ListItem","position":1,"name":"Home","item":"https:\/\/delorenzoglobal.com\/fr\/"},{"@type":"ListItem","position":2,"name":"Boutique","item":"https:\/\/delorenzoglobal.com\/fr\/boutique\/"},{"@type":"ListItem","position":3,"name":"COMPUTER INTEGRATED MANUFACTURING TRAINER &#8211; PLC SIEMENS"}]},{"@type":"WebSite","@id":"https:\/\/delorenzoglobal.com\/fr\/#website","url":"https:\/\/delorenzoglobal.com\/fr\/","name":"De Lorenzo Training &amp; Didactical Equipment","description":"","potentialAction":[{"@type":"SearchAction","target":{"@type":"EntryPoint","urlTemplate":"https:\/\/delorenzoglobal.com\/fr\/?s={search_term_string}"},"query-input":{"@type":"PropertyValueSpecification","valueRequired":true,"valueName":"search_term_string"}}],"inLanguage":"fr-FR"}]}},"_links":{"self":[{"href":"https:\/\/delorenzoglobal.com\/fr\/wp-json\/wp\/v2\/product\/1194","targetHints":{"allow":["GET"]}}],"collection":[{"href":"https:\/\/delorenzoglobal.com\/fr\/wp-json\/wp\/v2\/product"}],"about":[{"href":"https:\/\/delorenzoglobal.com\/fr\/wp-json\/wp\/v2\/types\/product"}],"wp:featuredmedia":[{"embeddable":true,"href":"https:\/\/delorenzoglobal.com\/fr\/wp-json\/wp\/v2\/media\/1174"}],"wp:attachment":[{"href":"https:\/\/delorenzoglobal.com\/fr\/wp-json\/wp\/v2\/media?parent=1194"}],"wp:term":[{"taxonomy":"product_brand","embeddable":true,"href":"https:\/\/delorenzoglobal.com\/fr\/wp-json\/wp\/v2\/product_brand?post=1194"},{"taxonomy":"product_cat","embeddable":true,"href":"https:\/\/delorenzoglobal.com\/fr\/wp-json\/wp\/v2\/product_cat?post=1194"},{"taxonomy":"product_tag","embeddable":true,"href":"https:\/\/delorenzoglobal.com\/fr\/wp-json\/wp\/v2\/product_tag?post=1194"}],"curies":[{"name":"wp","href":"https:\/\/api.w.org\/{rel}","templated":true}]}}