{"id":11938,"date":"2024-04-19T13:44:11","date_gmt":"2024-04-19T11:44:11","guid":{"rendered":"https:\/\/delorenzoglobal.com\/?post_type=product&#038;p=11938"},"modified":"2025-01-22T14:04:51","modified_gmt":"2025-01-22T13:04:51","slug":"reacteur-chimique-combine","status":"publish","type":"product","link":"https:\/\/delorenzoglobal.com\/fr\/produit\/reacteur-chimique-combine\/","title":{"rendered":"R\u00c9ACTEUR CHIMIQUE COMBIN\u00c9"},"content":{"rendered":"<p>Notre Usine de R\u00e9action Chimique permet l&rsquo;\u00e9tude des r\u00e9actions chimiques dans un r\u00e9acteur chimique tubulaire et dans un r\u00e9acteur \u00e0 cuve agit\u00e9e.<\/p>\n<p>La centrale est donc compos\u00e9e de deux r\u00e9acteurs :<\/p>\n<ul>\n<li>Un r\u00e9acteur \u00e0 cuve agit\u00e9e, d&rsquo;une capacit\u00e9 allant de 2 \u00e0 8 litres<\/li>\n<li>Un r\u00e9acteur tubulaire<\/li>\n<\/ul>\n","protected":false},"excerpt":{"rendered":"<p>Notre Usine de R\u00e9action Chimique permet l&rsquo;\u00e9tude des r\u00e9actions chimiques dans un r\u00e9acteur chimique tubulaire et dans un r\u00e9acteur \u00e0 cuve agit\u00e9e. La centrale est donc compos\u00e9e de deux r\u00e9acteurs : Un r\u00e9acteur \u00e0 cuve agit\u00e9e, d&rsquo;une capacit\u00e9 allant de 2 \u00e0 8 litres Un r\u00e9acteur tubulaire<\/p>\n","protected":false},"featured_media":12137,"template":"","meta":{"_acf_changed":false},"product_brand":[],"product_cat":[410],"product_tag":[],"class_list":{"0":"post-11938","1":"product","2":"type-product","3":"status-publish","4":"has-post-thumbnail","6":"product_cat-chimie-industrielle-2","8":"first","9":"instock","10":"shipping-taxable","11":"product-type-simple"},"acf":[],"yoast_head":"<!-- This site is optimized with the Yoast SEO plugin v27.4 - https:\/\/yoast.com\/product\/yoast-seo-wordpress\/ -->\n<title>R\u00c9ACTEUR CHIMIQUE COMBIN\u00c9 - De Lorenzo Training &amp; Didactical Equipment<\/title>\n<meta name=\"robots\" content=\"index, follow, max-snippet:-1, max-image-preview:large, max-video-preview:-1\" \/>\n<link rel=\"canonical\" href=\"https:\/\/delorenzoglobal.com\/fr\/produit\/reacteur-chimique-combine\/\" \/>\n<meta property=\"og:locale\" content=\"fr_FR\" \/>\n<meta property=\"og:type\" content=\"article\" \/>\n<meta property=\"og:title\" content=\"R\u00c9ACTEUR CHIMIQUE COMBIN\u00c9 - De Lorenzo Training &amp; Didactical Equipment\" \/>\n<meta property=\"og:description\" content=\"Notre Usine de R\u00e9action Chimique permet l&rsquo;\u00e9tude des r\u00e9actions chimiques dans un r\u00e9acteur chimique tubulaire et dans un r\u00e9acteur \u00e0 cuve agit\u00e9e. La centrale est donc compos\u00e9e de deux r\u00e9acteurs : Un r\u00e9acteur \u00e0 cuve agit\u00e9e, d&rsquo;une capacit\u00e9 allant de 2 \u00e0 8 litres Un r\u00e9acteur tubulaire\" \/>\n<meta property=\"og:url\" content=\"https:\/\/delorenzoglobal.com\/fr\/produit\/reacteur-chimique-combine\/\" \/>\n<meta property=\"og:site_name\" content=\"De Lorenzo Training &amp; Didactical Equipment\" \/>\n<meta property=\"article:modified_time\" content=\"2025-01-22T13:04:51+00:00\" \/>\n<meta property=\"og:image\" content=\"https:\/\/delorenzoglobal.com\/wp-content\/uploads\/2024\/04\/DL-CH12.jpg\" \/>\n\t<meta property=\"og:image:width\" content=\"574\" \/>\n\t<meta property=\"og:image:height\" content=\"448\" \/>\n\t<meta property=\"og:image:type\" content=\"image\/jpeg\" \/>\n<meta name=\"twitter:card\" content=\"summary_large_image\" \/>\n<meta name=\"twitter:label1\" content=\"Dur\u00e9e de lecture estim\u00e9e\" \/>\n\t<meta name=\"twitter:data1\" content=\"1 minute\" \/>\n<script type=\"application\/ld+json\" class=\"yoast-schema-graph\">{\"@context\":\"https:\\\/\\\/schema.org\",\"@graph\":[{\"@type\":\"WebPage\",\"@id\":\"https:\\\/\\\/delorenzoglobal.com\\\/fr\\\/produit\\\/reacteur-chimique-combine\\\/\",\"url\":\"https:\\\/\\\/delorenzoglobal.com\\\/fr\\\/produit\\\/reacteur-chimique-combine\\\/\",\"name\":\"R\u00c9ACTEUR CHIMIQUE COMBIN\u00c9 - De Lorenzo Training &amp; Didactical Equipment\",\"isPartOf\":{\"@id\":\"https:\\\/\\\/delorenzoglobal.com\\\/fr\\\/#website\"},\"primaryImageOfPage\":{\"@id\":\"https:\\\/\\\/delorenzoglobal.com\\\/fr\\\/produit\\\/reacteur-chimique-combine\\\/#primaryimage\"},\"image\":{\"@id\":\"https:\\\/\\\/delorenzoglobal.com\\\/fr\\\/produit\\\/reacteur-chimique-combine\\\/#primaryimage\"},\"thumbnailUrl\":\"https:\\\/\\\/delorenzoglobal.com\\\/wp-content\\\/uploads\\\/2024\\\/04\\\/DL-CH12.jpg\",\"datePublished\":\"2024-04-19T11:44:11+00:00\",\"dateModified\":\"2025-01-22T13:04:51+00:00\",\"breadcrumb\":{\"@id\":\"https:\\\/\\\/delorenzoglobal.com\\\/fr\\\/produit\\\/reacteur-chimique-combine\\\/#breadcrumb\"},\"inLanguage\":\"fr-FR\",\"potentialAction\":[{\"@type\":\"ReadAction\",\"target\":[\"https:\\\/\\\/delorenzoglobal.com\\\/fr\\\/produit\\\/reacteur-chimique-combine\\\/\"]}]},{\"@type\":\"ImageObject\",\"inLanguage\":\"fr-FR\",\"@id\":\"https:\\\/\\\/delorenzoglobal.com\\\/fr\\\/produit\\\/reacteur-chimique-combine\\\/#primaryimage\",\"url\":\"https:\\\/\\\/delorenzoglobal.com\\\/wp-content\\\/uploads\\\/2024\\\/04\\\/DL-CH12.jpg\",\"contentUrl\":\"https:\\\/\\\/delorenzoglobal.com\\\/wp-content\\\/uploads\\\/2024\\\/04\\\/DL-CH12.jpg\",\"width\":574,\"height\":448},{\"@type\":\"BreadcrumbList\",\"@id\":\"https:\\\/\\\/delorenzoglobal.com\\\/fr\\\/produit\\\/reacteur-chimique-combine\\\/#breadcrumb\",\"itemListElement\":[{\"@type\":\"ListItem\",\"position\":1,\"name\":\"Home\",\"item\":\"https:\\\/\\\/delorenzoglobal.com\\\/fr\\\/\"},{\"@type\":\"ListItem\",\"position\":2,\"name\":\"Boutique\",\"item\":\"https:\\\/\\\/delorenzoglobal.com\\\/fr\\\/boutique\\\/\"},{\"@type\":\"ListItem\",\"position\":3,\"name\":\"R\u00c9ACTEUR CHIMIQUE COMBIN\u00c9\"}]},{\"@type\":\"WebSite\",\"@id\":\"https:\\\/\\\/delorenzoglobal.com\\\/fr\\\/#website\",\"url\":\"https:\\\/\\\/delorenzoglobal.com\\\/fr\\\/\",\"name\":\"De Lorenzo Training &amp; Didactical Equipment\",\"description\":\"\",\"potentialAction\":[{\"@type\":\"SearchAction\",\"target\":{\"@type\":\"EntryPoint\",\"urlTemplate\":\"https:\\\/\\\/delorenzoglobal.com\\\/fr\\\/?s={search_term_string}\"},\"query-input\":{\"@type\":\"PropertyValueSpecification\",\"valueRequired\":true,\"valueName\":\"search_term_string\"}}],\"inLanguage\":\"fr-FR\"}]}<\/script>\n<!-- \/ Yoast SEO plugin. -->","yoast_head_json":{"title":"R\u00c9ACTEUR CHIMIQUE COMBIN\u00c9 - De Lorenzo Training &amp; Didactical Equipment","robots":{"index":"index","follow":"follow","max-snippet":"max-snippet:-1","max-image-preview":"max-image-preview:large","max-video-preview":"max-video-preview:-1"},"canonical":"https:\/\/delorenzoglobal.com\/fr\/produit\/reacteur-chimique-combine\/","og_locale":"fr_FR","og_type":"article","og_title":"R\u00c9ACTEUR CHIMIQUE COMBIN\u00c9 - De Lorenzo Training &amp; Didactical Equipment","og_description":"Notre Usine de R\u00e9action Chimique permet l&rsquo;\u00e9tude des r\u00e9actions chimiques dans un r\u00e9acteur chimique tubulaire et dans un r\u00e9acteur \u00e0 cuve agit\u00e9e. La centrale est donc compos\u00e9e de deux r\u00e9acteurs : Un r\u00e9acteur \u00e0 cuve agit\u00e9e, d&rsquo;une capacit\u00e9 allant de 2 \u00e0 8 litres Un r\u00e9acteur tubulaire","og_url":"https:\/\/delorenzoglobal.com\/fr\/produit\/reacteur-chimique-combine\/","og_site_name":"De Lorenzo Training &amp; Didactical Equipment","article_modified_time":"2025-01-22T13:04:51+00:00","og_image":[{"width":574,"height":448,"url":"https:\/\/delorenzoglobal.com\/wp-content\/uploads\/2024\/04\/DL-CH12.jpg","type":"image\/jpeg"}],"twitter_card":"summary_large_image","twitter_misc":{"Dur\u00e9e de lecture estim\u00e9e":"1 minute"},"schema":{"@context":"https:\/\/schema.org","@graph":[{"@type":"WebPage","@id":"https:\/\/delorenzoglobal.com\/fr\/produit\/reacteur-chimique-combine\/","url":"https:\/\/delorenzoglobal.com\/fr\/produit\/reacteur-chimique-combine\/","name":"R\u00c9ACTEUR CHIMIQUE COMBIN\u00c9 - De Lorenzo Training &amp; Didactical Equipment","isPartOf":{"@id":"https:\/\/delorenzoglobal.com\/fr\/#website"},"primaryImageOfPage":{"@id":"https:\/\/delorenzoglobal.com\/fr\/produit\/reacteur-chimique-combine\/#primaryimage"},"image":{"@id":"https:\/\/delorenzoglobal.com\/fr\/produit\/reacteur-chimique-combine\/#primaryimage"},"thumbnailUrl":"https:\/\/delorenzoglobal.com\/wp-content\/uploads\/2024\/04\/DL-CH12.jpg","datePublished":"2024-04-19T11:44:11+00:00","dateModified":"2025-01-22T13:04:51+00:00","breadcrumb":{"@id":"https:\/\/delorenzoglobal.com\/fr\/produit\/reacteur-chimique-combine\/#breadcrumb"},"inLanguage":"fr-FR","potentialAction":[{"@type":"ReadAction","target":["https:\/\/delorenzoglobal.com\/fr\/produit\/reacteur-chimique-combine\/"]}]},{"@type":"ImageObject","inLanguage":"fr-FR","@id":"https:\/\/delorenzoglobal.com\/fr\/produit\/reacteur-chimique-combine\/#primaryimage","url":"https:\/\/delorenzoglobal.com\/wp-content\/uploads\/2024\/04\/DL-CH12.jpg","contentUrl":"https:\/\/delorenzoglobal.com\/wp-content\/uploads\/2024\/04\/DL-CH12.jpg","width":574,"height":448},{"@type":"BreadcrumbList","@id":"https:\/\/delorenzoglobal.com\/fr\/produit\/reacteur-chimique-combine\/#breadcrumb","itemListElement":[{"@type":"ListItem","position":1,"name":"Home","item":"https:\/\/delorenzoglobal.com\/fr\/"},{"@type":"ListItem","position":2,"name":"Boutique","item":"https:\/\/delorenzoglobal.com\/fr\/boutique\/"},{"@type":"ListItem","position":3,"name":"R\u00c9ACTEUR CHIMIQUE COMBIN\u00c9"}]},{"@type":"WebSite","@id":"https:\/\/delorenzoglobal.com\/fr\/#website","url":"https:\/\/delorenzoglobal.com\/fr\/","name":"De Lorenzo Training &amp; Didactical Equipment","description":"","potentialAction":[{"@type":"SearchAction","target":{"@type":"EntryPoint","urlTemplate":"https:\/\/delorenzoglobal.com\/fr\/?s={search_term_string}"},"query-input":{"@type":"PropertyValueSpecification","valueRequired":true,"valueName":"search_term_string"}}],"inLanguage":"fr-FR"}]}},"_links":{"self":[{"href":"https:\/\/delorenzoglobal.com\/fr\/wp-json\/wp\/v2\/product\/11938","targetHints":{"allow":["GET"]}}],"collection":[{"href":"https:\/\/delorenzoglobal.com\/fr\/wp-json\/wp\/v2\/product"}],"about":[{"href":"https:\/\/delorenzoglobal.com\/fr\/wp-json\/wp\/v2\/types\/product"}],"wp:featuredmedia":[{"embeddable":true,"href":"https:\/\/delorenzoglobal.com\/fr\/wp-json\/wp\/v2\/media\/12137"}],"wp:attachment":[{"href":"https:\/\/delorenzoglobal.com\/fr\/wp-json\/wp\/v2\/media?parent=11938"}],"wp:term":[{"taxonomy":"product_brand","embeddable":true,"href":"https:\/\/delorenzoglobal.com\/fr\/wp-json\/wp\/v2\/product_brand?post=11938"},{"taxonomy":"product_cat","embeddable":true,"href":"https:\/\/delorenzoglobal.com\/fr\/wp-json\/wp\/v2\/product_cat?post=11938"},{"taxonomy":"product_tag","embeddable":true,"href":"https:\/\/delorenzoglobal.com\/fr\/wp-json\/wp\/v2\/product_tag?post=11938"}],"curies":[{"name":"wp","href":"https:\/\/api.w.org\/{rel}","templated":true}]}}