{"id":11897,"date":"2024-04-19T11:06:28","date_gmt":"2024-04-19T09:06:28","guid":{"rendered":"https:\/\/delorenzoglobal.com\/?post_type=product&#038;p=11897"},"modified":"2025-10-06T14:16:58","modified_gmt":"2025-10-06T12:16:58","slug":"echangeurs-de-chaleur","status":"publish","type":"product","link":"https:\/\/delorenzoglobal.com\/fr\/produit\/echangeurs-de-chaleur\/","title":{"rendered":"\u00c9CHANGEURS DE CHALEUR"},"content":{"rendered":"<p>Cette unit\u00e9 repr\u00e9sente l&rsquo;\u00e9l\u00e9ment principal de l&rsquo;ensemble du syst\u00e8me d&rsquo; \u00e9change de chaleur.<\/p>\n<p>Avec ce module , il est possible de fournir de l&rsquo; eau chaude et de l&rsquo; eau froide aux \u00e9changeurs de chaleur.<\/p>\n<p>Il est \u00e9galement possible de mesurer les temp\u00e9ratures et les d\u00e9bits dans chaque \u00e9l\u00e9ment.<\/p>\n<p>Tous les raccords utilis\u00e9s dans cet \u00e9quipement sont du type auto-scellant.<\/p>\n<p>Des raccords rapides permettent un changement simple et rapide d&rsquo;\u00e9changeurs diff\u00e9rents afin d\u2019\u00e9viter d&rsquo;\u00e9ventuelles pertes de liquide.<\/p>\n<p>Pour \u00e9viter une mauvaise connexion les raccords d&rsquo;eau chaude et d&rsquo;eau froide sont diff\u00e9rents.<\/p>\n","protected":false},"excerpt":{"rendered":"<p>Cette unit\u00e9 repr\u00e9sente l&rsquo;\u00e9l\u00e9ment principal de l&rsquo;ensemble du syst\u00e8me d&rsquo; \u00e9change de chaleur. Avec ce module , il est possible de fournir de l&rsquo; eau chaude et de l&rsquo; eau froide aux \u00e9changeurs de chaleur. Il est \u00e9galement possible de mesurer les temp\u00e9ratures et les d\u00e9bits dans chaque \u00e9l\u00e9ment. Tous les raccords utilis\u00e9s dans cet [&hellip;]<\/p>\n","protected":false},"featured_media":62221,"template":"","meta":{"_acf_changed":false},"product_brand":[],"product_cat":[404],"product_tag":[],"class_list":{"0":"post-11897","1":"product","2":"type-product","3":"status-publish","4":"has-post-thumbnail","6":"product_cat-transfert-de-chaleur","8":"first","9":"instock","10":"shipping-taxable","11":"product-type-simple"},"acf":[],"yoast_head":"<!-- This site is optimized with the Yoast SEO plugin v27.0 - https:\/\/yoast.com\/product\/yoast-seo-wordpress\/ -->\n<title>\u00c9CHANGEURS DE CHALEUR - De Lorenzo Training &amp; Didactical Equipment<\/title>\n<meta name=\"robots\" content=\"index, follow, max-snippet:-1, max-image-preview:large, max-video-preview:-1\" \/>\n<link rel=\"canonical\" href=\"https:\/\/delorenzoglobal.com\/fr\/produit\/echangeurs-de-chaleur\/\" \/>\n<meta property=\"og:locale\" content=\"fr_FR\" \/>\n<meta property=\"og:type\" content=\"article\" \/>\n<meta property=\"og:title\" content=\"\u00c9CHANGEURS DE CHALEUR - De Lorenzo Training &amp; Didactical Equipment\" \/>\n<meta property=\"og:description\" content=\"Cette unit\u00e9 repr\u00e9sente l&rsquo;\u00e9l\u00e9ment principal de l&rsquo;ensemble du syst\u00e8me d&rsquo; \u00e9change de chaleur. Avec ce module , il est possible de fournir de l&rsquo; eau chaude et de l&rsquo; eau froide aux \u00e9changeurs de chaleur. Il est \u00e9galement possible de mesurer les temp\u00e9ratures et les d\u00e9bits dans chaque \u00e9l\u00e9ment. Tous les raccords utilis\u00e9s dans cet [&hellip;]\" \/>\n<meta property=\"og:url\" content=\"https:\/\/delorenzoglobal.com\/fr\/produit\/echangeurs-de-chaleur\/\" \/>\n<meta property=\"og:site_name\" content=\"De Lorenzo Training &amp; Didactical Equipment\" \/>\n<meta property=\"article:modified_time\" content=\"2025-10-06T12:16:58+00:00\" \/>\n<meta property=\"og:image\" content=\"https:\/\/delorenzoglobal.com\/wp-content\/uploads\/2024\/04\/DL-DKC011-1-scaled.jpg\" \/>\n\t<meta property=\"og:image:width\" content=\"2560\" \/>\n\t<meta property=\"og:image:height\" content=\"1795\" \/>\n\t<meta property=\"og:image:type\" content=\"image\/jpeg\" \/>\n<meta name=\"twitter:card\" content=\"summary_large_image\" \/>\n<meta name=\"twitter:label1\" content=\"Dur\u00e9e de lecture estim\u00e9e\" \/>\n\t<meta name=\"twitter:data1\" content=\"1 minute\" \/>\n<script type=\"application\/ld+json\" class=\"yoast-schema-graph\">{\"@context\":\"https:\/\/schema.org\",\"@graph\":[{\"@type\":\"WebPage\",\"@id\":\"https:\/\/delorenzoglobal.com\/fr\/produit\/echangeurs-de-chaleur\/\",\"url\":\"https:\/\/delorenzoglobal.com\/fr\/produit\/echangeurs-de-chaleur\/\",\"name\":\"\u00c9CHANGEURS DE CHALEUR - De Lorenzo Training &amp; Didactical Equipment\",\"isPartOf\":{\"@id\":\"https:\/\/delorenzoglobal.com\/fr\/#website\"},\"primaryImageOfPage\":{\"@id\":\"https:\/\/delorenzoglobal.com\/fr\/produit\/echangeurs-de-chaleur\/#primaryimage\"},\"image\":{\"@id\":\"https:\/\/delorenzoglobal.com\/fr\/produit\/echangeurs-de-chaleur\/#primaryimage\"},\"thumbnailUrl\":\"https:\/\/delorenzoglobal.com\/wp-content\/uploads\/2024\/04\/DL-DKC011-1-scaled.jpg\",\"datePublished\":\"2024-04-19T09:06:28+00:00\",\"dateModified\":\"2025-10-06T12:16:58+00:00\",\"breadcrumb\":{\"@id\":\"https:\/\/delorenzoglobal.com\/fr\/produit\/echangeurs-de-chaleur\/#breadcrumb\"},\"inLanguage\":\"fr-FR\",\"potentialAction\":[{\"@type\":\"ReadAction\",\"target\":[\"https:\/\/delorenzoglobal.com\/fr\/produit\/echangeurs-de-chaleur\/\"]}]},{\"@type\":\"ImageObject\",\"inLanguage\":\"fr-FR\",\"@id\":\"https:\/\/delorenzoglobal.com\/fr\/produit\/echangeurs-de-chaleur\/#primaryimage\",\"url\":\"https:\/\/delorenzoglobal.com\/wp-content\/uploads\/2024\/04\/DL-DKC011-1-scaled.jpg\",\"contentUrl\":\"https:\/\/delorenzoglobal.com\/wp-content\/uploads\/2024\/04\/DL-DKC011-1-scaled.jpg\",\"width\":2560,\"height\":1795},{\"@type\":\"BreadcrumbList\",\"@id\":\"https:\/\/delorenzoglobal.com\/fr\/produit\/echangeurs-de-chaleur\/#breadcrumb\",\"itemListElement\":[{\"@type\":\"ListItem\",\"position\":1,\"name\":\"Home\",\"item\":\"https:\/\/delorenzoglobal.com\/fr\/\"},{\"@type\":\"ListItem\",\"position\":2,\"name\":\"Boutique\",\"item\":\"https:\/\/delorenzoglobal.com\/fr\/boutique\/\"},{\"@type\":\"ListItem\",\"position\":3,\"name\":\"\u00c9CHANGEURS DE CHALEUR\"}]},{\"@type\":\"WebSite\",\"@id\":\"https:\/\/delorenzoglobal.com\/fr\/#website\",\"url\":\"https:\/\/delorenzoglobal.com\/fr\/\",\"name\":\"De Lorenzo Training &amp; Didactical Equipment\",\"description\":\"\",\"potentialAction\":[{\"@type\":\"SearchAction\",\"target\":{\"@type\":\"EntryPoint\",\"urlTemplate\":\"https:\/\/delorenzoglobal.com\/fr\/?s={search_term_string}\"},\"query-input\":{\"@type\":\"PropertyValueSpecification\",\"valueRequired\":true,\"valueName\":\"search_term_string\"}}],\"inLanguage\":\"fr-FR\"}]}<\/script>\n<!-- \/ Yoast SEO plugin. -->","yoast_head_json":{"title":"\u00c9CHANGEURS DE CHALEUR - De Lorenzo Training &amp; Didactical Equipment","robots":{"index":"index","follow":"follow","max-snippet":"max-snippet:-1","max-image-preview":"max-image-preview:large","max-video-preview":"max-video-preview:-1"},"canonical":"https:\/\/delorenzoglobal.com\/fr\/produit\/echangeurs-de-chaleur\/","og_locale":"fr_FR","og_type":"article","og_title":"\u00c9CHANGEURS DE CHALEUR - De Lorenzo Training &amp; Didactical Equipment","og_description":"Cette unit\u00e9 repr\u00e9sente l&rsquo;\u00e9l\u00e9ment principal de l&rsquo;ensemble du syst\u00e8me d&rsquo; \u00e9change de chaleur. Avec ce module , il est possible de fournir de l&rsquo; eau chaude et de l&rsquo; eau froide aux \u00e9changeurs de chaleur. Il est \u00e9galement possible de mesurer les temp\u00e9ratures et les d\u00e9bits dans chaque \u00e9l\u00e9ment. Tous les raccords utilis\u00e9s dans cet [&hellip;]","og_url":"https:\/\/delorenzoglobal.com\/fr\/produit\/echangeurs-de-chaleur\/","og_site_name":"De Lorenzo Training &amp; Didactical Equipment","article_modified_time":"2025-10-06T12:16:58+00:00","og_image":[{"width":2560,"height":1795,"url":"https:\/\/delorenzoglobal.com\/wp-content\/uploads\/2024\/04\/DL-DKC011-1-scaled.jpg","type":"image\/jpeg"}],"twitter_card":"summary_large_image","twitter_misc":{"Dur\u00e9e de lecture estim\u00e9e":"1 minute"},"schema":{"@context":"https:\/\/schema.org","@graph":[{"@type":"WebPage","@id":"https:\/\/delorenzoglobal.com\/fr\/produit\/echangeurs-de-chaleur\/","url":"https:\/\/delorenzoglobal.com\/fr\/produit\/echangeurs-de-chaleur\/","name":"\u00c9CHANGEURS DE CHALEUR - De Lorenzo Training &amp; Didactical Equipment","isPartOf":{"@id":"https:\/\/delorenzoglobal.com\/fr\/#website"},"primaryImageOfPage":{"@id":"https:\/\/delorenzoglobal.com\/fr\/produit\/echangeurs-de-chaleur\/#primaryimage"},"image":{"@id":"https:\/\/delorenzoglobal.com\/fr\/produit\/echangeurs-de-chaleur\/#primaryimage"},"thumbnailUrl":"https:\/\/delorenzoglobal.com\/wp-content\/uploads\/2024\/04\/DL-DKC011-1-scaled.jpg","datePublished":"2024-04-19T09:06:28+00:00","dateModified":"2025-10-06T12:16:58+00:00","breadcrumb":{"@id":"https:\/\/delorenzoglobal.com\/fr\/produit\/echangeurs-de-chaleur\/#breadcrumb"},"inLanguage":"fr-FR","potentialAction":[{"@type":"ReadAction","target":["https:\/\/delorenzoglobal.com\/fr\/produit\/echangeurs-de-chaleur\/"]}]},{"@type":"ImageObject","inLanguage":"fr-FR","@id":"https:\/\/delorenzoglobal.com\/fr\/produit\/echangeurs-de-chaleur\/#primaryimage","url":"https:\/\/delorenzoglobal.com\/wp-content\/uploads\/2024\/04\/DL-DKC011-1-scaled.jpg","contentUrl":"https:\/\/delorenzoglobal.com\/wp-content\/uploads\/2024\/04\/DL-DKC011-1-scaled.jpg","width":2560,"height":1795},{"@type":"BreadcrumbList","@id":"https:\/\/delorenzoglobal.com\/fr\/produit\/echangeurs-de-chaleur\/#breadcrumb","itemListElement":[{"@type":"ListItem","position":1,"name":"Home","item":"https:\/\/delorenzoglobal.com\/fr\/"},{"@type":"ListItem","position":2,"name":"Boutique","item":"https:\/\/delorenzoglobal.com\/fr\/boutique\/"},{"@type":"ListItem","position":3,"name":"\u00c9CHANGEURS DE CHALEUR"}]},{"@type":"WebSite","@id":"https:\/\/delorenzoglobal.com\/fr\/#website","url":"https:\/\/delorenzoglobal.com\/fr\/","name":"De Lorenzo Training &amp; Didactical Equipment","description":"","potentialAction":[{"@type":"SearchAction","target":{"@type":"EntryPoint","urlTemplate":"https:\/\/delorenzoglobal.com\/fr\/?s={search_term_string}"},"query-input":{"@type":"PropertyValueSpecification","valueRequired":true,"valueName":"search_term_string"}}],"inLanguage":"fr-FR"}]}},"_links":{"self":[{"href":"https:\/\/delorenzoglobal.com\/fr\/wp-json\/wp\/v2\/product\/11897","targetHints":{"allow":["GET"]}}],"collection":[{"href":"https:\/\/delorenzoglobal.com\/fr\/wp-json\/wp\/v2\/product"}],"about":[{"href":"https:\/\/delorenzoglobal.com\/fr\/wp-json\/wp\/v2\/types\/product"}],"wp:featuredmedia":[{"embeddable":true,"href":"https:\/\/delorenzoglobal.com\/fr\/wp-json\/wp\/v2\/media\/62221"}],"wp:attachment":[{"href":"https:\/\/delorenzoglobal.com\/fr\/wp-json\/wp\/v2\/media?parent=11897"}],"wp:term":[{"taxonomy":"product_brand","embeddable":true,"href":"https:\/\/delorenzoglobal.com\/fr\/wp-json\/wp\/v2\/product_brand?post=11897"},{"taxonomy":"product_cat","embeddable":true,"href":"https:\/\/delorenzoglobal.com\/fr\/wp-json\/wp\/v2\/product_cat?post=11897"},{"taxonomy":"product_tag","embeddable":true,"href":"https:\/\/delorenzoglobal.com\/fr\/wp-json\/wp\/v2\/product_tag?post=11897"}],"curies":[{"name":"wp","href":"https:\/\/api.w.org\/{rel}","templated":true}]}}