{"id":11882,"date":"2024-04-19T10:51:31","date_gmt":"2024-04-19T08:51:31","guid":{"rendered":"https:\/\/delorenzoglobal.com\/?post_type=product&#038;p=11882"},"modified":"2025-01-21T15:00:59","modified_gmt":"2025-01-21T14:00:59","slug":"hydraulic-flow-channel-demonstrator","status":"publish","type":"product","link":"https:\/\/delorenzoglobal.com\/fr\/produit\/hydraulic-flow-channel-demonstrator\/","title":{"rendered":"D\u00c9MONSTRATEUR DE CANAL D&rsquo;\u00c9COULEMENT HYDRAULIQUE"},"content":{"rendered":"<p>Le but de cette formation didactique est d&rsquo;\u00e9tudier le comportement de l&rsquo;\u00e9coulement dans les canaux ouverts et les tuyaux ferm\u00e9s, en r\u00e9alisant quelques exp\u00e9riences dans les deux conditions.<br \/>\nLe canal est totalement transparent et permet donc une observation claire du flux hydraulique.<br \/>\nAfin de r\u00e9aliser les exp\u00e9riences dans un canal ferm\u00e9, l&rsquo;unit\u00e9 didactique comprend un couvercle pour la fermeture herm\u00e9tique.<br \/>\nDes tubes de Pitot sont plac\u00e9s sur toute la longueur du canal : cela permet de mesurer la pression de travail en 6 points. Ces points de pression sont rassembl\u00e9s dans le manom\u00e8tre \u00e0 6 tubes.<br \/>\nLes vannes permettent d&rsquo;augmenter le volume d&rsquo;eau dans les r\u00e9servoirs d&rsquo;entr\u00e9e ou de sortie.<\/p>\n","protected":false},"excerpt":{"rendered":"<p>Le but de cette formation didactique est d&rsquo;\u00e9tudier le comportement de l&rsquo;\u00e9coulement dans les canaux ouverts et les tuyaux ferm\u00e9s, en r\u00e9alisant quelques exp\u00e9riences dans les deux conditions. Le canal est totalement transparent et permet donc une observation claire du flux hydraulique. Afin de r\u00e9aliser les exp\u00e9riences dans un canal ferm\u00e9, l&rsquo;unit\u00e9 didactique comprend un [&hellip;]<\/p>\n","protected":false},"featured_media":11879,"template":"","meta":{"_acf_changed":false},"product_brand":[],"product_cat":[437],"product_tag":[],"class_list":{"0":"post-11882","1":"product","2":"type-product","3":"status-publish","4":"has-post-thumbnail","6":"product_cat-hydraulique-hydrologie-et-traitement","8":"first","9":"instock","10":"shipping-taxable","11":"product-type-simple"},"acf":[],"yoast_head":"<!-- This site is optimized with the Yoast SEO plugin v27.0 - https:\/\/yoast.com\/product\/yoast-seo-wordpress\/ -->\n<title>D\u00c9MONSTRATEUR DE CANAL D&#039;\u00c9COULEMENT HYDRAULIQUE - De Lorenzo Training &amp; Didactical Equipment<\/title>\n<meta name=\"robots\" content=\"index, follow, max-snippet:-1, max-image-preview:large, max-video-preview:-1\" \/>\n<link rel=\"canonical\" href=\"https:\/\/delorenzoglobal.com\/fr\/produit\/hydraulic-flow-channel-demonstrator\/\" \/>\n<meta property=\"og:locale\" content=\"fr_FR\" \/>\n<meta property=\"og:type\" content=\"article\" \/>\n<meta property=\"og:title\" content=\"D\u00c9MONSTRATEUR DE CANAL D&#039;\u00c9COULEMENT HYDRAULIQUE - De Lorenzo Training &amp; Didactical Equipment\" \/>\n<meta property=\"og:description\" content=\"Le but de cette formation didactique est d&rsquo;\u00e9tudier le comportement de l&rsquo;\u00e9coulement dans les canaux ouverts et les tuyaux ferm\u00e9s, en r\u00e9alisant quelques exp\u00e9riences dans les deux conditions. Le canal est totalement transparent et permet donc une observation claire du flux hydraulique. Afin de r\u00e9aliser les exp\u00e9riences dans un canal ferm\u00e9, l&rsquo;unit\u00e9 didactique comprend un [&hellip;]\" \/>\n<meta property=\"og:url\" content=\"https:\/\/delorenzoglobal.com\/fr\/produit\/hydraulic-flow-channel-demonstrator\/\" \/>\n<meta property=\"og:site_name\" content=\"De Lorenzo Training &amp; Didactical Equipment\" \/>\n<meta property=\"article:modified_time\" content=\"2025-01-21T14:00:59+00:00\" \/>\n<meta property=\"og:image\" content=\"https:\/\/delorenzoglobal.com\/wp-content\/uploads\/2024\/04\/DL-DKD061.png\" \/>\n\t<meta property=\"og:image:width\" content=\"1024\" \/>\n\t<meta property=\"og:image:height\" content=\"795\" \/>\n\t<meta property=\"og:image:type\" content=\"image\/png\" \/>\n<meta name=\"twitter:card\" content=\"summary_large_image\" \/>\n<meta name=\"twitter:label1\" content=\"Dur\u00e9e de lecture estim\u00e9e\" \/>\n\t<meta name=\"twitter:data1\" content=\"1 minute\" \/>\n<script type=\"application\/ld+json\" class=\"yoast-schema-graph\">{\"@context\":\"https:\/\/schema.org\",\"@graph\":[{\"@type\":\"WebPage\",\"@id\":\"https:\/\/delorenzoglobal.com\/fr\/produit\/hydraulic-flow-channel-demonstrator\/\",\"url\":\"https:\/\/delorenzoglobal.com\/fr\/produit\/hydraulic-flow-channel-demonstrator\/\",\"name\":\"D\u00c9MONSTRATEUR DE CANAL D'\u00c9COULEMENT HYDRAULIQUE - De Lorenzo Training &amp; Didactical Equipment\",\"isPartOf\":{\"@id\":\"https:\/\/delorenzoglobal.com\/fr\/#website\"},\"primaryImageOfPage\":{\"@id\":\"https:\/\/delorenzoglobal.com\/fr\/produit\/hydraulic-flow-channel-demonstrator\/#primaryimage\"},\"image\":{\"@id\":\"https:\/\/delorenzoglobal.com\/fr\/produit\/hydraulic-flow-channel-demonstrator\/#primaryimage\"},\"thumbnailUrl\":\"https:\/\/delorenzoglobal.com\/wp-content\/uploads\/2024\/04\/DL-DKD061.png\",\"datePublished\":\"2024-04-19T08:51:31+00:00\",\"dateModified\":\"2025-01-21T14:00:59+00:00\",\"breadcrumb\":{\"@id\":\"https:\/\/delorenzoglobal.com\/fr\/produit\/hydraulic-flow-channel-demonstrator\/#breadcrumb\"},\"inLanguage\":\"fr-FR\",\"potentialAction\":[{\"@type\":\"ReadAction\",\"target\":[\"https:\/\/delorenzoglobal.com\/fr\/produit\/hydraulic-flow-channel-demonstrator\/\"]}]},{\"@type\":\"ImageObject\",\"inLanguage\":\"fr-FR\",\"@id\":\"https:\/\/delorenzoglobal.com\/fr\/produit\/hydraulic-flow-channel-demonstrator\/#primaryimage\",\"url\":\"https:\/\/delorenzoglobal.com\/wp-content\/uploads\/2024\/04\/DL-DKD061.png\",\"contentUrl\":\"https:\/\/delorenzoglobal.com\/wp-content\/uploads\/2024\/04\/DL-DKD061.png\",\"width\":1024,\"height\":795},{\"@type\":\"BreadcrumbList\",\"@id\":\"https:\/\/delorenzoglobal.com\/fr\/produit\/hydraulic-flow-channel-demonstrator\/#breadcrumb\",\"itemListElement\":[{\"@type\":\"ListItem\",\"position\":1,\"name\":\"Home\",\"item\":\"https:\/\/delorenzoglobal.com\/fr\/\"},{\"@type\":\"ListItem\",\"position\":2,\"name\":\"Boutique\",\"item\":\"https:\/\/delorenzoglobal.com\/fr\/boutique\/\"},{\"@type\":\"ListItem\",\"position\":3,\"name\":\"D\u00c9MONSTRATEUR DE CANAL D&#8217;\u00c9COULEMENT HYDRAULIQUE\"}]},{\"@type\":\"WebSite\",\"@id\":\"https:\/\/delorenzoglobal.com\/fr\/#website\",\"url\":\"https:\/\/delorenzoglobal.com\/fr\/\",\"name\":\"De Lorenzo Training &amp; Didactical Equipment\",\"description\":\"\",\"potentialAction\":[{\"@type\":\"SearchAction\",\"target\":{\"@type\":\"EntryPoint\",\"urlTemplate\":\"https:\/\/delorenzoglobal.com\/fr\/?s={search_term_string}\"},\"query-input\":{\"@type\":\"PropertyValueSpecification\",\"valueRequired\":true,\"valueName\":\"search_term_string\"}}],\"inLanguage\":\"fr-FR\"}]}<\/script>\n<!-- \/ Yoast SEO plugin. -->","yoast_head_json":{"title":"D\u00c9MONSTRATEUR DE CANAL D'\u00c9COULEMENT HYDRAULIQUE - De Lorenzo Training &amp; Didactical Equipment","robots":{"index":"index","follow":"follow","max-snippet":"max-snippet:-1","max-image-preview":"max-image-preview:large","max-video-preview":"max-video-preview:-1"},"canonical":"https:\/\/delorenzoglobal.com\/fr\/produit\/hydraulic-flow-channel-demonstrator\/","og_locale":"fr_FR","og_type":"article","og_title":"D\u00c9MONSTRATEUR DE CANAL D'\u00c9COULEMENT HYDRAULIQUE - De Lorenzo Training &amp; Didactical Equipment","og_description":"Le but de cette formation didactique est d&rsquo;\u00e9tudier le comportement de l&rsquo;\u00e9coulement dans les canaux ouverts et les tuyaux ferm\u00e9s, en r\u00e9alisant quelques exp\u00e9riences dans les deux conditions. Le canal est totalement transparent et permet donc une observation claire du flux hydraulique. Afin de r\u00e9aliser les exp\u00e9riences dans un canal ferm\u00e9, l&rsquo;unit\u00e9 didactique comprend un [&hellip;]","og_url":"https:\/\/delorenzoglobal.com\/fr\/produit\/hydraulic-flow-channel-demonstrator\/","og_site_name":"De Lorenzo Training &amp; Didactical Equipment","article_modified_time":"2025-01-21T14:00:59+00:00","og_image":[{"width":1024,"height":795,"url":"https:\/\/delorenzoglobal.com\/wp-content\/uploads\/2024\/04\/DL-DKD061.png","type":"image\/png"}],"twitter_card":"summary_large_image","twitter_misc":{"Dur\u00e9e de lecture estim\u00e9e":"1 minute"},"schema":{"@context":"https:\/\/schema.org","@graph":[{"@type":"WebPage","@id":"https:\/\/delorenzoglobal.com\/fr\/produit\/hydraulic-flow-channel-demonstrator\/","url":"https:\/\/delorenzoglobal.com\/fr\/produit\/hydraulic-flow-channel-demonstrator\/","name":"D\u00c9MONSTRATEUR DE CANAL D'\u00c9COULEMENT HYDRAULIQUE - De Lorenzo Training &amp; Didactical Equipment","isPartOf":{"@id":"https:\/\/delorenzoglobal.com\/fr\/#website"},"primaryImageOfPage":{"@id":"https:\/\/delorenzoglobal.com\/fr\/produit\/hydraulic-flow-channel-demonstrator\/#primaryimage"},"image":{"@id":"https:\/\/delorenzoglobal.com\/fr\/produit\/hydraulic-flow-channel-demonstrator\/#primaryimage"},"thumbnailUrl":"https:\/\/delorenzoglobal.com\/wp-content\/uploads\/2024\/04\/DL-DKD061.png","datePublished":"2024-04-19T08:51:31+00:00","dateModified":"2025-01-21T14:00:59+00:00","breadcrumb":{"@id":"https:\/\/delorenzoglobal.com\/fr\/produit\/hydraulic-flow-channel-demonstrator\/#breadcrumb"},"inLanguage":"fr-FR","potentialAction":[{"@type":"ReadAction","target":["https:\/\/delorenzoglobal.com\/fr\/produit\/hydraulic-flow-channel-demonstrator\/"]}]},{"@type":"ImageObject","inLanguage":"fr-FR","@id":"https:\/\/delorenzoglobal.com\/fr\/produit\/hydraulic-flow-channel-demonstrator\/#primaryimage","url":"https:\/\/delorenzoglobal.com\/wp-content\/uploads\/2024\/04\/DL-DKD061.png","contentUrl":"https:\/\/delorenzoglobal.com\/wp-content\/uploads\/2024\/04\/DL-DKD061.png","width":1024,"height":795},{"@type":"BreadcrumbList","@id":"https:\/\/delorenzoglobal.com\/fr\/produit\/hydraulic-flow-channel-demonstrator\/#breadcrumb","itemListElement":[{"@type":"ListItem","position":1,"name":"Home","item":"https:\/\/delorenzoglobal.com\/fr\/"},{"@type":"ListItem","position":2,"name":"Boutique","item":"https:\/\/delorenzoglobal.com\/fr\/boutique\/"},{"@type":"ListItem","position":3,"name":"D\u00c9MONSTRATEUR DE CANAL D&#8217;\u00c9COULEMENT HYDRAULIQUE"}]},{"@type":"WebSite","@id":"https:\/\/delorenzoglobal.com\/fr\/#website","url":"https:\/\/delorenzoglobal.com\/fr\/","name":"De Lorenzo Training &amp; Didactical Equipment","description":"","potentialAction":[{"@type":"SearchAction","target":{"@type":"EntryPoint","urlTemplate":"https:\/\/delorenzoglobal.com\/fr\/?s={search_term_string}"},"query-input":{"@type":"PropertyValueSpecification","valueRequired":true,"valueName":"search_term_string"}}],"inLanguage":"fr-FR"}]}},"_links":{"self":[{"href":"https:\/\/delorenzoglobal.com\/fr\/wp-json\/wp\/v2\/product\/11882","targetHints":{"allow":["GET"]}}],"collection":[{"href":"https:\/\/delorenzoglobal.com\/fr\/wp-json\/wp\/v2\/product"}],"about":[{"href":"https:\/\/delorenzoglobal.com\/fr\/wp-json\/wp\/v2\/types\/product"}],"wp:featuredmedia":[{"embeddable":true,"href":"https:\/\/delorenzoglobal.com\/fr\/wp-json\/wp\/v2\/media\/11879"}],"wp:attachment":[{"href":"https:\/\/delorenzoglobal.com\/fr\/wp-json\/wp\/v2\/media?parent=11882"}],"wp:term":[{"taxonomy":"product_brand","embeddable":true,"href":"https:\/\/delorenzoglobal.com\/fr\/wp-json\/wp\/v2\/product_brand?post=11882"},{"taxonomy":"product_cat","embeddable":true,"href":"https:\/\/delorenzoglobal.com\/fr\/wp-json\/wp\/v2\/product_cat?post=11882"},{"taxonomy":"product_tag","embeddable":true,"href":"https:\/\/delorenzoglobal.com\/fr\/wp-json\/wp\/v2\/product_tag?post=11882"}],"curies":[{"name":"wp","href":"https:\/\/api.w.org\/{rel}","templated":true}]}}