{"id":11826,"date":"2024-04-19T10:37:21","date_gmt":"2024-04-19T08:37:21","guid":{"rendered":"https:\/\/delorenzoglobal.com\/?post_type=product&#038;p=11826"},"modified":"2025-01-22T12:07:06","modified_gmt":"2025-01-22T11:07:06","slug":"appareil-detudes-de-sedimentation","status":"publish","type":"product","link":"https:\/\/delorenzoglobal.com\/fr\/produit\/appareil-detudes-de-sedimentation\/","title":{"rendered":"APPAREIL D&rsquo;ETUDES DE SEDIMENTATION"},"content":{"rendered":"<p>Ce d\u00e9monstrateur a \u00e9t\u00e9 con\u00e7u pour l&rsquo;\u00e9tude et la pr\u00e9sentation du ph\u00e9nom\u00e8ne naturel de s\u00e9dimentation: les particules contenues dans un fluide, tomb\u00e9es par gravit\u00e9, sont collect\u00e9es au fond d&rsquo;un r\u00e9servoir.<\/p>\n<p>La s\u00e9dimentation est utilis\u00e9e pour clarifier toute eau en r\u00e9duisant sa turbidit\u00e9.<\/p>\n<p>En fonction des caract\u00e9ristiques de la suspension (m\u00e9lange h\u00e9t\u00e9rog\u00e8ne de particules solides dispers\u00e9es dans un fluide), les particules peuvent se d\u00e9poser de diff\u00e9rentes mani\u00e8res en fonction de leur densit\u00e9, de leur concentration dans la solution et de la densit\u00e9 et de la viscosit\u00e9 du fluide dans lequel elles sont dispers\u00e9es.<\/p>\n","protected":false},"excerpt":{"rendered":"<p>Ce d\u00e9monstrateur a \u00e9t\u00e9 con\u00e7u pour l&rsquo;\u00e9tude et la pr\u00e9sentation du ph\u00e9nom\u00e8ne naturel de s\u00e9dimentation: les particules contenues dans un fluide, tomb\u00e9es par gravit\u00e9, sont collect\u00e9es au fond d&rsquo;un r\u00e9servoir. La s\u00e9dimentation est utilis\u00e9e pour clarifier toute eau en r\u00e9duisant sa turbidit\u00e9. En fonction des caract\u00e9ristiques de la suspension (m\u00e9lange h\u00e9t\u00e9rog\u00e8ne de particules solides dispers\u00e9es [&hellip;]<\/p>\n","protected":false},"featured_media":11823,"template":"","meta":{"_acf_changed":false},"product_brand":[],"product_cat":[437],"product_tag":[],"class_list":{"0":"post-11826","1":"product","2":"type-product","3":"status-publish","4":"has-post-thumbnail","6":"product_cat-hydraulique-hydrologie-et-traitement","8":"first","9":"instock","10":"shipping-taxable","11":"product-type-simple"},"acf":[],"yoast_head":"<!-- This site is optimized with the Yoast SEO plugin v27.0 - https:\/\/yoast.com\/product\/yoast-seo-wordpress\/ -->\n<title>APPAREIL D&#039;ETUDES DE SEDIMENTATION - De Lorenzo Training &amp; Didactical Equipment<\/title>\n<meta name=\"robots\" content=\"index, follow, max-snippet:-1, max-image-preview:large, max-video-preview:-1\" \/>\n<link rel=\"canonical\" href=\"https:\/\/delorenzoglobal.com\/fr\/produit\/appareil-detudes-de-sedimentation\/\" \/>\n<meta property=\"og:locale\" content=\"fr_FR\" \/>\n<meta property=\"og:type\" content=\"article\" \/>\n<meta property=\"og:title\" content=\"APPAREIL D&#039;ETUDES DE SEDIMENTATION - De Lorenzo Training &amp; Didactical Equipment\" \/>\n<meta property=\"og:description\" content=\"Ce d\u00e9monstrateur a \u00e9t\u00e9 con\u00e7u pour l&rsquo;\u00e9tude et la pr\u00e9sentation du ph\u00e9nom\u00e8ne naturel de s\u00e9dimentation: les particules contenues dans un fluide, tomb\u00e9es par gravit\u00e9, sont collect\u00e9es au fond d&rsquo;un r\u00e9servoir. La s\u00e9dimentation est utilis\u00e9e pour clarifier toute eau en r\u00e9duisant sa turbidit\u00e9. En fonction des caract\u00e9ristiques de la suspension (m\u00e9lange h\u00e9t\u00e9rog\u00e8ne de particules solides dispers\u00e9es [&hellip;]\" \/>\n<meta property=\"og:url\" content=\"https:\/\/delorenzoglobal.com\/fr\/produit\/appareil-detudes-de-sedimentation\/\" \/>\n<meta property=\"og:site_name\" content=\"De Lorenzo Training &amp; Didactical Equipment\" \/>\n<meta property=\"article:modified_time\" content=\"2025-01-22T11:07:06+00:00\" \/>\n<meta property=\"og:image\" content=\"https:\/\/delorenzoglobal.com\/wp-content\/uploads\/2024\/04\/DL-DKT063-scaled.jpg\" \/>\n\t<meta property=\"og:image:width\" content=\"1710\" \/>\n\t<meta property=\"og:image:height\" content=\"2560\" \/>\n\t<meta property=\"og:image:type\" content=\"image\/jpeg\" \/>\n<meta name=\"twitter:card\" content=\"summary_large_image\" \/>\n<meta name=\"twitter:label1\" content=\"Dur\u00e9e de lecture estim\u00e9e\" \/>\n\t<meta name=\"twitter:data1\" content=\"1 minute\" \/>\n<script type=\"application\/ld+json\" class=\"yoast-schema-graph\">{\"@context\":\"https:\/\/schema.org\",\"@graph\":[{\"@type\":\"WebPage\",\"@id\":\"https:\/\/delorenzoglobal.com\/fr\/produit\/appareil-detudes-de-sedimentation\/\",\"url\":\"https:\/\/delorenzoglobal.com\/fr\/produit\/appareil-detudes-de-sedimentation\/\",\"name\":\"APPAREIL D'ETUDES DE SEDIMENTATION - De Lorenzo Training &amp; Didactical Equipment\",\"isPartOf\":{\"@id\":\"https:\/\/delorenzoglobal.com\/fr\/#website\"},\"primaryImageOfPage\":{\"@id\":\"https:\/\/delorenzoglobal.com\/fr\/produit\/appareil-detudes-de-sedimentation\/#primaryimage\"},\"image\":{\"@id\":\"https:\/\/delorenzoglobal.com\/fr\/produit\/appareil-detudes-de-sedimentation\/#primaryimage\"},\"thumbnailUrl\":\"https:\/\/delorenzoglobal.com\/wp-content\/uploads\/2024\/04\/DL-DKT063-scaled.jpg\",\"datePublished\":\"2024-04-19T08:37:21+00:00\",\"dateModified\":\"2025-01-22T11:07:06+00:00\",\"breadcrumb\":{\"@id\":\"https:\/\/delorenzoglobal.com\/fr\/produit\/appareil-detudes-de-sedimentation\/#breadcrumb\"},\"inLanguage\":\"fr-FR\",\"potentialAction\":[{\"@type\":\"ReadAction\",\"target\":[\"https:\/\/delorenzoglobal.com\/fr\/produit\/appareil-detudes-de-sedimentation\/\"]}]},{\"@type\":\"ImageObject\",\"inLanguage\":\"fr-FR\",\"@id\":\"https:\/\/delorenzoglobal.com\/fr\/produit\/appareil-detudes-de-sedimentation\/#primaryimage\",\"url\":\"https:\/\/delorenzoglobal.com\/wp-content\/uploads\/2024\/04\/DL-DKT063-scaled.jpg\",\"contentUrl\":\"https:\/\/delorenzoglobal.com\/wp-content\/uploads\/2024\/04\/DL-DKT063-scaled.jpg\",\"width\":1710,\"height\":2560},{\"@type\":\"BreadcrumbList\",\"@id\":\"https:\/\/delorenzoglobal.com\/fr\/produit\/appareil-detudes-de-sedimentation\/#breadcrumb\",\"itemListElement\":[{\"@type\":\"ListItem\",\"position\":1,\"name\":\"Home\",\"item\":\"https:\/\/delorenzoglobal.com\/fr\/\"},{\"@type\":\"ListItem\",\"position\":2,\"name\":\"Boutique\",\"item\":\"https:\/\/delorenzoglobal.com\/fr\/boutique\/\"},{\"@type\":\"ListItem\",\"position\":3,\"name\":\"APPAREIL D&#8217;ETUDES DE SEDIMENTATION\"}]},{\"@type\":\"WebSite\",\"@id\":\"https:\/\/delorenzoglobal.com\/fr\/#website\",\"url\":\"https:\/\/delorenzoglobal.com\/fr\/\",\"name\":\"De Lorenzo Training &amp; Didactical Equipment\",\"description\":\"\",\"potentialAction\":[{\"@type\":\"SearchAction\",\"target\":{\"@type\":\"EntryPoint\",\"urlTemplate\":\"https:\/\/delorenzoglobal.com\/fr\/?s={search_term_string}\"},\"query-input\":{\"@type\":\"PropertyValueSpecification\",\"valueRequired\":true,\"valueName\":\"search_term_string\"}}],\"inLanguage\":\"fr-FR\"}]}<\/script>\n<!-- \/ Yoast SEO plugin. -->","yoast_head_json":{"title":"APPAREIL D'ETUDES DE SEDIMENTATION - De Lorenzo Training &amp; Didactical Equipment","robots":{"index":"index","follow":"follow","max-snippet":"max-snippet:-1","max-image-preview":"max-image-preview:large","max-video-preview":"max-video-preview:-1"},"canonical":"https:\/\/delorenzoglobal.com\/fr\/produit\/appareil-detudes-de-sedimentation\/","og_locale":"fr_FR","og_type":"article","og_title":"APPAREIL D'ETUDES DE SEDIMENTATION - De Lorenzo Training &amp; Didactical Equipment","og_description":"Ce d\u00e9monstrateur a \u00e9t\u00e9 con\u00e7u pour l&rsquo;\u00e9tude et la pr\u00e9sentation du ph\u00e9nom\u00e8ne naturel de s\u00e9dimentation: les particules contenues dans un fluide, tomb\u00e9es par gravit\u00e9, sont collect\u00e9es au fond d&rsquo;un r\u00e9servoir. La s\u00e9dimentation est utilis\u00e9e pour clarifier toute eau en r\u00e9duisant sa turbidit\u00e9. En fonction des caract\u00e9ristiques de la suspension (m\u00e9lange h\u00e9t\u00e9rog\u00e8ne de particules solides dispers\u00e9es [&hellip;]","og_url":"https:\/\/delorenzoglobal.com\/fr\/produit\/appareil-detudes-de-sedimentation\/","og_site_name":"De Lorenzo Training &amp; Didactical Equipment","article_modified_time":"2025-01-22T11:07:06+00:00","og_image":[{"width":1710,"height":2560,"url":"https:\/\/delorenzoglobal.com\/wp-content\/uploads\/2024\/04\/DL-DKT063-scaled.jpg","type":"image\/jpeg"}],"twitter_card":"summary_large_image","twitter_misc":{"Dur\u00e9e de lecture estim\u00e9e":"1 minute"},"schema":{"@context":"https:\/\/schema.org","@graph":[{"@type":"WebPage","@id":"https:\/\/delorenzoglobal.com\/fr\/produit\/appareil-detudes-de-sedimentation\/","url":"https:\/\/delorenzoglobal.com\/fr\/produit\/appareil-detudes-de-sedimentation\/","name":"APPAREIL D'ETUDES DE SEDIMENTATION - De Lorenzo Training &amp; Didactical Equipment","isPartOf":{"@id":"https:\/\/delorenzoglobal.com\/fr\/#website"},"primaryImageOfPage":{"@id":"https:\/\/delorenzoglobal.com\/fr\/produit\/appareil-detudes-de-sedimentation\/#primaryimage"},"image":{"@id":"https:\/\/delorenzoglobal.com\/fr\/produit\/appareil-detudes-de-sedimentation\/#primaryimage"},"thumbnailUrl":"https:\/\/delorenzoglobal.com\/wp-content\/uploads\/2024\/04\/DL-DKT063-scaled.jpg","datePublished":"2024-04-19T08:37:21+00:00","dateModified":"2025-01-22T11:07:06+00:00","breadcrumb":{"@id":"https:\/\/delorenzoglobal.com\/fr\/produit\/appareil-detudes-de-sedimentation\/#breadcrumb"},"inLanguage":"fr-FR","potentialAction":[{"@type":"ReadAction","target":["https:\/\/delorenzoglobal.com\/fr\/produit\/appareil-detudes-de-sedimentation\/"]}]},{"@type":"ImageObject","inLanguage":"fr-FR","@id":"https:\/\/delorenzoglobal.com\/fr\/produit\/appareil-detudes-de-sedimentation\/#primaryimage","url":"https:\/\/delorenzoglobal.com\/wp-content\/uploads\/2024\/04\/DL-DKT063-scaled.jpg","contentUrl":"https:\/\/delorenzoglobal.com\/wp-content\/uploads\/2024\/04\/DL-DKT063-scaled.jpg","width":1710,"height":2560},{"@type":"BreadcrumbList","@id":"https:\/\/delorenzoglobal.com\/fr\/produit\/appareil-detudes-de-sedimentation\/#breadcrumb","itemListElement":[{"@type":"ListItem","position":1,"name":"Home","item":"https:\/\/delorenzoglobal.com\/fr\/"},{"@type":"ListItem","position":2,"name":"Boutique","item":"https:\/\/delorenzoglobal.com\/fr\/boutique\/"},{"@type":"ListItem","position":3,"name":"APPAREIL D&#8217;ETUDES DE SEDIMENTATION"}]},{"@type":"WebSite","@id":"https:\/\/delorenzoglobal.com\/fr\/#website","url":"https:\/\/delorenzoglobal.com\/fr\/","name":"De Lorenzo Training &amp; Didactical Equipment","description":"","potentialAction":[{"@type":"SearchAction","target":{"@type":"EntryPoint","urlTemplate":"https:\/\/delorenzoglobal.com\/fr\/?s={search_term_string}"},"query-input":{"@type":"PropertyValueSpecification","valueRequired":true,"valueName":"search_term_string"}}],"inLanguage":"fr-FR"}]}},"_links":{"self":[{"href":"https:\/\/delorenzoglobal.com\/fr\/wp-json\/wp\/v2\/product\/11826","targetHints":{"allow":["GET"]}}],"collection":[{"href":"https:\/\/delorenzoglobal.com\/fr\/wp-json\/wp\/v2\/product"}],"about":[{"href":"https:\/\/delorenzoglobal.com\/fr\/wp-json\/wp\/v2\/types\/product"}],"wp:featuredmedia":[{"embeddable":true,"href":"https:\/\/delorenzoglobal.com\/fr\/wp-json\/wp\/v2\/media\/11823"}],"wp:attachment":[{"href":"https:\/\/delorenzoglobal.com\/fr\/wp-json\/wp\/v2\/media?parent=11826"}],"wp:term":[{"taxonomy":"product_brand","embeddable":true,"href":"https:\/\/delorenzoglobal.com\/fr\/wp-json\/wp\/v2\/product_brand?post=11826"},{"taxonomy":"product_cat","embeddable":true,"href":"https:\/\/delorenzoglobal.com\/fr\/wp-json\/wp\/v2\/product_cat?post=11826"},{"taxonomy":"product_tag","embeddable":true,"href":"https:\/\/delorenzoglobal.com\/fr\/wp-json\/wp\/v2\/product_tag?post=11826"}],"curies":[{"name":"wp","href":"https:\/\/api.w.org\/{rel}","templated":true}]}}