{"id":11774,"date":"2024-04-19T10:29:33","date_gmt":"2024-04-19T08:29:33","guid":{"rendered":"https:\/\/delorenzoglobal.com\/?post_type=product&#038;p=11774"},"modified":"2025-12-04T12:40:34","modified_gmt":"2025-12-04T11:40:34","slug":"canal-hydrodynamique","status":"publish","type":"product","link":"https:\/\/delorenzoglobal.com\/fr\/produit\/canal-hydrodynamique\/","title":{"rendered":"CANAL HYDRODYNAMIQUE"},"content":{"rendered":"<p>Ce formateur a \u00e9t\u00e9 con\u00e7u pour l\u2019\u00e9tude du comportement des fluides en canaux ouverts.<\/p>\n<p>Caract\u00e9ristiques:<\/p>\n<ul>\n<li>Fonctionnement autonome, il ne n\u00e9cessite qu&rsquo;une prise de courant.<\/li>\n<li>Possibilit\u00e9 de cr\u00e9er une pente n\u00e9gative et positive du canal.<\/li>\n<li>Divers \u00e9l\u00e9ments de lecture, prises de jauge, indicateur de niveau, tube de Pitot, etc.<\/li>\n<li>Large gamme d\u2019accessoires pour l\u2019\u00e9tude de multiples ph\u00e9nom\u00e8nes.<\/li>\n<\/ul>\n","protected":false},"excerpt":{"rendered":"<p>Ce formateur a \u00e9t\u00e9 con\u00e7u pour l\u2019\u00e9tude du comportement des fluides en canaux ouverts. Caract\u00e9ristiques: Fonctionnement autonome, il ne n\u00e9cessite qu&rsquo;une prise de courant. Possibilit\u00e9 de cr\u00e9er une pente n\u00e9gative et positive du canal. Divers \u00e9l\u00e9ments de lecture, prises de jauge, indicateur de niveau, tube de Pitot, etc. Large gamme d\u2019accessoires pour l\u2019\u00e9tude de multiples [&hellip;]<\/p>\n","protected":false},"featured_media":19831,"template":"","meta":{"_acf_changed":false},"product_brand":[],"product_cat":[437],"product_tag":[],"class_list":{"0":"post-11774","1":"product","2":"type-product","3":"status-publish","4":"has-post-thumbnail","6":"product_cat-hydraulique-hydrologie-et-traitement","8":"first","9":"instock","10":"shipping-taxable","11":"product-type-simple"},"acf":[],"yoast_head":"<!-- This site is optimized with the Yoast SEO plugin v27.0 - https:\/\/yoast.com\/product\/yoast-seo-wordpress\/ -->\n<title>CANAL HYDRODYNAMIQUE - De Lorenzo Training &amp; Didactical Equipment<\/title>\n<meta name=\"robots\" content=\"index, follow, max-snippet:-1, max-image-preview:large, max-video-preview:-1\" \/>\n<link rel=\"canonical\" href=\"https:\/\/delorenzoglobal.com\/fr\/produit\/canal-hydrodynamique\/\" \/>\n<meta property=\"og:locale\" content=\"fr_FR\" \/>\n<meta property=\"og:type\" content=\"article\" \/>\n<meta property=\"og:title\" content=\"CANAL HYDRODYNAMIQUE - De Lorenzo Training &amp; Didactical Equipment\" \/>\n<meta property=\"og:description\" content=\"Ce formateur a \u00e9t\u00e9 con\u00e7u pour l\u2019\u00e9tude du comportement des fluides en canaux ouverts. Caract\u00e9ristiques: Fonctionnement autonome, il ne n\u00e9cessite qu&rsquo;une prise de courant. Possibilit\u00e9 de cr\u00e9er une pente n\u00e9gative et positive du canal. Divers \u00e9l\u00e9ments de lecture, prises de jauge, indicateur de niveau, tube de Pitot, etc. Large gamme d\u2019accessoires pour l\u2019\u00e9tude de multiples [&hellip;]\" \/>\n<meta property=\"og:url\" content=\"https:\/\/delorenzoglobal.com\/fr\/produit\/canal-hydrodynamique\/\" \/>\n<meta property=\"og:site_name\" content=\"De Lorenzo Training &amp; Didactical Equipment\" \/>\n<meta property=\"article:modified_time\" content=\"2025-12-04T11:40:34+00:00\" \/>\n<meta property=\"og:image\" content=\"https:\/\/delorenzoglobal.com\/wp-content\/uploads\/2024\/04\/DL-DKL051-xs.jpg\" \/>\n\t<meta property=\"og:image:width\" content=\"1044\" \/>\n\t<meta property=\"og:image:height\" content=\"661\" \/>\n\t<meta property=\"og:image:type\" content=\"image\/jpeg\" \/>\n<meta name=\"twitter:card\" content=\"summary_large_image\" \/>\n<meta name=\"twitter:label1\" content=\"Dur\u00e9e de lecture estim\u00e9e\" \/>\n\t<meta name=\"twitter:data1\" content=\"1 minute\" \/>\n<script type=\"application\/ld+json\" class=\"yoast-schema-graph\">{\"@context\":\"https:\/\/schema.org\",\"@graph\":[{\"@type\":\"WebPage\",\"@id\":\"https:\/\/delorenzoglobal.com\/fr\/produit\/canal-hydrodynamique\/\",\"url\":\"https:\/\/delorenzoglobal.com\/fr\/produit\/canal-hydrodynamique\/\",\"name\":\"CANAL HYDRODYNAMIQUE - De Lorenzo Training &amp; Didactical Equipment\",\"isPartOf\":{\"@id\":\"https:\/\/delorenzoglobal.com\/fr\/#website\"},\"primaryImageOfPage\":{\"@id\":\"https:\/\/delorenzoglobal.com\/fr\/produit\/canal-hydrodynamique\/#primaryimage\"},\"image\":{\"@id\":\"https:\/\/delorenzoglobal.com\/fr\/produit\/canal-hydrodynamique\/#primaryimage\"},\"thumbnailUrl\":\"https:\/\/delorenzoglobal.com\/wp-content\/uploads\/2024\/04\/DL-DKL051-xs.jpg\",\"datePublished\":\"2024-04-19T08:29:33+00:00\",\"dateModified\":\"2025-12-04T11:40:34+00:00\",\"breadcrumb\":{\"@id\":\"https:\/\/delorenzoglobal.com\/fr\/produit\/canal-hydrodynamique\/#breadcrumb\"},\"inLanguage\":\"fr-FR\",\"potentialAction\":[{\"@type\":\"ReadAction\",\"target\":[\"https:\/\/delorenzoglobal.com\/fr\/produit\/canal-hydrodynamique\/\"]}]},{\"@type\":\"ImageObject\",\"inLanguage\":\"fr-FR\",\"@id\":\"https:\/\/delorenzoglobal.com\/fr\/produit\/canal-hydrodynamique\/#primaryimage\",\"url\":\"https:\/\/delorenzoglobal.com\/wp-content\/uploads\/2024\/04\/DL-DKL051-xs.jpg\",\"contentUrl\":\"https:\/\/delorenzoglobal.com\/wp-content\/uploads\/2024\/04\/DL-DKL051-xs.jpg\",\"width\":1044,\"height\":661},{\"@type\":\"BreadcrumbList\",\"@id\":\"https:\/\/delorenzoglobal.com\/fr\/produit\/canal-hydrodynamique\/#breadcrumb\",\"itemListElement\":[{\"@type\":\"ListItem\",\"position\":1,\"name\":\"Home\",\"item\":\"https:\/\/delorenzoglobal.com\/fr\/\"},{\"@type\":\"ListItem\",\"position\":2,\"name\":\"Boutique\",\"item\":\"https:\/\/delorenzoglobal.com\/fr\/boutique\/\"},{\"@type\":\"ListItem\",\"position\":3,\"name\":\"CANAL HYDRODYNAMIQUE\"}]},{\"@type\":\"WebSite\",\"@id\":\"https:\/\/delorenzoglobal.com\/fr\/#website\",\"url\":\"https:\/\/delorenzoglobal.com\/fr\/\",\"name\":\"De Lorenzo Training &amp; Didactical Equipment\",\"description\":\"\",\"potentialAction\":[{\"@type\":\"SearchAction\",\"target\":{\"@type\":\"EntryPoint\",\"urlTemplate\":\"https:\/\/delorenzoglobal.com\/fr\/?s={search_term_string}\"},\"query-input\":{\"@type\":\"PropertyValueSpecification\",\"valueRequired\":true,\"valueName\":\"search_term_string\"}}],\"inLanguage\":\"fr-FR\"}]}<\/script>\n<!-- \/ Yoast SEO plugin. -->","yoast_head_json":{"title":"CANAL HYDRODYNAMIQUE - De Lorenzo Training &amp; Didactical Equipment","robots":{"index":"index","follow":"follow","max-snippet":"max-snippet:-1","max-image-preview":"max-image-preview:large","max-video-preview":"max-video-preview:-1"},"canonical":"https:\/\/delorenzoglobal.com\/fr\/produit\/canal-hydrodynamique\/","og_locale":"fr_FR","og_type":"article","og_title":"CANAL HYDRODYNAMIQUE - De Lorenzo Training &amp; Didactical Equipment","og_description":"Ce formateur a \u00e9t\u00e9 con\u00e7u pour l\u2019\u00e9tude du comportement des fluides en canaux ouverts. Caract\u00e9ristiques: Fonctionnement autonome, il ne n\u00e9cessite qu&rsquo;une prise de courant. Possibilit\u00e9 de cr\u00e9er une pente n\u00e9gative et positive du canal. Divers \u00e9l\u00e9ments de lecture, prises de jauge, indicateur de niveau, tube de Pitot, etc. Large gamme d\u2019accessoires pour l\u2019\u00e9tude de multiples [&hellip;]","og_url":"https:\/\/delorenzoglobal.com\/fr\/produit\/canal-hydrodynamique\/","og_site_name":"De Lorenzo Training &amp; Didactical Equipment","article_modified_time":"2025-12-04T11:40:34+00:00","og_image":[{"width":1044,"height":661,"url":"https:\/\/delorenzoglobal.com\/wp-content\/uploads\/2024\/04\/DL-DKL051-xs.jpg","type":"image\/jpeg"}],"twitter_card":"summary_large_image","twitter_misc":{"Dur\u00e9e de lecture estim\u00e9e":"1 minute"},"schema":{"@context":"https:\/\/schema.org","@graph":[{"@type":"WebPage","@id":"https:\/\/delorenzoglobal.com\/fr\/produit\/canal-hydrodynamique\/","url":"https:\/\/delorenzoglobal.com\/fr\/produit\/canal-hydrodynamique\/","name":"CANAL HYDRODYNAMIQUE - De Lorenzo Training &amp; Didactical Equipment","isPartOf":{"@id":"https:\/\/delorenzoglobal.com\/fr\/#website"},"primaryImageOfPage":{"@id":"https:\/\/delorenzoglobal.com\/fr\/produit\/canal-hydrodynamique\/#primaryimage"},"image":{"@id":"https:\/\/delorenzoglobal.com\/fr\/produit\/canal-hydrodynamique\/#primaryimage"},"thumbnailUrl":"https:\/\/delorenzoglobal.com\/wp-content\/uploads\/2024\/04\/DL-DKL051-xs.jpg","datePublished":"2024-04-19T08:29:33+00:00","dateModified":"2025-12-04T11:40:34+00:00","breadcrumb":{"@id":"https:\/\/delorenzoglobal.com\/fr\/produit\/canal-hydrodynamique\/#breadcrumb"},"inLanguage":"fr-FR","potentialAction":[{"@type":"ReadAction","target":["https:\/\/delorenzoglobal.com\/fr\/produit\/canal-hydrodynamique\/"]}]},{"@type":"ImageObject","inLanguage":"fr-FR","@id":"https:\/\/delorenzoglobal.com\/fr\/produit\/canal-hydrodynamique\/#primaryimage","url":"https:\/\/delorenzoglobal.com\/wp-content\/uploads\/2024\/04\/DL-DKL051-xs.jpg","contentUrl":"https:\/\/delorenzoglobal.com\/wp-content\/uploads\/2024\/04\/DL-DKL051-xs.jpg","width":1044,"height":661},{"@type":"BreadcrumbList","@id":"https:\/\/delorenzoglobal.com\/fr\/produit\/canal-hydrodynamique\/#breadcrumb","itemListElement":[{"@type":"ListItem","position":1,"name":"Home","item":"https:\/\/delorenzoglobal.com\/fr\/"},{"@type":"ListItem","position":2,"name":"Boutique","item":"https:\/\/delorenzoglobal.com\/fr\/boutique\/"},{"@type":"ListItem","position":3,"name":"CANAL HYDRODYNAMIQUE"}]},{"@type":"WebSite","@id":"https:\/\/delorenzoglobal.com\/fr\/#website","url":"https:\/\/delorenzoglobal.com\/fr\/","name":"De Lorenzo Training &amp; Didactical Equipment","description":"","potentialAction":[{"@type":"SearchAction","target":{"@type":"EntryPoint","urlTemplate":"https:\/\/delorenzoglobal.com\/fr\/?s={search_term_string}"},"query-input":{"@type":"PropertyValueSpecification","valueRequired":true,"valueName":"search_term_string"}}],"inLanguage":"fr-FR"}]}},"_links":{"self":[{"href":"https:\/\/delorenzoglobal.com\/fr\/wp-json\/wp\/v2\/product\/11774","targetHints":{"allow":["GET"]}}],"collection":[{"href":"https:\/\/delorenzoglobal.com\/fr\/wp-json\/wp\/v2\/product"}],"about":[{"href":"https:\/\/delorenzoglobal.com\/fr\/wp-json\/wp\/v2\/types\/product"}],"wp:featuredmedia":[{"embeddable":true,"href":"https:\/\/delorenzoglobal.com\/fr\/wp-json\/wp\/v2\/media\/19831"}],"wp:attachment":[{"href":"https:\/\/delorenzoglobal.com\/fr\/wp-json\/wp\/v2\/media?parent=11774"}],"wp:term":[{"taxonomy":"product_brand","embeddable":true,"href":"https:\/\/delorenzoglobal.com\/fr\/wp-json\/wp\/v2\/product_brand?post=11774"},{"taxonomy":"product_cat","embeddable":true,"href":"https:\/\/delorenzoglobal.com\/fr\/wp-json\/wp\/v2\/product_cat?post=11774"},{"taxonomy":"product_tag","embeddable":true,"href":"https:\/\/delorenzoglobal.com\/fr\/wp-json\/wp\/v2\/product_tag?post=11774"}],"curies":[{"name":"wp","href":"https:\/\/api.w.org\/{rel}","templated":true}]}}