{"id":11744,"date":"2024-04-19T10:25:23","date_gmt":"2024-04-19T08:25:23","guid":{"rendered":"https:\/\/delorenzoglobal.com\/?post_type=product&#038;p=11744"},"modified":"2025-01-21T14:44:13","modified_gmt":"2025-01-21T13:44:13","slug":"bassin-de-sedimentation","status":"publish","type":"product","link":"https:\/\/delorenzoglobal.com\/fr\/produit\/bassin-de-sedimentation\/","title":{"rendered":"BASSIN DE SEDIMENTATION"},"content":{"rendered":"<p>Ce d\u00e9monstrateur a \u00e9t\u00e9 con\u00e7u pour l\u2019\u00e9tude et la visualisation du ph\u00e9nom\u00e8ne naturel de s\u00e9dimentation, en fonctionnement continu.<\/p>\n<p>Les particules sont plus denses que le fluide qui les contient et tombent au fond du r\u00e9servoir en raison de l\u2019effet de gravit\u00e9. Le processus de s\u00e9dimentation est utilis\u00e9 pour clarifier tous les types d&rsquo;eaux, en r\u00e9duisant leur turbidit\u00e9<\/p>\n","protected":false},"excerpt":{"rendered":"<p>Ce d\u00e9monstrateur a \u00e9t\u00e9 con\u00e7u pour l\u2019\u00e9tude et la visualisation du ph\u00e9nom\u00e8ne naturel de s\u00e9dimentation, en fonctionnement continu. Les particules sont plus denses que le fluide qui les contient et tombent au fond du r\u00e9servoir en raison de l\u2019effet de gravit\u00e9. Le processus de s\u00e9dimentation est utilis\u00e9 pour clarifier tous les types d&rsquo;eaux, en r\u00e9duisant [&hellip;]<\/p>\n","protected":false},"featured_media":11741,"template":"","meta":{"_acf_changed":false},"product_brand":[],"product_cat":[437],"product_tag":[],"class_list":{"0":"post-11744","1":"product","2":"type-product","3":"status-publish","4":"has-post-thumbnail","6":"product_cat-hydraulique-hydrologie-et-traitement","8":"first","9":"instock","10":"shipping-taxable","11":"product-type-simple"},"acf":[],"yoast_head":"<!-- This site is optimized with the Yoast SEO plugin v27.0 - https:\/\/yoast.com\/product\/yoast-seo-wordpress\/ -->\n<title>BASSIN DE SEDIMENTATION - De Lorenzo Training &amp; Didactical Equipment<\/title>\n<meta name=\"robots\" content=\"index, follow, max-snippet:-1, max-image-preview:large, max-video-preview:-1\" \/>\n<link rel=\"canonical\" href=\"https:\/\/delorenzoglobal.com\/fr\/produit\/bassin-de-sedimentation\/\" \/>\n<meta property=\"og:locale\" content=\"fr_FR\" \/>\n<meta property=\"og:type\" content=\"article\" \/>\n<meta property=\"og:title\" content=\"BASSIN DE SEDIMENTATION - De Lorenzo Training &amp; Didactical Equipment\" \/>\n<meta property=\"og:description\" content=\"Ce d\u00e9monstrateur a \u00e9t\u00e9 con\u00e7u pour l\u2019\u00e9tude et la visualisation du ph\u00e9nom\u00e8ne naturel de s\u00e9dimentation, en fonctionnement continu. Les particules sont plus denses que le fluide qui les contient et tombent au fond du r\u00e9servoir en raison de l\u2019effet de gravit\u00e9. Le processus de s\u00e9dimentation est utilis\u00e9 pour clarifier tous les types d&rsquo;eaux, en r\u00e9duisant [&hellip;]\" \/>\n<meta property=\"og:url\" content=\"https:\/\/delorenzoglobal.com\/fr\/produit\/bassin-de-sedimentation\/\" \/>\n<meta property=\"og:site_name\" content=\"De Lorenzo Training &amp; Didactical Equipment\" \/>\n<meta property=\"article:modified_time\" content=\"2025-01-21T13:44:13+00:00\" \/>\n<meta property=\"og:image\" content=\"https:\/\/delorenzoglobal.com\/wp-content\/uploads\/2024\/04\/DL-DKA022.jpg\" \/>\n\t<meta property=\"og:image:width\" content=\"907\" \/>\n\t<meta property=\"og:image:height\" content=\"605\" \/>\n\t<meta property=\"og:image:type\" content=\"image\/jpeg\" \/>\n<meta name=\"twitter:card\" content=\"summary_large_image\" \/>\n<meta name=\"twitter:label1\" content=\"Dur\u00e9e de lecture estim\u00e9e\" \/>\n\t<meta name=\"twitter:data1\" content=\"1 minute\" \/>\n<script type=\"application\/ld+json\" class=\"yoast-schema-graph\">{\"@context\":\"https:\/\/schema.org\",\"@graph\":[{\"@type\":\"WebPage\",\"@id\":\"https:\/\/delorenzoglobal.com\/fr\/produit\/bassin-de-sedimentation\/\",\"url\":\"https:\/\/delorenzoglobal.com\/fr\/produit\/bassin-de-sedimentation\/\",\"name\":\"BASSIN DE SEDIMENTATION - De Lorenzo Training &amp; Didactical Equipment\",\"isPartOf\":{\"@id\":\"https:\/\/delorenzoglobal.com\/fr\/#website\"},\"primaryImageOfPage\":{\"@id\":\"https:\/\/delorenzoglobal.com\/fr\/produit\/bassin-de-sedimentation\/#primaryimage\"},\"image\":{\"@id\":\"https:\/\/delorenzoglobal.com\/fr\/produit\/bassin-de-sedimentation\/#primaryimage\"},\"thumbnailUrl\":\"https:\/\/delorenzoglobal.com\/wp-content\/uploads\/2024\/04\/DL-DKA022.jpg\",\"datePublished\":\"2024-04-19T08:25:23+00:00\",\"dateModified\":\"2025-01-21T13:44:13+00:00\",\"breadcrumb\":{\"@id\":\"https:\/\/delorenzoglobal.com\/fr\/produit\/bassin-de-sedimentation\/#breadcrumb\"},\"inLanguage\":\"fr-FR\",\"potentialAction\":[{\"@type\":\"ReadAction\",\"target\":[\"https:\/\/delorenzoglobal.com\/fr\/produit\/bassin-de-sedimentation\/\"]}]},{\"@type\":\"ImageObject\",\"inLanguage\":\"fr-FR\",\"@id\":\"https:\/\/delorenzoglobal.com\/fr\/produit\/bassin-de-sedimentation\/#primaryimage\",\"url\":\"https:\/\/delorenzoglobal.com\/wp-content\/uploads\/2024\/04\/DL-DKA022.jpg\",\"contentUrl\":\"https:\/\/delorenzoglobal.com\/wp-content\/uploads\/2024\/04\/DL-DKA022.jpg\",\"width\":907,\"height\":605},{\"@type\":\"BreadcrumbList\",\"@id\":\"https:\/\/delorenzoglobal.com\/fr\/produit\/bassin-de-sedimentation\/#breadcrumb\",\"itemListElement\":[{\"@type\":\"ListItem\",\"position\":1,\"name\":\"Home\",\"item\":\"https:\/\/delorenzoglobal.com\/fr\/\"},{\"@type\":\"ListItem\",\"position\":2,\"name\":\"Boutique\",\"item\":\"https:\/\/delorenzoglobal.com\/fr\/boutique\/\"},{\"@type\":\"ListItem\",\"position\":3,\"name\":\"BASSIN DE SEDIMENTATION\"}]},{\"@type\":\"WebSite\",\"@id\":\"https:\/\/delorenzoglobal.com\/fr\/#website\",\"url\":\"https:\/\/delorenzoglobal.com\/fr\/\",\"name\":\"De Lorenzo Training &amp; Didactical Equipment\",\"description\":\"\",\"potentialAction\":[{\"@type\":\"SearchAction\",\"target\":{\"@type\":\"EntryPoint\",\"urlTemplate\":\"https:\/\/delorenzoglobal.com\/fr\/?s={search_term_string}\"},\"query-input\":{\"@type\":\"PropertyValueSpecification\",\"valueRequired\":true,\"valueName\":\"search_term_string\"}}],\"inLanguage\":\"fr-FR\"}]}<\/script>\n<!-- \/ Yoast SEO plugin. -->","yoast_head_json":{"title":"BASSIN DE SEDIMENTATION - De Lorenzo Training &amp; Didactical Equipment","robots":{"index":"index","follow":"follow","max-snippet":"max-snippet:-1","max-image-preview":"max-image-preview:large","max-video-preview":"max-video-preview:-1"},"canonical":"https:\/\/delorenzoglobal.com\/fr\/produit\/bassin-de-sedimentation\/","og_locale":"fr_FR","og_type":"article","og_title":"BASSIN DE SEDIMENTATION - De Lorenzo Training &amp; Didactical Equipment","og_description":"Ce d\u00e9monstrateur a \u00e9t\u00e9 con\u00e7u pour l\u2019\u00e9tude et la visualisation du ph\u00e9nom\u00e8ne naturel de s\u00e9dimentation, en fonctionnement continu. Les particules sont plus denses que le fluide qui les contient et tombent au fond du r\u00e9servoir en raison de l\u2019effet de gravit\u00e9. Le processus de s\u00e9dimentation est utilis\u00e9 pour clarifier tous les types d&rsquo;eaux, en r\u00e9duisant [&hellip;]","og_url":"https:\/\/delorenzoglobal.com\/fr\/produit\/bassin-de-sedimentation\/","og_site_name":"De Lorenzo Training &amp; Didactical Equipment","article_modified_time":"2025-01-21T13:44:13+00:00","og_image":[{"width":907,"height":605,"url":"https:\/\/delorenzoglobal.com\/wp-content\/uploads\/2024\/04\/DL-DKA022.jpg","type":"image\/jpeg"}],"twitter_card":"summary_large_image","twitter_misc":{"Dur\u00e9e de lecture estim\u00e9e":"1 minute"},"schema":{"@context":"https:\/\/schema.org","@graph":[{"@type":"WebPage","@id":"https:\/\/delorenzoglobal.com\/fr\/produit\/bassin-de-sedimentation\/","url":"https:\/\/delorenzoglobal.com\/fr\/produit\/bassin-de-sedimentation\/","name":"BASSIN DE SEDIMENTATION - De Lorenzo Training &amp; Didactical Equipment","isPartOf":{"@id":"https:\/\/delorenzoglobal.com\/fr\/#website"},"primaryImageOfPage":{"@id":"https:\/\/delorenzoglobal.com\/fr\/produit\/bassin-de-sedimentation\/#primaryimage"},"image":{"@id":"https:\/\/delorenzoglobal.com\/fr\/produit\/bassin-de-sedimentation\/#primaryimage"},"thumbnailUrl":"https:\/\/delorenzoglobal.com\/wp-content\/uploads\/2024\/04\/DL-DKA022.jpg","datePublished":"2024-04-19T08:25:23+00:00","dateModified":"2025-01-21T13:44:13+00:00","breadcrumb":{"@id":"https:\/\/delorenzoglobal.com\/fr\/produit\/bassin-de-sedimentation\/#breadcrumb"},"inLanguage":"fr-FR","potentialAction":[{"@type":"ReadAction","target":["https:\/\/delorenzoglobal.com\/fr\/produit\/bassin-de-sedimentation\/"]}]},{"@type":"ImageObject","inLanguage":"fr-FR","@id":"https:\/\/delorenzoglobal.com\/fr\/produit\/bassin-de-sedimentation\/#primaryimage","url":"https:\/\/delorenzoglobal.com\/wp-content\/uploads\/2024\/04\/DL-DKA022.jpg","contentUrl":"https:\/\/delorenzoglobal.com\/wp-content\/uploads\/2024\/04\/DL-DKA022.jpg","width":907,"height":605},{"@type":"BreadcrumbList","@id":"https:\/\/delorenzoglobal.com\/fr\/produit\/bassin-de-sedimentation\/#breadcrumb","itemListElement":[{"@type":"ListItem","position":1,"name":"Home","item":"https:\/\/delorenzoglobal.com\/fr\/"},{"@type":"ListItem","position":2,"name":"Boutique","item":"https:\/\/delorenzoglobal.com\/fr\/boutique\/"},{"@type":"ListItem","position":3,"name":"BASSIN DE SEDIMENTATION"}]},{"@type":"WebSite","@id":"https:\/\/delorenzoglobal.com\/fr\/#website","url":"https:\/\/delorenzoglobal.com\/fr\/","name":"De Lorenzo Training &amp; Didactical Equipment","description":"","potentialAction":[{"@type":"SearchAction","target":{"@type":"EntryPoint","urlTemplate":"https:\/\/delorenzoglobal.com\/fr\/?s={search_term_string}"},"query-input":{"@type":"PropertyValueSpecification","valueRequired":true,"valueName":"search_term_string"}}],"inLanguage":"fr-FR"}]}},"_links":{"self":[{"href":"https:\/\/delorenzoglobal.com\/fr\/wp-json\/wp\/v2\/product\/11744","targetHints":{"allow":["GET"]}}],"collection":[{"href":"https:\/\/delorenzoglobal.com\/fr\/wp-json\/wp\/v2\/product"}],"about":[{"href":"https:\/\/delorenzoglobal.com\/fr\/wp-json\/wp\/v2\/types\/product"}],"wp:featuredmedia":[{"embeddable":true,"href":"https:\/\/delorenzoglobal.com\/fr\/wp-json\/wp\/v2\/media\/11741"}],"wp:attachment":[{"href":"https:\/\/delorenzoglobal.com\/fr\/wp-json\/wp\/v2\/media?parent=11744"}],"wp:term":[{"taxonomy":"product_brand","embeddable":true,"href":"https:\/\/delorenzoglobal.com\/fr\/wp-json\/wp\/v2\/product_brand?post=11744"},{"taxonomy":"product_cat","embeddable":true,"href":"https:\/\/delorenzoglobal.com\/fr\/wp-json\/wp\/v2\/product_cat?post=11744"},{"taxonomy":"product_tag","embeddable":true,"href":"https:\/\/delorenzoglobal.com\/fr\/wp-json\/wp\/v2\/product_tag?post=11744"}],"curies":[{"name":"wp","href":"https:\/\/api.w.org\/{rel}","templated":true}]}}