{"id":11723,"date":"2024-04-19T10:21:22","date_gmt":"2024-04-19T08:21:22","guid":{"rendered":"https:\/\/delorenzoglobal.com\/?post_type=product&#038;p=11723"},"modified":"2025-07-21T12:21:02","modified_gmt":"2025-07-21T10:21:02","slug":"ventilateur-centrifuge","status":"publish","type":"product","link":"https:\/\/delorenzoglobal.com\/fr\/produit\/ventilateur-centrifuge\/","title":{"rendered":"VENTILATEUR CENTRIFUGE"},"content":{"rendered":"<p>Ce syst\u00e8me a \u00e9t\u00e9 con\u00e7u pour permettre une \u00e9tude simple et efficace d\u2019un ventilateur centrifuge et de ses caract\u00e9ristiques, en r\u00e9alisant un large \u00e9ventail d\u2019exp\u00e9riences.<\/p>\n<p>Le d\u00e9monstrateur est fourni avec deux rotors de ventilateur diff\u00e9rents (pales inclin\u00e9es vers l&rsquo;avant et vers l&rsquo;arri\u00e8re) qui peuvent \u00eatre facilement remplac\u00e9es.<br \/>\nIl est possible de contr\u00f4ler la rotation du moteur en utilisant un bouton \u00e0 3 positions.<\/p>\n","protected":false},"excerpt":{"rendered":"<p>Ce syst\u00e8me a \u00e9t\u00e9 con\u00e7u pour permettre une \u00e9tude simple et efficace d\u2019un ventilateur centrifuge et de ses caract\u00e9ristiques, en r\u00e9alisant un large \u00e9ventail d\u2019exp\u00e9riences. Le d\u00e9monstrateur est fourni avec deux rotors de ventilateur diff\u00e9rents (pales inclin\u00e9es vers l&rsquo;avant et vers l&rsquo;arri\u00e8re) qui peuvent \u00eatre facilement remplac\u00e9es. Il est possible de contr\u00f4ler la rotation du [&hellip;]<\/p>\n","protected":false},"featured_media":62048,"template":"","meta":{"_acf_changed":false},"product_brand":[],"product_cat":[434],"product_tag":[],"class_list":{"0":"post-11723","1":"product","2":"type-product","3":"status-publish","4":"has-post-thumbnail","6":"product_cat-aerodynamique","8":"first","9":"instock","10":"shipping-taxable","11":"product-type-simple"},"acf":[],"yoast_head":"<!-- This site is optimized with the Yoast SEO plugin v27.4 - https:\/\/yoast.com\/product\/yoast-seo-wordpress\/ -->\n<title>VENTILATEUR CENTRIFUGE - De Lorenzo Training &amp; Didactical Equipment<\/title>\n<meta name=\"robots\" content=\"index, follow, max-snippet:-1, max-image-preview:large, max-video-preview:-1\" \/>\n<link rel=\"canonical\" href=\"https:\/\/delorenzoglobal.com\/fr\/produit\/ventilateur-centrifuge\/\" \/>\n<meta property=\"og:locale\" content=\"fr_FR\" \/>\n<meta property=\"og:type\" content=\"article\" \/>\n<meta property=\"og:title\" content=\"VENTILATEUR CENTRIFUGE - De Lorenzo Training &amp; Didactical Equipment\" \/>\n<meta property=\"og:description\" content=\"Ce syst\u00e8me a \u00e9t\u00e9 con\u00e7u pour permettre une \u00e9tude simple et efficace d\u2019un ventilateur centrifuge et de ses caract\u00e9ristiques, en r\u00e9alisant un large \u00e9ventail d\u2019exp\u00e9riences. Le d\u00e9monstrateur est fourni avec deux rotors de ventilateur diff\u00e9rents (pales inclin\u00e9es vers l&rsquo;avant et vers l&rsquo;arri\u00e8re) qui peuvent \u00eatre facilement remplac\u00e9es. Il est possible de contr\u00f4ler la rotation du [&hellip;]\" \/>\n<meta property=\"og:url\" content=\"https:\/\/delorenzoglobal.com\/fr\/produit\/ventilateur-centrifuge\/\" \/>\n<meta property=\"og:site_name\" content=\"De Lorenzo Training &amp; Didactical Equipment\" \/>\n<meta property=\"article:modified_time\" content=\"2025-07-21T10:21:02+00:00\" \/>\n<meta property=\"og:image\" content=\"https:\/\/delorenzoglobal.com\/wp-content\/uploads\/2024\/04\/DL-DKL072-scaled.jpg\" \/>\n\t<meta property=\"og:image:width\" content=\"2560\" \/>\n\t<meta property=\"og:image:height\" content=\"1447\" \/>\n\t<meta property=\"og:image:type\" content=\"image\/jpeg\" \/>\n<meta name=\"twitter:card\" content=\"summary_large_image\" \/>\n<meta name=\"twitter:label1\" content=\"Dur\u00e9e de lecture estim\u00e9e\" \/>\n\t<meta name=\"twitter:data1\" content=\"1 minute\" \/>\n<script type=\"application\/ld+json\" class=\"yoast-schema-graph\">{\"@context\":\"https:\\\/\\\/schema.org\",\"@graph\":[{\"@type\":\"WebPage\",\"@id\":\"https:\\\/\\\/delorenzoglobal.com\\\/fr\\\/produit\\\/ventilateur-centrifuge\\\/\",\"url\":\"https:\\\/\\\/delorenzoglobal.com\\\/fr\\\/produit\\\/ventilateur-centrifuge\\\/\",\"name\":\"VENTILATEUR CENTRIFUGE - De Lorenzo Training &amp; Didactical Equipment\",\"isPartOf\":{\"@id\":\"https:\\\/\\\/delorenzoglobal.com\\\/fr\\\/#website\"},\"primaryImageOfPage\":{\"@id\":\"https:\\\/\\\/delorenzoglobal.com\\\/fr\\\/produit\\\/ventilateur-centrifuge\\\/#primaryimage\"},\"image\":{\"@id\":\"https:\\\/\\\/delorenzoglobal.com\\\/fr\\\/produit\\\/ventilateur-centrifuge\\\/#primaryimage\"},\"thumbnailUrl\":\"https:\\\/\\\/delorenzoglobal.com\\\/wp-content\\\/uploads\\\/2024\\\/04\\\/DL-DKL072-scaled.jpg\",\"datePublished\":\"2024-04-19T08:21:22+00:00\",\"dateModified\":\"2025-07-21T10:21:02+00:00\",\"breadcrumb\":{\"@id\":\"https:\\\/\\\/delorenzoglobal.com\\\/fr\\\/produit\\\/ventilateur-centrifuge\\\/#breadcrumb\"},\"inLanguage\":\"fr-FR\",\"potentialAction\":[{\"@type\":\"ReadAction\",\"target\":[\"https:\\\/\\\/delorenzoglobal.com\\\/fr\\\/produit\\\/ventilateur-centrifuge\\\/\"]}]},{\"@type\":\"ImageObject\",\"inLanguage\":\"fr-FR\",\"@id\":\"https:\\\/\\\/delorenzoglobal.com\\\/fr\\\/produit\\\/ventilateur-centrifuge\\\/#primaryimage\",\"url\":\"https:\\\/\\\/delorenzoglobal.com\\\/wp-content\\\/uploads\\\/2024\\\/04\\\/DL-DKL072-scaled.jpg\",\"contentUrl\":\"https:\\\/\\\/delorenzoglobal.com\\\/wp-content\\\/uploads\\\/2024\\\/04\\\/DL-DKL072-scaled.jpg\",\"width\":2560,\"height\":1447},{\"@type\":\"BreadcrumbList\",\"@id\":\"https:\\\/\\\/delorenzoglobal.com\\\/fr\\\/produit\\\/ventilateur-centrifuge\\\/#breadcrumb\",\"itemListElement\":[{\"@type\":\"ListItem\",\"position\":1,\"name\":\"Home\",\"item\":\"https:\\\/\\\/delorenzoglobal.com\\\/fr\\\/\"},{\"@type\":\"ListItem\",\"position\":2,\"name\":\"Boutique\",\"item\":\"https:\\\/\\\/delorenzoglobal.com\\\/fr\\\/boutique\\\/\"},{\"@type\":\"ListItem\",\"position\":3,\"name\":\"VENTILATEUR CENTRIFUGE\"}]},{\"@type\":\"WebSite\",\"@id\":\"https:\\\/\\\/delorenzoglobal.com\\\/fr\\\/#website\",\"url\":\"https:\\\/\\\/delorenzoglobal.com\\\/fr\\\/\",\"name\":\"De Lorenzo Training &amp; Didactical Equipment\",\"description\":\"\",\"potentialAction\":[{\"@type\":\"SearchAction\",\"target\":{\"@type\":\"EntryPoint\",\"urlTemplate\":\"https:\\\/\\\/delorenzoglobal.com\\\/fr\\\/?s={search_term_string}\"},\"query-input\":{\"@type\":\"PropertyValueSpecification\",\"valueRequired\":true,\"valueName\":\"search_term_string\"}}],\"inLanguage\":\"fr-FR\"}]}<\/script>\n<!-- \/ Yoast SEO plugin. -->","yoast_head_json":{"title":"VENTILATEUR CENTRIFUGE - De Lorenzo Training &amp; Didactical Equipment","robots":{"index":"index","follow":"follow","max-snippet":"max-snippet:-1","max-image-preview":"max-image-preview:large","max-video-preview":"max-video-preview:-1"},"canonical":"https:\/\/delorenzoglobal.com\/fr\/produit\/ventilateur-centrifuge\/","og_locale":"fr_FR","og_type":"article","og_title":"VENTILATEUR CENTRIFUGE - De Lorenzo Training &amp; Didactical Equipment","og_description":"Ce syst\u00e8me a \u00e9t\u00e9 con\u00e7u pour permettre une \u00e9tude simple et efficace d\u2019un ventilateur centrifuge et de ses caract\u00e9ristiques, en r\u00e9alisant un large \u00e9ventail d\u2019exp\u00e9riences. Le d\u00e9monstrateur est fourni avec deux rotors de ventilateur diff\u00e9rents (pales inclin\u00e9es vers l&rsquo;avant et vers l&rsquo;arri\u00e8re) qui peuvent \u00eatre facilement remplac\u00e9es. Il est possible de contr\u00f4ler la rotation du [&hellip;]","og_url":"https:\/\/delorenzoglobal.com\/fr\/produit\/ventilateur-centrifuge\/","og_site_name":"De Lorenzo Training &amp; Didactical Equipment","article_modified_time":"2025-07-21T10:21:02+00:00","og_image":[{"width":2560,"height":1447,"url":"https:\/\/delorenzoglobal.com\/wp-content\/uploads\/2024\/04\/DL-DKL072-scaled.jpg","type":"image\/jpeg"}],"twitter_card":"summary_large_image","twitter_misc":{"Dur\u00e9e de lecture estim\u00e9e":"1 minute"},"schema":{"@context":"https:\/\/schema.org","@graph":[{"@type":"WebPage","@id":"https:\/\/delorenzoglobal.com\/fr\/produit\/ventilateur-centrifuge\/","url":"https:\/\/delorenzoglobal.com\/fr\/produit\/ventilateur-centrifuge\/","name":"VENTILATEUR CENTRIFUGE - De Lorenzo Training &amp; Didactical Equipment","isPartOf":{"@id":"https:\/\/delorenzoglobal.com\/fr\/#website"},"primaryImageOfPage":{"@id":"https:\/\/delorenzoglobal.com\/fr\/produit\/ventilateur-centrifuge\/#primaryimage"},"image":{"@id":"https:\/\/delorenzoglobal.com\/fr\/produit\/ventilateur-centrifuge\/#primaryimage"},"thumbnailUrl":"https:\/\/delorenzoglobal.com\/wp-content\/uploads\/2024\/04\/DL-DKL072-scaled.jpg","datePublished":"2024-04-19T08:21:22+00:00","dateModified":"2025-07-21T10:21:02+00:00","breadcrumb":{"@id":"https:\/\/delorenzoglobal.com\/fr\/produit\/ventilateur-centrifuge\/#breadcrumb"},"inLanguage":"fr-FR","potentialAction":[{"@type":"ReadAction","target":["https:\/\/delorenzoglobal.com\/fr\/produit\/ventilateur-centrifuge\/"]}]},{"@type":"ImageObject","inLanguage":"fr-FR","@id":"https:\/\/delorenzoglobal.com\/fr\/produit\/ventilateur-centrifuge\/#primaryimage","url":"https:\/\/delorenzoglobal.com\/wp-content\/uploads\/2024\/04\/DL-DKL072-scaled.jpg","contentUrl":"https:\/\/delorenzoglobal.com\/wp-content\/uploads\/2024\/04\/DL-DKL072-scaled.jpg","width":2560,"height":1447},{"@type":"BreadcrumbList","@id":"https:\/\/delorenzoglobal.com\/fr\/produit\/ventilateur-centrifuge\/#breadcrumb","itemListElement":[{"@type":"ListItem","position":1,"name":"Home","item":"https:\/\/delorenzoglobal.com\/fr\/"},{"@type":"ListItem","position":2,"name":"Boutique","item":"https:\/\/delorenzoglobal.com\/fr\/boutique\/"},{"@type":"ListItem","position":3,"name":"VENTILATEUR CENTRIFUGE"}]},{"@type":"WebSite","@id":"https:\/\/delorenzoglobal.com\/fr\/#website","url":"https:\/\/delorenzoglobal.com\/fr\/","name":"De Lorenzo Training &amp; Didactical Equipment","description":"","potentialAction":[{"@type":"SearchAction","target":{"@type":"EntryPoint","urlTemplate":"https:\/\/delorenzoglobal.com\/fr\/?s={search_term_string}"},"query-input":{"@type":"PropertyValueSpecification","valueRequired":true,"valueName":"search_term_string"}}],"inLanguage":"fr-FR"}]}},"_links":{"self":[{"href":"https:\/\/delorenzoglobal.com\/fr\/wp-json\/wp\/v2\/product\/11723","targetHints":{"allow":["GET"]}}],"collection":[{"href":"https:\/\/delorenzoglobal.com\/fr\/wp-json\/wp\/v2\/product"}],"about":[{"href":"https:\/\/delorenzoglobal.com\/fr\/wp-json\/wp\/v2\/types\/product"}],"wp:featuredmedia":[{"embeddable":true,"href":"https:\/\/delorenzoglobal.com\/fr\/wp-json\/wp\/v2\/media\/62048"}],"wp:attachment":[{"href":"https:\/\/delorenzoglobal.com\/fr\/wp-json\/wp\/v2\/media?parent=11723"}],"wp:term":[{"taxonomy":"product_brand","embeddable":true,"href":"https:\/\/delorenzoglobal.com\/fr\/wp-json\/wp\/v2\/product_brand?post=11723"},{"taxonomy":"product_cat","embeddable":true,"href":"https:\/\/delorenzoglobal.com\/fr\/wp-json\/wp\/v2\/product_cat?post=11723"},{"taxonomy":"product_tag","embeddable":true,"href":"https:\/\/delorenzoglobal.com\/fr\/wp-json\/wp\/v2\/product_tag?post=11723"}],"curies":[{"name":"wp","href":"https:\/\/api.w.org\/{rel}","templated":true}]}}