{"id":11521,"date":"2024-04-19T09:08:58","date_gmt":"2024-04-19T07:08:58","guid":{"rendered":"https:\/\/delorenzoglobal.com\/?post_type=product&#038;p=11521"},"modified":"2025-11-28T13:58:01","modified_gmt":"2025-11-28T12:58:01","slug":"turbine-francis-autonome-frein-a-commande-electrique","status":"publish","type":"product","link":"https:\/\/delorenzoglobal.com\/fr\/produit\/turbine-francis-autonome-frein-a-commande-electrique\/","title":{"rendered":"TURBINE  FRANCIS AUTONOME &#8211; FREIN A COMMANDE ELECTRIQUE"},"content":{"rendered":"<p>Le syst\u00e8me peut simuler une turbine Francis \u00e0 petite \u00e9chelle, sp\u00e9cialement con\u00e7ue \u00e0 des fins \u00e9ducatives.<\/p>\n<p>Il peut \u00e9tudier le comportement et les caract\u00e9ristiques de ce type de turbine.<\/p>\n<p>Le carter de la turbine est partiellement transparent, ce qui permet d&rsquo;observer le fonctionnement de la turbine entra\u00een\u00e9 par le d\u00e9bit d&rsquo;eau ainsi que le mouvement des ailettes de guidage pour la r\u00e9gulation du d\u00e9bit d&rsquo;entr\u00e9e de la turbine.<\/p>\n<p>Le d\u00e9monstrateur comprend \u00e9galement une vanne de r\u00e9gulation int\u00e9gr\u00e9e \u00e0 l&rsquo;entr\u00e9e d&rsquo;eau permettant de travailler avec un d\u00e9bit diff\u00e9rent.<\/p>\n<p>Le freinage \u00e9lectrique permet de travailler \u00e0 diff\u00e9rentes vitesses.<\/p>\n<p>La turbine fonctionne de mani\u00e8re autonome gr\u00e2ce au syst\u00e8me complet de r\u00e9servoir d\u2019eau, de pompe et de tous les instruments n\u00e9cessaires bas\u00e9s sur un chariot mobile.<\/p>\n","protected":false},"excerpt":{"rendered":"<p>Le syst\u00e8me peut simuler une turbine Francis \u00e0 petite \u00e9chelle, sp\u00e9cialement con\u00e7ue \u00e0 des fins \u00e9ducatives. Il peut \u00e9tudier le comportement et les caract\u00e9ristiques de ce type de turbine. Le carter de la turbine est partiellement transparent, ce qui permet d&rsquo;observer le fonctionnement de la turbine entra\u00een\u00e9 par le d\u00e9bit d&rsquo;eau ainsi que le mouvement [&hellip;]<\/p>\n","protected":false},"featured_media":66399,"template":"","meta":{"_acf_changed":false},"product_brand":[],"product_cat":[431],"product_tag":[],"class_list":{"0":"post-11521","1":"product","2":"type-product","3":"status-publish","4":"has-post-thumbnail","6":"product_cat-machines-hydrauliques","8":"first","9":"instock","10":"shipping-taxable","11":"product-type-simple"},"acf":[],"yoast_head":"<!-- This site is optimized with the Yoast SEO plugin v27.4 - https:\/\/yoast.com\/product\/yoast-seo-wordpress\/ -->\n<title>TURBINE FRANCIS AUTONOME - FREIN A COMMANDE ELECTRIQUE - De Lorenzo Training &amp; Didactical Equipment<\/title>\n<meta name=\"description\" content=\"Syst\u00e8me \u00e9ducatif pour la simulation d\u2019une turbine Francis transparente avec contr\u00f4le du d\u00e9bit, freinage \u00e9lectrique et fonctionnement autonome sur chariot mobile\" \/>\n<meta name=\"robots\" content=\"index, follow, max-snippet:-1, max-image-preview:large, max-video-preview:-1\" \/>\n<link rel=\"canonical\" href=\"https:\/\/delorenzoglobal.com\/fr\/produit\/turbine-francis-autonome-frein-a-commande-electrique\/\" \/>\n<meta property=\"og:locale\" content=\"fr_FR\" \/>\n<meta property=\"og:type\" content=\"article\" \/>\n<meta property=\"og:title\" content=\"TURBINE FRANCIS AUTONOME - FREIN A COMMANDE ELECTRIQUE - De Lorenzo Training &amp; Didactical Equipment\" \/>\n<meta property=\"og:description\" content=\"Syst\u00e8me \u00e9ducatif pour la simulation d\u2019une turbine Francis transparente avec contr\u00f4le du d\u00e9bit, freinage \u00e9lectrique et fonctionnement autonome sur chariot mobile\" \/>\n<meta property=\"og:url\" content=\"https:\/\/delorenzoglobal.com\/fr\/produit\/turbine-francis-autonome-frein-a-commande-electrique\/\" \/>\n<meta property=\"og:site_name\" content=\"De Lorenzo Training &amp; Didactical Equipment\" \/>\n<meta property=\"article:modified_time\" content=\"2025-11-28T12:58:01+00:00\" \/>\n<meta property=\"og:image\" content=\"https:\/\/delorenzoglobal.com\/wp-content\/uploads\/2024\/04\/DL-DKH042-1.jpg\" \/>\n\t<meta property=\"og:image:width\" content=\"561\" \/>\n\t<meta property=\"og:image:height\" content=\"497\" \/>\n\t<meta property=\"og:image:type\" content=\"image\/jpeg\" \/>\n<meta name=\"twitter:card\" content=\"summary_large_image\" \/>\n<meta name=\"twitter:label1\" content=\"Dur\u00e9e de lecture estim\u00e9e\" \/>\n\t<meta name=\"twitter:data1\" content=\"1 minute\" \/>\n<script type=\"application\/ld+json\" class=\"yoast-schema-graph\">{\"@context\":\"https:\\\/\\\/schema.org\",\"@graph\":[{\"@type\":\"WebPage\",\"@id\":\"https:\\\/\\\/delorenzoglobal.com\\\/fr\\\/produit\\\/turbine-francis-autonome-frein-a-commande-electrique\\\/\",\"url\":\"https:\\\/\\\/delorenzoglobal.com\\\/fr\\\/produit\\\/turbine-francis-autonome-frein-a-commande-electrique\\\/\",\"name\":\"TURBINE FRANCIS AUTONOME - FREIN A COMMANDE ELECTRIQUE - De Lorenzo Training &amp; Didactical Equipment\",\"isPartOf\":{\"@id\":\"https:\\\/\\\/delorenzoglobal.com\\\/fr\\\/#website\"},\"primaryImageOfPage\":{\"@id\":\"https:\\\/\\\/delorenzoglobal.com\\\/fr\\\/produit\\\/turbine-francis-autonome-frein-a-commande-electrique\\\/#primaryimage\"},\"image\":{\"@id\":\"https:\\\/\\\/delorenzoglobal.com\\\/fr\\\/produit\\\/turbine-francis-autonome-frein-a-commande-electrique\\\/#primaryimage\"},\"thumbnailUrl\":\"https:\\\/\\\/delorenzoglobal.com\\\/wp-content\\\/uploads\\\/2024\\\/04\\\/DL-DKH042-1.jpg\",\"datePublished\":\"2024-04-19T07:08:58+00:00\",\"dateModified\":\"2025-11-28T12:58:01+00:00\",\"description\":\"Syst\u00e8me \u00e9ducatif pour la simulation d\u2019une turbine Francis transparente avec contr\u00f4le du d\u00e9bit, freinage \u00e9lectrique et fonctionnement autonome sur chariot mobile\",\"breadcrumb\":{\"@id\":\"https:\\\/\\\/delorenzoglobal.com\\\/fr\\\/produit\\\/turbine-francis-autonome-frein-a-commande-electrique\\\/#breadcrumb\"},\"inLanguage\":\"fr-FR\",\"potentialAction\":[{\"@type\":\"ReadAction\",\"target\":[\"https:\\\/\\\/delorenzoglobal.com\\\/fr\\\/produit\\\/turbine-francis-autonome-frein-a-commande-electrique\\\/\"]}]},{\"@type\":\"ImageObject\",\"inLanguage\":\"fr-FR\",\"@id\":\"https:\\\/\\\/delorenzoglobal.com\\\/fr\\\/produit\\\/turbine-francis-autonome-frein-a-commande-electrique\\\/#primaryimage\",\"url\":\"https:\\\/\\\/delorenzoglobal.com\\\/wp-content\\\/uploads\\\/2024\\\/04\\\/DL-DKH042-1.jpg\",\"contentUrl\":\"https:\\\/\\\/delorenzoglobal.com\\\/wp-content\\\/uploads\\\/2024\\\/04\\\/DL-DKH042-1.jpg\",\"width\":561,\"height\":497},{\"@type\":\"BreadcrumbList\",\"@id\":\"https:\\\/\\\/delorenzoglobal.com\\\/fr\\\/produit\\\/turbine-francis-autonome-frein-a-commande-electrique\\\/#breadcrumb\",\"itemListElement\":[{\"@type\":\"ListItem\",\"position\":1,\"name\":\"Home\",\"item\":\"https:\\\/\\\/delorenzoglobal.com\\\/fr\\\/\"},{\"@type\":\"ListItem\",\"position\":2,\"name\":\"Boutique\",\"item\":\"https:\\\/\\\/delorenzoglobal.com\\\/fr\\\/boutique\\\/\"},{\"@type\":\"ListItem\",\"position\":3,\"name\":\"TURBINE FRANCIS AUTONOME &#8211; FREIN A COMMANDE ELECTRIQUE\"}]},{\"@type\":\"WebSite\",\"@id\":\"https:\\\/\\\/delorenzoglobal.com\\\/fr\\\/#website\",\"url\":\"https:\\\/\\\/delorenzoglobal.com\\\/fr\\\/\",\"name\":\"De Lorenzo Training &amp; Didactical Equipment\",\"description\":\"\",\"potentialAction\":[{\"@type\":\"SearchAction\",\"target\":{\"@type\":\"EntryPoint\",\"urlTemplate\":\"https:\\\/\\\/delorenzoglobal.com\\\/fr\\\/?s={search_term_string}\"},\"query-input\":{\"@type\":\"PropertyValueSpecification\",\"valueRequired\":true,\"valueName\":\"search_term_string\"}}],\"inLanguage\":\"fr-FR\"}]}<\/script>\n<!-- \/ Yoast SEO plugin. -->","yoast_head_json":{"title":"TURBINE FRANCIS AUTONOME - FREIN A COMMANDE ELECTRIQUE - De Lorenzo Training &amp; Didactical Equipment","description":"Syst\u00e8me \u00e9ducatif pour la simulation d\u2019une turbine Francis transparente avec contr\u00f4le du d\u00e9bit, freinage \u00e9lectrique et fonctionnement autonome sur chariot mobile","robots":{"index":"index","follow":"follow","max-snippet":"max-snippet:-1","max-image-preview":"max-image-preview:large","max-video-preview":"max-video-preview:-1"},"canonical":"https:\/\/delorenzoglobal.com\/fr\/produit\/turbine-francis-autonome-frein-a-commande-electrique\/","og_locale":"fr_FR","og_type":"article","og_title":"TURBINE FRANCIS AUTONOME - FREIN A COMMANDE ELECTRIQUE - De Lorenzo Training &amp; Didactical Equipment","og_description":"Syst\u00e8me \u00e9ducatif pour la simulation d\u2019une turbine Francis transparente avec contr\u00f4le du d\u00e9bit, freinage \u00e9lectrique et fonctionnement autonome sur chariot mobile","og_url":"https:\/\/delorenzoglobal.com\/fr\/produit\/turbine-francis-autonome-frein-a-commande-electrique\/","og_site_name":"De Lorenzo Training &amp; Didactical Equipment","article_modified_time":"2025-11-28T12:58:01+00:00","og_image":[{"width":561,"height":497,"url":"https:\/\/delorenzoglobal.com\/wp-content\/uploads\/2024\/04\/DL-DKH042-1.jpg","type":"image\/jpeg"}],"twitter_card":"summary_large_image","twitter_misc":{"Dur\u00e9e de lecture estim\u00e9e":"1 minute"},"schema":{"@context":"https:\/\/schema.org","@graph":[{"@type":"WebPage","@id":"https:\/\/delorenzoglobal.com\/fr\/produit\/turbine-francis-autonome-frein-a-commande-electrique\/","url":"https:\/\/delorenzoglobal.com\/fr\/produit\/turbine-francis-autonome-frein-a-commande-electrique\/","name":"TURBINE FRANCIS AUTONOME - FREIN A COMMANDE ELECTRIQUE - De Lorenzo Training &amp; Didactical Equipment","isPartOf":{"@id":"https:\/\/delorenzoglobal.com\/fr\/#website"},"primaryImageOfPage":{"@id":"https:\/\/delorenzoglobal.com\/fr\/produit\/turbine-francis-autonome-frein-a-commande-electrique\/#primaryimage"},"image":{"@id":"https:\/\/delorenzoglobal.com\/fr\/produit\/turbine-francis-autonome-frein-a-commande-electrique\/#primaryimage"},"thumbnailUrl":"https:\/\/delorenzoglobal.com\/wp-content\/uploads\/2024\/04\/DL-DKH042-1.jpg","datePublished":"2024-04-19T07:08:58+00:00","dateModified":"2025-11-28T12:58:01+00:00","description":"Syst\u00e8me \u00e9ducatif pour la simulation d\u2019une turbine Francis transparente avec contr\u00f4le du d\u00e9bit, freinage \u00e9lectrique et fonctionnement autonome sur chariot mobile","breadcrumb":{"@id":"https:\/\/delorenzoglobal.com\/fr\/produit\/turbine-francis-autonome-frein-a-commande-electrique\/#breadcrumb"},"inLanguage":"fr-FR","potentialAction":[{"@type":"ReadAction","target":["https:\/\/delorenzoglobal.com\/fr\/produit\/turbine-francis-autonome-frein-a-commande-electrique\/"]}]},{"@type":"ImageObject","inLanguage":"fr-FR","@id":"https:\/\/delorenzoglobal.com\/fr\/produit\/turbine-francis-autonome-frein-a-commande-electrique\/#primaryimage","url":"https:\/\/delorenzoglobal.com\/wp-content\/uploads\/2024\/04\/DL-DKH042-1.jpg","contentUrl":"https:\/\/delorenzoglobal.com\/wp-content\/uploads\/2024\/04\/DL-DKH042-1.jpg","width":561,"height":497},{"@type":"BreadcrumbList","@id":"https:\/\/delorenzoglobal.com\/fr\/produit\/turbine-francis-autonome-frein-a-commande-electrique\/#breadcrumb","itemListElement":[{"@type":"ListItem","position":1,"name":"Home","item":"https:\/\/delorenzoglobal.com\/fr\/"},{"@type":"ListItem","position":2,"name":"Boutique","item":"https:\/\/delorenzoglobal.com\/fr\/boutique\/"},{"@type":"ListItem","position":3,"name":"TURBINE FRANCIS AUTONOME &#8211; FREIN A COMMANDE ELECTRIQUE"}]},{"@type":"WebSite","@id":"https:\/\/delorenzoglobal.com\/fr\/#website","url":"https:\/\/delorenzoglobal.com\/fr\/","name":"De Lorenzo Training &amp; Didactical Equipment","description":"","potentialAction":[{"@type":"SearchAction","target":{"@type":"EntryPoint","urlTemplate":"https:\/\/delorenzoglobal.com\/fr\/?s={search_term_string}"},"query-input":{"@type":"PropertyValueSpecification","valueRequired":true,"valueName":"search_term_string"}}],"inLanguage":"fr-FR"}]}},"_links":{"self":[{"href":"https:\/\/delorenzoglobal.com\/fr\/wp-json\/wp\/v2\/product\/11521","targetHints":{"allow":["GET"]}}],"collection":[{"href":"https:\/\/delorenzoglobal.com\/fr\/wp-json\/wp\/v2\/product"}],"about":[{"href":"https:\/\/delorenzoglobal.com\/fr\/wp-json\/wp\/v2\/types\/product"}],"wp:featuredmedia":[{"embeddable":true,"href":"https:\/\/delorenzoglobal.com\/fr\/wp-json\/wp\/v2\/media\/66399"}],"wp:attachment":[{"href":"https:\/\/delorenzoglobal.com\/fr\/wp-json\/wp\/v2\/media?parent=11521"}],"wp:term":[{"taxonomy":"product_brand","embeddable":true,"href":"https:\/\/delorenzoglobal.com\/fr\/wp-json\/wp\/v2\/product_brand?post=11521"},{"taxonomy":"product_cat","embeddable":true,"href":"https:\/\/delorenzoglobal.com\/fr\/wp-json\/wp\/v2\/product_cat?post=11521"},{"taxonomy":"product_tag","embeddable":true,"href":"https:\/\/delorenzoglobal.com\/fr\/wp-json\/wp\/v2\/product_tag?post=11521"}],"curies":[{"name":"wp","href":"https:\/\/api.w.org\/{rel}","templated":true}]}}