{"id":11372,"date":"2024-04-18T16:02:15","date_gmt":"2024-04-18T14:02:15","guid":{"rendered":"https:\/\/delorenzoglobal.com\/?post_type=product&#038;p=11372"},"modified":"2025-01-17T08:54:13","modified_gmt":"2025-01-17T07:54:13","slug":"series-parallel-pump","status":"publish","type":"product","link":"https:\/\/delorenzoglobal.com\/fr\/produit\/series-parallel-pump\/","title":{"rendered":"POMPE S\u00c9RIE PARALL\u00c8LE"},"content":{"rendered":"<p>Les pompes d&rsquo;un syst\u00e8me de canalisations convertissent l&rsquo;\u00e9nergie m\u00e9canique en \u00e9nergie hydraulique.<\/p>\n<p>Cette \u00e9nergie suppl\u00e9mentaire permet \u00e0 un fluide de se d\u00e9placer d&rsquo;un endroit \u00e0 un autre alors qu&rsquo;il n&rsquo;est pas susceptible de s&rsquo;\u00e9couler par gravit\u00e9.<\/p>\n<p>Par exemple, pour \u00e9lever un fluide \u00e0 une certaine hauteur au-dessus de la pompe ou le recycler dans un syst\u00e8me ferm\u00e9.<\/p>\n<p>En g\u00e9n\u00e9ral, l&rsquo;objectif principal d&rsquo;une pompe dans un syst\u00e8me est d&rsquo;augmenter l&rsquo;\u00e9nergie totale dans une quantit\u00e9 H.<\/p>\n<p>L&rsquo;efficacit\u00e9 d&rsquo;un syst\u00e8me de pompage d\u00e9pend fortement du type de configuration de la pompe, en s\u00e9rie ou en parall\u00e8le selon les besoins du syst\u00e8me.<\/p>\n<p>De plus, la vanne de r\u00e9gulation de d\u00e9bit g\u00e8re le mode de fonctionnement de la pompe, ce qui permet d&rsquo;obtenir des courbes de fonctionnement exp\u00e9rimentales.<\/p>\n<p>Ces courbes peuvent \u00eatre compar\u00e9es \u00e0 celles fournies par le fabricant, ainsi qu&rsquo;\u00e0 celles obtenues par calcul math\u00e9matique.<\/p>\n<p>De plus, il est possible d&rsquo;exp\u00e9rimenter de nombreuses op\u00e9rations telles que le d\u00e9marrage, le fonctionnement, l&rsquo;exploitation et la r\u00e9gulation n\u00e9cessaires dans une installation de pompage.<\/p>\n<p>Les caract\u00e9ristiques d&rsquo;une pompe peuvent \u00e9galement \u00eatre \u00e9tudi\u00e9es en travaillant individuellement ou en groupe.<\/p>\n<p>Les mesures de d\u00e9bit sont effectu\u00e9es en utilisant le r\u00e9servoir volum\u00e9trique du banc hydraulique (n\u00e9cessaire), ce qui permet \u00e9galement d&rsquo;\u00e9tudier la relation entre la perte de pression et la vitesse du fluide.<\/p>\n","protected":false},"excerpt":{"rendered":"<p>Les pompes d&rsquo;un syst\u00e8me de canalisations convertissent l&rsquo;\u00e9nergie m\u00e9canique en \u00e9nergie hydraulique. Cette \u00e9nergie suppl\u00e9mentaire permet \u00e0 un fluide de se d\u00e9placer d&rsquo;un endroit \u00e0 un autre alors qu&rsquo;il n&rsquo;est pas susceptible de s&rsquo;\u00e9couler par gravit\u00e9. Par exemple, pour \u00e9lever un fluide \u00e0 une certaine hauteur au-dessus de la pompe ou le recycler dans un [&hellip;]<\/p>\n","protected":false},"featured_media":26875,"template":"","meta":{"_acf_changed":false},"product_brand":[],"product_cat":[428],"product_tag":[],"class_list":{"0":"post-11372","1":"product","2":"type-product","3":"status-publish","4":"has-post-thumbnail","6":"product_cat-fondamentaux-de-la-mecanique-des-fluides","8":"first","9":"instock","10":"shipping-taxable","11":"product-type-simple"},"acf":[],"yoast_head":"<!-- This site is optimized with the Yoast SEO plugin v27.4 - https:\/\/yoast.com\/product\/yoast-seo-wordpress\/ -->\n<title>POMPE S\u00c9RIE PARALL\u00c8LE - De Lorenzo Training &amp; Didactical Equipment<\/title>\n<meta name=\"robots\" content=\"index, follow, max-snippet:-1, max-image-preview:large, max-video-preview:-1\" \/>\n<link rel=\"canonical\" href=\"https:\/\/delorenzoglobal.com\/fr\/produit\/series-parallel-pump\/\" \/>\n<meta property=\"og:locale\" content=\"fr_FR\" \/>\n<meta property=\"og:type\" content=\"article\" \/>\n<meta property=\"og:title\" content=\"POMPE S\u00c9RIE PARALL\u00c8LE - De Lorenzo Training &amp; Didactical Equipment\" \/>\n<meta property=\"og:description\" content=\"Les pompes d&rsquo;un syst\u00e8me de canalisations convertissent l&rsquo;\u00e9nergie m\u00e9canique en \u00e9nergie hydraulique. Cette \u00e9nergie suppl\u00e9mentaire permet \u00e0 un fluide de se d\u00e9placer d&rsquo;un endroit \u00e0 un autre alors qu&rsquo;il n&rsquo;est pas susceptible de s&rsquo;\u00e9couler par gravit\u00e9. Par exemple, pour \u00e9lever un fluide \u00e0 une certaine hauteur au-dessus de la pompe ou le recycler dans un [&hellip;]\" \/>\n<meta property=\"og:url\" content=\"https:\/\/delorenzoglobal.com\/fr\/produit\/series-parallel-pump\/\" \/>\n<meta property=\"og:site_name\" content=\"De Lorenzo Training &amp; Didactical Equipment\" \/>\n<meta property=\"article:modified_time\" content=\"2025-01-17T07:54:13+00:00\" \/>\n<meta property=\"og:image\" content=\"https:\/\/delorenzoglobal.com\/wp-content\/uploads\/2024\/04\/DL-DKB031-xs.jpg\" \/>\n\t<meta property=\"og:image:width\" content=\"600\" \/>\n\t<meta property=\"og:image:height\" content=\"778\" \/>\n\t<meta property=\"og:image:type\" content=\"image\/jpeg\" \/>\n<meta name=\"twitter:card\" content=\"summary_large_image\" \/>\n<meta name=\"twitter:label1\" content=\"Dur\u00e9e de lecture estim\u00e9e\" \/>\n\t<meta name=\"twitter:data1\" content=\"2 minutes\" \/>\n<script type=\"application\/ld+json\" class=\"yoast-schema-graph\">{\"@context\":\"https:\\\/\\\/schema.org\",\"@graph\":[{\"@type\":\"WebPage\",\"@id\":\"https:\\\/\\\/delorenzoglobal.com\\\/fr\\\/produit\\\/series-parallel-pump\\\/\",\"url\":\"https:\\\/\\\/delorenzoglobal.com\\\/fr\\\/produit\\\/series-parallel-pump\\\/\",\"name\":\"POMPE S\u00c9RIE PARALL\u00c8LE - De Lorenzo Training &amp; Didactical Equipment\",\"isPartOf\":{\"@id\":\"https:\\\/\\\/delorenzoglobal.com\\\/fr\\\/#website\"},\"primaryImageOfPage\":{\"@id\":\"https:\\\/\\\/delorenzoglobal.com\\\/fr\\\/produit\\\/series-parallel-pump\\\/#primaryimage\"},\"image\":{\"@id\":\"https:\\\/\\\/delorenzoglobal.com\\\/fr\\\/produit\\\/series-parallel-pump\\\/#primaryimage\"},\"thumbnailUrl\":\"https:\\\/\\\/delorenzoglobal.com\\\/wp-content\\\/uploads\\\/2024\\\/04\\\/DL-DKB031.jpg\",\"datePublished\":\"2024-04-18T14:02:15+00:00\",\"dateModified\":\"2025-01-17T07:54:13+00:00\",\"breadcrumb\":{\"@id\":\"https:\\\/\\\/delorenzoglobal.com\\\/fr\\\/produit\\\/series-parallel-pump\\\/#breadcrumb\"},\"inLanguage\":\"fr-FR\",\"potentialAction\":[{\"@type\":\"ReadAction\",\"target\":[\"https:\\\/\\\/delorenzoglobal.com\\\/fr\\\/produit\\\/series-parallel-pump\\\/\"]}]},{\"@type\":\"ImageObject\",\"inLanguage\":\"fr-FR\",\"@id\":\"https:\\\/\\\/delorenzoglobal.com\\\/fr\\\/produit\\\/series-parallel-pump\\\/#primaryimage\",\"url\":\"https:\\\/\\\/delorenzoglobal.com\\\/wp-content\\\/uploads\\\/2024\\\/04\\\/DL-DKB031.jpg\",\"contentUrl\":\"https:\\\/\\\/delorenzoglobal.com\\\/wp-content\\\/uploads\\\/2024\\\/04\\\/DL-DKB031.jpg\",\"width\":1024,\"height\":932},{\"@type\":\"BreadcrumbList\",\"@id\":\"https:\\\/\\\/delorenzoglobal.com\\\/fr\\\/produit\\\/series-parallel-pump\\\/#breadcrumb\",\"itemListElement\":[{\"@type\":\"ListItem\",\"position\":1,\"name\":\"Home\",\"item\":\"https:\\\/\\\/delorenzoglobal.com\\\/fr\\\/\"},{\"@type\":\"ListItem\",\"position\":2,\"name\":\"Boutique\",\"item\":\"https:\\\/\\\/delorenzoglobal.com\\\/fr\\\/boutique\\\/\"},{\"@type\":\"ListItem\",\"position\":3,\"name\":\"POMPE S\u00c9RIE PARALL\u00c8LE\"}]},{\"@type\":\"WebSite\",\"@id\":\"https:\\\/\\\/delorenzoglobal.com\\\/fr\\\/#website\",\"url\":\"https:\\\/\\\/delorenzoglobal.com\\\/fr\\\/\",\"name\":\"De Lorenzo Training &amp; Didactical Equipment\",\"description\":\"\",\"potentialAction\":[{\"@type\":\"SearchAction\",\"target\":{\"@type\":\"EntryPoint\",\"urlTemplate\":\"https:\\\/\\\/delorenzoglobal.com\\\/fr\\\/?s={search_term_string}\"},\"query-input\":{\"@type\":\"PropertyValueSpecification\",\"valueRequired\":true,\"valueName\":\"search_term_string\"}}],\"inLanguage\":\"fr-FR\"}]}<\/script>\n<!-- \/ Yoast SEO plugin. -->","yoast_head_json":{"title":"POMPE S\u00c9RIE PARALL\u00c8LE - De Lorenzo Training &amp; Didactical Equipment","robots":{"index":"index","follow":"follow","max-snippet":"max-snippet:-1","max-image-preview":"max-image-preview:large","max-video-preview":"max-video-preview:-1"},"canonical":"https:\/\/delorenzoglobal.com\/fr\/produit\/series-parallel-pump\/","og_locale":"fr_FR","og_type":"article","og_title":"POMPE S\u00c9RIE PARALL\u00c8LE - De Lorenzo Training &amp; Didactical Equipment","og_description":"Les pompes d&rsquo;un syst\u00e8me de canalisations convertissent l&rsquo;\u00e9nergie m\u00e9canique en \u00e9nergie hydraulique. Cette \u00e9nergie suppl\u00e9mentaire permet \u00e0 un fluide de se d\u00e9placer d&rsquo;un endroit \u00e0 un autre alors qu&rsquo;il n&rsquo;est pas susceptible de s&rsquo;\u00e9couler par gravit\u00e9. Par exemple, pour \u00e9lever un fluide \u00e0 une certaine hauteur au-dessus de la pompe ou le recycler dans un [&hellip;]","og_url":"https:\/\/delorenzoglobal.com\/fr\/produit\/series-parallel-pump\/","og_site_name":"De Lorenzo Training &amp; Didactical Equipment","article_modified_time":"2025-01-17T07:54:13+00:00","og_image":[{"width":600,"height":778,"url":"https:\/\/delorenzoglobal.com\/wp-content\/uploads\/2024\/04\/DL-DKB031-xs.jpg","type":"image\/jpeg"}],"twitter_card":"summary_large_image","twitter_misc":{"Dur\u00e9e de lecture estim\u00e9e":"2 minutes"},"schema":{"@context":"https:\/\/schema.org","@graph":[{"@type":"WebPage","@id":"https:\/\/delorenzoglobal.com\/fr\/produit\/series-parallel-pump\/","url":"https:\/\/delorenzoglobal.com\/fr\/produit\/series-parallel-pump\/","name":"POMPE S\u00c9RIE PARALL\u00c8LE - De Lorenzo Training &amp; Didactical Equipment","isPartOf":{"@id":"https:\/\/delorenzoglobal.com\/fr\/#website"},"primaryImageOfPage":{"@id":"https:\/\/delorenzoglobal.com\/fr\/produit\/series-parallel-pump\/#primaryimage"},"image":{"@id":"https:\/\/delorenzoglobal.com\/fr\/produit\/series-parallel-pump\/#primaryimage"},"thumbnailUrl":"https:\/\/delorenzoglobal.com\/wp-content\/uploads\/2024\/04\/DL-DKB031.jpg","datePublished":"2024-04-18T14:02:15+00:00","dateModified":"2025-01-17T07:54:13+00:00","breadcrumb":{"@id":"https:\/\/delorenzoglobal.com\/fr\/produit\/series-parallel-pump\/#breadcrumb"},"inLanguage":"fr-FR","potentialAction":[{"@type":"ReadAction","target":["https:\/\/delorenzoglobal.com\/fr\/produit\/series-parallel-pump\/"]}]},{"@type":"ImageObject","inLanguage":"fr-FR","@id":"https:\/\/delorenzoglobal.com\/fr\/produit\/series-parallel-pump\/#primaryimage","url":"https:\/\/delorenzoglobal.com\/wp-content\/uploads\/2024\/04\/DL-DKB031.jpg","contentUrl":"https:\/\/delorenzoglobal.com\/wp-content\/uploads\/2024\/04\/DL-DKB031.jpg","width":1024,"height":932},{"@type":"BreadcrumbList","@id":"https:\/\/delorenzoglobal.com\/fr\/produit\/series-parallel-pump\/#breadcrumb","itemListElement":[{"@type":"ListItem","position":1,"name":"Home","item":"https:\/\/delorenzoglobal.com\/fr\/"},{"@type":"ListItem","position":2,"name":"Boutique","item":"https:\/\/delorenzoglobal.com\/fr\/boutique\/"},{"@type":"ListItem","position":3,"name":"POMPE S\u00c9RIE PARALL\u00c8LE"}]},{"@type":"WebSite","@id":"https:\/\/delorenzoglobal.com\/fr\/#website","url":"https:\/\/delorenzoglobal.com\/fr\/","name":"De Lorenzo Training &amp; Didactical Equipment","description":"","potentialAction":[{"@type":"SearchAction","target":{"@type":"EntryPoint","urlTemplate":"https:\/\/delorenzoglobal.com\/fr\/?s={search_term_string}"},"query-input":{"@type":"PropertyValueSpecification","valueRequired":true,"valueName":"search_term_string"}}],"inLanguage":"fr-FR"}]}},"_links":{"self":[{"href":"https:\/\/delorenzoglobal.com\/fr\/wp-json\/wp\/v2\/product\/11372","targetHints":{"allow":["GET"]}}],"collection":[{"href":"https:\/\/delorenzoglobal.com\/fr\/wp-json\/wp\/v2\/product"}],"about":[{"href":"https:\/\/delorenzoglobal.com\/fr\/wp-json\/wp\/v2\/types\/product"}],"wp:featuredmedia":[{"embeddable":true,"href":"https:\/\/delorenzoglobal.com\/fr\/wp-json\/wp\/v2\/media\/26875"}],"wp:attachment":[{"href":"https:\/\/delorenzoglobal.com\/fr\/wp-json\/wp\/v2\/media?parent=11372"}],"wp:term":[{"taxonomy":"product_brand","embeddable":true,"href":"https:\/\/delorenzoglobal.com\/fr\/wp-json\/wp\/v2\/product_brand?post=11372"},{"taxonomy":"product_cat","embeddable":true,"href":"https:\/\/delorenzoglobal.com\/fr\/wp-json\/wp\/v2\/product_cat?post=11372"},{"taxonomy":"product_tag","embeddable":true,"href":"https:\/\/delorenzoglobal.com\/fr\/wp-json\/wp\/v2\/product_tag?post=11372"}],"curies":[{"name":"wp","href":"https:\/\/api.w.org\/{rel}","templated":true}]}}