{"id":11347,"date":"2024-04-18T15:54:44","date_gmt":"2024-04-18T13:54:44","guid":{"rendered":"https:\/\/delorenzoglobal.com\/?post_type=product&#038;p=11347"},"modified":"2025-04-29T15:43:34","modified_gmt":"2025-04-29T13:43:34","slug":"proprietes-des-fluides","status":"publish","type":"product","link":"https:\/\/delorenzoglobal.com\/fr\/produit\/proprietes-des-fluides\/","title":{"rendered":"PROPRIETES DES FLUIDES"},"content":{"rendered":"<p>Equipement con\u00e7u pour \u00e9tudier les propri\u00e9t\u00e9s des fluides.<\/p>\n<p>OBJECTIFS DE LA FORMATION<\/p>\n<ul>\n<li>Mesure des densit\u00e9s \u00e0 l&rsquo;aide de jauges.<\/li>\n<li>Mesure des densit\u00e9s \u00e0 l&rsquo;aide d&rsquo;un pycnom\u00e8tre.<\/li>\n<li>Etude et Pr\u00e9sentation du capillaire en tubes.<\/li>\n<li>Etude et Pr\u00e9sentation du capillaire entre les plaques.<\/li>\n<li>D\u00e9termination de la viscosit\u00e9.<\/li>\n<li>Mesure de la pression atmosph\u00e9rique \u00e0 l&rsquo;aide d&rsquo;un barom\u00e8tre ana\u00e9robie.<\/li>\n<li>Loi d\u2019Archim\u00e8de.<\/li>\n<\/ul>\n","protected":false},"excerpt":{"rendered":"<p>Equipement con\u00e7u pour \u00e9tudier les propri\u00e9t\u00e9s des fluides. OBJECTIFS DE LA FORMATION Mesure des densit\u00e9s \u00e0 l&rsquo;aide de jauges. Mesure des densit\u00e9s \u00e0 l&rsquo;aide d&rsquo;un pycnom\u00e8tre. Etude et Pr\u00e9sentation du capillaire en tubes. Etude et Pr\u00e9sentation du capillaire entre les plaques. D\u00e9termination de la viscosit\u00e9. Mesure de la pression atmosph\u00e9rique \u00e0 l&rsquo;aide d&rsquo;un barom\u00e8tre ana\u00e9robie. [&hellip;]<\/p>\n","protected":false},"featured_media":11339,"template":"","meta":{"_acf_changed":false},"product_brand":[],"product_cat":[428],"product_tag":[],"class_list":{"0":"post-11347","1":"product","2":"type-product","3":"status-publish","4":"has-post-thumbnail","6":"product_cat-fondamentaux-de-la-mecanique-des-fluides","8":"first","9":"instock","10":"shipping-taxable","11":"product-type-simple"},"acf":[],"yoast_head":"<!-- This site is optimized with the Yoast SEO plugin v27.4 - https:\/\/yoast.com\/product\/yoast-seo-wordpress\/ -->\n<title>PROPRIETES DES FLUIDES - De Lorenzo Training &amp; Didactical Equipment<\/title>\n<meta name=\"robots\" content=\"index, follow, max-snippet:-1, max-image-preview:large, max-video-preview:-1\" \/>\n<link rel=\"canonical\" href=\"https:\/\/delorenzoglobal.com\/fr\/produit\/proprietes-des-fluides\/\" \/>\n<meta property=\"og:locale\" content=\"fr_FR\" \/>\n<meta property=\"og:type\" content=\"article\" \/>\n<meta property=\"og:title\" content=\"PROPRIETES DES FLUIDES - De Lorenzo Training &amp; Didactical Equipment\" \/>\n<meta property=\"og:description\" content=\"Equipement con\u00e7u pour \u00e9tudier les propri\u00e9t\u00e9s des fluides. OBJECTIFS DE LA FORMATION Mesure des densit\u00e9s \u00e0 l&rsquo;aide de jauges. Mesure des densit\u00e9s \u00e0 l&rsquo;aide d&rsquo;un pycnom\u00e8tre. Etude et Pr\u00e9sentation du capillaire en tubes. Etude et Pr\u00e9sentation du capillaire entre les plaques. D\u00e9termination de la viscosit\u00e9. Mesure de la pression atmosph\u00e9rique \u00e0 l&rsquo;aide d&rsquo;un barom\u00e8tre ana\u00e9robie. [&hellip;]\" \/>\n<meta property=\"og:url\" content=\"https:\/\/delorenzoglobal.com\/fr\/produit\/proprietes-des-fluides\/\" \/>\n<meta property=\"og:site_name\" content=\"De Lorenzo Training &amp; Didactical Equipment\" \/>\n<meta property=\"article:modified_time\" content=\"2025-04-29T13:43:34+00:00\" \/>\n<meta property=\"og:image\" content=\"https:\/\/delorenzoglobal.com\/wp-content\/uploads\/2024\/04\/DL-DKL301-scaled.jpg\" \/>\n\t<meta property=\"og:image:width\" content=\"2560\" \/>\n\t<meta property=\"og:image:height\" content=\"1867\" \/>\n\t<meta property=\"og:image:type\" content=\"image\/jpeg\" \/>\n<meta name=\"twitter:card\" content=\"summary_large_image\" \/>\n<meta name=\"twitter:label1\" content=\"Dur\u00e9e de lecture estim\u00e9e\" \/>\n\t<meta name=\"twitter:data1\" content=\"1 minute\" \/>\n<script type=\"application\/ld+json\" class=\"yoast-schema-graph\">{\"@context\":\"https:\\\/\\\/schema.org\",\"@graph\":[{\"@type\":\"WebPage\",\"@id\":\"https:\\\/\\\/delorenzoglobal.com\\\/fr\\\/produit\\\/proprietes-des-fluides\\\/\",\"url\":\"https:\\\/\\\/delorenzoglobal.com\\\/fr\\\/produit\\\/proprietes-des-fluides\\\/\",\"name\":\"PROPRIETES DES FLUIDES - De Lorenzo Training &amp; Didactical Equipment\",\"isPartOf\":{\"@id\":\"https:\\\/\\\/delorenzoglobal.com\\\/fr\\\/#website\"},\"primaryImageOfPage\":{\"@id\":\"https:\\\/\\\/delorenzoglobal.com\\\/fr\\\/produit\\\/proprietes-des-fluides\\\/#primaryimage\"},\"image\":{\"@id\":\"https:\\\/\\\/delorenzoglobal.com\\\/fr\\\/produit\\\/proprietes-des-fluides\\\/#primaryimage\"},\"thumbnailUrl\":\"https:\\\/\\\/delorenzoglobal.com\\\/wp-content\\\/uploads\\\/2024\\\/04\\\/DL-DKL301-scaled.jpg\",\"datePublished\":\"2024-04-18T13:54:44+00:00\",\"dateModified\":\"2025-04-29T13:43:34+00:00\",\"breadcrumb\":{\"@id\":\"https:\\\/\\\/delorenzoglobal.com\\\/fr\\\/produit\\\/proprietes-des-fluides\\\/#breadcrumb\"},\"inLanguage\":\"fr-FR\",\"potentialAction\":[{\"@type\":\"ReadAction\",\"target\":[\"https:\\\/\\\/delorenzoglobal.com\\\/fr\\\/produit\\\/proprietes-des-fluides\\\/\"]}]},{\"@type\":\"ImageObject\",\"inLanguage\":\"fr-FR\",\"@id\":\"https:\\\/\\\/delorenzoglobal.com\\\/fr\\\/produit\\\/proprietes-des-fluides\\\/#primaryimage\",\"url\":\"https:\\\/\\\/delorenzoglobal.com\\\/wp-content\\\/uploads\\\/2024\\\/04\\\/DL-DKL301-scaled.jpg\",\"contentUrl\":\"https:\\\/\\\/delorenzoglobal.com\\\/wp-content\\\/uploads\\\/2024\\\/04\\\/DL-DKL301-scaled.jpg\",\"width\":2560,\"height\":1867},{\"@type\":\"BreadcrumbList\",\"@id\":\"https:\\\/\\\/delorenzoglobal.com\\\/fr\\\/produit\\\/proprietes-des-fluides\\\/#breadcrumb\",\"itemListElement\":[{\"@type\":\"ListItem\",\"position\":1,\"name\":\"Home\",\"item\":\"https:\\\/\\\/delorenzoglobal.com\\\/fr\\\/\"},{\"@type\":\"ListItem\",\"position\":2,\"name\":\"Boutique\",\"item\":\"https:\\\/\\\/delorenzoglobal.com\\\/fr\\\/boutique\\\/\"},{\"@type\":\"ListItem\",\"position\":3,\"name\":\"PROPRIETES DES FLUIDES\"}]},{\"@type\":\"WebSite\",\"@id\":\"https:\\\/\\\/delorenzoglobal.com\\\/fr\\\/#website\",\"url\":\"https:\\\/\\\/delorenzoglobal.com\\\/fr\\\/\",\"name\":\"De Lorenzo Training &amp; Didactical Equipment\",\"description\":\"\",\"potentialAction\":[{\"@type\":\"SearchAction\",\"target\":{\"@type\":\"EntryPoint\",\"urlTemplate\":\"https:\\\/\\\/delorenzoglobal.com\\\/fr\\\/?s={search_term_string}\"},\"query-input\":{\"@type\":\"PropertyValueSpecification\",\"valueRequired\":true,\"valueName\":\"search_term_string\"}}],\"inLanguage\":\"fr-FR\"}]}<\/script>\n<!-- \/ Yoast SEO plugin. -->","yoast_head_json":{"title":"PROPRIETES DES FLUIDES - De Lorenzo Training &amp; Didactical Equipment","robots":{"index":"index","follow":"follow","max-snippet":"max-snippet:-1","max-image-preview":"max-image-preview:large","max-video-preview":"max-video-preview:-1"},"canonical":"https:\/\/delorenzoglobal.com\/fr\/produit\/proprietes-des-fluides\/","og_locale":"fr_FR","og_type":"article","og_title":"PROPRIETES DES FLUIDES - De Lorenzo Training &amp; Didactical Equipment","og_description":"Equipement con\u00e7u pour \u00e9tudier les propri\u00e9t\u00e9s des fluides. OBJECTIFS DE LA FORMATION Mesure des densit\u00e9s \u00e0 l&rsquo;aide de jauges. Mesure des densit\u00e9s \u00e0 l&rsquo;aide d&rsquo;un pycnom\u00e8tre. Etude et Pr\u00e9sentation du capillaire en tubes. Etude et Pr\u00e9sentation du capillaire entre les plaques. D\u00e9termination de la viscosit\u00e9. Mesure de la pression atmosph\u00e9rique \u00e0 l&rsquo;aide d&rsquo;un barom\u00e8tre ana\u00e9robie. [&hellip;]","og_url":"https:\/\/delorenzoglobal.com\/fr\/produit\/proprietes-des-fluides\/","og_site_name":"De Lorenzo Training &amp; Didactical Equipment","article_modified_time":"2025-04-29T13:43:34+00:00","og_image":[{"width":2560,"height":1867,"url":"https:\/\/delorenzoglobal.com\/wp-content\/uploads\/2024\/04\/DL-DKL301-scaled.jpg","type":"image\/jpeg"}],"twitter_card":"summary_large_image","twitter_misc":{"Dur\u00e9e de lecture estim\u00e9e":"1 minute"},"schema":{"@context":"https:\/\/schema.org","@graph":[{"@type":"WebPage","@id":"https:\/\/delorenzoglobal.com\/fr\/produit\/proprietes-des-fluides\/","url":"https:\/\/delorenzoglobal.com\/fr\/produit\/proprietes-des-fluides\/","name":"PROPRIETES DES FLUIDES - De Lorenzo Training &amp; Didactical Equipment","isPartOf":{"@id":"https:\/\/delorenzoglobal.com\/fr\/#website"},"primaryImageOfPage":{"@id":"https:\/\/delorenzoglobal.com\/fr\/produit\/proprietes-des-fluides\/#primaryimage"},"image":{"@id":"https:\/\/delorenzoglobal.com\/fr\/produit\/proprietes-des-fluides\/#primaryimage"},"thumbnailUrl":"https:\/\/delorenzoglobal.com\/wp-content\/uploads\/2024\/04\/DL-DKL301-scaled.jpg","datePublished":"2024-04-18T13:54:44+00:00","dateModified":"2025-04-29T13:43:34+00:00","breadcrumb":{"@id":"https:\/\/delorenzoglobal.com\/fr\/produit\/proprietes-des-fluides\/#breadcrumb"},"inLanguage":"fr-FR","potentialAction":[{"@type":"ReadAction","target":["https:\/\/delorenzoglobal.com\/fr\/produit\/proprietes-des-fluides\/"]}]},{"@type":"ImageObject","inLanguage":"fr-FR","@id":"https:\/\/delorenzoglobal.com\/fr\/produit\/proprietes-des-fluides\/#primaryimage","url":"https:\/\/delorenzoglobal.com\/wp-content\/uploads\/2024\/04\/DL-DKL301-scaled.jpg","contentUrl":"https:\/\/delorenzoglobal.com\/wp-content\/uploads\/2024\/04\/DL-DKL301-scaled.jpg","width":2560,"height":1867},{"@type":"BreadcrumbList","@id":"https:\/\/delorenzoglobal.com\/fr\/produit\/proprietes-des-fluides\/#breadcrumb","itemListElement":[{"@type":"ListItem","position":1,"name":"Home","item":"https:\/\/delorenzoglobal.com\/fr\/"},{"@type":"ListItem","position":2,"name":"Boutique","item":"https:\/\/delorenzoglobal.com\/fr\/boutique\/"},{"@type":"ListItem","position":3,"name":"PROPRIETES DES FLUIDES"}]},{"@type":"WebSite","@id":"https:\/\/delorenzoglobal.com\/fr\/#website","url":"https:\/\/delorenzoglobal.com\/fr\/","name":"De Lorenzo Training &amp; Didactical Equipment","description":"","potentialAction":[{"@type":"SearchAction","target":{"@type":"EntryPoint","urlTemplate":"https:\/\/delorenzoglobal.com\/fr\/?s={search_term_string}"},"query-input":{"@type":"PropertyValueSpecification","valueRequired":true,"valueName":"search_term_string"}}],"inLanguage":"fr-FR"}]}},"_links":{"self":[{"href":"https:\/\/delorenzoglobal.com\/fr\/wp-json\/wp\/v2\/product\/11347","targetHints":{"allow":["GET"]}}],"collection":[{"href":"https:\/\/delorenzoglobal.com\/fr\/wp-json\/wp\/v2\/product"}],"about":[{"href":"https:\/\/delorenzoglobal.com\/fr\/wp-json\/wp\/v2\/types\/product"}],"wp:featuredmedia":[{"embeddable":true,"href":"https:\/\/delorenzoglobal.com\/fr\/wp-json\/wp\/v2\/media\/11339"}],"wp:attachment":[{"href":"https:\/\/delorenzoglobal.com\/fr\/wp-json\/wp\/v2\/media?parent=11347"}],"wp:term":[{"taxonomy":"product_brand","embeddable":true,"href":"https:\/\/delorenzoglobal.com\/fr\/wp-json\/wp\/v2\/product_brand?post=11347"},{"taxonomy":"product_cat","embeddable":true,"href":"https:\/\/delorenzoglobal.com\/fr\/wp-json\/wp\/v2\/product_cat?post=11347"},{"taxonomy":"product_tag","embeddable":true,"href":"https:\/\/delorenzoglobal.com\/fr\/wp-json\/wp\/v2\/product_tag?post=11347"}],"curies":[{"name":"wp","href":"https:\/\/api.w.org\/{rel}","templated":true}]}}