{"id":11324,"date":"2024-04-18T15:49:51","date_gmt":"2024-04-18T13:49:51","guid":{"rendered":"https:\/\/delorenzoglobal.com\/?post_type=product&#038;p=11324"},"modified":"2025-01-21T08:55:55","modified_gmt":"2025-01-21T07:55:55","slug":"fluid-statics-and-pressure-measurement","status":"publish","type":"product","link":"https:\/\/delorenzoglobal.com\/fr\/produit\/fluid-statics-and-pressure-measurement\/","title":{"rendered":"STATIQUE DES FLUIDES ET MESURE DE LA PRESSION"},"content":{"rendered":"<p>Le syst\u00e8me est con\u00e7u pour l&rsquo;\u00e9tude des fluides statiques et la mesure de la pression avec diff\u00e9rents types de tubes pi\u00e9zom\u00e9triques. Il comporte \u00e9galement des \u00e9l\u00e9ments de mesure de niveau tels que des \u00e9chelles de mesure et des indicateurs de niveau. (Limnim\u00e8tre)<\/p>\n<p>Il dispose d&rsquo;un r\u00e9cipient transparent qui distribue l&rsquo;eau par le biais de vannes et de tuyaux et la fait passer dans les diff\u00e9rentes colonnes. Une colonne d&rsquo;eau est dot\u00e9e d&rsquo;un syst\u00e8me d&rsquo;inclinaison, ce qui permet de voir clairement l&rsquo;effet de diff\u00e9rentes inclinaisons possibles.<\/p>\n<p>Dans les colonnes d&rsquo;eau et dans le r\u00e9servoir, une \u00e9chelle gradu\u00e9e indique la hauteur de l&rsquo;eau.<br \/>\nUn limnim\u00e8tre est \u00e9galement fourni pour mesurer avec pr\u00e9cision le niveau de l&rsquo;eau.<\/p>\n","protected":false},"excerpt":{"rendered":"<p>Le syst\u00e8me est con\u00e7u pour l&rsquo;\u00e9tude des fluides statiques et la mesure de la pression avec diff\u00e9rents types de tubes pi\u00e9zom\u00e9triques. Il comporte \u00e9galement des \u00e9l\u00e9ments de mesure de niveau tels que des \u00e9chelles de mesure et des indicateurs de niveau. (Limnim\u00e8tre) Il dispose d&rsquo;un r\u00e9cipient transparent qui distribue l&rsquo;eau par le biais de vannes [&hellip;]<\/p>\n","protected":false},"featured_media":11321,"template":"","meta":{"_acf_changed":false},"product_brand":[],"product_cat":[428],"product_tag":[],"class_list":{"0":"post-11324","1":"product","2":"type-product","3":"status-publish","4":"has-post-thumbnail","6":"product_cat-fondamentaux-de-la-mecanique-des-fluides","8":"first","9":"instock","10":"shipping-taxable","11":"product-type-simple"},"acf":[],"yoast_head":"<!-- This site is optimized with the Yoast SEO plugin v27.4 - https:\/\/yoast.com\/product\/yoast-seo-wordpress\/ -->\n<title>STATIQUE DES FLUIDES ET MESURE DE LA PRESSION - De Lorenzo Training &amp; Didactical Equipment<\/title>\n<meta name=\"robots\" content=\"index, follow, max-snippet:-1, max-image-preview:large, max-video-preview:-1\" \/>\n<link rel=\"canonical\" href=\"https:\/\/delorenzoglobal.com\/fr\/produit\/fluid-statics-and-pressure-measurement\/\" \/>\n<meta property=\"og:locale\" content=\"fr_FR\" \/>\n<meta property=\"og:type\" content=\"article\" \/>\n<meta property=\"og:title\" content=\"STATIQUE DES FLUIDES ET MESURE DE LA PRESSION - De Lorenzo Training &amp; Didactical Equipment\" \/>\n<meta property=\"og:description\" content=\"Le syst\u00e8me est con\u00e7u pour l&rsquo;\u00e9tude des fluides statiques et la mesure de la pression avec diff\u00e9rents types de tubes pi\u00e9zom\u00e9triques. Il comporte \u00e9galement des \u00e9l\u00e9ments de mesure de niveau tels que des \u00e9chelles de mesure et des indicateurs de niveau. (Limnim\u00e8tre) Il dispose d&rsquo;un r\u00e9cipient transparent qui distribue l&rsquo;eau par le biais de vannes [&hellip;]\" \/>\n<meta property=\"og:url\" content=\"https:\/\/delorenzoglobal.com\/fr\/produit\/fluid-statics-and-pressure-measurement\/\" \/>\n<meta property=\"og:site_name\" content=\"De Lorenzo Training &amp; Didactical Equipment\" \/>\n<meta property=\"article:modified_time\" content=\"2025-01-21T07:55:55+00:00\" \/>\n<meta property=\"og:image\" content=\"https:\/\/delorenzoglobal.com\/wp-content\/uploads\/2024\/04\/DL-DKL291.jpg\" \/>\n\t<meta property=\"og:image:width\" content=\"1030\" \/>\n\t<meta property=\"og:image:height\" content=\"821\" \/>\n\t<meta property=\"og:image:type\" content=\"image\/jpeg\" \/>\n<meta name=\"twitter:card\" content=\"summary_large_image\" \/>\n<meta name=\"twitter:label1\" content=\"Dur\u00e9e de lecture estim\u00e9e\" \/>\n\t<meta name=\"twitter:data1\" content=\"1 minute\" \/>\n<script type=\"application\/ld+json\" class=\"yoast-schema-graph\">{\"@context\":\"https:\\\/\\\/schema.org\",\"@graph\":[{\"@type\":\"WebPage\",\"@id\":\"https:\\\/\\\/delorenzoglobal.com\\\/fr\\\/produit\\\/fluid-statics-and-pressure-measurement\\\/\",\"url\":\"https:\\\/\\\/delorenzoglobal.com\\\/fr\\\/produit\\\/fluid-statics-and-pressure-measurement\\\/\",\"name\":\"STATIQUE DES FLUIDES ET MESURE DE LA PRESSION - De Lorenzo Training &amp; Didactical Equipment\",\"isPartOf\":{\"@id\":\"https:\\\/\\\/delorenzoglobal.com\\\/fr\\\/#website\"},\"primaryImageOfPage\":{\"@id\":\"https:\\\/\\\/delorenzoglobal.com\\\/fr\\\/produit\\\/fluid-statics-and-pressure-measurement\\\/#primaryimage\"},\"image\":{\"@id\":\"https:\\\/\\\/delorenzoglobal.com\\\/fr\\\/produit\\\/fluid-statics-and-pressure-measurement\\\/#primaryimage\"},\"thumbnailUrl\":\"https:\\\/\\\/delorenzoglobal.com\\\/wp-content\\\/uploads\\\/2024\\\/04\\\/DL-DKL291.jpg\",\"datePublished\":\"2024-04-18T13:49:51+00:00\",\"dateModified\":\"2025-01-21T07:55:55+00:00\",\"breadcrumb\":{\"@id\":\"https:\\\/\\\/delorenzoglobal.com\\\/fr\\\/produit\\\/fluid-statics-and-pressure-measurement\\\/#breadcrumb\"},\"inLanguage\":\"fr-FR\",\"potentialAction\":[{\"@type\":\"ReadAction\",\"target\":[\"https:\\\/\\\/delorenzoglobal.com\\\/fr\\\/produit\\\/fluid-statics-and-pressure-measurement\\\/\"]}]},{\"@type\":\"ImageObject\",\"inLanguage\":\"fr-FR\",\"@id\":\"https:\\\/\\\/delorenzoglobal.com\\\/fr\\\/produit\\\/fluid-statics-and-pressure-measurement\\\/#primaryimage\",\"url\":\"https:\\\/\\\/delorenzoglobal.com\\\/wp-content\\\/uploads\\\/2024\\\/04\\\/DL-DKL291.jpg\",\"contentUrl\":\"https:\\\/\\\/delorenzoglobal.com\\\/wp-content\\\/uploads\\\/2024\\\/04\\\/DL-DKL291.jpg\",\"width\":1030,\"height\":821},{\"@type\":\"BreadcrumbList\",\"@id\":\"https:\\\/\\\/delorenzoglobal.com\\\/fr\\\/produit\\\/fluid-statics-and-pressure-measurement\\\/#breadcrumb\",\"itemListElement\":[{\"@type\":\"ListItem\",\"position\":1,\"name\":\"Home\",\"item\":\"https:\\\/\\\/delorenzoglobal.com\\\/fr\\\/\"},{\"@type\":\"ListItem\",\"position\":2,\"name\":\"Boutique\",\"item\":\"https:\\\/\\\/delorenzoglobal.com\\\/fr\\\/boutique\\\/\"},{\"@type\":\"ListItem\",\"position\":3,\"name\":\"STATIQUE DES FLUIDES ET MESURE DE LA PRESSION\"}]},{\"@type\":\"WebSite\",\"@id\":\"https:\\\/\\\/delorenzoglobal.com\\\/fr\\\/#website\",\"url\":\"https:\\\/\\\/delorenzoglobal.com\\\/fr\\\/\",\"name\":\"De Lorenzo Training &amp; Didactical Equipment\",\"description\":\"\",\"potentialAction\":[{\"@type\":\"SearchAction\",\"target\":{\"@type\":\"EntryPoint\",\"urlTemplate\":\"https:\\\/\\\/delorenzoglobal.com\\\/fr\\\/?s={search_term_string}\"},\"query-input\":{\"@type\":\"PropertyValueSpecification\",\"valueRequired\":true,\"valueName\":\"search_term_string\"}}],\"inLanguage\":\"fr-FR\"}]}<\/script>\n<!-- \/ Yoast SEO plugin. -->","yoast_head_json":{"title":"STATIQUE DES FLUIDES ET MESURE DE LA PRESSION - De Lorenzo Training &amp; Didactical Equipment","robots":{"index":"index","follow":"follow","max-snippet":"max-snippet:-1","max-image-preview":"max-image-preview:large","max-video-preview":"max-video-preview:-1"},"canonical":"https:\/\/delorenzoglobal.com\/fr\/produit\/fluid-statics-and-pressure-measurement\/","og_locale":"fr_FR","og_type":"article","og_title":"STATIQUE DES FLUIDES ET MESURE DE LA PRESSION - De Lorenzo Training &amp; Didactical Equipment","og_description":"Le syst\u00e8me est con\u00e7u pour l&rsquo;\u00e9tude des fluides statiques et la mesure de la pression avec diff\u00e9rents types de tubes pi\u00e9zom\u00e9triques. Il comporte \u00e9galement des \u00e9l\u00e9ments de mesure de niveau tels que des \u00e9chelles de mesure et des indicateurs de niveau. (Limnim\u00e8tre) Il dispose d&rsquo;un r\u00e9cipient transparent qui distribue l&rsquo;eau par le biais de vannes [&hellip;]","og_url":"https:\/\/delorenzoglobal.com\/fr\/produit\/fluid-statics-and-pressure-measurement\/","og_site_name":"De Lorenzo Training &amp; Didactical Equipment","article_modified_time":"2025-01-21T07:55:55+00:00","og_image":[{"width":1030,"height":821,"url":"https:\/\/delorenzoglobal.com\/wp-content\/uploads\/2024\/04\/DL-DKL291.jpg","type":"image\/jpeg"}],"twitter_card":"summary_large_image","twitter_misc":{"Dur\u00e9e de lecture estim\u00e9e":"1 minute"},"schema":{"@context":"https:\/\/schema.org","@graph":[{"@type":"WebPage","@id":"https:\/\/delorenzoglobal.com\/fr\/produit\/fluid-statics-and-pressure-measurement\/","url":"https:\/\/delorenzoglobal.com\/fr\/produit\/fluid-statics-and-pressure-measurement\/","name":"STATIQUE DES FLUIDES ET MESURE DE LA PRESSION - De Lorenzo Training &amp; Didactical Equipment","isPartOf":{"@id":"https:\/\/delorenzoglobal.com\/fr\/#website"},"primaryImageOfPage":{"@id":"https:\/\/delorenzoglobal.com\/fr\/produit\/fluid-statics-and-pressure-measurement\/#primaryimage"},"image":{"@id":"https:\/\/delorenzoglobal.com\/fr\/produit\/fluid-statics-and-pressure-measurement\/#primaryimage"},"thumbnailUrl":"https:\/\/delorenzoglobal.com\/wp-content\/uploads\/2024\/04\/DL-DKL291.jpg","datePublished":"2024-04-18T13:49:51+00:00","dateModified":"2025-01-21T07:55:55+00:00","breadcrumb":{"@id":"https:\/\/delorenzoglobal.com\/fr\/produit\/fluid-statics-and-pressure-measurement\/#breadcrumb"},"inLanguage":"fr-FR","potentialAction":[{"@type":"ReadAction","target":["https:\/\/delorenzoglobal.com\/fr\/produit\/fluid-statics-and-pressure-measurement\/"]}]},{"@type":"ImageObject","inLanguage":"fr-FR","@id":"https:\/\/delorenzoglobal.com\/fr\/produit\/fluid-statics-and-pressure-measurement\/#primaryimage","url":"https:\/\/delorenzoglobal.com\/wp-content\/uploads\/2024\/04\/DL-DKL291.jpg","contentUrl":"https:\/\/delorenzoglobal.com\/wp-content\/uploads\/2024\/04\/DL-DKL291.jpg","width":1030,"height":821},{"@type":"BreadcrumbList","@id":"https:\/\/delorenzoglobal.com\/fr\/produit\/fluid-statics-and-pressure-measurement\/#breadcrumb","itemListElement":[{"@type":"ListItem","position":1,"name":"Home","item":"https:\/\/delorenzoglobal.com\/fr\/"},{"@type":"ListItem","position":2,"name":"Boutique","item":"https:\/\/delorenzoglobal.com\/fr\/boutique\/"},{"@type":"ListItem","position":3,"name":"STATIQUE DES FLUIDES ET MESURE DE LA PRESSION"}]},{"@type":"WebSite","@id":"https:\/\/delorenzoglobal.com\/fr\/#website","url":"https:\/\/delorenzoglobal.com\/fr\/","name":"De Lorenzo Training &amp; Didactical Equipment","description":"","potentialAction":[{"@type":"SearchAction","target":{"@type":"EntryPoint","urlTemplate":"https:\/\/delorenzoglobal.com\/fr\/?s={search_term_string}"},"query-input":{"@type":"PropertyValueSpecification","valueRequired":true,"valueName":"search_term_string"}}],"inLanguage":"fr-FR"}]}},"_links":{"self":[{"href":"https:\/\/delorenzoglobal.com\/fr\/wp-json\/wp\/v2\/product\/11324","targetHints":{"allow":["GET"]}}],"collection":[{"href":"https:\/\/delorenzoglobal.com\/fr\/wp-json\/wp\/v2\/product"}],"about":[{"href":"https:\/\/delorenzoglobal.com\/fr\/wp-json\/wp\/v2\/types\/product"}],"wp:featuredmedia":[{"embeddable":true,"href":"https:\/\/delorenzoglobal.com\/fr\/wp-json\/wp\/v2\/media\/11321"}],"wp:attachment":[{"href":"https:\/\/delorenzoglobal.com\/fr\/wp-json\/wp\/v2\/media?parent=11324"}],"wp:term":[{"taxonomy":"product_brand","embeddable":true,"href":"https:\/\/delorenzoglobal.com\/fr\/wp-json\/wp\/v2\/product_brand?post=11324"},{"taxonomy":"product_cat","embeddable":true,"href":"https:\/\/delorenzoglobal.com\/fr\/wp-json\/wp\/v2\/product_cat?post=11324"},{"taxonomy":"product_tag","embeddable":true,"href":"https:\/\/delorenzoglobal.com\/fr\/wp-json\/wp\/v2\/product_tag?post=11324"}],"curies":[{"name":"wp","href":"https:\/\/api.w.org\/{rel}","templated":true}]}}