{"id":11303,"date":"2024-04-18T15:45:11","date_gmt":"2024-04-18T13:45:11","guid":{"rendered":"https:\/\/delorenzoglobal.com\/?post_type=product&#038;p=11303"},"modified":"2025-01-20T16:56:51","modified_gmt":"2025-01-20T15:56:51","slug":"mise-en-oeuvre-de-la-loi-de-pascal","status":"publish","type":"product","link":"https:\/\/delorenzoglobal.com\/fr\/produit\/mise-en-oeuvre-de-la-loi-de-pascal\/","title":{"rendered":"MISE EN \u0152UVRE DE LA LOI DE PASCAL"},"content":{"rendered":"<p>Ce d\u00e9monstrateur est con\u00e7u pour l&rsquo;\u00e9tude et la mise en \u0153uvre de la loi de Pascal.<br \/>\nCette loi a \u00e9t\u00e9 \u00e9nonc\u00e9e par le physicien et math\u00e9maticien Blaise Pascal (1623-1662). Elle indique que la pression exerc\u00e9e n&rsquo;importe o\u00f9 dans un fluide incompressible confin\u00e9 est transmise de mani\u00e8re \u00e9gale dans toutes les directions du fluide, de sorte que les variations de pression (diff\u00e9rences initiales) restent les m\u00eames.<\/p>\n<p>De plus, avec ce syst\u00e8me, on peut \u00e9tudier le paradoxe hydrostatique, cons\u00e9quence de la loi de Pascal : la pression dans le liquide au repos ne d\u00e9pend que de la profondeur de l\u2019eau, quelle que soit sa quantit\u00e9.<br \/>\nIl existe de nombreuses applications bas\u00e9es sur la loi de Pascal, l&rsquo;une des plus connues est la presse hydraulique.<\/p>\n","protected":false},"excerpt":{"rendered":"<p>Ce d\u00e9monstrateur est con\u00e7u pour l&rsquo;\u00e9tude et la mise en \u0153uvre de la loi de Pascal. Cette loi a \u00e9t\u00e9 \u00e9nonc\u00e9e par le physicien et math\u00e9maticien Blaise Pascal (1623-1662). Elle indique que la pression exerc\u00e9e n&rsquo;importe o\u00f9 dans un fluide incompressible confin\u00e9 est transmise de mani\u00e8re \u00e9gale dans toutes les directions du fluide, de sorte [&hellip;]<\/p>\n","protected":false},"featured_media":19809,"template":"","meta":{"_acf_changed":false},"product_brand":[],"product_cat":[428],"product_tag":[],"class_list":{"0":"post-11303","1":"product","2":"type-product","3":"status-publish","4":"has-post-thumbnail","6":"product_cat-fondamentaux-de-la-mecanique-des-fluides","8":"first","9":"instock","10":"shipping-taxable","11":"product-type-simple"},"acf":[],"yoast_head":"<!-- This site is optimized with the Yoast SEO plugin v27.4 - https:\/\/yoast.com\/product\/yoast-seo-wordpress\/ -->\n<title>MISE EN \u0152UVRE DE LA LOI DE PASCAL - De Lorenzo Training &amp; Didactical Equipment<\/title>\n<meta name=\"robots\" content=\"index, follow, max-snippet:-1, max-image-preview:large, max-video-preview:-1\" \/>\n<link rel=\"canonical\" href=\"https:\/\/delorenzoglobal.com\/fr\/produit\/mise-en-oeuvre-de-la-loi-de-pascal\/\" \/>\n<meta property=\"og:locale\" content=\"fr_FR\" \/>\n<meta property=\"og:type\" content=\"article\" \/>\n<meta property=\"og:title\" content=\"MISE EN \u0152UVRE DE LA LOI DE PASCAL - De Lorenzo Training &amp; Didactical Equipment\" \/>\n<meta property=\"og:description\" content=\"Ce d\u00e9monstrateur est con\u00e7u pour l&rsquo;\u00e9tude et la mise en \u0153uvre de la loi de Pascal. Cette loi a \u00e9t\u00e9 \u00e9nonc\u00e9e par le physicien et math\u00e9maticien Blaise Pascal (1623-1662). Elle indique que la pression exerc\u00e9e n&rsquo;importe o\u00f9 dans un fluide incompressible confin\u00e9 est transmise de mani\u00e8re \u00e9gale dans toutes les directions du fluide, de sorte [&hellip;]\" \/>\n<meta property=\"og:url\" content=\"https:\/\/delorenzoglobal.com\/fr\/produit\/mise-en-oeuvre-de-la-loi-de-pascal\/\" \/>\n<meta property=\"og:site_name\" content=\"De Lorenzo Training &amp; Didactical Equipment\" \/>\n<meta property=\"article:modified_time\" content=\"2025-01-20T15:56:51+00:00\" \/>\n<meta property=\"og:image\" content=\"https:\/\/delorenzoglobal.com\/wp-content\/uploads\/2024\/04\/DL-DKL281-xs.jpg\" \/>\n\t<meta property=\"og:image:width\" content=\"903\" \/>\n\t<meta property=\"og:image:height\" content=\"1030\" \/>\n\t<meta property=\"og:image:type\" content=\"image\/jpeg\" \/>\n<meta name=\"twitter:card\" content=\"summary_large_image\" \/>\n<meta name=\"twitter:label1\" content=\"Dur\u00e9e de lecture estim\u00e9e\" \/>\n\t<meta name=\"twitter:data1\" content=\"1 minute\" \/>\n<script type=\"application\/ld+json\" class=\"yoast-schema-graph\">{\"@context\":\"https:\\\/\\\/schema.org\",\"@graph\":[{\"@type\":\"WebPage\",\"@id\":\"https:\\\/\\\/delorenzoglobal.com\\\/fr\\\/produit\\\/mise-en-oeuvre-de-la-loi-de-pascal\\\/\",\"url\":\"https:\\\/\\\/delorenzoglobal.com\\\/fr\\\/produit\\\/mise-en-oeuvre-de-la-loi-de-pascal\\\/\",\"name\":\"MISE EN \u0152UVRE DE LA LOI DE PASCAL - De Lorenzo Training &amp; Didactical Equipment\",\"isPartOf\":{\"@id\":\"https:\\\/\\\/delorenzoglobal.com\\\/fr\\\/#website\"},\"primaryImageOfPage\":{\"@id\":\"https:\\\/\\\/delorenzoglobal.com\\\/fr\\\/produit\\\/mise-en-oeuvre-de-la-loi-de-pascal\\\/#primaryimage\"},\"image\":{\"@id\":\"https:\\\/\\\/delorenzoglobal.com\\\/fr\\\/produit\\\/mise-en-oeuvre-de-la-loi-de-pascal\\\/#primaryimage\"},\"thumbnailUrl\":\"https:\\\/\\\/delorenzoglobal.com\\\/wp-content\\\/uploads\\\/2024\\\/04\\\/DL-DKL281-xs.jpg\",\"datePublished\":\"2024-04-18T13:45:11+00:00\",\"dateModified\":\"2025-01-20T15:56:51+00:00\",\"breadcrumb\":{\"@id\":\"https:\\\/\\\/delorenzoglobal.com\\\/fr\\\/produit\\\/mise-en-oeuvre-de-la-loi-de-pascal\\\/#breadcrumb\"},\"inLanguage\":\"fr-FR\",\"potentialAction\":[{\"@type\":\"ReadAction\",\"target\":[\"https:\\\/\\\/delorenzoglobal.com\\\/fr\\\/produit\\\/mise-en-oeuvre-de-la-loi-de-pascal\\\/\"]}]},{\"@type\":\"ImageObject\",\"inLanguage\":\"fr-FR\",\"@id\":\"https:\\\/\\\/delorenzoglobal.com\\\/fr\\\/produit\\\/mise-en-oeuvre-de-la-loi-de-pascal\\\/#primaryimage\",\"url\":\"https:\\\/\\\/delorenzoglobal.com\\\/wp-content\\\/uploads\\\/2024\\\/04\\\/DL-DKL281-xs.jpg\",\"contentUrl\":\"https:\\\/\\\/delorenzoglobal.com\\\/wp-content\\\/uploads\\\/2024\\\/04\\\/DL-DKL281-xs.jpg\",\"width\":903,\"height\":1030},{\"@type\":\"BreadcrumbList\",\"@id\":\"https:\\\/\\\/delorenzoglobal.com\\\/fr\\\/produit\\\/mise-en-oeuvre-de-la-loi-de-pascal\\\/#breadcrumb\",\"itemListElement\":[{\"@type\":\"ListItem\",\"position\":1,\"name\":\"Home\",\"item\":\"https:\\\/\\\/delorenzoglobal.com\\\/fr\\\/\"},{\"@type\":\"ListItem\",\"position\":2,\"name\":\"Boutique\",\"item\":\"https:\\\/\\\/delorenzoglobal.com\\\/fr\\\/boutique\\\/\"},{\"@type\":\"ListItem\",\"position\":3,\"name\":\"MISE EN \u0152UVRE DE LA LOI DE PASCAL\"}]},{\"@type\":\"WebSite\",\"@id\":\"https:\\\/\\\/delorenzoglobal.com\\\/fr\\\/#website\",\"url\":\"https:\\\/\\\/delorenzoglobal.com\\\/fr\\\/\",\"name\":\"De Lorenzo Training &amp; Didactical Equipment\",\"description\":\"\",\"potentialAction\":[{\"@type\":\"SearchAction\",\"target\":{\"@type\":\"EntryPoint\",\"urlTemplate\":\"https:\\\/\\\/delorenzoglobal.com\\\/fr\\\/?s={search_term_string}\"},\"query-input\":{\"@type\":\"PropertyValueSpecification\",\"valueRequired\":true,\"valueName\":\"search_term_string\"}}],\"inLanguage\":\"fr-FR\"}]}<\/script>\n<!-- \/ Yoast SEO plugin. -->","yoast_head_json":{"title":"MISE EN \u0152UVRE DE LA LOI DE PASCAL - De Lorenzo Training &amp; Didactical Equipment","robots":{"index":"index","follow":"follow","max-snippet":"max-snippet:-1","max-image-preview":"max-image-preview:large","max-video-preview":"max-video-preview:-1"},"canonical":"https:\/\/delorenzoglobal.com\/fr\/produit\/mise-en-oeuvre-de-la-loi-de-pascal\/","og_locale":"fr_FR","og_type":"article","og_title":"MISE EN \u0152UVRE DE LA LOI DE PASCAL - De Lorenzo Training &amp; Didactical Equipment","og_description":"Ce d\u00e9monstrateur est con\u00e7u pour l&rsquo;\u00e9tude et la mise en \u0153uvre de la loi de Pascal. Cette loi a \u00e9t\u00e9 \u00e9nonc\u00e9e par le physicien et math\u00e9maticien Blaise Pascal (1623-1662). Elle indique que la pression exerc\u00e9e n&rsquo;importe o\u00f9 dans un fluide incompressible confin\u00e9 est transmise de mani\u00e8re \u00e9gale dans toutes les directions du fluide, de sorte [&hellip;]","og_url":"https:\/\/delorenzoglobal.com\/fr\/produit\/mise-en-oeuvre-de-la-loi-de-pascal\/","og_site_name":"De Lorenzo Training &amp; Didactical Equipment","article_modified_time":"2025-01-20T15:56:51+00:00","og_image":[{"width":903,"height":1030,"url":"https:\/\/delorenzoglobal.com\/wp-content\/uploads\/2024\/04\/DL-DKL281-xs.jpg","type":"image\/jpeg"}],"twitter_card":"summary_large_image","twitter_misc":{"Dur\u00e9e de lecture estim\u00e9e":"1 minute"},"schema":{"@context":"https:\/\/schema.org","@graph":[{"@type":"WebPage","@id":"https:\/\/delorenzoglobal.com\/fr\/produit\/mise-en-oeuvre-de-la-loi-de-pascal\/","url":"https:\/\/delorenzoglobal.com\/fr\/produit\/mise-en-oeuvre-de-la-loi-de-pascal\/","name":"MISE EN \u0152UVRE DE LA LOI DE PASCAL - De Lorenzo Training &amp; Didactical Equipment","isPartOf":{"@id":"https:\/\/delorenzoglobal.com\/fr\/#website"},"primaryImageOfPage":{"@id":"https:\/\/delorenzoglobal.com\/fr\/produit\/mise-en-oeuvre-de-la-loi-de-pascal\/#primaryimage"},"image":{"@id":"https:\/\/delorenzoglobal.com\/fr\/produit\/mise-en-oeuvre-de-la-loi-de-pascal\/#primaryimage"},"thumbnailUrl":"https:\/\/delorenzoglobal.com\/wp-content\/uploads\/2024\/04\/DL-DKL281-xs.jpg","datePublished":"2024-04-18T13:45:11+00:00","dateModified":"2025-01-20T15:56:51+00:00","breadcrumb":{"@id":"https:\/\/delorenzoglobal.com\/fr\/produit\/mise-en-oeuvre-de-la-loi-de-pascal\/#breadcrumb"},"inLanguage":"fr-FR","potentialAction":[{"@type":"ReadAction","target":["https:\/\/delorenzoglobal.com\/fr\/produit\/mise-en-oeuvre-de-la-loi-de-pascal\/"]}]},{"@type":"ImageObject","inLanguage":"fr-FR","@id":"https:\/\/delorenzoglobal.com\/fr\/produit\/mise-en-oeuvre-de-la-loi-de-pascal\/#primaryimage","url":"https:\/\/delorenzoglobal.com\/wp-content\/uploads\/2024\/04\/DL-DKL281-xs.jpg","contentUrl":"https:\/\/delorenzoglobal.com\/wp-content\/uploads\/2024\/04\/DL-DKL281-xs.jpg","width":903,"height":1030},{"@type":"BreadcrumbList","@id":"https:\/\/delorenzoglobal.com\/fr\/produit\/mise-en-oeuvre-de-la-loi-de-pascal\/#breadcrumb","itemListElement":[{"@type":"ListItem","position":1,"name":"Home","item":"https:\/\/delorenzoglobal.com\/fr\/"},{"@type":"ListItem","position":2,"name":"Boutique","item":"https:\/\/delorenzoglobal.com\/fr\/boutique\/"},{"@type":"ListItem","position":3,"name":"MISE EN \u0152UVRE DE LA LOI DE PASCAL"}]},{"@type":"WebSite","@id":"https:\/\/delorenzoglobal.com\/fr\/#website","url":"https:\/\/delorenzoglobal.com\/fr\/","name":"De Lorenzo Training &amp; Didactical Equipment","description":"","potentialAction":[{"@type":"SearchAction","target":{"@type":"EntryPoint","urlTemplate":"https:\/\/delorenzoglobal.com\/fr\/?s={search_term_string}"},"query-input":{"@type":"PropertyValueSpecification","valueRequired":true,"valueName":"search_term_string"}}],"inLanguage":"fr-FR"}]}},"_links":{"self":[{"href":"https:\/\/delorenzoglobal.com\/fr\/wp-json\/wp\/v2\/product\/11303","targetHints":{"allow":["GET"]}}],"collection":[{"href":"https:\/\/delorenzoglobal.com\/fr\/wp-json\/wp\/v2\/product"}],"about":[{"href":"https:\/\/delorenzoglobal.com\/fr\/wp-json\/wp\/v2\/types\/product"}],"wp:featuredmedia":[{"embeddable":true,"href":"https:\/\/delorenzoglobal.com\/fr\/wp-json\/wp\/v2\/media\/19809"}],"wp:attachment":[{"href":"https:\/\/delorenzoglobal.com\/fr\/wp-json\/wp\/v2\/media?parent=11303"}],"wp:term":[{"taxonomy":"product_brand","embeddable":true,"href":"https:\/\/delorenzoglobal.com\/fr\/wp-json\/wp\/v2\/product_brand?post=11303"},{"taxonomy":"product_cat","embeddable":true,"href":"https:\/\/delorenzoglobal.com\/fr\/wp-json\/wp\/v2\/product_cat?post=11303"},{"taxonomy":"product_tag","embeddable":true,"href":"https:\/\/delorenzoglobal.com\/fr\/wp-json\/wp\/v2\/product_tag?post=11303"}],"curies":[{"name":"wp","href":"https:\/\/api.w.org\/{rel}","templated":true}]}}