{"id":11241,"date":"2024-04-18T15:31:59","date_gmt":"2024-04-18T13:31:59","guid":{"rendered":"https:\/\/delorenzoglobal.com\/?post_type=product&#038;p=11241"},"modified":"2025-01-20T15:15:58","modified_gmt":"2025-01-20T14:15:58","slug":"study-of-flowmeters-dl-dkl231","status":"publish","type":"product","link":"https:\/\/delorenzoglobal.com\/fr\/produit\/study-of-flowmeters-dl-dkl231\/","title":{"rendered":"ETUDE DES DEBITMETRES"},"content":{"rendered":"<div>\n<div>\n<div>\n<div>\n<div>\n<div align=\"justify\">L&rsquo;objectif de cet \u00e9quipement est l&rsquo;\u00e9tude et la comparaison de certains des diff\u00e9rents types de d\u00e9bitm\u00e8tres existants . Le syst\u00e8me comprend plusieurs d\u00e9bitm\u00e8tres repr\u00e9sentatifs tels qu&rsquo;un tube Venturi, un rotam\u00e8tre, un diaphragme, une vanne \u00e0 soupape et un tube Pitot plac\u00e9s en s\u00e9rie pour permettre une comparaison directe des r\u00e9sultats.<\/div>\n<div align=\"justify\"><\/div>\n<div align=\"justify\">En r\u00e9alisant certaines des pratiques propos\u00e9es, il est possible de comprendre la nature des fluides et les lois de la statique, de la dynamique et de la thermodynamique.<\/div>\n<div align=\"justify\"><\/div>\n<div align=\"justify\">Il est \u00e9galement possible d&rsquo;observer facilement des principes g\u00e9n\u00e9raux tels que les lois de la masse et de la conservation de l&rsquo;\u00e9nergie.<br \/>\nA l&rsquo;aide d&rsquo;une vanne de r\u00e9gulation , il est possible d&rsquo;ajuster le d\u00e9bit en fonction des besoins de la pratique.<\/div>\n<div align=\"justify\">Les r\u00e9sultats sont affich\u00e9s dans le manom\u00e8tre \u00e0 colonne d&rsquo;eau et dans la jauge diff\u00e9rentielle \u00e9lectronique fournie. Gr\u00e2ce \u00e0 ces manom\u00e8tres, les \u00e9tudiants peuvent travailler avec des donn\u00e9es extraites de diff\u00e9rents points strat\u00e9giques de la tuyauterie.<\/div>\n<\/div>\n<\/div>\n<\/div>\n<\/div>\n<\/div>\n","protected":false},"excerpt":{"rendered":"<p>L&rsquo;objectif de cet \u00e9quipement est l&rsquo;\u00e9tude et la comparaison de certains des diff\u00e9rents types de d\u00e9bitm\u00e8tres existants . Le syst\u00e8me comprend plusieurs d\u00e9bitm\u00e8tres repr\u00e9sentatifs tels qu&rsquo;un tube Venturi, un rotam\u00e8tre, un diaphragme, une vanne \u00e0 soupape et un tube Pitot plac\u00e9s en s\u00e9rie pour permettre une comparaison directe des r\u00e9sultats. En r\u00e9alisant certaines des pratiques [&hellip;]<\/p>\n","protected":false},"featured_media":11234,"template":"","meta":{"_acf_changed":false},"product_brand":[],"product_cat":[428],"product_tag":[],"class_list":{"0":"post-11241","1":"product","2":"type-product","3":"status-publish","4":"has-post-thumbnail","6":"product_cat-fondamentaux-de-la-mecanique-des-fluides","8":"first","9":"instock","10":"shipping-taxable","11":"product-type-simple"},"acf":[],"yoast_head":"<!-- This site is optimized with the Yoast SEO plugin v27.4 - https:\/\/yoast.com\/product\/yoast-seo-wordpress\/ -->\n<title>ETUDE DES DEBITMETRES - De Lorenzo Training &amp; Didactical Equipment<\/title>\n<meta name=\"robots\" content=\"index, follow, max-snippet:-1, max-image-preview:large, max-video-preview:-1\" \/>\n<link rel=\"canonical\" href=\"https:\/\/delorenzoglobal.com\/fr\/produit\/study-of-flowmeters-dl-dkl231\/\" \/>\n<meta property=\"og:locale\" content=\"fr_FR\" \/>\n<meta property=\"og:type\" content=\"article\" \/>\n<meta property=\"og:title\" content=\"ETUDE DES DEBITMETRES - De Lorenzo Training &amp; Didactical Equipment\" \/>\n<meta property=\"og:description\" content=\"L&rsquo;objectif de cet \u00e9quipement est l&rsquo;\u00e9tude et la comparaison de certains des diff\u00e9rents types de d\u00e9bitm\u00e8tres existants . Le syst\u00e8me comprend plusieurs d\u00e9bitm\u00e8tres repr\u00e9sentatifs tels qu&rsquo;un tube Venturi, un rotam\u00e8tre, un diaphragme, une vanne \u00e0 soupape et un tube Pitot plac\u00e9s en s\u00e9rie pour permettre une comparaison directe des r\u00e9sultats. En r\u00e9alisant certaines des pratiques [&hellip;]\" \/>\n<meta property=\"og:url\" content=\"https:\/\/delorenzoglobal.com\/fr\/produit\/study-of-flowmeters-dl-dkl231\/\" \/>\n<meta property=\"og:site_name\" content=\"De Lorenzo Training &amp; Didactical Equipment\" \/>\n<meta property=\"article:modified_time\" content=\"2025-01-20T14:15:58+00:00\" \/>\n<meta property=\"og:image\" content=\"https:\/\/delorenzoglobal.com\/wp-content\/uploads\/2024\/04\/DL-DKL231.jpg\" \/>\n\t<meta property=\"og:image:width\" content=\"1030\" \/>\n\t<meta property=\"og:image:height\" content=\"803\" \/>\n\t<meta property=\"og:image:type\" content=\"image\/jpeg\" \/>\n<meta name=\"twitter:card\" content=\"summary_large_image\" \/>\n<meta name=\"twitter:label1\" content=\"Dur\u00e9e de lecture estim\u00e9e\" \/>\n\t<meta name=\"twitter:data1\" content=\"2 minutes\" \/>\n<script type=\"application\/ld+json\" class=\"yoast-schema-graph\">{\"@context\":\"https:\\\/\\\/schema.org\",\"@graph\":[{\"@type\":\"WebPage\",\"@id\":\"https:\\\/\\\/delorenzoglobal.com\\\/fr\\\/produit\\\/study-of-flowmeters-dl-dkl231\\\/\",\"url\":\"https:\\\/\\\/delorenzoglobal.com\\\/fr\\\/produit\\\/study-of-flowmeters-dl-dkl231\\\/\",\"name\":\"ETUDE DES DEBITMETRES - De Lorenzo Training &amp; Didactical Equipment\",\"isPartOf\":{\"@id\":\"https:\\\/\\\/delorenzoglobal.com\\\/fr\\\/#website\"},\"primaryImageOfPage\":{\"@id\":\"https:\\\/\\\/delorenzoglobal.com\\\/fr\\\/produit\\\/study-of-flowmeters-dl-dkl231\\\/#primaryimage\"},\"image\":{\"@id\":\"https:\\\/\\\/delorenzoglobal.com\\\/fr\\\/produit\\\/study-of-flowmeters-dl-dkl231\\\/#primaryimage\"},\"thumbnailUrl\":\"https:\\\/\\\/delorenzoglobal.com\\\/wp-content\\\/uploads\\\/2024\\\/04\\\/DL-DKL231.jpg\",\"datePublished\":\"2024-04-18T13:31:59+00:00\",\"dateModified\":\"2025-01-20T14:15:58+00:00\",\"breadcrumb\":{\"@id\":\"https:\\\/\\\/delorenzoglobal.com\\\/fr\\\/produit\\\/study-of-flowmeters-dl-dkl231\\\/#breadcrumb\"},\"inLanguage\":\"fr-FR\",\"potentialAction\":[{\"@type\":\"ReadAction\",\"target\":[\"https:\\\/\\\/delorenzoglobal.com\\\/fr\\\/produit\\\/study-of-flowmeters-dl-dkl231\\\/\"]}]},{\"@type\":\"ImageObject\",\"inLanguage\":\"fr-FR\",\"@id\":\"https:\\\/\\\/delorenzoglobal.com\\\/fr\\\/produit\\\/study-of-flowmeters-dl-dkl231\\\/#primaryimage\",\"url\":\"https:\\\/\\\/delorenzoglobal.com\\\/wp-content\\\/uploads\\\/2024\\\/04\\\/DL-DKL231.jpg\",\"contentUrl\":\"https:\\\/\\\/delorenzoglobal.com\\\/wp-content\\\/uploads\\\/2024\\\/04\\\/DL-DKL231.jpg\",\"width\":1030,\"height\":803},{\"@type\":\"BreadcrumbList\",\"@id\":\"https:\\\/\\\/delorenzoglobal.com\\\/fr\\\/produit\\\/study-of-flowmeters-dl-dkl231\\\/#breadcrumb\",\"itemListElement\":[{\"@type\":\"ListItem\",\"position\":1,\"name\":\"Home\",\"item\":\"https:\\\/\\\/delorenzoglobal.com\\\/fr\\\/\"},{\"@type\":\"ListItem\",\"position\":2,\"name\":\"Boutique\",\"item\":\"https:\\\/\\\/delorenzoglobal.com\\\/fr\\\/boutique\\\/\"},{\"@type\":\"ListItem\",\"position\":3,\"name\":\"ETUDE DES DEBITMETRES\"}]},{\"@type\":\"WebSite\",\"@id\":\"https:\\\/\\\/delorenzoglobal.com\\\/fr\\\/#website\",\"url\":\"https:\\\/\\\/delorenzoglobal.com\\\/fr\\\/\",\"name\":\"De Lorenzo Training &amp; Didactical Equipment\",\"description\":\"\",\"potentialAction\":[{\"@type\":\"SearchAction\",\"target\":{\"@type\":\"EntryPoint\",\"urlTemplate\":\"https:\\\/\\\/delorenzoglobal.com\\\/fr\\\/?s={search_term_string}\"},\"query-input\":{\"@type\":\"PropertyValueSpecification\",\"valueRequired\":true,\"valueName\":\"search_term_string\"}}],\"inLanguage\":\"fr-FR\"}]}<\/script>\n<!-- \/ Yoast SEO plugin. -->","yoast_head_json":{"title":"ETUDE DES DEBITMETRES - De Lorenzo Training &amp; Didactical Equipment","robots":{"index":"index","follow":"follow","max-snippet":"max-snippet:-1","max-image-preview":"max-image-preview:large","max-video-preview":"max-video-preview:-1"},"canonical":"https:\/\/delorenzoglobal.com\/fr\/produit\/study-of-flowmeters-dl-dkl231\/","og_locale":"fr_FR","og_type":"article","og_title":"ETUDE DES DEBITMETRES - De Lorenzo Training &amp; Didactical Equipment","og_description":"L&rsquo;objectif de cet \u00e9quipement est l&rsquo;\u00e9tude et la comparaison de certains des diff\u00e9rents types de d\u00e9bitm\u00e8tres existants . Le syst\u00e8me comprend plusieurs d\u00e9bitm\u00e8tres repr\u00e9sentatifs tels qu&rsquo;un tube Venturi, un rotam\u00e8tre, un diaphragme, une vanne \u00e0 soupape et un tube Pitot plac\u00e9s en s\u00e9rie pour permettre une comparaison directe des r\u00e9sultats. En r\u00e9alisant certaines des pratiques [&hellip;]","og_url":"https:\/\/delorenzoglobal.com\/fr\/produit\/study-of-flowmeters-dl-dkl231\/","og_site_name":"De Lorenzo Training &amp; Didactical Equipment","article_modified_time":"2025-01-20T14:15:58+00:00","og_image":[{"width":1030,"height":803,"url":"https:\/\/delorenzoglobal.com\/wp-content\/uploads\/2024\/04\/DL-DKL231.jpg","type":"image\/jpeg"}],"twitter_card":"summary_large_image","twitter_misc":{"Dur\u00e9e de lecture estim\u00e9e":"2 minutes"},"schema":{"@context":"https:\/\/schema.org","@graph":[{"@type":"WebPage","@id":"https:\/\/delorenzoglobal.com\/fr\/produit\/study-of-flowmeters-dl-dkl231\/","url":"https:\/\/delorenzoglobal.com\/fr\/produit\/study-of-flowmeters-dl-dkl231\/","name":"ETUDE DES DEBITMETRES - De Lorenzo Training &amp; Didactical Equipment","isPartOf":{"@id":"https:\/\/delorenzoglobal.com\/fr\/#website"},"primaryImageOfPage":{"@id":"https:\/\/delorenzoglobal.com\/fr\/produit\/study-of-flowmeters-dl-dkl231\/#primaryimage"},"image":{"@id":"https:\/\/delorenzoglobal.com\/fr\/produit\/study-of-flowmeters-dl-dkl231\/#primaryimage"},"thumbnailUrl":"https:\/\/delorenzoglobal.com\/wp-content\/uploads\/2024\/04\/DL-DKL231.jpg","datePublished":"2024-04-18T13:31:59+00:00","dateModified":"2025-01-20T14:15:58+00:00","breadcrumb":{"@id":"https:\/\/delorenzoglobal.com\/fr\/produit\/study-of-flowmeters-dl-dkl231\/#breadcrumb"},"inLanguage":"fr-FR","potentialAction":[{"@type":"ReadAction","target":["https:\/\/delorenzoglobal.com\/fr\/produit\/study-of-flowmeters-dl-dkl231\/"]}]},{"@type":"ImageObject","inLanguage":"fr-FR","@id":"https:\/\/delorenzoglobal.com\/fr\/produit\/study-of-flowmeters-dl-dkl231\/#primaryimage","url":"https:\/\/delorenzoglobal.com\/wp-content\/uploads\/2024\/04\/DL-DKL231.jpg","contentUrl":"https:\/\/delorenzoglobal.com\/wp-content\/uploads\/2024\/04\/DL-DKL231.jpg","width":1030,"height":803},{"@type":"BreadcrumbList","@id":"https:\/\/delorenzoglobal.com\/fr\/produit\/study-of-flowmeters-dl-dkl231\/#breadcrumb","itemListElement":[{"@type":"ListItem","position":1,"name":"Home","item":"https:\/\/delorenzoglobal.com\/fr\/"},{"@type":"ListItem","position":2,"name":"Boutique","item":"https:\/\/delorenzoglobal.com\/fr\/boutique\/"},{"@type":"ListItem","position":3,"name":"ETUDE DES DEBITMETRES"}]},{"@type":"WebSite","@id":"https:\/\/delorenzoglobal.com\/fr\/#website","url":"https:\/\/delorenzoglobal.com\/fr\/","name":"De Lorenzo Training &amp; Didactical Equipment","description":"","potentialAction":[{"@type":"SearchAction","target":{"@type":"EntryPoint","urlTemplate":"https:\/\/delorenzoglobal.com\/fr\/?s={search_term_string}"},"query-input":{"@type":"PropertyValueSpecification","valueRequired":true,"valueName":"search_term_string"}}],"inLanguage":"fr-FR"}]}},"_links":{"self":[{"href":"https:\/\/delorenzoglobal.com\/fr\/wp-json\/wp\/v2\/product\/11241","targetHints":{"allow":["GET"]}}],"collection":[{"href":"https:\/\/delorenzoglobal.com\/fr\/wp-json\/wp\/v2\/product"}],"about":[{"href":"https:\/\/delorenzoglobal.com\/fr\/wp-json\/wp\/v2\/types\/product"}],"wp:featuredmedia":[{"embeddable":true,"href":"https:\/\/delorenzoglobal.com\/fr\/wp-json\/wp\/v2\/media\/11234"}],"wp:attachment":[{"href":"https:\/\/delorenzoglobal.com\/fr\/wp-json\/wp\/v2\/media?parent=11241"}],"wp:term":[{"taxonomy":"product_brand","embeddable":true,"href":"https:\/\/delorenzoglobal.com\/fr\/wp-json\/wp\/v2\/product_brand?post=11241"},{"taxonomy":"product_cat","embeddable":true,"href":"https:\/\/delorenzoglobal.com\/fr\/wp-json\/wp\/v2\/product_cat?post=11241"},{"taxonomy":"product_tag","embeddable":true,"href":"https:\/\/delorenzoglobal.com\/fr\/wp-json\/wp\/v2\/product_tag?post=11241"}],"curies":[{"name":"wp","href":"https:\/\/api.w.org\/{rel}","templated":true}]}}