{"id":11195,"date":"2024-04-18T15:04:26","date_gmt":"2024-04-18T13:04:26","guid":{"rendered":"https:\/\/delorenzoglobal.com\/?post_type=product&#038;p=11195"},"modified":"2025-01-20T14:02:12","modified_gmt":"2025-01-20T13:02:12","slug":"secondary-loss-of-load","status":"publish","type":"product","link":"https:\/\/delorenzoglobal.com\/fr\/produit\/secondary-loss-of-load\/","title":{"rendered":"FRICTION DANS UNIT\u00c9 DE TUYAUX"},"content":{"rendered":"<p>Ce syst\u00e8me est adapt\u00e9 \u00e0 l&rsquo;\u00e9tude des pertes. Il comporte des sections de tuyauterie droites, pour l&rsquo;\u00e9tude des pertes primaires qui y sont g\u00e9n\u00e9r\u00e9es.<\/p>\n<p>Il comporte \u00e9galement des \u00e9l\u00e9ments tels que des coudes de diff\u00e9rents diam\u00e8tres tels que 90\u00b0 et 45\u00b0, des t\u00e9s, des \u00e9largissements, des r\u00e9tr\u00e9cissements, divers types de vannes (\u00e0 bille, \u00e0 clapet, \u00e0 membrane, anti-retour&#8230;) avec des prises de pression amont et aval dispos\u00e9es pour d\u00e9terminer la charge de perte entre eux produits avec des d\u00e9bits diff\u00e9rents.<\/p>\n<p>Tous les raccords de pression sont dot\u00e9s de raccords rapides \u00e0 double \u00e9tanch\u00e9it\u00e9.<\/p>\n<p>L&rsquo;entra\u00eeneur dispose d&rsquo;un manom\u00e8tre diff\u00e9rentiel d&rsquo;eau (1000 mm) et d&rsquo;un manom\u00e8tre diff\u00e9rentiel num\u00e9rique pour mesurer les pressions r\u00e9sultantes.<\/p>\n","protected":false},"excerpt":{"rendered":"<p>Ce syst\u00e8me est adapt\u00e9 \u00e0 l&rsquo;\u00e9tude des pertes. Il comporte des sections de tuyauterie droites, pour l&rsquo;\u00e9tude des pertes primaires qui y sont g\u00e9n\u00e9r\u00e9es. Il comporte \u00e9galement des \u00e9l\u00e9ments tels que des coudes de diff\u00e9rents diam\u00e8tres tels que 90\u00b0 et 45\u00b0, des t\u00e9s, des \u00e9largissements, des r\u00e9tr\u00e9cissements, divers types de vannes (\u00e0 bille, \u00e0 clapet, [&hellip;]<\/p>\n","protected":false},"featured_media":19757,"template":"","meta":{"_acf_changed":false},"product_brand":[],"product_cat":[428],"product_tag":[],"class_list":{"0":"post-11195","1":"product","2":"type-product","3":"status-publish","4":"has-post-thumbnail","6":"product_cat-fondamentaux-de-la-mecanique-des-fluides","8":"first","9":"instock","10":"shipping-taxable","11":"product-type-simple"},"acf":[],"yoast_head":"<!-- This site is optimized with the Yoast SEO plugin v27.4 - https:\/\/yoast.com\/product\/yoast-seo-wordpress\/ -->\n<title>FRICTION DANS UNIT\u00c9 DE TUYAUX - De Lorenzo Training &amp; Didactical Equipment<\/title>\n<meta name=\"robots\" content=\"index, follow, max-snippet:-1, max-image-preview:large, max-video-preview:-1\" \/>\n<link rel=\"canonical\" href=\"https:\/\/delorenzoglobal.com\/fr\/produit\/secondary-loss-of-load\/\" \/>\n<meta property=\"og:locale\" content=\"fr_FR\" \/>\n<meta property=\"og:type\" content=\"article\" \/>\n<meta property=\"og:title\" content=\"FRICTION DANS UNIT\u00c9 DE TUYAUX - De Lorenzo Training &amp; Didactical Equipment\" \/>\n<meta property=\"og:description\" content=\"Ce syst\u00e8me est adapt\u00e9 \u00e0 l&rsquo;\u00e9tude des pertes. Il comporte des sections de tuyauterie droites, pour l&rsquo;\u00e9tude des pertes primaires qui y sont g\u00e9n\u00e9r\u00e9es. Il comporte \u00e9galement des \u00e9l\u00e9ments tels que des coudes de diff\u00e9rents diam\u00e8tres tels que 90\u00b0 et 45\u00b0, des t\u00e9s, des \u00e9largissements, des r\u00e9tr\u00e9cissements, divers types de vannes (\u00e0 bille, \u00e0 clapet, [&hellip;]\" \/>\n<meta property=\"og:url\" content=\"https:\/\/delorenzoglobal.com\/fr\/produit\/secondary-loss-of-load\/\" \/>\n<meta property=\"og:site_name\" content=\"De Lorenzo Training &amp; Didactical Equipment\" \/>\n<meta property=\"article:modified_time\" content=\"2025-01-20T13:02:12+00:00\" \/>\n<meta property=\"og:image\" content=\"https:\/\/delorenzoglobal.com\/wp-content\/uploads\/2024\/04\/DL-DKL181-xs.jpg\" \/>\n\t<meta property=\"og:image:width\" content=\"1030\" \/>\n\t<meta property=\"og:image:height\" content=\"800\" \/>\n\t<meta property=\"og:image:type\" content=\"image\/jpeg\" \/>\n<meta name=\"twitter:card\" content=\"summary_large_image\" \/>\n<meta name=\"twitter:label1\" content=\"Dur\u00e9e de lecture estim\u00e9e\" \/>\n\t<meta name=\"twitter:data1\" content=\"1 minute\" \/>\n<script type=\"application\/ld+json\" class=\"yoast-schema-graph\">{\"@context\":\"https:\\\/\\\/schema.org\",\"@graph\":[{\"@type\":\"WebPage\",\"@id\":\"https:\\\/\\\/delorenzoglobal.com\\\/fr\\\/produit\\\/secondary-loss-of-load\\\/\",\"url\":\"https:\\\/\\\/delorenzoglobal.com\\\/fr\\\/produit\\\/secondary-loss-of-load\\\/\",\"name\":\"FRICTION DANS UNIT\u00c9 DE TUYAUX - De Lorenzo Training &amp; Didactical Equipment\",\"isPartOf\":{\"@id\":\"https:\\\/\\\/delorenzoglobal.com\\\/fr\\\/#website\"},\"primaryImageOfPage\":{\"@id\":\"https:\\\/\\\/delorenzoglobal.com\\\/fr\\\/produit\\\/secondary-loss-of-load\\\/#primaryimage\"},\"image\":{\"@id\":\"https:\\\/\\\/delorenzoglobal.com\\\/fr\\\/produit\\\/secondary-loss-of-load\\\/#primaryimage\"},\"thumbnailUrl\":\"https:\\\/\\\/delorenzoglobal.com\\\/wp-content\\\/uploads\\\/2024\\\/04\\\/DL-DKL181-xs.jpg\",\"datePublished\":\"2024-04-18T13:04:26+00:00\",\"dateModified\":\"2025-01-20T13:02:12+00:00\",\"breadcrumb\":{\"@id\":\"https:\\\/\\\/delorenzoglobal.com\\\/fr\\\/produit\\\/secondary-loss-of-load\\\/#breadcrumb\"},\"inLanguage\":\"fr-FR\",\"potentialAction\":[{\"@type\":\"ReadAction\",\"target\":[\"https:\\\/\\\/delorenzoglobal.com\\\/fr\\\/produit\\\/secondary-loss-of-load\\\/\"]}]},{\"@type\":\"ImageObject\",\"inLanguage\":\"fr-FR\",\"@id\":\"https:\\\/\\\/delorenzoglobal.com\\\/fr\\\/produit\\\/secondary-loss-of-load\\\/#primaryimage\",\"url\":\"https:\\\/\\\/delorenzoglobal.com\\\/wp-content\\\/uploads\\\/2024\\\/04\\\/DL-DKL181-xs.jpg\",\"contentUrl\":\"https:\\\/\\\/delorenzoglobal.com\\\/wp-content\\\/uploads\\\/2024\\\/04\\\/DL-DKL181-xs.jpg\",\"width\":1030,\"height\":800},{\"@type\":\"BreadcrumbList\",\"@id\":\"https:\\\/\\\/delorenzoglobal.com\\\/fr\\\/produit\\\/secondary-loss-of-load\\\/#breadcrumb\",\"itemListElement\":[{\"@type\":\"ListItem\",\"position\":1,\"name\":\"Home\",\"item\":\"https:\\\/\\\/delorenzoglobal.com\\\/fr\\\/\"},{\"@type\":\"ListItem\",\"position\":2,\"name\":\"Boutique\",\"item\":\"https:\\\/\\\/delorenzoglobal.com\\\/fr\\\/boutique\\\/\"},{\"@type\":\"ListItem\",\"position\":3,\"name\":\"FRICTION DANS UNIT\u00c9 DE TUYAUX\"}]},{\"@type\":\"WebSite\",\"@id\":\"https:\\\/\\\/delorenzoglobal.com\\\/fr\\\/#website\",\"url\":\"https:\\\/\\\/delorenzoglobal.com\\\/fr\\\/\",\"name\":\"De Lorenzo Training &amp; Didactical Equipment\",\"description\":\"\",\"potentialAction\":[{\"@type\":\"SearchAction\",\"target\":{\"@type\":\"EntryPoint\",\"urlTemplate\":\"https:\\\/\\\/delorenzoglobal.com\\\/fr\\\/?s={search_term_string}\"},\"query-input\":{\"@type\":\"PropertyValueSpecification\",\"valueRequired\":true,\"valueName\":\"search_term_string\"}}],\"inLanguage\":\"fr-FR\"}]}<\/script>\n<!-- \/ Yoast SEO plugin. -->","yoast_head_json":{"title":"FRICTION DANS UNIT\u00c9 DE TUYAUX - De Lorenzo Training &amp; Didactical Equipment","robots":{"index":"index","follow":"follow","max-snippet":"max-snippet:-1","max-image-preview":"max-image-preview:large","max-video-preview":"max-video-preview:-1"},"canonical":"https:\/\/delorenzoglobal.com\/fr\/produit\/secondary-loss-of-load\/","og_locale":"fr_FR","og_type":"article","og_title":"FRICTION DANS UNIT\u00c9 DE TUYAUX - De Lorenzo Training &amp; Didactical Equipment","og_description":"Ce syst\u00e8me est adapt\u00e9 \u00e0 l&rsquo;\u00e9tude des pertes. Il comporte des sections de tuyauterie droites, pour l&rsquo;\u00e9tude des pertes primaires qui y sont g\u00e9n\u00e9r\u00e9es. Il comporte \u00e9galement des \u00e9l\u00e9ments tels que des coudes de diff\u00e9rents diam\u00e8tres tels que 90\u00b0 et 45\u00b0, des t\u00e9s, des \u00e9largissements, des r\u00e9tr\u00e9cissements, divers types de vannes (\u00e0 bille, \u00e0 clapet, [&hellip;]","og_url":"https:\/\/delorenzoglobal.com\/fr\/produit\/secondary-loss-of-load\/","og_site_name":"De Lorenzo Training &amp; Didactical Equipment","article_modified_time":"2025-01-20T13:02:12+00:00","og_image":[{"width":1030,"height":800,"url":"https:\/\/delorenzoglobal.com\/wp-content\/uploads\/2024\/04\/DL-DKL181-xs.jpg","type":"image\/jpeg"}],"twitter_card":"summary_large_image","twitter_misc":{"Dur\u00e9e de lecture estim\u00e9e":"1 minute"},"schema":{"@context":"https:\/\/schema.org","@graph":[{"@type":"WebPage","@id":"https:\/\/delorenzoglobal.com\/fr\/produit\/secondary-loss-of-load\/","url":"https:\/\/delorenzoglobal.com\/fr\/produit\/secondary-loss-of-load\/","name":"FRICTION DANS UNIT\u00c9 DE TUYAUX - De Lorenzo Training &amp; Didactical Equipment","isPartOf":{"@id":"https:\/\/delorenzoglobal.com\/fr\/#website"},"primaryImageOfPage":{"@id":"https:\/\/delorenzoglobal.com\/fr\/produit\/secondary-loss-of-load\/#primaryimage"},"image":{"@id":"https:\/\/delorenzoglobal.com\/fr\/produit\/secondary-loss-of-load\/#primaryimage"},"thumbnailUrl":"https:\/\/delorenzoglobal.com\/wp-content\/uploads\/2024\/04\/DL-DKL181-xs.jpg","datePublished":"2024-04-18T13:04:26+00:00","dateModified":"2025-01-20T13:02:12+00:00","breadcrumb":{"@id":"https:\/\/delorenzoglobal.com\/fr\/produit\/secondary-loss-of-load\/#breadcrumb"},"inLanguage":"fr-FR","potentialAction":[{"@type":"ReadAction","target":["https:\/\/delorenzoglobal.com\/fr\/produit\/secondary-loss-of-load\/"]}]},{"@type":"ImageObject","inLanguage":"fr-FR","@id":"https:\/\/delorenzoglobal.com\/fr\/produit\/secondary-loss-of-load\/#primaryimage","url":"https:\/\/delorenzoglobal.com\/wp-content\/uploads\/2024\/04\/DL-DKL181-xs.jpg","contentUrl":"https:\/\/delorenzoglobal.com\/wp-content\/uploads\/2024\/04\/DL-DKL181-xs.jpg","width":1030,"height":800},{"@type":"BreadcrumbList","@id":"https:\/\/delorenzoglobal.com\/fr\/produit\/secondary-loss-of-load\/#breadcrumb","itemListElement":[{"@type":"ListItem","position":1,"name":"Home","item":"https:\/\/delorenzoglobal.com\/fr\/"},{"@type":"ListItem","position":2,"name":"Boutique","item":"https:\/\/delorenzoglobal.com\/fr\/boutique\/"},{"@type":"ListItem","position":3,"name":"FRICTION DANS UNIT\u00c9 DE TUYAUX"}]},{"@type":"WebSite","@id":"https:\/\/delorenzoglobal.com\/fr\/#website","url":"https:\/\/delorenzoglobal.com\/fr\/","name":"De Lorenzo Training &amp; Didactical Equipment","description":"","potentialAction":[{"@type":"SearchAction","target":{"@type":"EntryPoint","urlTemplate":"https:\/\/delorenzoglobal.com\/fr\/?s={search_term_string}"},"query-input":{"@type":"PropertyValueSpecification","valueRequired":true,"valueName":"search_term_string"}}],"inLanguage":"fr-FR"}]}},"_links":{"self":[{"href":"https:\/\/delorenzoglobal.com\/fr\/wp-json\/wp\/v2\/product\/11195","targetHints":{"allow":["GET"]}}],"collection":[{"href":"https:\/\/delorenzoglobal.com\/fr\/wp-json\/wp\/v2\/product"}],"about":[{"href":"https:\/\/delorenzoglobal.com\/fr\/wp-json\/wp\/v2\/types\/product"}],"wp:featuredmedia":[{"embeddable":true,"href":"https:\/\/delorenzoglobal.com\/fr\/wp-json\/wp\/v2\/media\/19757"}],"wp:attachment":[{"href":"https:\/\/delorenzoglobal.com\/fr\/wp-json\/wp\/v2\/media?parent=11195"}],"wp:term":[{"taxonomy":"product_brand","embeddable":true,"href":"https:\/\/delorenzoglobal.com\/fr\/wp-json\/wp\/v2\/product_brand?post=11195"},{"taxonomy":"product_cat","embeddable":true,"href":"https:\/\/delorenzoglobal.com\/fr\/wp-json\/wp\/v2\/product_cat?post=11195"},{"taxonomy":"product_tag","embeddable":true,"href":"https:\/\/delorenzoglobal.com\/fr\/wp-json\/wp\/v2\/product_tag?post=11195"}],"curies":[{"name":"wp","href":"https:\/\/api.w.org\/{rel}","templated":true}]}}