{"id":11127,"date":"2024-04-18T14:34:33","date_gmt":"2024-04-18T12:34:33","guid":{"rendered":"https:\/\/delorenzoglobal.com\/?post_type=product&#038;p=11127"},"modified":"2025-01-20T12:15:03","modified_gmt":"2025-01-20T11:15:03","slug":"vortex-force","status":"publish","type":"product","link":"https:\/\/delorenzoglobal.com\/fr\/produit\/vortex-force\/","title":{"rendered":"VORTEX FORC\u00c9"},"content":{"rendered":"<p>L&rsquo;objectif de ce d\u00e9monstrateur est la reproduction et l&rsquo;\u00e9tude d&rsquo;un parabolo\u00efde g\u00e9n\u00e9r\u00e9 dans un liquide soumis \u00e0 une rotation uniforme.<\/p>\n<p>Le syst\u00e8me est simple et ne n\u00e9cessite aucune installation particuli\u00e8re.<\/p>\n<p>Il peut \u00eatre facilement plac\u00e9 dans le laboratoire.<\/p>\n<p>Des liquides de diff\u00e9rentes densit\u00e9s peuvent \u00eatre utilis\u00e9s pour d\u00e9terminer l\u2019influence dans la formation de la courbe parabolique.<\/p>\n","protected":false},"excerpt":{"rendered":"<p>L&rsquo;objectif de ce d\u00e9monstrateur est la reproduction et l&rsquo;\u00e9tude d&rsquo;un parabolo\u00efde g\u00e9n\u00e9r\u00e9 dans un liquide soumis \u00e0 une rotation uniforme. Le syst\u00e8me est simple et ne n\u00e9cessite aucune installation particuli\u00e8re. Il peut \u00eatre facilement plac\u00e9 dans le laboratoire. Des liquides de diff\u00e9rentes densit\u00e9s peuvent \u00eatre utilis\u00e9s pour d\u00e9terminer l\u2019influence dans la formation de la courbe [&hellip;]<\/p>\n","protected":false},"featured_media":19739,"template":"","meta":{"_acf_changed":false},"product_brand":[],"product_cat":[428],"product_tag":[],"class_list":{"0":"post-11127","1":"product","2":"type-product","3":"status-publish","4":"has-post-thumbnail","6":"product_cat-fondamentaux-de-la-mecanique-des-fluides","8":"first","9":"instock","10":"shipping-taxable","11":"product-type-simple"},"acf":[],"yoast_head":"<!-- This site is optimized with the Yoast SEO plugin v27.4 - https:\/\/yoast.com\/product\/yoast-seo-wordpress\/ -->\n<title>VORTEX FORC\u00c9 - De Lorenzo Training &amp; Didactical Equipment<\/title>\n<meta name=\"robots\" content=\"index, follow, max-snippet:-1, max-image-preview:large, max-video-preview:-1\" \/>\n<link rel=\"canonical\" href=\"https:\/\/delorenzoglobal.com\/fr\/produit\/vortex-force\/\" \/>\n<meta property=\"og:locale\" content=\"fr_FR\" \/>\n<meta property=\"og:type\" content=\"article\" \/>\n<meta property=\"og:title\" content=\"VORTEX FORC\u00c9 - De Lorenzo Training &amp; Didactical Equipment\" \/>\n<meta property=\"og:description\" content=\"L&rsquo;objectif de ce d\u00e9monstrateur est la reproduction et l&rsquo;\u00e9tude d&rsquo;un parabolo\u00efde g\u00e9n\u00e9r\u00e9 dans un liquide soumis \u00e0 une rotation uniforme. Le syst\u00e8me est simple et ne n\u00e9cessite aucune installation particuli\u00e8re. Il peut \u00eatre facilement plac\u00e9 dans le laboratoire. Des liquides de diff\u00e9rentes densit\u00e9s peuvent \u00eatre utilis\u00e9s pour d\u00e9terminer l\u2019influence dans la formation de la courbe [&hellip;]\" \/>\n<meta property=\"og:url\" content=\"https:\/\/delorenzoglobal.com\/fr\/produit\/vortex-force\/\" \/>\n<meta property=\"og:site_name\" content=\"De Lorenzo Training &amp; Didactical Equipment\" \/>\n<meta property=\"article:modified_time\" content=\"2025-01-20T11:15:03+00:00\" \/>\n<meta property=\"og:image\" content=\"https:\/\/delorenzoglobal.com\/wp-content\/uploads\/2024\/04\/DL-DKL151-xs-1.jpg\" \/>\n\t<meta property=\"og:image:width\" content=\"1030\" \/>\n\t<meta property=\"og:image:height\" content=\"818\" \/>\n\t<meta property=\"og:image:type\" content=\"image\/jpeg\" \/>\n<meta name=\"twitter:card\" content=\"summary_large_image\" \/>\n<meta name=\"twitter:label1\" content=\"Dur\u00e9e de lecture estim\u00e9e\" \/>\n\t<meta name=\"twitter:data1\" content=\"1 minute\" \/>\n<script type=\"application\/ld+json\" class=\"yoast-schema-graph\">{\"@context\":\"https:\\\/\\\/schema.org\",\"@graph\":[{\"@type\":\"WebPage\",\"@id\":\"https:\\\/\\\/delorenzoglobal.com\\\/fr\\\/produit\\\/vortex-force\\\/\",\"url\":\"https:\\\/\\\/delorenzoglobal.com\\\/fr\\\/produit\\\/vortex-force\\\/\",\"name\":\"VORTEX FORC\u00c9 - De Lorenzo Training &amp; Didactical Equipment\",\"isPartOf\":{\"@id\":\"https:\\\/\\\/delorenzoglobal.com\\\/fr\\\/#website\"},\"primaryImageOfPage\":{\"@id\":\"https:\\\/\\\/delorenzoglobal.com\\\/fr\\\/produit\\\/vortex-force\\\/#primaryimage\"},\"image\":{\"@id\":\"https:\\\/\\\/delorenzoglobal.com\\\/fr\\\/produit\\\/vortex-force\\\/#primaryimage\"},\"thumbnailUrl\":\"https:\\\/\\\/delorenzoglobal.com\\\/wp-content\\\/uploads\\\/2024\\\/04\\\/DL-DKL151-xs-1.jpg\",\"datePublished\":\"2024-04-18T12:34:33+00:00\",\"dateModified\":\"2025-01-20T11:15:03+00:00\",\"breadcrumb\":{\"@id\":\"https:\\\/\\\/delorenzoglobal.com\\\/fr\\\/produit\\\/vortex-force\\\/#breadcrumb\"},\"inLanguage\":\"fr-FR\",\"potentialAction\":[{\"@type\":\"ReadAction\",\"target\":[\"https:\\\/\\\/delorenzoglobal.com\\\/fr\\\/produit\\\/vortex-force\\\/\"]}]},{\"@type\":\"ImageObject\",\"inLanguage\":\"fr-FR\",\"@id\":\"https:\\\/\\\/delorenzoglobal.com\\\/fr\\\/produit\\\/vortex-force\\\/#primaryimage\",\"url\":\"https:\\\/\\\/delorenzoglobal.com\\\/wp-content\\\/uploads\\\/2024\\\/04\\\/DL-DKL151-xs-1.jpg\",\"contentUrl\":\"https:\\\/\\\/delorenzoglobal.com\\\/wp-content\\\/uploads\\\/2024\\\/04\\\/DL-DKL151-xs-1.jpg\",\"width\":1030,\"height\":818},{\"@type\":\"BreadcrumbList\",\"@id\":\"https:\\\/\\\/delorenzoglobal.com\\\/fr\\\/produit\\\/vortex-force\\\/#breadcrumb\",\"itemListElement\":[{\"@type\":\"ListItem\",\"position\":1,\"name\":\"Home\",\"item\":\"https:\\\/\\\/delorenzoglobal.com\\\/fr\\\/\"},{\"@type\":\"ListItem\",\"position\":2,\"name\":\"Boutique\",\"item\":\"https:\\\/\\\/delorenzoglobal.com\\\/fr\\\/boutique\\\/\"},{\"@type\":\"ListItem\",\"position\":3,\"name\":\"VORTEX FORC\u00c9\"}]},{\"@type\":\"WebSite\",\"@id\":\"https:\\\/\\\/delorenzoglobal.com\\\/fr\\\/#website\",\"url\":\"https:\\\/\\\/delorenzoglobal.com\\\/fr\\\/\",\"name\":\"De Lorenzo Training &amp; Didactical Equipment\",\"description\":\"\",\"potentialAction\":[{\"@type\":\"SearchAction\",\"target\":{\"@type\":\"EntryPoint\",\"urlTemplate\":\"https:\\\/\\\/delorenzoglobal.com\\\/fr\\\/?s={search_term_string}\"},\"query-input\":{\"@type\":\"PropertyValueSpecification\",\"valueRequired\":true,\"valueName\":\"search_term_string\"}}],\"inLanguage\":\"fr-FR\"}]}<\/script>\n<!-- \/ Yoast SEO plugin. -->","yoast_head_json":{"title":"VORTEX FORC\u00c9 - De Lorenzo Training &amp; Didactical Equipment","robots":{"index":"index","follow":"follow","max-snippet":"max-snippet:-1","max-image-preview":"max-image-preview:large","max-video-preview":"max-video-preview:-1"},"canonical":"https:\/\/delorenzoglobal.com\/fr\/produit\/vortex-force\/","og_locale":"fr_FR","og_type":"article","og_title":"VORTEX FORC\u00c9 - De Lorenzo Training &amp; Didactical Equipment","og_description":"L&rsquo;objectif de ce d\u00e9monstrateur est la reproduction et l&rsquo;\u00e9tude d&rsquo;un parabolo\u00efde g\u00e9n\u00e9r\u00e9 dans un liquide soumis \u00e0 une rotation uniforme. Le syst\u00e8me est simple et ne n\u00e9cessite aucune installation particuli\u00e8re. Il peut \u00eatre facilement plac\u00e9 dans le laboratoire. Des liquides de diff\u00e9rentes densit\u00e9s peuvent \u00eatre utilis\u00e9s pour d\u00e9terminer l\u2019influence dans la formation de la courbe [&hellip;]","og_url":"https:\/\/delorenzoglobal.com\/fr\/produit\/vortex-force\/","og_site_name":"De Lorenzo Training &amp; Didactical Equipment","article_modified_time":"2025-01-20T11:15:03+00:00","og_image":[{"width":1030,"height":818,"url":"https:\/\/delorenzoglobal.com\/wp-content\/uploads\/2024\/04\/DL-DKL151-xs-1.jpg","type":"image\/jpeg"}],"twitter_card":"summary_large_image","twitter_misc":{"Dur\u00e9e de lecture estim\u00e9e":"1 minute"},"schema":{"@context":"https:\/\/schema.org","@graph":[{"@type":"WebPage","@id":"https:\/\/delorenzoglobal.com\/fr\/produit\/vortex-force\/","url":"https:\/\/delorenzoglobal.com\/fr\/produit\/vortex-force\/","name":"VORTEX FORC\u00c9 - De Lorenzo Training &amp; Didactical Equipment","isPartOf":{"@id":"https:\/\/delorenzoglobal.com\/fr\/#website"},"primaryImageOfPage":{"@id":"https:\/\/delorenzoglobal.com\/fr\/produit\/vortex-force\/#primaryimage"},"image":{"@id":"https:\/\/delorenzoglobal.com\/fr\/produit\/vortex-force\/#primaryimage"},"thumbnailUrl":"https:\/\/delorenzoglobal.com\/wp-content\/uploads\/2024\/04\/DL-DKL151-xs-1.jpg","datePublished":"2024-04-18T12:34:33+00:00","dateModified":"2025-01-20T11:15:03+00:00","breadcrumb":{"@id":"https:\/\/delorenzoglobal.com\/fr\/produit\/vortex-force\/#breadcrumb"},"inLanguage":"fr-FR","potentialAction":[{"@type":"ReadAction","target":["https:\/\/delorenzoglobal.com\/fr\/produit\/vortex-force\/"]}]},{"@type":"ImageObject","inLanguage":"fr-FR","@id":"https:\/\/delorenzoglobal.com\/fr\/produit\/vortex-force\/#primaryimage","url":"https:\/\/delorenzoglobal.com\/wp-content\/uploads\/2024\/04\/DL-DKL151-xs-1.jpg","contentUrl":"https:\/\/delorenzoglobal.com\/wp-content\/uploads\/2024\/04\/DL-DKL151-xs-1.jpg","width":1030,"height":818},{"@type":"BreadcrumbList","@id":"https:\/\/delorenzoglobal.com\/fr\/produit\/vortex-force\/#breadcrumb","itemListElement":[{"@type":"ListItem","position":1,"name":"Home","item":"https:\/\/delorenzoglobal.com\/fr\/"},{"@type":"ListItem","position":2,"name":"Boutique","item":"https:\/\/delorenzoglobal.com\/fr\/boutique\/"},{"@type":"ListItem","position":3,"name":"VORTEX FORC\u00c9"}]},{"@type":"WebSite","@id":"https:\/\/delorenzoglobal.com\/fr\/#website","url":"https:\/\/delorenzoglobal.com\/fr\/","name":"De Lorenzo Training &amp; Didactical Equipment","description":"","potentialAction":[{"@type":"SearchAction","target":{"@type":"EntryPoint","urlTemplate":"https:\/\/delorenzoglobal.com\/fr\/?s={search_term_string}"},"query-input":{"@type":"PropertyValueSpecification","valueRequired":true,"valueName":"search_term_string"}}],"inLanguage":"fr-FR"}]}},"_links":{"self":[{"href":"https:\/\/delorenzoglobal.com\/fr\/wp-json\/wp\/v2\/product\/11127","targetHints":{"allow":["GET"]}}],"collection":[{"href":"https:\/\/delorenzoglobal.com\/fr\/wp-json\/wp\/v2\/product"}],"about":[{"href":"https:\/\/delorenzoglobal.com\/fr\/wp-json\/wp\/v2\/types\/product"}],"wp:featuredmedia":[{"embeddable":true,"href":"https:\/\/delorenzoglobal.com\/fr\/wp-json\/wp\/v2\/media\/19739"}],"wp:attachment":[{"href":"https:\/\/delorenzoglobal.com\/fr\/wp-json\/wp\/v2\/media?parent=11127"}],"wp:term":[{"taxonomy":"product_brand","embeddable":true,"href":"https:\/\/delorenzoglobal.com\/fr\/wp-json\/wp\/v2\/product_brand?post=11127"},{"taxonomy":"product_cat","embeddable":true,"href":"https:\/\/delorenzoglobal.com\/fr\/wp-json\/wp\/v2\/product_cat?post=11127"},{"taxonomy":"product_tag","embeddable":true,"href":"https:\/\/delorenzoglobal.com\/fr\/wp-json\/wp\/v2\/product_tag?post=11127"}],"curies":[{"name":"wp","href":"https:\/\/api.w.org\/{rel}","templated":true}]}}