{"id":11040,"date":"2024-04-18T14:01:09","date_gmt":"2024-04-18T12:01:09","guid":{"rendered":"https:\/\/delorenzoglobal.com\/?post_type=product&#038;p=11040"},"modified":"2025-01-20T09:30:13","modified_gmt":"2025-01-20T08:30:13","slug":"orifice-and-free-jet-flow","status":"publish","type":"product","link":"https:\/\/delorenzoglobal.com\/fr\/produit\/orifice-and-free-jet-flow\/","title":{"rendered":"ORIFICE ET D\u00c9BIT LIBRE DU JET"},"content":{"rendered":"<p>Ce syst\u00e8me est con\u00e7u pour \u00e9tudier le d\u00e9bit de sortie par les trous dispos\u00e9s \u00e0 sortir horizontalement.<\/p>\n<p>Le r\u00e9servoir d&rsquo;eau a une hauteur r\u00e9glable, de sorte que le test peut \u00eatre effectu\u00e9 dans diff\u00e9rentes conditions de pression.<\/p>\n<p>Le r\u00e9servoir est dot\u00e9 d&rsquo;un niveau qui indique \u00e0 chaque instant la hauteur du liquide.<\/p>\n<p>En plus de la trajectoire horizontale possible du jet, il existe 8 aiguilles mobiles verticales qui sont r\u00e9glables pour suivre la trajectoire du jet, ce qui permet une mesure tr\u00e8s facile de la hauteur du jet.<\/p>\n<p>Chaque buse est mise \u00e0 niveau avec la surface interne du r\u00e9servoir, ce qui r\u00e9duit au minimum les possibles perturbations.<\/p>\n<p>De plus, l&rsquo;appareil est dot\u00e9 de pieds r\u00e9glables et d&rsquo;un niveau \u00e0 bulle pour une mise \u00e0 niveau correcte du syst\u00e8me.<\/p>\n","protected":false},"excerpt":{"rendered":"<p>Ce syst\u00e8me est con\u00e7u pour \u00e9tudier le d\u00e9bit de sortie par les trous dispos\u00e9s \u00e0 sortir horizontalement. Le r\u00e9servoir d&rsquo;eau a une hauteur r\u00e9glable, de sorte que le test peut \u00eatre effectu\u00e9 dans diff\u00e9rentes conditions de pression. Le r\u00e9servoir est dot\u00e9 d&rsquo;un niveau qui indique \u00e0 chaque instant la hauteur du liquide. En plus de [&hellip;]<\/p>\n","protected":false},"featured_media":11033,"template":"","meta":{"_acf_changed":false},"product_brand":[],"product_cat":[428],"product_tag":[],"class_list":{"0":"post-11040","1":"product","2":"type-product","3":"status-publish","4":"has-post-thumbnail","6":"product_cat-fondamentaux-de-la-mecanique-des-fluides","8":"first","9":"instock","10":"shipping-taxable","11":"product-type-simple"},"acf":[],"yoast_head":"<!-- This site is optimized with the Yoast SEO plugin v27.4 - https:\/\/yoast.com\/product\/yoast-seo-wordpress\/ -->\n<title>ORIFICE ET D\u00c9BIT LIBRE DU JET - De Lorenzo Training &amp; Didactical Equipment<\/title>\n<meta name=\"robots\" content=\"index, follow, max-snippet:-1, max-image-preview:large, max-video-preview:-1\" \/>\n<link rel=\"canonical\" href=\"https:\/\/delorenzoglobal.com\/fr\/produit\/orifice-and-free-jet-flow\/\" \/>\n<meta property=\"og:locale\" content=\"fr_FR\" \/>\n<meta property=\"og:type\" content=\"article\" \/>\n<meta property=\"og:title\" content=\"ORIFICE ET D\u00c9BIT LIBRE DU JET - De Lorenzo Training &amp; Didactical Equipment\" \/>\n<meta property=\"og:description\" content=\"Ce syst\u00e8me est con\u00e7u pour \u00e9tudier le d\u00e9bit de sortie par les trous dispos\u00e9s \u00e0 sortir horizontalement. Le r\u00e9servoir d&rsquo;eau a une hauteur r\u00e9glable, de sorte que le test peut \u00eatre effectu\u00e9 dans diff\u00e9rentes conditions de pression. Le r\u00e9servoir est dot\u00e9 d&rsquo;un niveau qui indique \u00e0 chaque instant la hauteur du liquide. En plus de [&hellip;]\" \/>\n<meta property=\"og:url\" content=\"https:\/\/delorenzoglobal.com\/fr\/produit\/orifice-and-free-jet-flow\/\" \/>\n<meta property=\"og:site_name\" content=\"De Lorenzo Training &amp; Didactical Equipment\" \/>\n<meta property=\"article:modified_time\" content=\"2025-01-20T08:30:13+00:00\" \/>\n<meta property=\"og:image\" content=\"https:\/\/delorenzoglobal.com\/wp-content\/uploads\/2024\/04\/DL-DKL122-scaled.jpg\" \/>\n\t<meta property=\"og:image:width\" content=\"2560\" \/>\n\t<meta property=\"og:image:height\" content=\"2089\" \/>\n\t<meta property=\"og:image:type\" content=\"image\/jpeg\" \/>\n<meta name=\"twitter:card\" content=\"summary_large_image\" \/>\n<meta name=\"twitter:label1\" content=\"Dur\u00e9e de lecture estim\u00e9e\" \/>\n\t<meta name=\"twitter:data1\" content=\"1 minute\" \/>\n<script type=\"application\/ld+json\" class=\"yoast-schema-graph\">{\"@context\":\"https:\\\/\\\/schema.org\",\"@graph\":[{\"@type\":\"WebPage\",\"@id\":\"https:\\\/\\\/delorenzoglobal.com\\\/fr\\\/produit\\\/orifice-and-free-jet-flow\\\/\",\"url\":\"https:\\\/\\\/delorenzoglobal.com\\\/fr\\\/produit\\\/orifice-and-free-jet-flow\\\/\",\"name\":\"ORIFICE ET D\u00c9BIT LIBRE DU JET - De Lorenzo Training &amp; Didactical Equipment\",\"isPartOf\":{\"@id\":\"https:\\\/\\\/delorenzoglobal.com\\\/fr\\\/#website\"},\"primaryImageOfPage\":{\"@id\":\"https:\\\/\\\/delorenzoglobal.com\\\/fr\\\/produit\\\/orifice-and-free-jet-flow\\\/#primaryimage\"},\"image\":{\"@id\":\"https:\\\/\\\/delorenzoglobal.com\\\/fr\\\/produit\\\/orifice-and-free-jet-flow\\\/#primaryimage\"},\"thumbnailUrl\":\"https:\\\/\\\/delorenzoglobal.com\\\/wp-content\\\/uploads\\\/2024\\\/04\\\/DL-DKL122-scaled.jpg\",\"datePublished\":\"2024-04-18T12:01:09+00:00\",\"dateModified\":\"2025-01-20T08:30:13+00:00\",\"breadcrumb\":{\"@id\":\"https:\\\/\\\/delorenzoglobal.com\\\/fr\\\/produit\\\/orifice-and-free-jet-flow\\\/#breadcrumb\"},\"inLanguage\":\"fr-FR\",\"potentialAction\":[{\"@type\":\"ReadAction\",\"target\":[\"https:\\\/\\\/delorenzoglobal.com\\\/fr\\\/produit\\\/orifice-and-free-jet-flow\\\/\"]}]},{\"@type\":\"ImageObject\",\"inLanguage\":\"fr-FR\",\"@id\":\"https:\\\/\\\/delorenzoglobal.com\\\/fr\\\/produit\\\/orifice-and-free-jet-flow\\\/#primaryimage\",\"url\":\"https:\\\/\\\/delorenzoglobal.com\\\/wp-content\\\/uploads\\\/2024\\\/04\\\/DL-DKL122-scaled.jpg\",\"contentUrl\":\"https:\\\/\\\/delorenzoglobal.com\\\/wp-content\\\/uploads\\\/2024\\\/04\\\/DL-DKL122-scaled.jpg\",\"width\":2560,\"height\":2089},{\"@type\":\"BreadcrumbList\",\"@id\":\"https:\\\/\\\/delorenzoglobal.com\\\/fr\\\/produit\\\/orifice-and-free-jet-flow\\\/#breadcrumb\",\"itemListElement\":[{\"@type\":\"ListItem\",\"position\":1,\"name\":\"Home\",\"item\":\"https:\\\/\\\/delorenzoglobal.com\\\/fr\\\/\"},{\"@type\":\"ListItem\",\"position\":2,\"name\":\"Boutique\",\"item\":\"https:\\\/\\\/delorenzoglobal.com\\\/fr\\\/boutique\\\/\"},{\"@type\":\"ListItem\",\"position\":3,\"name\":\"ORIFICE ET D\u00c9BIT LIBRE DU JET\"}]},{\"@type\":\"WebSite\",\"@id\":\"https:\\\/\\\/delorenzoglobal.com\\\/fr\\\/#website\",\"url\":\"https:\\\/\\\/delorenzoglobal.com\\\/fr\\\/\",\"name\":\"De Lorenzo Training &amp; Didactical Equipment\",\"description\":\"\",\"potentialAction\":[{\"@type\":\"SearchAction\",\"target\":{\"@type\":\"EntryPoint\",\"urlTemplate\":\"https:\\\/\\\/delorenzoglobal.com\\\/fr\\\/?s={search_term_string}\"},\"query-input\":{\"@type\":\"PropertyValueSpecification\",\"valueRequired\":true,\"valueName\":\"search_term_string\"}}],\"inLanguage\":\"fr-FR\"}]}<\/script>\n<!-- \/ Yoast SEO plugin. -->","yoast_head_json":{"title":"ORIFICE ET D\u00c9BIT LIBRE DU JET - De Lorenzo Training &amp; Didactical Equipment","robots":{"index":"index","follow":"follow","max-snippet":"max-snippet:-1","max-image-preview":"max-image-preview:large","max-video-preview":"max-video-preview:-1"},"canonical":"https:\/\/delorenzoglobal.com\/fr\/produit\/orifice-and-free-jet-flow\/","og_locale":"fr_FR","og_type":"article","og_title":"ORIFICE ET D\u00c9BIT LIBRE DU JET - De Lorenzo Training &amp; Didactical Equipment","og_description":"Ce syst\u00e8me est con\u00e7u pour \u00e9tudier le d\u00e9bit de sortie par les trous dispos\u00e9s \u00e0 sortir horizontalement. Le r\u00e9servoir d&rsquo;eau a une hauteur r\u00e9glable, de sorte que le test peut \u00eatre effectu\u00e9 dans diff\u00e9rentes conditions de pression. Le r\u00e9servoir est dot\u00e9 d&rsquo;un niveau qui indique \u00e0 chaque instant la hauteur du liquide. En plus de [&hellip;]","og_url":"https:\/\/delorenzoglobal.com\/fr\/produit\/orifice-and-free-jet-flow\/","og_site_name":"De Lorenzo Training &amp; Didactical Equipment","article_modified_time":"2025-01-20T08:30:13+00:00","og_image":[{"width":2560,"height":2089,"url":"https:\/\/delorenzoglobal.com\/wp-content\/uploads\/2024\/04\/DL-DKL122-scaled.jpg","type":"image\/jpeg"}],"twitter_card":"summary_large_image","twitter_misc":{"Dur\u00e9e de lecture estim\u00e9e":"1 minute"},"schema":{"@context":"https:\/\/schema.org","@graph":[{"@type":"WebPage","@id":"https:\/\/delorenzoglobal.com\/fr\/produit\/orifice-and-free-jet-flow\/","url":"https:\/\/delorenzoglobal.com\/fr\/produit\/orifice-and-free-jet-flow\/","name":"ORIFICE ET D\u00c9BIT LIBRE DU JET - De Lorenzo Training &amp; Didactical Equipment","isPartOf":{"@id":"https:\/\/delorenzoglobal.com\/fr\/#website"},"primaryImageOfPage":{"@id":"https:\/\/delorenzoglobal.com\/fr\/produit\/orifice-and-free-jet-flow\/#primaryimage"},"image":{"@id":"https:\/\/delorenzoglobal.com\/fr\/produit\/orifice-and-free-jet-flow\/#primaryimage"},"thumbnailUrl":"https:\/\/delorenzoglobal.com\/wp-content\/uploads\/2024\/04\/DL-DKL122-scaled.jpg","datePublished":"2024-04-18T12:01:09+00:00","dateModified":"2025-01-20T08:30:13+00:00","breadcrumb":{"@id":"https:\/\/delorenzoglobal.com\/fr\/produit\/orifice-and-free-jet-flow\/#breadcrumb"},"inLanguage":"fr-FR","potentialAction":[{"@type":"ReadAction","target":["https:\/\/delorenzoglobal.com\/fr\/produit\/orifice-and-free-jet-flow\/"]}]},{"@type":"ImageObject","inLanguage":"fr-FR","@id":"https:\/\/delorenzoglobal.com\/fr\/produit\/orifice-and-free-jet-flow\/#primaryimage","url":"https:\/\/delorenzoglobal.com\/wp-content\/uploads\/2024\/04\/DL-DKL122-scaled.jpg","contentUrl":"https:\/\/delorenzoglobal.com\/wp-content\/uploads\/2024\/04\/DL-DKL122-scaled.jpg","width":2560,"height":2089},{"@type":"BreadcrumbList","@id":"https:\/\/delorenzoglobal.com\/fr\/produit\/orifice-and-free-jet-flow\/#breadcrumb","itemListElement":[{"@type":"ListItem","position":1,"name":"Home","item":"https:\/\/delorenzoglobal.com\/fr\/"},{"@type":"ListItem","position":2,"name":"Boutique","item":"https:\/\/delorenzoglobal.com\/fr\/boutique\/"},{"@type":"ListItem","position":3,"name":"ORIFICE ET D\u00c9BIT LIBRE DU JET"}]},{"@type":"WebSite","@id":"https:\/\/delorenzoglobal.com\/fr\/#website","url":"https:\/\/delorenzoglobal.com\/fr\/","name":"De Lorenzo Training &amp; Didactical Equipment","description":"","potentialAction":[{"@type":"SearchAction","target":{"@type":"EntryPoint","urlTemplate":"https:\/\/delorenzoglobal.com\/fr\/?s={search_term_string}"},"query-input":{"@type":"PropertyValueSpecification","valueRequired":true,"valueName":"search_term_string"}}],"inLanguage":"fr-FR"}]}},"_links":{"self":[{"href":"https:\/\/delorenzoglobal.com\/fr\/wp-json\/wp\/v2\/product\/11040","targetHints":{"allow":["GET"]}}],"collection":[{"href":"https:\/\/delorenzoglobal.com\/fr\/wp-json\/wp\/v2\/product"}],"about":[{"href":"https:\/\/delorenzoglobal.com\/fr\/wp-json\/wp\/v2\/types\/product"}],"wp:featuredmedia":[{"embeddable":true,"href":"https:\/\/delorenzoglobal.com\/fr\/wp-json\/wp\/v2\/media\/11033"}],"wp:attachment":[{"href":"https:\/\/delorenzoglobal.com\/fr\/wp-json\/wp\/v2\/media?parent=11040"}],"wp:term":[{"taxonomy":"product_brand","embeddable":true,"href":"https:\/\/delorenzoglobal.com\/fr\/wp-json\/wp\/v2\/product_brand?post=11040"},{"taxonomy":"product_cat","embeddable":true,"href":"https:\/\/delorenzoglobal.com\/fr\/wp-json\/wp\/v2\/product_cat?post=11040"},{"taxonomy":"product_tag","embeddable":true,"href":"https:\/\/delorenzoglobal.com\/fr\/wp-json\/wp\/v2\/product_tag?post=11040"}],"curies":[{"name":"wp","href":"https:\/\/api.w.org\/{rel}","templated":true}]}}