{"id":11019,"date":"2024-04-18T13:45:27","date_gmt":"2024-04-18T11:45:27","guid":{"rendered":"https:\/\/delorenzoglobal.com\/?post_type=product&#038;p=11019"},"modified":"2025-01-17T16:30:19","modified_gmt":"2025-01-17T15:30:19","slug":"flow-through-orifices","status":"publish","type":"product","link":"https:\/\/delorenzoglobal.com\/fr\/produit\/flow-through-orifices\/","title":{"rendered":"\u00c9COULEMENT \u00c0 TRAVERS DES ORIFICES"},"content":{"rendered":"<p>Le syst\u00e8me a \u00e9t\u00e9 con\u00e7u pour \u00e9tudier le ph\u00e9nom\u00e8ne de contraction qui se produit lorsqu&rsquo;un fluide passe \u00e0 travers un orifice. Il dispose de trois buses dont la g\u00e9om\u00e9trie diff\u00e8re les unes des autres afin de r\u00e9aliser des tests dans des conditions diff\u00e9rentes.<\/p>\n<p>Il est muni d&rsquo;un tube de Pitot gr\u00e2ce auquel il est possible de mesurer la vitesse du fluide en sortie.<\/p>\n<p>Pour r\u00e9aliser les tests avec succ\u00e8s, le syst\u00e8me dispose d&rsquo;un appareil de mesure du diam\u00e8tre du jet qui peut \u00eatre r\u00e9gul\u00e9 pour des mesures plus pr\u00e9cises. De plus, il est muni d&rsquo;une jauge de colonne d&rsquo;eau qui permet la mesure du niveau d&rsquo;eau dans le r\u00e9servoir et de la hauteur du jet d&rsquo;eau.<\/p>\n","protected":false},"excerpt":{"rendered":"<p>Le syst\u00e8me a \u00e9t\u00e9 con\u00e7u pour \u00e9tudier le ph\u00e9nom\u00e8ne de contraction qui se produit lorsqu&rsquo;un fluide passe \u00e0 travers un orifice. Il dispose de trois buses dont la g\u00e9om\u00e9trie diff\u00e8re les unes des autres afin de r\u00e9aliser des tests dans des conditions diff\u00e9rentes. Il est muni d&rsquo;un tube de Pitot gr\u00e2ce auquel il est possible [&hellip;]<\/p>\n","protected":false},"featured_media":11396,"template":"","meta":{"_acf_changed":false},"product_brand":[],"product_cat":[428],"product_tag":[],"class_list":{"0":"post-11019","1":"product","2":"type-product","3":"status-publish","4":"has-post-thumbnail","6":"product_cat-fondamentaux-de-la-mecanique-des-fluides","8":"first","9":"instock","10":"shipping-taxable","11":"product-type-simple"},"acf":[],"yoast_head":"<!-- This site is optimized with the Yoast SEO plugin v27.4 - https:\/\/yoast.com\/product\/yoast-seo-wordpress\/ -->\n<title>\u00c9COULEMENT \u00c0 TRAVERS DES ORIFICES - De Lorenzo Training &amp; Didactical Equipment<\/title>\n<meta name=\"robots\" content=\"index, follow, max-snippet:-1, max-image-preview:large, max-video-preview:-1\" \/>\n<link rel=\"canonical\" href=\"https:\/\/delorenzoglobal.com\/fr\/produit\/flow-through-orifices\/\" \/>\n<meta property=\"og:locale\" content=\"fr_FR\" \/>\n<meta property=\"og:type\" content=\"article\" \/>\n<meta property=\"og:title\" content=\"\u00c9COULEMENT \u00c0 TRAVERS DES ORIFICES - De Lorenzo Training &amp; Didactical Equipment\" \/>\n<meta property=\"og:description\" content=\"Le syst\u00e8me a \u00e9t\u00e9 con\u00e7u pour \u00e9tudier le ph\u00e9nom\u00e8ne de contraction qui se produit lorsqu&rsquo;un fluide passe \u00e0 travers un orifice. Il dispose de trois buses dont la g\u00e9om\u00e9trie diff\u00e8re les unes des autres afin de r\u00e9aliser des tests dans des conditions diff\u00e9rentes. Il est muni d&rsquo;un tube de Pitot gr\u00e2ce auquel il est possible [&hellip;]\" \/>\n<meta property=\"og:url\" content=\"https:\/\/delorenzoglobal.com\/fr\/produit\/flow-through-orifices\/\" \/>\n<meta property=\"og:site_name\" content=\"De Lorenzo Training &amp; Didactical Equipment\" \/>\n<meta property=\"article:modified_time\" content=\"2025-01-17T15:30:19+00:00\" \/>\n<meta property=\"og:image\" content=\"https:\/\/delorenzoglobal.com\/wp-content\/uploads\/2024\/04\/DL-DKL121-scaled.jpg\" \/>\n\t<meta property=\"og:image:width\" content=\"1643\" \/>\n\t<meta property=\"og:image:height\" content=\"2560\" \/>\n\t<meta property=\"og:image:type\" content=\"image\/jpeg\" \/>\n<meta name=\"twitter:card\" content=\"summary_large_image\" \/>\n<meta name=\"twitter:label1\" content=\"Dur\u00e9e de lecture estim\u00e9e\" \/>\n\t<meta name=\"twitter:data1\" content=\"1 minute\" \/>\n<script type=\"application\/ld+json\" class=\"yoast-schema-graph\">{\"@context\":\"https:\\\/\\\/schema.org\",\"@graph\":[{\"@type\":\"WebPage\",\"@id\":\"https:\\\/\\\/delorenzoglobal.com\\\/fr\\\/produit\\\/flow-through-orifices\\\/\",\"url\":\"https:\\\/\\\/delorenzoglobal.com\\\/fr\\\/produit\\\/flow-through-orifices\\\/\",\"name\":\"\u00c9COULEMENT \u00c0 TRAVERS DES ORIFICES - De Lorenzo Training &amp; Didactical Equipment\",\"isPartOf\":{\"@id\":\"https:\\\/\\\/delorenzoglobal.com\\\/fr\\\/#website\"},\"primaryImageOfPage\":{\"@id\":\"https:\\\/\\\/delorenzoglobal.com\\\/fr\\\/produit\\\/flow-through-orifices\\\/#primaryimage\"},\"image\":{\"@id\":\"https:\\\/\\\/delorenzoglobal.com\\\/fr\\\/produit\\\/flow-through-orifices\\\/#primaryimage\"},\"thumbnailUrl\":\"https:\\\/\\\/delorenzoglobal.com\\\/wp-content\\\/uploads\\\/2024\\\/04\\\/DL-DKL121-scaled.jpg\",\"datePublished\":\"2024-04-18T11:45:27+00:00\",\"dateModified\":\"2025-01-17T15:30:19+00:00\",\"breadcrumb\":{\"@id\":\"https:\\\/\\\/delorenzoglobal.com\\\/fr\\\/produit\\\/flow-through-orifices\\\/#breadcrumb\"},\"inLanguage\":\"fr-FR\",\"potentialAction\":[{\"@type\":\"ReadAction\",\"target\":[\"https:\\\/\\\/delorenzoglobal.com\\\/fr\\\/produit\\\/flow-through-orifices\\\/\"]}]},{\"@type\":\"ImageObject\",\"inLanguage\":\"fr-FR\",\"@id\":\"https:\\\/\\\/delorenzoglobal.com\\\/fr\\\/produit\\\/flow-through-orifices\\\/#primaryimage\",\"url\":\"https:\\\/\\\/delorenzoglobal.com\\\/wp-content\\\/uploads\\\/2024\\\/04\\\/DL-DKL121-scaled.jpg\",\"contentUrl\":\"https:\\\/\\\/delorenzoglobal.com\\\/wp-content\\\/uploads\\\/2024\\\/04\\\/DL-DKL121-scaled.jpg\",\"width\":1643,\"height\":2560},{\"@type\":\"BreadcrumbList\",\"@id\":\"https:\\\/\\\/delorenzoglobal.com\\\/fr\\\/produit\\\/flow-through-orifices\\\/#breadcrumb\",\"itemListElement\":[{\"@type\":\"ListItem\",\"position\":1,\"name\":\"Home\",\"item\":\"https:\\\/\\\/delorenzoglobal.com\\\/fr\\\/\"},{\"@type\":\"ListItem\",\"position\":2,\"name\":\"Boutique\",\"item\":\"https:\\\/\\\/delorenzoglobal.com\\\/fr\\\/boutique\\\/\"},{\"@type\":\"ListItem\",\"position\":3,\"name\":\"\u00c9COULEMENT \u00c0 TRAVERS DES ORIFICES\"}]},{\"@type\":\"WebSite\",\"@id\":\"https:\\\/\\\/delorenzoglobal.com\\\/fr\\\/#website\",\"url\":\"https:\\\/\\\/delorenzoglobal.com\\\/fr\\\/\",\"name\":\"De Lorenzo Training &amp; Didactical Equipment\",\"description\":\"\",\"potentialAction\":[{\"@type\":\"SearchAction\",\"target\":{\"@type\":\"EntryPoint\",\"urlTemplate\":\"https:\\\/\\\/delorenzoglobal.com\\\/fr\\\/?s={search_term_string}\"},\"query-input\":{\"@type\":\"PropertyValueSpecification\",\"valueRequired\":true,\"valueName\":\"search_term_string\"}}],\"inLanguage\":\"fr-FR\"}]}<\/script>\n<!-- \/ Yoast SEO plugin. -->","yoast_head_json":{"title":"\u00c9COULEMENT \u00c0 TRAVERS DES ORIFICES - De Lorenzo Training &amp; Didactical Equipment","robots":{"index":"index","follow":"follow","max-snippet":"max-snippet:-1","max-image-preview":"max-image-preview:large","max-video-preview":"max-video-preview:-1"},"canonical":"https:\/\/delorenzoglobal.com\/fr\/produit\/flow-through-orifices\/","og_locale":"fr_FR","og_type":"article","og_title":"\u00c9COULEMENT \u00c0 TRAVERS DES ORIFICES - De Lorenzo Training &amp; Didactical Equipment","og_description":"Le syst\u00e8me a \u00e9t\u00e9 con\u00e7u pour \u00e9tudier le ph\u00e9nom\u00e8ne de contraction qui se produit lorsqu&rsquo;un fluide passe \u00e0 travers un orifice. Il dispose de trois buses dont la g\u00e9om\u00e9trie diff\u00e8re les unes des autres afin de r\u00e9aliser des tests dans des conditions diff\u00e9rentes. Il est muni d&rsquo;un tube de Pitot gr\u00e2ce auquel il est possible [&hellip;]","og_url":"https:\/\/delorenzoglobal.com\/fr\/produit\/flow-through-orifices\/","og_site_name":"De Lorenzo Training &amp; Didactical Equipment","article_modified_time":"2025-01-17T15:30:19+00:00","og_image":[{"width":1643,"height":2560,"url":"https:\/\/delorenzoglobal.com\/wp-content\/uploads\/2024\/04\/DL-DKL121-scaled.jpg","type":"image\/jpeg"}],"twitter_card":"summary_large_image","twitter_misc":{"Dur\u00e9e de lecture estim\u00e9e":"1 minute"},"schema":{"@context":"https:\/\/schema.org","@graph":[{"@type":"WebPage","@id":"https:\/\/delorenzoglobal.com\/fr\/produit\/flow-through-orifices\/","url":"https:\/\/delorenzoglobal.com\/fr\/produit\/flow-through-orifices\/","name":"\u00c9COULEMENT \u00c0 TRAVERS DES ORIFICES - De Lorenzo Training &amp; Didactical Equipment","isPartOf":{"@id":"https:\/\/delorenzoglobal.com\/fr\/#website"},"primaryImageOfPage":{"@id":"https:\/\/delorenzoglobal.com\/fr\/produit\/flow-through-orifices\/#primaryimage"},"image":{"@id":"https:\/\/delorenzoglobal.com\/fr\/produit\/flow-through-orifices\/#primaryimage"},"thumbnailUrl":"https:\/\/delorenzoglobal.com\/wp-content\/uploads\/2024\/04\/DL-DKL121-scaled.jpg","datePublished":"2024-04-18T11:45:27+00:00","dateModified":"2025-01-17T15:30:19+00:00","breadcrumb":{"@id":"https:\/\/delorenzoglobal.com\/fr\/produit\/flow-through-orifices\/#breadcrumb"},"inLanguage":"fr-FR","potentialAction":[{"@type":"ReadAction","target":["https:\/\/delorenzoglobal.com\/fr\/produit\/flow-through-orifices\/"]}]},{"@type":"ImageObject","inLanguage":"fr-FR","@id":"https:\/\/delorenzoglobal.com\/fr\/produit\/flow-through-orifices\/#primaryimage","url":"https:\/\/delorenzoglobal.com\/wp-content\/uploads\/2024\/04\/DL-DKL121-scaled.jpg","contentUrl":"https:\/\/delorenzoglobal.com\/wp-content\/uploads\/2024\/04\/DL-DKL121-scaled.jpg","width":1643,"height":2560},{"@type":"BreadcrumbList","@id":"https:\/\/delorenzoglobal.com\/fr\/produit\/flow-through-orifices\/#breadcrumb","itemListElement":[{"@type":"ListItem","position":1,"name":"Home","item":"https:\/\/delorenzoglobal.com\/fr\/"},{"@type":"ListItem","position":2,"name":"Boutique","item":"https:\/\/delorenzoglobal.com\/fr\/boutique\/"},{"@type":"ListItem","position":3,"name":"\u00c9COULEMENT \u00c0 TRAVERS DES ORIFICES"}]},{"@type":"WebSite","@id":"https:\/\/delorenzoglobal.com\/fr\/#website","url":"https:\/\/delorenzoglobal.com\/fr\/","name":"De Lorenzo Training &amp; Didactical Equipment","description":"","potentialAction":[{"@type":"SearchAction","target":{"@type":"EntryPoint","urlTemplate":"https:\/\/delorenzoglobal.com\/fr\/?s={search_term_string}"},"query-input":{"@type":"PropertyValueSpecification","valueRequired":true,"valueName":"search_term_string"}}],"inLanguage":"fr-FR"}]}},"_links":{"self":[{"href":"https:\/\/delorenzoglobal.com\/fr\/wp-json\/wp\/v2\/product\/11019","targetHints":{"allow":["GET"]}}],"collection":[{"href":"https:\/\/delorenzoglobal.com\/fr\/wp-json\/wp\/v2\/product"}],"about":[{"href":"https:\/\/delorenzoglobal.com\/fr\/wp-json\/wp\/v2\/types\/product"}],"wp:featuredmedia":[{"embeddable":true,"href":"https:\/\/delorenzoglobal.com\/fr\/wp-json\/wp\/v2\/media\/11396"}],"wp:attachment":[{"href":"https:\/\/delorenzoglobal.com\/fr\/wp-json\/wp\/v2\/media?parent=11019"}],"wp:term":[{"taxonomy":"product_brand","embeddable":true,"href":"https:\/\/delorenzoglobal.com\/fr\/wp-json\/wp\/v2\/product_brand?post=11019"},{"taxonomy":"product_cat","embeddable":true,"href":"https:\/\/delorenzoglobal.com\/fr\/wp-json\/wp\/v2\/product_cat?post=11019"},{"taxonomy":"product_tag","embeddable":true,"href":"https:\/\/delorenzoglobal.com\/fr\/wp-json\/wp\/v2\/product_tag?post=11019"}],"curies":[{"name":"wp","href":"https:\/\/api.w.org\/{rel}","templated":true}]}}