{"id":1098,"date":"2024-04-09T08:52:42","date_gmt":"2024-04-09T06:52:42","guid":{"rendered":"https:\/\/delorenzoglobal.com\/?post_type=product&#038;p=1098"},"modified":"2026-04-08T10:08:20","modified_gmt":"2026-04-08T08:08:20","slug":"simulateur-dascenseur","status":"publish","type":"product","link":"https:\/\/delorenzoglobal.com\/fr\/produit\/simulateur-dascenseur\/","title":{"rendered":"SIMULATEUR D\u2019ASCENSEUR"},"content":{"rendered":"<p>Le DL 2122 repr\u00e9sente un simulateur qui reproduit un ascenseur \u00e0 trois \u00e9tages et qui peut \u00eatre g\u00e9r\u00e9, via un interrupteur, \u00e0 la fois manuellement et au moyen d&rsquo;un automate.<\/p>\n","protected":false},"excerpt":{"rendered":"<p>Le DL 2122 repr\u00e9sente un simulateur qui reproduit un ascenseur \u00e0 trois \u00e9tages et qui peut \u00eatre g\u00e9r\u00e9, via un interrupteur, \u00e0 la fois manuellement et au moyen d&rsquo;un automate.<\/p>\n","protected":false},"featured_media":19340,"template":"","meta":{"_acf_changed":false},"product_brand":[],"product_cat":[168],"product_tag":[],"class_list":{"0":"post-1098","1":"product","2":"type-product","3":"status-publish","4":"has-post-thumbnail","6":"product_cat-simulateurs-systemes","8":"first","9":"instock","10":"shipping-taxable","11":"product-type-simple"},"acf":[],"yoast_head":"<!-- This site is optimized with the Yoast SEO plugin v27.0 - https:\/\/yoast.com\/product\/yoast-seo-wordpress\/ -->\n<title>SIMULATEUR D\u2019ASCENSEUR - De Lorenzo Training &amp; Didactical Equipment<\/title>\n<meta name=\"description\" content=\"Le DL 2122 est un simulateur qui reproduit un ascenseur \u00e0 trois \u00e9tages et peut \u00eatre command\u00e9, \u00e0 l\u2019aide d\u2019un commutateur, soit manuellement, soit par un automate programmable (PLC).\" \/>\n<meta name=\"robots\" content=\"index, follow, max-snippet:-1, max-image-preview:large, max-video-preview:-1\" \/>\n<link rel=\"canonical\" href=\"https:\/\/delorenzoglobal.com\/fr\/produit\/simulateur-dascenseur\/\" \/>\n<meta property=\"og:locale\" content=\"fr_FR\" \/>\n<meta property=\"og:type\" content=\"article\" \/>\n<meta property=\"og:title\" content=\"SIMULATEUR D\u2019ASCENSEUR - De Lorenzo Training &amp; Didactical Equipment\" \/>\n<meta property=\"og:description\" content=\"Le DL 2122 est un simulateur qui reproduit un ascenseur \u00e0 trois \u00e9tages et peut \u00eatre command\u00e9, \u00e0 l\u2019aide d\u2019un commutateur, soit manuellement, soit par un automate programmable (PLC).\" \/>\n<meta property=\"og:url\" content=\"https:\/\/delorenzoglobal.com\/fr\/produit\/simulateur-dascenseur\/\" \/>\n<meta property=\"og:site_name\" content=\"De Lorenzo Training &amp; Didactical Equipment\" \/>\n<meta property=\"article:modified_time\" content=\"2026-04-08T08:08:20+00:00\" \/>\n<meta property=\"og:image\" content=\"https:\/\/delorenzoglobal.com\/wp-content\/uploads\/2024\/04\/DL-2122-xs-scaled.jpg\" \/>\n\t<meta property=\"og:image:width\" content=\"2560\" \/>\n\t<meta property=\"og:image:height\" content=\"1901\" \/>\n\t<meta property=\"og:image:type\" content=\"image\/jpeg\" \/>\n<meta name=\"twitter:card\" content=\"summary_large_image\" \/>\n<meta name=\"twitter:label1\" content=\"Dur\u00e9e de lecture estim\u00e9e\" \/>\n\t<meta name=\"twitter:data1\" content=\"1 minute\" \/>\n<script type=\"application\/ld+json\" class=\"yoast-schema-graph\">{\"@context\":\"https:\/\/schema.org\",\"@graph\":[{\"@type\":\"WebPage\",\"@id\":\"https:\/\/delorenzoglobal.com\/fr\/produit\/simulateur-dascenseur\/\",\"url\":\"https:\/\/delorenzoglobal.com\/fr\/produit\/simulateur-dascenseur\/\",\"name\":\"SIMULATEUR D\u2019ASCENSEUR - De Lorenzo Training &amp; Didactical Equipment\",\"isPartOf\":{\"@id\":\"https:\/\/delorenzoglobal.com\/fr\/#website\"},\"primaryImageOfPage\":{\"@id\":\"https:\/\/delorenzoglobal.com\/fr\/produit\/simulateur-dascenseur\/#primaryimage\"},\"image\":{\"@id\":\"https:\/\/delorenzoglobal.com\/fr\/produit\/simulateur-dascenseur\/#primaryimage\"},\"thumbnailUrl\":\"https:\/\/delorenzoglobal.com\/wp-content\/uploads\/2024\/04\/DL-2122-xs-scaled.jpg\",\"datePublished\":\"2024-04-09T06:52:42+00:00\",\"dateModified\":\"2026-04-08T08:08:20+00:00\",\"description\":\"Le DL 2122 est un simulateur qui reproduit un ascenseur \u00e0 trois \u00e9tages et peut \u00eatre command\u00e9, \u00e0 l\u2019aide d\u2019un commutateur, soit manuellement, soit par un automate programmable (PLC).\",\"breadcrumb\":{\"@id\":\"https:\/\/delorenzoglobal.com\/fr\/produit\/simulateur-dascenseur\/#breadcrumb\"},\"inLanguage\":\"fr-FR\",\"potentialAction\":[{\"@type\":\"ReadAction\",\"target\":[\"https:\/\/delorenzoglobal.com\/fr\/produit\/simulateur-dascenseur\/\"]}]},{\"@type\":\"ImageObject\",\"inLanguage\":\"fr-FR\",\"@id\":\"https:\/\/delorenzoglobal.com\/fr\/produit\/simulateur-dascenseur\/#primaryimage\",\"url\":\"https:\/\/delorenzoglobal.com\/wp-content\/uploads\/2024\/04\/DL-2122-xs-scaled.jpg\",\"contentUrl\":\"https:\/\/delorenzoglobal.com\/wp-content\/uploads\/2024\/04\/DL-2122-xs-scaled.jpg\",\"width\":2560,\"height\":1901},{\"@type\":\"BreadcrumbList\",\"@id\":\"https:\/\/delorenzoglobal.com\/fr\/produit\/simulateur-dascenseur\/#breadcrumb\",\"itemListElement\":[{\"@type\":\"ListItem\",\"position\":1,\"name\":\"Home\",\"item\":\"https:\/\/delorenzoglobal.com\/fr\/\"},{\"@type\":\"ListItem\",\"position\":2,\"name\":\"Boutique\",\"item\":\"https:\/\/delorenzoglobal.com\/fr\/boutique\/\"},{\"@type\":\"ListItem\",\"position\":3,\"name\":\"SIMULATEUR D\u2019ASCENSEUR\"}]},{\"@type\":\"WebSite\",\"@id\":\"https:\/\/delorenzoglobal.com\/fr\/#website\",\"url\":\"https:\/\/delorenzoglobal.com\/fr\/\",\"name\":\"De Lorenzo Training &amp; Didactical Equipment\",\"description\":\"\",\"potentialAction\":[{\"@type\":\"SearchAction\",\"target\":{\"@type\":\"EntryPoint\",\"urlTemplate\":\"https:\/\/delorenzoglobal.com\/fr\/?s={search_term_string}\"},\"query-input\":{\"@type\":\"PropertyValueSpecification\",\"valueRequired\":true,\"valueName\":\"search_term_string\"}}],\"inLanguage\":\"fr-FR\"}]}<\/script>\n<!-- \/ Yoast SEO plugin. -->","yoast_head_json":{"title":"SIMULATEUR D\u2019ASCENSEUR - De Lorenzo Training &amp; Didactical Equipment","description":"Le DL 2122 est un simulateur qui reproduit un ascenseur \u00e0 trois \u00e9tages et peut \u00eatre command\u00e9, \u00e0 l\u2019aide d\u2019un commutateur, soit manuellement, soit par un automate programmable (PLC).","robots":{"index":"index","follow":"follow","max-snippet":"max-snippet:-1","max-image-preview":"max-image-preview:large","max-video-preview":"max-video-preview:-1"},"canonical":"https:\/\/delorenzoglobal.com\/fr\/produit\/simulateur-dascenseur\/","og_locale":"fr_FR","og_type":"article","og_title":"SIMULATEUR D\u2019ASCENSEUR - De Lorenzo Training &amp; Didactical Equipment","og_description":"Le DL 2122 est un simulateur qui reproduit un ascenseur \u00e0 trois \u00e9tages et peut \u00eatre command\u00e9, \u00e0 l\u2019aide d\u2019un commutateur, soit manuellement, soit par un automate programmable (PLC).","og_url":"https:\/\/delorenzoglobal.com\/fr\/produit\/simulateur-dascenseur\/","og_site_name":"De Lorenzo Training &amp; Didactical Equipment","article_modified_time":"2026-04-08T08:08:20+00:00","og_image":[{"width":2560,"height":1901,"url":"https:\/\/delorenzoglobal.com\/wp-content\/uploads\/2024\/04\/DL-2122-xs-scaled.jpg","type":"image\/jpeg"}],"twitter_card":"summary_large_image","twitter_misc":{"Dur\u00e9e de lecture estim\u00e9e":"1 minute"},"schema":{"@context":"https:\/\/schema.org","@graph":[{"@type":"WebPage","@id":"https:\/\/delorenzoglobal.com\/fr\/produit\/simulateur-dascenseur\/","url":"https:\/\/delorenzoglobal.com\/fr\/produit\/simulateur-dascenseur\/","name":"SIMULATEUR D\u2019ASCENSEUR - De Lorenzo Training &amp; Didactical Equipment","isPartOf":{"@id":"https:\/\/delorenzoglobal.com\/fr\/#website"},"primaryImageOfPage":{"@id":"https:\/\/delorenzoglobal.com\/fr\/produit\/simulateur-dascenseur\/#primaryimage"},"image":{"@id":"https:\/\/delorenzoglobal.com\/fr\/produit\/simulateur-dascenseur\/#primaryimage"},"thumbnailUrl":"https:\/\/delorenzoglobal.com\/wp-content\/uploads\/2024\/04\/DL-2122-xs-scaled.jpg","datePublished":"2024-04-09T06:52:42+00:00","dateModified":"2026-04-08T08:08:20+00:00","description":"Le DL 2122 est un simulateur qui reproduit un ascenseur \u00e0 trois \u00e9tages et peut \u00eatre command\u00e9, \u00e0 l\u2019aide d\u2019un commutateur, soit manuellement, soit par un automate programmable (PLC).","breadcrumb":{"@id":"https:\/\/delorenzoglobal.com\/fr\/produit\/simulateur-dascenseur\/#breadcrumb"},"inLanguage":"fr-FR","potentialAction":[{"@type":"ReadAction","target":["https:\/\/delorenzoglobal.com\/fr\/produit\/simulateur-dascenseur\/"]}]},{"@type":"ImageObject","inLanguage":"fr-FR","@id":"https:\/\/delorenzoglobal.com\/fr\/produit\/simulateur-dascenseur\/#primaryimage","url":"https:\/\/delorenzoglobal.com\/wp-content\/uploads\/2024\/04\/DL-2122-xs-scaled.jpg","contentUrl":"https:\/\/delorenzoglobal.com\/wp-content\/uploads\/2024\/04\/DL-2122-xs-scaled.jpg","width":2560,"height":1901},{"@type":"BreadcrumbList","@id":"https:\/\/delorenzoglobal.com\/fr\/produit\/simulateur-dascenseur\/#breadcrumb","itemListElement":[{"@type":"ListItem","position":1,"name":"Home","item":"https:\/\/delorenzoglobal.com\/fr\/"},{"@type":"ListItem","position":2,"name":"Boutique","item":"https:\/\/delorenzoglobal.com\/fr\/boutique\/"},{"@type":"ListItem","position":3,"name":"SIMULATEUR D\u2019ASCENSEUR"}]},{"@type":"WebSite","@id":"https:\/\/delorenzoglobal.com\/fr\/#website","url":"https:\/\/delorenzoglobal.com\/fr\/","name":"De Lorenzo Training &amp; Didactical Equipment","description":"","potentialAction":[{"@type":"SearchAction","target":{"@type":"EntryPoint","urlTemplate":"https:\/\/delorenzoglobal.com\/fr\/?s={search_term_string}"},"query-input":{"@type":"PropertyValueSpecification","valueRequired":true,"valueName":"search_term_string"}}],"inLanguage":"fr-FR"}]}},"_links":{"self":[{"href":"https:\/\/delorenzoglobal.com\/fr\/wp-json\/wp\/v2\/product\/1098","targetHints":{"allow":["GET"]}}],"collection":[{"href":"https:\/\/delorenzoglobal.com\/fr\/wp-json\/wp\/v2\/product"}],"about":[{"href":"https:\/\/delorenzoglobal.com\/fr\/wp-json\/wp\/v2\/types\/product"}],"wp:featuredmedia":[{"embeddable":true,"href":"https:\/\/delorenzoglobal.com\/fr\/wp-json\/wp\/v2\/media\/19340"}],"wp:attachment":[{"href":"https:\/\/delorenzoglobal.com\/fr\/wp-json\/wp\/v2\/media?parent=1098"}],"wp:term":[{"taxonomy":"product_brand","embeddable":true,"href":"https:\/\/delorenzoglobal.com\/fr\/wp-json\/wp\/v2\/product_brand?post=1098"},{"taxonomy":"product_cat","embeddable":true,"href":"https:\/\/delorenzoglobal.com\/fr\/wp-json\/wp\/v2\/product_cat?post=1098"},{"taxonomy":"product_tag","embeddable":true,"href":"https:\/\/delorenzoglobal.com\/fr\/wp-json\/wp\/v2\/product_tag?post=1098"}],"curies":[{"name":"wp","href":"https:\/\/api.w.org\/{rel}","templated":true}]}}