{"id":10977,"date":"2024-04-18T12:48:35","date_gmt":"2024-04-18T10:48:35","guid":{"rendered":"https:\/\/delorenzoglobal.com\/?post_type=product&#038;p=10977"},"modified":"2025-01-17T15:58:37","modified_gmt":"2025-01-17T14:58:37","slug":"hauteur-metacentrique","status":"publish","type":"product","link":"https:\/\/delorenzoglobal.com\/fr\/produit\/hauteur-metacentrique\/","title":{"rendered":"HAUTEUR METACENTRIQUE"},"content":{"rendered":"<p>Le principe d&rsquo;Archim\u00e8de indique que la force ascensionnelle exerc\u00e9e sur un corps immerg\u00e9 dans un fluide, totalement ou partiellement, est \u00e9gale au poids du fluide que le corps d\u00e9place.<\/p>\n<p>Ce d\u00e9monstrateur est destin\u00e9 \u00e0 l\u2019\u00e9tude et \u00e0 la d\u00e9termination de la hauteur m\u00e9tacentrique d\u2019un corps flottant, qui se comporte comme un navire.<\/p>\n<p>Le point d&rsquo;intersection entre l&rsquo;axe vertical et la ligne verticale partant du centre de la coque s&rsquo;appelle M\u00e9tacentre.<\/p>\n<p>La hauteur m\u00e9tacentrique est la distance entre le m\u00e9tacentre et le centre de gravit\u00e9 du corps flottant.<\/p>\n","protected":false},"excerpt":{"rendered":"<p>Le principe d&rsquo;Archim\u00e8de indique que la force ascensionnelle exerc\u00e9e sur un corps immerg\u00e9 dans un fluide, totalement ou partiellement, est \u00e9gale au poids du fluide que le corps d\u00e9place. Ce d\u00e9monstrateur est destin\u00e9 \u00e0 l\u2019\u00e9tude et \u00e0 la d\u00e9termination de la hauteur m\u00e9tacentrique d\u2019un corps flottant, qui se comporte comme un navire. Le point d&rsquo;intersection [&hellip;]<\/p>\n","protected":false},"featured_media":10970,"template":"","meta":{"_acf_changed":false},"product_brand":[],"product_cat":[428],"product_tag":[],"class_list":{"0":"post-10977","1":"product","2":"type-product","3":"status-publish","4":"has-post-thumbnail","6":"product_cat-fondamentaux-de-la-mecanique-des-fluides","8":"first","9":"instock","10":"shipping-taxable","11":"product-type-simple"},"acf":[],"yoast_head":"<!-- This site is optimized with the Yoast SEO plugin v27.4 - https:\/\/yoast.com\/product\/yoast-seo-wordpress\/ -->\n<title>HAUTEUR METACENTRIQUE - De Lorenzo Training &amp; Didactical Equipment<\/title>\n<meta name=\"robots\" content=\"index, follow, max-snippet:-1, max-image-preview:large, max-video-preview:-1\" \/>\n<link rel=\"canonical\" href=\"https:\/\/delorenzoglobal.com\/fr\/produit\/hauteur-metacentrique\/\" \/>\n<meta property=\"og:locale\" content=\"fr_FR\" \/>\n<meta property=\"og:type\" content=\"article\" \/>\n<meta property=\"og:title\" content=\"HAUTEUR METACENTRIQUE - De Lorenzo Training &amp; Didactical Equipment\" \/>\n<meta property=\"og:description\" content=\"Le principe d&rsquo;Archim\u00e8de indique que la force ascensionnelle exerc\u00e9e sur un corps immerg\u00e9 dans un fluide, totalement ou partiellement, est \u00e9gale au poids du fluide que le corps d\u00e9place. Ce d\u00e9monstrateur est destin\u00e9 \u00e0 l\u2019\u00e9tude et \u00e0 la d\u00e9termination de la hauteur m\u00e9tacentrique d\u2019un corps flottant, qui se comporte comme un navire. Le point d&rsquo;intersection [&hellip;]\" \/>\n<meta property=\"og:url\" content=\"https:\/\/delorenzoglobal.com\/fr\/produit\/hauteur-metacentrique\/\" \/>\n<meta property=\"og:site_name\" content=\"De Lorenzo Training &amp; Didactical Equipment\" \/>\n<meta property=\"article:modified_time\" content=\"2025-01-17T14:58:37+00:00\" \/>\n<meta property=\"og:image\" content=\"https:\/\/delorenzoglobal.com\/wp-content\/uploads\/2024\/04\/DL-DKL102.jpg\" \/>\n\t<meta property=\"og:image:width\" content=\"1518\" \/>\n\t<meta property=\"og:image:height\" content=\"2290\" \/>\n\t<meta property=\"og:image:type\" content=\"image\/jpeg\" \/>\n<meta name=\"twitter:card\" content=\"summary_large_image\" \/>\n<meta name=\"twitter:label1\" content=\"Dur\u00e9e de lecture estim\u00e9e\" \/>\n\t<meta name=\"twitter:data1\" content=\"1 minute\" \/>\n<script type=\"application\/ld+json\" class=\"yoast-schema-graph\">{\"@context\":\"https:\\\/\\\/schema.org\",\"@graph\":[{\"@type\":\"WebPage\",\"@id\":\"https:\\\/\\\/delorenzoglobal.com\\\/fr\\\/produit\\\/hauteur-metacentrique\\\/\",\"url\":\"https:\\\/\\\/delorenzoglobal.com\\\/fr\\\/produit\\\/hauteur-metacentrique\\\/\",\"name\":\"HAUTEUR METACENTRIQUE - De Lorenzo Training &amp; Didactical Equipment\",\"isPartOf\":{\"@id\":\"https:\\\/\\\/delorenzoglobal.com\\\/fr\\\/#website\"},\"primaryImageOfPage\":{\"@id\":\"https:\\\/\\\/delorenzoglobal.com\\\/fr\\\/produit\\\/hauteur-metacentrique\\\/#primaryimage\"},\"image\":{\"@id\":\"https:\\\/\\\/delorenzoglobal.com\\\/fr\\\/produit\\\/hauteur-metacentrique\\\/#primaryimage\"},\"thumbnailUrl\":\"https:\\\/\\\/delorenzoglobal.com\\\/wp-content\\\/uploads\\\/2024\\\/04\\\/DL-DKL102.jpg\",\"datePublished\":\"2024-04-18T10:48:35+00:00\",\"dateModified\":\"2025-01-17T14:58:37+00:00\",\"breadcrumb\":{\"@id\":\"https:\\\/\\\/delorenzoglobal.com\\\/fr\\\/produit\\\/hauteur-metacentrique\\\/#breadcrumb\"},\"inLanguage\":\"fr-FR\",\"potentialAction\":[{\"@type\":\"ReadAction\",\"target\":[\"https:\\\/\\\/delorenzoglobal.com\\\/fr\\\/produit\\\/hauteur-metacentrique\\\/\"]}]},{\"@type\":\"ImageObject\",\"inLanguage\":\"fr-FR\",\"@id\":\"https:\\\/\\\/delorenzoglobal.com\\\/fr\\\/produit\\\/hauteur-metacentrique\\\/#primaryimage\",\"url\":\"https:\\\/\\\/delorenzoglobal.com\\\/wp-content\\\/uploads\\\/2024\\\/04\\\/DL-DKL102.jpg\",\"contentUrl\":\"https:\\\/\\\/delorenzoglobal.com\\\/wp-content\\\/uploads\\\/2024\\\/04\\\/DL-DKL102.jpg\",\"width\":1518,\"height\":2290},{\"@type\":\"BreadcrumbList\",\"@id\":\"https:\\\/\\\/delorenzoglobal.com\\\/fr\\\/produit\\\/hauteur-metacentrique\\\/#breadcrumb\",\"itemListElement\":[{\"@type\":\"ListItem\",\"position\":1,\"name\":\"Home\",\"item\":\"https:\\\/\\\/delorenzoglobal.com\\\/fr\\\/\"},{\"@type\":\"ListItem\",\"position\":2,\"name\":\"Boutique\",\"item\":\"https:\\\/\\\/delorenzoglobal.com\\\/fr\\\/boutique\\\/\"},{\"@type\":\"ListItem\",\"position\":3,\"name\":\"HAUTEUR METACENTRIQUE\"}]},{\"@type\":\"WebSite\",\"@id\":\"https:\\\/\\\/delorenzoglobal.com\\\/fr\\\/#website\",\"url\":\"https:\\\/\\\/delorenzoglobal.com\\\/fr\\\/\",\"name\":\"De Lorenzo Training &amp; Didactical Equipment\",\"description\":\"\",\"potentialAction\":[{\"@type\":\"SearchAction\",\"target\":{\"@type\":\"EntryPoint\",\"urlTemplate\":\"https:\\\/\\\/delorenzoglobal.com\\\/fr\\\/?s={search_term_string}\"},\"query-input\":{\"@type\":\"PropertyValueSpecification\",\"valueRequired\":true,\"valueName\":\"search_term_string\"}}],\"inLanguage\":\"fr-FR\"}]}<\/script>\n<!-- \/ Yoast SEO plugin. -->","yoast_head_json":{"title":"HAUTEUR METACENTRIQUE - De Lorenzo Training &amp; Didactical Equipment","robots":{"index":"index","follow":"follow","max-snippet":"max-snippet:-1","max-image-preview":"max-image-preview:large","max-video-preview":"max-video-preview:-1"},"canonical":"https:\/\/delorenzoglobal.com\/fr\/produit\/hauteur-metacentrique\/","og_locale":"fr_FR","og_type":"article","og_title":"HAUTEUR METACENTRIQUE - De Lorenzo Training &amp; Didactical Equipment","og_description":"Le principe d&rsquo;Archim\u00e8de indique que la force ascensionnelle exerc\u00e9e sur un corps immerg\u00e9 dans un fluide, totalement ou partiellement, est \u00e9gale au poids du fluide que le corps d\u00e9place. Ce d\u00e9monstrateur est destin\u00e9 \u00e0 l\u2019\u00e9tude et \u00e0 la d\u00e9termination de la hauteur m\u00e9tacentrique d\u2019un corps flottant, qui se comporte comme un navire. Le point d&rsquo;intersection [&hellip;]","og_url":"https:\/\/delorenzoglobal.com\/fr\/produit\/hauteur-metacentrique\/","og_site_name":"De Lorenzo Training &amp; Didactical Equipment","article_modified_time":"2025-01-17T14:58:37+00:00","og_image":[{"width":1518,"height":2290,"url":"https:\/\/delorenzoglobal.com\/wp-content\/uploads\/2024\/04\/DL-DKL102.jpg","type":"image\/jpeg"}],"twitter_card":"summary_large_image","twitter_misc":{"Dur\u00e9e de lecture estim\u00e9e":"1 minute"},"schema":{"@context":"https:\/\/schema.org","@graph":[{"@type":"WebPage","@id":"https:\/\/delorenzoglobal.com\/fr\/produit\/hauteur-metacentrique\/","url":"https:\/\/delorenzoglobal.com\/fr\/produit\/hauteur-metacentrique\/","name":"HAUTEUR METACENTRIQUE - De Lorenzo Training &amp; Didactical Equipment","isPartOf":{"@id":"https:\/\/delorenzoglobal.com\/fr\/#website"},"primaryImageOfPage":{"@id":"https:\/\/delorenzoglobal.com\/fr\/produit\/hauteur-metacentrique\/#primaryimage"},"image":{"@id":"https:\/\/delorenzoglobal.com\/fr\/produit\/hauteur-metacentrique\/#primaryimage"},"thumbnailUrl":"https:\/\/delorenzoglobal.com\/wp-content\/uploads\/2024\/04\/DL-DKL102.jpg","datePublished":"2024-04-18T10:48:35+00:00","dateModified":"2025-01-17T14:58:37+00:00","breadcrumb":{"@id":"https:\/\/delorenzoglobal.com\/fr\/produit\/hauteur-metacentrique\/#breadcrumb"},"inLanguage":"fr-FR","potentialAction":[{"@type":"ReadAction","target":["https:\/\/delorenzoglobal.com\/fr\/produit\/hauteur-metacentrique\/"]}]},{"@type":"ImageObject","inLanguage":"fr-FR","@id":"https:\/\/delorenzoglobal.com\/fr\/produit\/hauteur-metacentrique\/#primaryimage","url":"https:\/\/delorenzoglobal.com\/wp-content\/uploads\/2024\/04\/DL-DKL102.jpg","contentUrl":"https:\/\/delorenzoglobal.com\/wp-content\/uploads\/2024\/04\/DL-DKL102.jpg","width":1518,"height":2290},{"@type":"BreadcrumbList","@id":"https:\/\/delorenzoglobal.com\/fr\/produit\/hauteur-metacentrique\/#breadcrumb","itemListElement":[{"@type":"ListItem","position":1,"name":"Home","item":"https:\/\/delorenzoglobal.com\/fr\/"},{"@type":"ListItem","position":2,"name":"Boutique","item":"https:\/\/delorenzoglobal.com\/fr\/boutique\/"},{"@type":"ListItem","position":3,"name":"HAUTEUR METACENTRIQUE"}]},{"@type":"WebSite","@id":"https:\/\/delorenzoglobal.com\/fr\/#website","url":"https:\/\/delorenzoglobal.com\/fr\/","name":"De Lorenzo Training &amp; Didactical Equipment","description":"","potentialAction":[{"@type":"SearchAction","target":{"@type":"EntryPoint","urlTemplate":"https:\/\/delorenzoglobal.com\/fr\/?s={search_term_string}"},"query-input":{"@type":"PropertyValueSpecification","valueRequired":true,"valueName":"search_term_string"}}],"inLanguage":"fr-FR"}]}},"_links":{"self":[{"href":"https:\/\/delorenzoglobal.com\/fr\/wp-json\/wp\/v2\/product\/10977","targetHints":{"allow":["GET"]}}],"collection":[{"href":"https:\/\/delorenzoglobal.com\/fr\/wp-json\/wp\/v2\/product"}],"about":[{"href":"https:\/\/delorenzoglobal.com\/fr\/wp-json\/wp\/v2\/types\/product"}],"wp:featuredmedia":[{"embeddable":true,"href":"https:\/\/delorenzoglobal.com\/fr\/wp-json\/wp\/v2\/media\/10970"}],"wp:attachment":[{"href":"https:\/\/delorenzoglobal.com\/fr\/wp-json\/wp\/v2\/media?parent=10977"}],"wp:term":[{"taxonomy":"product_brand","embeddable":true,"href":"https:\/\/delorenzoglobal.com\/fr\/wp-json\/wp\/v2\/product_brand?post=10977"},{"taxonomy":"product_cat","embeddable":true,"href":"https:\/\/delorenzoglobal.com\/fr\/wp-json\/wp\/v2\/product_cat?post=10977"},{"taxonomy":"product_tag","embeddable":true,"href":"https:\/\/delorenzoglobal.com\/fr\/wp-json\/wp\/v2\/product_tag?post=10977"}],"curies":[{"name":"wp","href":"https:\/\/api.w.org\/{rel}","templated":true}]}}