{"id":10947,"date":"2024-04-18T12:42:07","date_gmt":"2024-04-18T10:42:07","guid":{"rendered":"https:\/\/delorenzoglobal.com\/?post_type=product&#038;p=10947"},"modified":"2025-01-17T15:32:50","modified_gmt":"2025-01-17T14:32:50","slug":"pression-hydrostatique-sur-des-surfaces-submergees","status":"publish","type":"product","link":"https:\/\/delorenzoglobal.com\/fr\/produit\/pression-hydrostatique-sur-des-surfaces-submergees\/","title":{"rendered":"PRESSION HYDROSTATIQUE SUR DES SURFACES SUBMERGEES"},"content":{"rendered":"<p>L&rsquo;objectif de ce formateur est l&rsquo;\u00e9tude et le calcul de la pression agissant sur une surface immerg\u00e9e.<\/p>\n<p>C&rsquo;est un \u00e9quipement simple et compl\u00e8tement autonome qui peut \u00eatre dispos\u00e9 n&rsquo;importe o\u00f9 dans le laboratoire sans aucune installation n\u00e9cessaire.<\/p>\n<p>Des liquides de diff\u00e9rentes densit\u00e9s peuvent \u00eatre utilis\u00e9s pour d\u00e9terminer les diff\u00e9rentes forces exerc\u00e9es.<\/p>\n<p>C&rsquo;est un \u00e9quipement autonome avec la possibilit\u00e9 de d\u00e9terminer la pression exerc\u00e9e sur des surfaces plates et courbes.<\/p>\n<p>L&rsquo;angle de la surface peut \u00eatre modifi\u00e9 en fonction de l&rsquo;exp\u00e9rience requise.<\/p>\n","protected":false},"excerpt":{"rendered":"<p>L&rsquo;objectif de ce formateur est l&rsquo;\u00e9tude et le calcul de la pression agissant sur une surface immerg\u00e9e. C&rsquo;est un \u00e9quipement simple et compl\u00e8tement autonome qui peut \u00eatre dispos\u00e9 n&rsquo;importe o\u00f9 dans le laboratoire sans aucune installation n\u00e9cessaire. Des liquides de diff\u00e9rentes densit\u00e9s peuvent \u00eatre utilis\u00e9s pour d\u00e9terminer les diff\u00e9rentes forces exerc\u00e9es. C&rsquo;est un \u00e9quipement autonome [&hellip;]<\/p>\n","protected":false},"featured_media":10940,"template":"","meta":{"_acf_changed":false},"product_brand":[],"product_cat":[428],"product_tag":[],"class_list":{"0":"post-10947","1":"product","2":"type-product","3":"status-publish","4":"has-post-thumbnail","6":"product_cat-fondamentaux-de-la-mecanique-des-fluides","8":"first","9":"instock","10":"shipping-taxable","11":"product-type-simple"},"acf":[],"yoast_head":"<!-- This site is optimized with the Yoast SEO plugin v27.4 - https:\/\/yoast.com\/product\/yoast-seo-wordpress\/ -->\n<title>PRESSION HYDROSTATIQUE SUR DES SURFACES SUBMERGEES - De Lorenzo Training &amp; Didactical Equipment<\/title>\n<meta name=\"robots\" content=\"index, follow, max-snippet:-1, max-image-preview:large, max-video-preview:-1\" \/>\n<link rel=\"canonical\" href=\"https:\/\/delorenzoglobal.com\/fr\/produit\/pression-hydrostatique-sur-des-surfaces-submergees\/\" \/>\n<meta property=\"og:locale\" content=\"fr_FR\" \/>\n<meta property=\"og:type\" content=\"article\" \/>\n<meta property=\"og:title\" content=\"PRESSION HYDROSTATIQUE SUR DES SURFACES SUBMERGEES - De Lorenzo Training &amp; Didactical Equipment\" \/>\n<meta property=\"og:description\" content=\"L&rsquo;objectif de ce formateur est l&rsquo;\u00e9tude et le calcul de la pression agissant sur une surface immerg\u00e9e. C&rsquo;est un \u00e9quipement simple et compl\u00e8tement autonome qui peut \u00eatre dispos\u00e9 n&rsquo;importe o\u00f9 dans le laboratoire sans aucune installation n\u00e9cessaire. Des liquides de diff\u00e9rentes densit\u00e9s peuvent \u00eatre utilis\u00e9s pour d\u00e9terminer les diff\u00e9rentes forces exerc\u00e9es. C&rsquo;est un \u00e9quipement autonome [&hellip;]\" \/>\n<meta property=\"og:url\" content=\"https:\/\/delorenzoglobal.com\/fr\/produit\/pression-hydrostatique-sur-des-surfaces-submergees\/\" \/>\n<meta property=\"og:site_name\" content=\"De Lorenzo Training &amp; Didactical Equipment\" \/>\n<meta property=\"article:modified_time\" content=\"2025-01-17T14:32:50+00:00\" \/>\n<meta property=\"og:image\" content=\"https:\/\/delorenzoglobal.com\/wp-content\/uploads\/2024\/04\/DL-DKL101-scaled.jpg\" \/>\n\t<meta property=\"og:image:width\" content=\"2560\" \/>\n\t<meta property=\"og:image:height\" content=\"1920\" \/>\n\t<meta property=\"og:image:type\" content=\"image\/jpeg\" \/>\n<meta name=\"twitter:card\" content=\"summary_large_image\" \/>\n<meta name=\"twitter:label1\" content=\"Dur\u00e9e de lecture estim\u00e9e\" \/>\n\t<meta name=\"twitter:data1\" content=\"1 minute\" \/>\n<script type=\"application\/ld+json\" class=\"yoast-schema-graph\">{\"@context\":\"https:\\\/\\\/schema.org\",\"@graph\":[{\"@type\":\"WebPage\",\"@id\":\"https:\\\/\\\/delorenzoglobal.com\\\/fr\\\/produit\\\/pression-hydrostatique-sur-des-surfaces-submergees\\\/\",\"url\":\"https:\\\/\\\/delorenzoglobal.com\\\/fr\\\/produit\\\/pression-hydrostatique-sur-des-surfaces-submergees\\\/\",\"name\":\"PRESSION HYDROSTATIQUE SUR DES SURFACES SUBMERGEES - De Lorenzo Training &amp; Didactical Equipment\",\"isPartOf\":{\"@id\":\"https:\\\/\\\/delorenzoglobal.com\\\/fr\\\/#website\"},\"primaryImageOfPage\":{\"@id\":\"https:\\\/\\\/delorenzoglobal.com\\\/fr\\\/produit\\\/pression-hydrostatique-sur-des-surfaces-submergees\\\/#primaryimage\"},\"image\":{\"@id\":\"https:\\\/\\\/delorenzoglobal.com\\\/fr\\\/produit\\\/pression-hydrostatique-sur-des-surfaces-submergees\\\/#primaryimage\"},\"thumbnailUrl\":\"https:\\\/\\\/delorenzoglobal.com\\\/wp-content\\\/uploads\\\/2024\\\/04\\\/DL-DKL101-scaled.jpg\",\"datePublished\":\"2024-04-18T10:42:07+00:00\",\"dateModified\":\"2025-01-17T14:32:50+00:00\",\"breadcrumb\":{\"@id\":\"https:\\\/\\\/delorenzoglobal.com\\\/fr\\\/produit\\\/pression-hydrostatique-sur-des-surfaces-submergees\\\/#breadcrumb\"},\"inLanguage\":\"fr-FR\",\"potentialAction\":[{\"@type\":\"ReadAction\",\"target\":[\"https:\\\/\\\/delorenzoglobal.com\\\/fr\\\/produit\\\/pression-hydrostatique-sur-des-surfaces-submergees\\\/\"]}]},{\"@type\":\"ImageObject\",\"inLanguage\":\"fr-FR\",\"@id\":\"https:\\\/\\\/delorenzoglobal.com\\\/fr\\\/produit\\\/pression-hydrostatique-sur-des-surfaces-submergees\\\/#primaryimage\",\"url\":\"https:\\\/\\\/delorenzoglobal.com\\\/wp-content\\\/uploads\\\/2024\\\/04\\\/DL-DKL101-scaled.jpg\",\"contentUrl\":\"https:\\\/\\\/delorenzoglobal.com\\\/wp-content\\\/uploads\\\/2024\\\/04\\\/DL-DKL101-scaled.jpg\",\"width\":2560,\"height\":1920},{\"@type\":\"BreadcrumbList\",\"@id\":\"https:\\\/\\\/delorenzoglobal.com\\\/fr\\\/produit\\\/pression-hydrostatique-sur-des-surfaces-submergees\\\/#breadcrumb\",\"itemListElement\":[{\"@type\":\"ListItem\",\"position\":1,\"name\":\"Home\",\"item\":\"https:\\\/\\\/delorenzoglobal.com\\\/fr\\\/\"},{\"@type\":\"ListItem\",\"position\":2,\"name\":\"Boutique\",\"item\":\"https:\\\/\\\/delorenzoglobal.com\\\/fr\\\/boutique\\\/\"},{\"@type\":\"ListItem\",\"position\":3,\"name\":\"PRESSION HYDROSTATIQUE SUR DES SURFACES SUBMERGEES\"}]},{\"@type\":\"WebSite\",\"@id\":\"https:\\\/\\\/delorenzoglobal.com\\\/fr\\\/#website\",\"url\":\"https:\\\/\\\/delorenzoglobal.com\\\/fr\\\/\",\"name\":\"De Lorenzo Training &amp; Didactical Equipment\",\"description\":\"\",\"potentialAction\":[{\"@type\":\"SearchAction\",\"target\":{\"@type\":\"EntryPoint\",\"urlTemplate\":\"https:\\\/\\\/delorenzoglobal.com\\\/fr\\\/?s={search_term_string}\"},\"query-input\":{\"@type\":\"PropertyValueSpecification\",\"valueRequired\":true,\"valueName\":\"search_term_string\"}}],\"inLanguage\":\"fr-FR\"}]}<\/script>\n<!-- \/ Yoast SEO plugin. -->","yoast_head_json":{"title":"PRESSION HYDROSTATIQUE SUR DES SURFACES SUBMERGEES - De Lorenzo Training &amp; Didactical Equipment","robots":{"index":"index","follow":"follow","max-snippet":"max-snippet:-1","max-image-preview":"max-image-preview:large","max-video-preview":"max-video-preview:-1"},"canonical":"https:\/\/delorenzoglobal.com\/fr\/produit\/pression-hydrostatique-sur-des-surfaces-submergees\/","og_locale":"fr_FR","og_type":"article","og_title":"PRESSION HYDROSTATIQUE SUR DES SURFACES SUBMERGEES - De Lorenzo Training &amp; Didactical Equipment","og_description":"L&rsquo;objectif de ce formateur est l&rsquo;\u00e9tude et le calcul de la pression agissant sur une surface immerg\u00e9e. C&rsquo;est un \u00e9quipement simple et compl\u00e8tement autonome qui peut \u00eatre dispos\u00e9 n&rsquo;importe o\u00f9 dans le laboratoire sans aucune installation n\u00e9cessaire. Des liquides de diff\u00e9rentes densit\u00e9s peuvent \u00eatre utilis\u00e9s pour d\u00e9terminer les diff\u00e9rentes forces exerc\u00e9es. C&rsquo;est un \u00e9quipement autonome [&hellip;]","og_url":"https:\/\/delorenzoglobal.com\/fr\/produit\/pression-hydrostatique-sur-des-surfaces-submergees\/","og_site_name":"De Lorenzo Training &amp; Didactical Equipment","article_modified_time":"2025-01-17T14:32:50+00:00","og_image":[{"width":2560,"height":1920,"url":"https:\/\/delorenzoglobal.com\/wp-content\/uploads\/2024\/04\/DL-DKL101-scaled.jpg","type":"image\/jpeg"}],"twitter_card":"summary_large_image","twitter_misc":{"Dur\u00e9e de lecture estim\u00e9e":"1 minute"},"schema":{"@context":"https:\/\/schema.org","@graph":[{"@type":"WebPage","@id":"https:\/\/delorenzoglobal.com\/fr\/produit\/pression-hydrostatique-sur-des-surfaces-submergees\/","url":"https:\/\/delorenzoglobal.com\/fr\/produit\/pression-hydrostatique-sur-des-surfaces-submergees\/","name":"PRESSION HYDROSTATIQUE SUR DES SURFACES SUBMERGEES - De Lorenzo Training &amp; Didactical Equipment","isPartOf":{"@id":"https:\/\/delorenzoglobal.com\/fr\/#website"},"primaryImageOfPage":{"@id":"https:\/\/delorenzoglobal.com\/fr\/produit\/pression-hydrostatique-sur-des-surfaces-submergees\/#primaryimage"},"image":{"@id":"https:\/\/delorenzoglobal.com\/fr\/produit\/pression-hydrostatique-sur-des-surfaces-submergees\/#primaryimage"},"thumbnailUrl":"https:\/\/delorenzoglobal.com\/wp-content\/uploads\/2024\/04\/DL-DKL101-scaled.jpg","datePublished":"2024-04-18T10:42:07+00:00","dateModified":"2025-01-17T14:32:50+00:00","breadcrumb":{"@id":"https:\/\/delorenzoglobal.com\/fr\/produit\/pression-hydrostatique-sur-des-surfaces-submergees\/#breadcrumb"},"inLanguage":"fr-FR","potentialAction":[{"@type":"ReadAction","target":["https:\/\/delorenzoglobal.com\/fr\/produit\/pression-hydrostatique-sur-des-surfaces-submergees\/"]}]},{"@type":"ImageObject","inLanguage":"fr-FR","@id":"https:\/\/delorenzoglobal.com\/fr\/produit\/pression-hydrostatique-sur-des-surfaces-submergees\/#primaryimage","url":"https:\/\/delorenzoglobal.com\/wp-content\/uploads\/2024\/04\/DL-DKL101-scaled.jpg","contentUrl":"https:\/\/delorenzoglobal.com\/wp-content\/uploads\/2024\/04\/DL-DKL101-scaled.jpg","width":2560,"height":1920},{"@type":"BreadcrumbList","@id":"https:\/\/delorenzoglobal.com\/fr\/produit\/pression-hydrostatique-sur-des-surfaces-submergees\/#breadcrumb","itemListElement":[{"@type":"ListItem","position":1,"name":"Home","item":"https:\/\/delorenzoglobal.com\/fr\/"},{"@type":"ListItem","position":2,"name":"Boutique","item":"https:\/\/delorenzoglobal.com\/fr\/boutique\/"},{"@type":"ListItem","position":3,"name":"PRESSION HYDROSTATIQUE SUR DES SURFACES SUBMERGEES"}]},{"@type":"WebSite","@id":"https:\/\/delorenzoglobal.com\/fr\/#website","url":"https:\/\/delorenzoglobal.com\/fr\/","name":"De Lorenzo Training &amp; Didactical Equipment","description":"","potentialAction":[{"@type":"SearchAction","target":{"@type":"EntryPoint","urlTemplate":"https:\/\/delorenzoglobal.com\/fr\/?s={search_term_string}"},"query-input":{"@type":"PropertyValueSpecification","valueRequired":true,"valueName":"search_term_string"}}],"inLanguage":"fr-FR"}]}},"_links":{"self":[{"href":"https:\/\/delorenzoglobal.com\/fr\/wp-json\/wp\/v2\/product\/10947","targetHints":{"allow":["GET"]}}],"collection":[{"href":"https:\/\/delorenzoglobal.com\/fr\/wp-json\/wp\/v2\/product"}],"about":[{"href":"https:\/\/delorenzoglobal.com\/fr\/wp-json\/wp\/v2\/types\/product"}],"wp:featuredmedia":[{"embeddable":true,"href":"https:\/\/delorenzoglobal.com\/fr\/wp-json\/wp\/v2\/media\/10940"}],"wp:attachment":[{"href":"https:\/\/delorenzoglobal.com\/fr\/wp-json\/wp\/v2\/media?parent=10947"}],"wp:term":[{"taxonomy":"product_brand","embeddable":true,"href":"https:\/\/delorenzoglobal.com\/fr\/wp-json\/wp\/v2\/product_brand?post=10947"},{"taxonomy":"product_cat","embeddable":true,"href":"https:\/\/delorenzoglobal.com\/fr\/wp-json\/wp\/v2\/product_cat?post=10947"},{"taxonomy":"product_tag","embeddable":true,"href":"https:\/\/delorenzoglobal.com\/fr\/wp-json\/wp\/v2\/product_tag?post=10947"}],"curies":[{"name":"wp","href":"https:\/\/api.w.org\/{rel}","templated":true}]}}