{"id":10901,"date":"2024-04-18T12:31:02","date_gmt":"2024-04-18T10:31:02","guid":{"rendered":"https:\/\/delorenzoglobal.com\/?post_type=product&#038;p=10901"},"modified":"2025-01-17T14:38:49","modified_gmt":"2025-01-17T13:38:49","slug":"bernoullis-theorem-demonstration","status":"publish","type":"product","link":"https:\/\/delorenzoglobal.com\/fr\/produit\/bernoullis-theorem-demonstration\/","title":{"rendered":"D\u00c9MONSTRATION DU TH\u00c9OR\u00c8ME DE BERNOULLI"},"content":{"rendered":"<p>Le formateur est un \u00e9quipement simple pour \u00e9tudier l&rsquo;\u00e9quation de Bernoulli et sa d\u00e9monstration.<\/p>\n<p>Il est \u00e9quip\u00e9 d&rsquo;un manom\u00e8tre compos\u00e9 de plusieurs tubes, dans lequel il est possible d&rsquo;effectuer simultan\u00e9ment des relev\u00e9s de pression le long du tuyau.<\/p>\n<p>Le raccordement au banc hydraulique (non fourni) est effectu\u00e9 par un raccord \u00e0 vis et aucun outil n&rsquo;est n\u00e9cessaire.<\/p>\n<p>Des raccords rapides non \u00e9tanches sont disponibles pour connecter les manom\u00e8tres.<\/p>\n","protected":false},"excerpt":{"rendered":"<p>Le formateur est un \u00e9quipement simple pour \u00e9tudier l&rsquo;\u00e9quation de Bernoulli et sa d\u00e9monstration. Il est \u00e9quip\u00e9 d&rsquo;un manom\u00e8tre compos\u00e9 de plusieurs tubes, dans lequel il est possible d&rsquo;effectuer simultan\u00e9ment des relev\u00e9s de pression le long du tuyau. Le raccordement au banc hydraulique (non fourni) est effectu\u00e9 par un raccord \u00e0 vis et aucun outil [&hellip;]<\/p>\n","protected":false},"featured_media":10894,"template":"","meta":{"_acf_changed":false},"product_brand":[],"product_cat":[428],"product_tag":[],"class_list":{"0":"post-10901","1":"product","2":"type-product","3":"status-publish","4":"has-post-thumbnail","6":"product_cat-fondamentaux-de-la-mecanique-des-fluides","8":"first","9":"instock","10":"shipping-taxable","11":"product-type-simple"},"acf":[],"yoast_head":"<!-- This site is optimized with the Yoast SEO plugin v27.4 - https:\/\/yoast.com\/product\/yoast-seo-wordpress\/ -->\n<title>D\u00c9MONSTRATION DU TH\u00c9OR\u00c8ME DE BERNOULLI - De Lorenzo Training &amp; Didactical Equipment<\/title>\n<meta name=\"robots\" content=\"index, follow, max-snippet:-1, max-image-preview:large, max-video-preview:-1\" \/>\n<link rel=\"canonical\" href=\"https:\/\/delorenzoglobal.com\/fr\/produit\/bernoullis-theorem-demonstration\/\" \/>\n<meta property=\"og:locale\" content=\"fr_FR\" \/>\n<meta property=\"og:type\" content=\"article\" \/>\n<meta property=\"og:title\" content=\"D\u00c9MONSTRATION DU TH\u00c9OR\u00c8ME DE BERNOULLI - De Lorenzo Training &amp; Didactical Equipment\" \/>\n<meta property=\"og:description\" content=\"Le formateur est un \u00e9quipement simple pour \u00e9tudier l&rsquo;\u00e9quation de Bernoulli et sa d\u00e9monstration. Il est \u00e9quip\u00e9 d&rsquo;un manom\u00e8tre compos\u00e9 de plusieurs tubes, dans lequel il est possible d&rsquo;effectuer simultan\u00e9ment des relev\u00e9s de pression le long du tuyau. Le raccordement au banc hydraulique (non fourni) est effectu\u00e9 par un raccord \u00e0 vis et aucun outil [&hellip;]\" \/>\n<meta property=\"og:url\" content=\"https:\/\/delorenzoglobal.com\/fr\/produit\/bernoullis-theorem-demonstration\/\" \/>\n<meta property=\"og:site_name\" content=\"De Lorenzo Training &amp; Didactical Equipment\" \/>\n<meta property=\"article:modified_time\" content=\"2025-01-17T13:38:49+00:00\" \/>\n<meta property=\"og:image\" content=\"https:\/\/delorenzoglobal.com\/wp-content\/uploads\/2024\/04\/DL-DKL062-scaled.jpg\" \/>\n\t<meta property=\"og:image:width\" content=\"2560\" \/>\n\t<meta property=\"og:image:height\" content=\"2465\" \/>\n\t<meta property=\"og:image:type\" content=\"image\/jpeg\" \/>\n<meta name=\"twitter:card\" content=\"summary_large_image\" \/>\n<meta name=\"twitter:label1\" content=\"Dur\u00e9e de lecture estim\u00e9e\" \/>\n\t<meta name=\"twitter:data1\" content=\"1 minute\" \/>\n<script type=\"application\/ld+json\" class=\"yoast-schema-graph\">{\"@context\":\"https:\\\/\\\/schema.org\",\"@graph\":[{\"@type\":\"WebPage\",\"@id\":\"https:\\\/\\\/delorenzoglobal.com\\\/fr\\\/produit\\\/bernoullis-theorem-demonstration\\\/\",\"url\":\"https:\\\/\\\/delorenzoglobal.com\\\/fr\\\/produit\\\/bernoullis-theorem-demonstration\\\/\",\"name\":\"D\u00c9MONSTRATION DU TH\u00c9OR\u00c8ME DE BERNOULLI - De Lorenzo Training &amp; Didactical Equipment\",\"isPartOf\":{\"@id\":\"https:\\\/\\\/delorenzoglobal.com\\\/fr\\\/#website\"},\"primaryImageOfPage\":{\"@id\":\"https:\\\/\\\/delorenzoglobal.com\\\/fr\\\/produit\\\/bernoullis-theorem-demonstration\\\/#primaryimage\"},\"image\":{\"@id\":\"https:\\\/\\\/delorenzoglobal.com\\\/fr\\\/produit\\\/bernoullis-theorem-demonstration\\\/#primaryimage\"},\"thumbnailUrl\":\"https:\\\/\\\/delorenzoglobal.com\\\/wp-content\\\/uploads\\\/2024\\\/04\\\/DL-DKL062-scaled.jpg\",\"datePublished\":\"2024-04-18T10:31:02+00:00\",\"dateModified\":\"2025-01-17T13:38:49+00:00\",\"breadcrumb\":{\"@id\":\"https:\\\/\\\/delorenzoglobal.com\\\/fr\\\/produit\\\/bernoullis-theorem-demonstration\\\/#breadcrumb\"},\"inLanguage\":\"fr-FR\",\"potentialAction\":[{\"@type\":\"ReadAction\",\"target\":[\"https:\\\/\\\/delorenzoglobal.com\\\/fr\\\/produit\\\/bernoullis-theorem-demonstration\\\/\"]}]},{\"@type\":\"ImageObject\",\"inLanguage\":\"fr-FR\",\"@id\":\"https:\\\/\\\/delorenzoglobal.com\\\/fr\\\/produit\\\/bernoullis-theorem-demonstration\\\/#primaryimage\",\"url\":\"https:\\\/\\\/delorenzoglobal.com\\\/wp-content\\\/uploads\\\/2024\\\/04\\\/DL-DKL062-scaled.jpg\",\"contentUrl\":\"https:\\\/\\\/delorenzoglobal.com\\\/wp-content\\\/uploads\\\/2024\\\/04\\\/DL-DKL062-scaled.jpg\",\"width\":2560,\"height\":2465},{\"@type\":\"BreadcrumbList\",\"@id\":\"https:\\\/\\\/delorenzoglobal.com\\\/fr\\\/produit\\\/bernoullis-theorem-demonstration\\\/#breadcrumb\",\"itemListElement\":[{\"@type\":\"ListItem\",\"position\":1,\"name\":\"Home\",\"item\":\"https:\\\/\\\/delorenzoglobal.com\\\/fr\\\/\"},{\"@type\":\"ListItem\",\"position\":2,\"name\":\"Boutique\",\"item\":\"https:\\\/\\\/delorenzoglobal.com\\\/fr\\\/boutique\\\/\"},{\"@type\":\"ListItem\",\"position\":3,\"name\":\"D\u00c9MONSTRATION DU TH\u00c9OR\u00c8ME DE BERNOULLI\"}]},{\"@type\":\"WebSite\",\"@id\":\"https:\\\/\\\/delorenzoglobal.com\\\/fr\\\/#website\",\"url\":\"https:\\\/\\\/delorenzoglobal.com\\\/fr\\\/\",\"name\":\"De Lorenzo Training &amp; Didactical Equipment\",\"description\":\"\",\"potentialAction\":[{\"@type\":\"SearchAction\",\"target\":{\"@type\":\"EntryPoint\",\"urlTemplate\":\"https:\\\/\\\/delorenzoglobal.com\\\/fr\\\/?s={search_term_string}\"},\"query-input\":{\"@type\":\"PropertyValueSpecification\",\"valueRequired\":true,\"valueName\":\"search_term_string\"}}],\"inLanguage\":\"fr-FR\"}]}<\/script>\n<!-- \/ Yoast SEO plugin. -->","yoast_head_json":{"title":"D\u00c9MONSTRATION DU TH\u00c9OR\u00c8ME DE BERNOULLI - De Lorenzo Training &amp; Didactical Equipment","robots":{"index":"index","follow":"follow","max-snippet":"max-snippet:-1","max-image-preview":"max-image-preview:large","max-video-preview":"max-video-preview:-1"},"canonical":"https:\/\/delorenzoglobal.com\/fr\/produit\/bernoullis-theorem-demonstration\/","og_locale":"fr_FR","og_type":"article","og_title":"D\u00c9MONSTRATION DU TH\u00c9OR\u00c8ME DE BERNOULLI - De Lorenzo Training &amp; Didactical Equipment","og_description":"Le formateur est un \u00e9quipement simple pour \u00e9tudier l&rsquo;\u00e9quation de Bernoulli et sa d\u00e9monstration. Il est \u00e9quip\u00e9 d&rsquo;un manom\u00e8tre compos\u00e9 de plusieurs tubes, dans lequel il est possible d&rsquo;effectuer simultan\u00e9ment des relev\u00e9s de pression le long du tuyau. Le raccordement au banc hydraulique (non fourni) est effectu\u00e9 par un raccord \u00e0 vis et aucun outil [&hellip;]","og_url":"https:\/\/delorenzoglobal.com\/fr\/produit\/bernoullis-theorem-demonstration\/","og_site_name":"De Lorenzo Training &amp; Didactical Equipment","article_modified_time":"2025-01-17T13:38:49+00:00","og_image":[{"width":2560,"height":2465,"url":"https:\/\/delorenzoglobal.com\/wp-content\/uploads\/2024\/04\/DL-DKL062-scaled.jpg","type":"image\/jpeg"}],"twitter_card":"summary_large_image","twitter_misc":{"Dur\u00e9e de lecture estim\u00e9e":"1 minute"},"schema":{"@context":"https:\/\/schema.org","@graph":[{"@type":"WebPage","@id":"https:\/\/delorenzoglobal.com\/fr\/produit\/bernoullis-theorem-demonstration\/","url":"https:\/\/delorenzoglobal.com\/fr\/produit\/bernoullis-theorem-demonstration\/","name":"D\u00c9MONSTRATION DU TH\u00c9OR\u00c8ME DE BERNOULLI - De Lorenzo Training &amp; Didactical Equipment","isPartOf":{"@id":"https:\/\/delorenzoglobal.com\/fr\/#website"},"primaryImageOfPage":{"@id":"https:\/\/delorenzoglobal.com\/fr\/produit\/bernoullis-theorem-demonstration\/#primaryimage"},"image":{"@id":"https:\/\/delorenzoglobal.com\/fr\/produit\/bernoullis-theorem-demonstration\/#primaryimage"},"thumbnailUrl":"https:\/\/delorenzoglobal.com\/wp-content\/uploads\/2024\/04\/DL-DKL062-scaled.jpg","datePublished":"2024-04-18T10:31:02+00:00","dateModified":"2025-01-17T13:38:49+00:00","breadcrumb":{"@id":"https:\/\/delorenzoglobal.com\/fr\/produit\/bernoullis-theorem-demonstration\/#breadcrumb"},"inLanguage":"fr-FR","potentialAction":[{"@type":"ReadAction","target":["https:\/\/delorenzoglobal.com\/fr\/produit\/bernoullis-theorem-demonstration\/"]}]},{"@type":"ImageObject","inLanguage":"fr-FR","@id":"https:\/\/delorenzoglobal.com\/fr\/produit\/bernoullis-theorem-demonstration\/#primaryimage","url":"https:\/\/delorenzoglobal.com\/wp-content\/uploads\/2024\/04\/DL-DKL062-scaled.jpg","contentUrl":"https:\/\/delorenzoglobal.com\/wp-content\/uploads\/2024\/04\/DL-DKL062-scaled.jpg","width":2560,"height":2465},{"@type":"BreadcrumbList","@id":"https:\/\/delorenzoglobal.com\/fr\/produit\/bernoullis-theorem-demonstration\/#breadcrumb","itemListElement":[{"@type":"ListItem","position":1,"name":"Home","item":"https:\/\/delorenzoglobal.com\/fr\/"},{"@type":"ListItem","position":2,"name":"Boutique","item":"https:\/\/delorenzoglobal.com\/fr\/boutique\/"},{"@type":"ListItem","position":3,"name":"D\u00c9MONSTRATION DU TH\u00c9OR\u00c8ME DE BERNOULLI"}]},{"@type":"WebSite","@id":"https:\/\/delorenzoglobal.com\/fr\/#website","url":"https:\/\/delorenzoglobal.com\/fr\/","name":"De Lorenzo Training &amp; Didactical Equipment","description":"","potentialAction":[{"@type":"SearchAction","target":{"@type":"EntryPoint","urlTemplate":"https:\/\/delorenzoglobal.com\/fr\/?s={search_term_string}"},"query-input":{"@type":"PropertyValueSpecification","valueRequired":true,"valueName":"search_term_string"}}],"inLanguage":"fr-FR"}]}},"_links":{"self":[{"href":"https:\/\/delorenzoglobal.com\/fr\/wp-json\/wp\/v2\/product\/10901","targetHints":{"allow":["GET"]}}],"collection":[{"href":"https:\/\/delorenzoglobal.com\/fr\/wp-json\/wp\/v2\/product"}],"about":[{"href":"https:\/\/delorenzoglobal.com\/fr\/wp-json\/wp\/v2\/types\/product"}],"wp:featuredmedia":[{"embeddable":true,"href":"https:\/\/delorenzoglobal.com\/fr\/wp-json\/wp\/v2\/media\/10894"}],"wp:attachment":[{"href":"https:\/\/delorenzoglobal.com\/fr\/wp-json\/wp\/v2\/media?parent=10901"}],"wp:term":[{"taxonomy":"product_brand","embeddable":true,"href":"https:\/\/delorenzoglobal.com\/fr\/wp-json\/wp\/v2\/product_brand?post=10901"},{"taxonomy":"product_cat","embeddable":true,"href":"https:\/\/delorenzoglobal.com\/fr\/wp-json\/wp\/v2\/product_cat?post=10901"},{"taxonomy":"product_tag","embeddable":true,"href":"https:\/\/delorenzoglobal.com\/fr\/wp-json\/wp\/v2\/product_tag?post=10901"}],"curies":[{"name":"wp","href":"https:\/\/api.w.org\/{rel}","templated":true}]}}