{"id":10871,"date":"2024-04-18T12:23:27","date_gmt":"2024-04-18T10:23:27","guid":{"rendered":"https:\/\/delorenzoglobal.com\/?post_type=product&#038;p=10871"},"modified":"2025-01-17T13:57:41","modified_gmt":"2025-01-17T12:57:41","slug":"effet-venturi-bernoulli-et-cavitation","status":"publish","type":"product","link":"https:\/\/delorenzoglobal.com\/fr\/produit\/effet-venturi-bernoulli-et-cavitation\/","title":{"rendered":"EFFET VENTURI, BERNOULLI ET CAVITATION"},"content":{"rendered":"<p>Les objectifs de ces exp\u00e9riences sont l&rsquo;\u00e9tude de l&rsquo;effet Venturi, de la conception du th\u00e9or\u00e8me de Venturi, \u00e0 l&rsquo;observation et aux utilisations pratiques.<\/p>\n<p>Les applications se font dans l&rsquo;industrie, l&rsquo;agriculture, les loisirs, etc.<\/p>\n<p>Un autre objectif \u00e0 \u00e9tudier est le ph\u00e9nom\u00e8ne de cavitation, il est \u00e9galement possible de modifier les conditions de pression dans le r\u00e9servoir d&rsquo;entr\u00e9e et, par cons\u00e9quent, il est possible d&rsquo;\u00e9tudier diff\u00e9rents d\u00e9bits et pressions.<\/p>\n","protected":false},"excerpt":{"rendered":"<p>Les objectifs de ces exp\u00e9riences sont l&rsquo;\u00e9tude de l&rsquo;effet Venturi, de la conception du th\u00e9or\u00e8me de Venturi, \u00e0 l&rsquo;observation et aux utilisations pratiques. Les applications se font dans l&rsquo;industrie, l&rsquo;agriculture, les loisirs, etc. Un autre objectif \u00e0 \u00e9tudier est le ph\u00e9nom\u00e8ne de cavitation, il est \u00e9galement possible de modifier les conditions de pression dans le [&hellip;]<\/p>\n","protected":false},"featured_media":19712,"template":"","meta":{"_acf_changed":false},"product_brand":[],"product_cat":[428],"product_tag":[],"class_list":{"0":"post-10871","1":"product","2":"type-product","3":"status-publish","4":"has-post-thumbnail","6":"product_cat-fondamentaux-de-la-mecanique-des-fluides","8":"first","9":"instock","10":"shipping-taxable","11":"product-type-simple"},"acf":[],"yoast_head":"<!-- This site is optimized with the Yoast SEO plugin v27.4 - https:\/\/yoast.com\/product\/yoast-seo-wordpress\/ -->\n<title>EFFET VENTURI, BERNOULLI ET CAVITATION - De Lorenzo Training &amp; Didactical Equipment<\/title>\n<meta name=\"robots\" content=\"index, follow, max-snippet:-1, max-image-preview:large, max-video-preview:-1\" \/>\n<link rel=\"canonical\" href=\"https:\/\/delorenzoglobal.com\/fr\/produit\/effet-venturi-bernoulli-et-cavitation\/\" \/>\n<meta property=\"og:locale\" content=\"fr_FR\" \/>\n<meta property=\"og:type\" content=\"article\" \/>\n<meta property=\"og:title\" content=\"EFFET VENTURI, BERNOULLI ET CAVITATION - De Lorenzo Training &amp; Didactical Equipment\" \/>\n<meta property=\"og:description\" content=\"Les objectifs de ces exp\u00e9riences sont l&rsquo;\u00e9tude de l&rsquo;effet Venturi, de la conception du th\u00e9or\u00e8me de Venturi, \u00e0 l&rsquo;observation et aux utilisations pratiques. Les applications se font dans l&rsquo;industrie, l&rsquo;agriculture, les loisirs, etc. Un autre objectif \u00e0 \u00e9tudier est le ph\u00e9nom\u00e8ne de cavitation, il est \u00e9galement possible de modifier les conditions de pression dans le [&hellip;]\" \/>\n<meta property=\"og:url\" content=\"https:\/\/delorenzoglobal.com\/fr\/produit\/effet-venturi-bernoulli-et-cavitation\/\" \/>\n<meta property=\"og:site_name\" content=\"De Lorenzo Training &amp; Didactical Equipment\" \/>\n<meta property=\"article:modified_time\" content=\"2025-01-17T12:57:41+00:00\" \/>\n<meta property=\"og:image\" content=\"https:\/\/delorenzoglobal.com\/wp-content\/uploads\/2024\/04\/DL-DKL061-xs.jpg\" \/>\n\t<meta property=\"og:image:width\" content=\"1030\" \/>\n\t<meta property=\"og:image:height\" content=\"906\" \/>\n\t<meta property=\"og:image:type\" content=\"image\/jpeg\" \/>\n<meta name=\"twitter:card\" content=\"summary_large_image\" \/>\n<meta name=\"twitter:label1\" content=\"Dur\u00e9e de lecture estim\u00e9e\" \/>\n\t<meta name=\"twitter:data1\" content=\"1 minute\" \/>\n<script type=\"application\/ld+json\" class=\"yoast-schema-graph\">{\"@context\":\"https:\\\/\\\/schema.org\",\"@graph\":[{\"@type\":\"WebPage\",\"@id\":\"https:\\\/\\\/delorenzoglobal.com\\\/fr\\\/produit\\\/effet-venturi-bernoulli-et-cavitation\\\/\",\"url\":\"https:\\\/\\\/delorenzoglobal.com\\\/fr\\\/produit\\\/effet-venturi-bernoulli-et-cavitation\\\/\",\"name\":\"EFFET VENTURI, BERNOULLI ET CAVITATION - De Lorenzo Training &amp; Didactical Equipment\",\"isPartOf\":{\"@id\":\"https:\\\/\\\/delorenzoglobal.com\\\/fr\\\/#website\"},\"primaryImageOfPage\":{\"@id\":\"https:\\\/\\\/delorenzoglobal.com\\\/fr\\\/produit\\\/effet-venturi-bernoulli-et-cavitation\\\/#primaryimage\"},\"image\":{\"@id\":\"https:\\\/\\\/delorenzoglobal.com\\\/fr\\\/produit\\\/effet-venturi-bernoulli-et-cavitation\\\/#primaryimage\"},\"thumbnailUrl\":\"https:\\\/\\\/delorenzoglobal.com\\\/wp-content\\\/uploads\\\/2024\\\/04\\\/DL-DKL061-xs.jpg\",\"datePublished\":\"2024-04-18T10:23:27+00:00\",\"dateModified\":\"2025-01-17T12:57:41+00:00\",\"breadcrumb\":{\"@id\":\"https:\\\/\\\/delorenzoglobal.com\\\/fr\\\/produit\\\/effet-venturi-bernoulli-et-cavitation\\\/#breadcrumb\"},\"inLanguage\":\"fr-FR\",\"potentialAction\":[{\"@type\":\"ReadAction\",\"target\":[\"https:\\\/\\\/delorenzoglobal.com\\\/fr\\\/produit\\\/effet-venturi-bernoulli-et-cavitation\\\/\"]}]},{\"@type\":\"ImageObject\",\"inLanguage\":\"fr-FR\",\"@id\":\"https:\\\/\\\/delorenzoglobal.com\\\/fr\\\/produit\\\/effet-venturi-bernoulli-et-cavitation\\\/#primaryimage\",\"url\":\"https:\\\/\\\/delorenzoglobal.com\\\/wp-content\\\/uploads\\\/2024\\\/04\\\/DL-DKL061-xs.jpg\",\"contentUrl\":\"https:\\\/\\\/delorenzoglobal.com\\\/wp-content\\\/uploads\\\/2024\\\/04\\\/DL-DKL061-xs.jpg\",\"width\":1030,\"height\":906},{\"@type\":\"BreadcrumbList\",\"@id\":\"https:\\\/\\\/delorenzoglobal.com\\\/fr\\\/produit\\\/effet-venturi-bernoulli-et-cavitation\\\/#breadcrumb\",\"itemListElement\":[{\"@type\":\"ListItem\",\"position\":1,\"name\":\"Home\",\"item\":\"https:\\\/\\\/delorenzoglobal.com\\\/fr\\\/\"},{\"@type\":\"ListItem\",\"position\":2,\"name\":\"Boutique\",\"item\":\"https:\\\/\\\/delorenzoglobal.com\\\/fr\\\/boutique\\\/\"},{\"@type\":\"ListItem\",\"position\":3,\"name\":\"EFFET VENTURI, BERNOULLI ET CAVITATION\"}]},{\"@type\":\"WebSite\",\"@id\":\"https:\\\/\\\/delorenzoglobal.com\\\/fr\\\/#website\",\"url\":\"https:\\\/\\\/delorenzoglobal.com\\\/fr\\\/\",\"name\":\"De Lorenzo Training &amp; Didactical Equipment\",\"description\":\"\",\"potentialAction\":[{\"@type\":\"SearchAction\",\"target\":{\"@type\":\"EntryPoint\",\"urlTemplate\":\"https:\\\/\\\/delorenzoglobal.com\\\/fr\\\/?s={search_term_string}\"},\"query-input\":{\"@type\":\"PropertyValueSpecification\",\"valueRequired\":true,\"valueName\":\"search_term_string\"}}],\"inLanguage\":\"fr-FR\"}]}<\/script>\n<!-- \/ Yoast SEO plugin. -->","yoast_head_json":{"title":"EFFET VENTURI, BERNOULLI ET CAVITATION - De Lorenzo Training &amp; Didactical Equipment","robots":{"index":"index","follow":"follow","max-snippet":"max-snippet:-1","max-image-preview":"max-image-preview:large","max-video-preview":"max-video-preview:-1"},"canonical":"https:\/\/delorenzoglobal.com\/fr\/produit\/effet-venturi-bernoulli-et-cavitation\/","og_locale":"fr_FR","og_type":"article","og_title":"EFFET VENTURI, BERNOULLI ET CAVITATION - De Lorenzo Training &amp; Didactical Equipment","og_description":"Les objectifs de ces exp\u00e9riences sont l&rsquo;\u00e9tude de l&rsquo;effet Venturi, de la conception du th\u00e9or\u00e8me de Venturi, \u00e0 l&rsquo;observation et aux utilisations pratiques. Les applications se font dans l&rsquo;industrie, l&rsquo;agriculture, les loisirs, etc. Un autre objectif \u00e0 \u00e9tudier est le ph\u00e9nom\u00e8ne de cavitation, il est \u00e9galement possible de modifier les conditions de pression dans le [&hellip;]","og_url":"https:\/\/delorenzoglobal.com\/fr\/produit\/effet-venturi-bernoulli-et-cavitation\/","og_site_name":"De Lorenzo Training &amp; Didactical Equipment","article_modified_time":"2025-01-17T12:57:41+00:00","og_image":[{"width":1030,"height":906,"url":"https:\/\/delorenzoglobal.com\/wp-content\/uploads\/2024\/04\/DL-DKL061-xs.jpg","type":"image\/jpeg"}],"twitter_card":"summary_large_image","twitter_misc":{"Dur\u00e9e de lecture estim\u00e9e":"1 minute"},"schema":{"@context":"https:\/\/schema.org","@graph":[{"@type":"WebPage","@id":"https:\/\/delorenzoglobal.com\/fr\/produit\/effet-venturi-bernoulli-et-cavitation\/","url":"https:\/\/delorenzoglobal.com\/fr\/produit\/effet-venturi-bernoulli-et-cavitation\/","name":"EFFET VENTURI, BERNOULLI ET CAVITATION - De Lorenzo Training &amp; Didactical Equipment","isPartOf":{"@id":"https:\/\/delorenzoglobal.com\/fr\/#website"},"primaryImageOfPage":{"@id":"https:\/\/delorenzoglobal.com\/fr\/produit\/effet-venturi-bernoulli-et-cavitation\/#primaryimage"},"image":{"@id":"https:\/\/delorenzoglobal.com\/fr\/produit\/effet-venturi-bernoulli-et-cavitation\/#primaryimage"},"thumbnailUrl":"https:\/\/delorenzoglobal.com\/wp-content\/uploads\/2024\/04\/DL-DKL061-xs.jpg","datePublished":"2024-04-18T10:23:27+00:00","dateModified":"2025-01-17T12:57:41+00:00","breadcrumb":{"@id":"https:\/\/delorenzoglobal.com\/fr\/produit\/effet-venturi-bernoulli-et-cavitation\/#breadcrumb"},"inLanguage":"fr-FR","potentialAction":[{"@type":"ReadAction","target":["https:\/\/delorenzoglobal.com\/fr\/produit\/effet-venturi-bernoulli-et-cavitation\/"]}]},{"@type":"ImageObject","inLanguage":"fr-FR","@id":"https:\/\/delorenzoglobal.com\/fr\/produit\/effet-venturi-bernoulli-et-cavitation\/#primaryimage","url":"https:\/\/delorenzoglobal.com\/wp-content\/uploads\/2024\/04\/DL-DKL061-xs.jpg","contentUrl":"https:\/\/delorenzoglobal.com\/wp-content\/uploads\/2024\/04\/DL-DKL061-xs.jpg","width":1030,"height":906},{"@type":"BreadcrumbList","@id":"https:\/\/delorenzoglobal.com\/fr\/produit\/effet-venturi-bernoulli-et-cavitation\/#breadcrumb","itemListElement":[{"@type":"ListItem","position":1,"name":"Home","item":"https:\/\/delorenzoglobal.com\/fr\/"},{"@type":"ListItem","position":2,"name":"Boutique","item":"https:\/\/delorenzoglobal.com\/fr\/boutique\/"},{"@type":"ListItem","position":3,"name":"EFFET VENTURI, BERNOULLI ET CAVITATION"}]},{"@type":"WebSite","@id":"https:\/\/delorenzoglobal.com\/fr\/#website","url":"https:\/\/delorenzoglobal.com\/fr\/","name":"De Lorenzo Training &amp; Didactical Equipment","description":"","potentialAction":[{"@type":"SearchAction","target":{"@type":"EntryPoint","urlTemplate":"https:\/\/delorenzoglobal.com\/fr\/?s={search_term_string}"},"query-input":{"@type":"PropertyValueSpecification","valueRequired":true,"valueName":"search_term_string"}}],"inLanguage":"fr-FR"}]}},"_links":{"self":[{"href":"https:\/\/delorenzoglobal.com\/fr\/wp-json\/wp\/v2\/product\/10871","targetHints":{"allow":["GET"]}}],"collection":[{"href":"https:\/\/delorenzoglobal.com\/fr\/wp-json\/wp\/v2\/product"}],"about":[{"href":"https:\/\/delorenzoglobal.com\/fr\/wp-json\/wp\/v2\/types\/product"}],"wp:featuredmedia":[{"embeddable":true,"href":"https:\/\/delorenzoglobal.com\/fr\/wp-json\/wp\/v2\/media\/19712"}],"wp:attachment":[{"href":"https:\/\/delorenzoglobal.com\/fr\/wp-json\/wp\/v2\/media?parent=10871"}],"wp:term":[{"taxonomy":"product_brand","embeddable":true,"href":"https:\/\/delorenzoglobal.com\/fr\/wp-json\/wp\/v2\/product_brand?post=10871"},{"taxonomy":"product_cat","embeddable":true,"href":"https:\/\/delorenzoglobal.com\/fr\/wp-json\/wp\/v2\/product_cat?post=10871"},{"taxonomy":"product_tag","embeddable":true,"href":"https:\/\/delorenzoglobal.com\/fr\/wp-json\/wp\/v2\/product_tag?post=10871"}],"curies":[{"name":"wp","href":"https:\/\/api.w.org\/{rel}","templated":true}]}}