{"id":10853,"date":"2024-04-18T12:18:24","date_gmt":"2024-04-18T10:18:24","guid":{"rendered":"https:\/\/delorenzoglobal.com\/?post_type=product&#038;p=10853"},"modified":"2025-03-20T12:59:55","modified_gmt":"2025-03-20T11:59:55","slug":"demonstrateur-energie-geothermique","status":"publish","type":"product","link":"https:\/\/delorenzoglobal.com\/fr\/produit\/demonstrateur-energie-geothermique\/","title":{"rendered":"DEMONSTRATEUR ENERGIE GEOTHERMIQUE"},"content":{"rendered":"<p>Le DL GEOTHERM a \u00e9t\u00e9 con\u00e7u comme un syst\u00e8me de climatisation miniaturis\u00e9 par pompe \u00e0 chaleur g\u00e9othermique pour \u00e9tudier les processus de refroidissement et de chauffage de l\u2019installation de pompe \u00e0 chaleur r\u00e9versible avec \u00e9changeurs de chaleur eau-eau.<\/p>\n<p>Ce dispositif de formation permet aux \u00e9tudiants d\u2019\u00e9tudier en d\u00e9tail le principe de fonctionnement et le processus de cycle thermique de la pompe \u00e0 chaleur g\u00e9othermique et de se familiariser avec les caract\u00e9ristiques du syst\u00e8me et les m\u00e9thodes de contr\u00f4le.<\/p>\n<p>Il couvre plusieurs sujets tels que l\u2019hydraulique, la m\u00e9canique, la thermodynamique et le contr\u00f4le.<\/p>\n<p>Son principe de fonctionnement est bas\u00e9 sur le cycle de Carnot, utilisant des eaux souterraines ou de surface.<\/p>\n<p>Un syst\u00e8me de compresseur, consommant une petite quantit\u00e9 d\u2019\u00e9lectricit\u00e9, est utilis\u00e9 pour extraire en continu une grande quantit\u00e9 d\u2019\u00e9nergie thermique de faible qualit\u00e9 de l\u2019eau et la convertir en une petite quantit\u00e9 d\u2019\u00e9nergie thermique de haute qualit\u00e9 pour le chauffage int\u00e9rieur.<\/p>\n<p>En \u00e9t\u00e9, le syst\u00e8me d\u2019eau de refroidissement de l\u2019unit\u00e9 fonctionne en sens inverse pour \u00e9vacuer la chaleur r\u00e9siduelle dans la pi\u00e8ce et la rejeter dans le sol ou dans l\u2019eau pour refroidir le climatiseur.<\/p>\n<p>De plus, l\u2019\u00e9nergie peut \u00eatre stock\u00e9e en \u00e9t\u00e9 et lib\u00e9r\u00e9e en hiver.<\/p>\n","protected":false},"excerpt":{"rendered":"<p>Le DL GEOTHERM a \u00e9t\u00e9 con\u00e7u comme un syst\u00e8me de climatisation miniaturis\u00e9 par pompe \u00e0 chaleur g\u00e9othermique pour \u00e9tudier les processus de refroidissement et de chauffage de l\u2019installation de pompe \u00e0 chaleur r\u00e9versible avec \u00e9changeurs de chaleur eau-eau. Ce dispositif de formation permet aux \u00e9tudiants d\u2019\u00e9tudier en d\u00e9tail le principe de fonctionnement et le processus [&hellip;]<\/p>\n","protected":false},"featured_media":10796,"template":"","meta":{"_acf_changed":false},"product_brand":[],"product_cat":[401],"product_tag":[],"class_list":{"0":"post-10853","1":"product","2":"type-product","3":"status-publish","4":"has-post-thumbnail","6":"product_cat-installation-de-chauffage-et-sanitaires","8":"first","9":"instock","10":"shipping-taxable","11":"product-type-simple"},"acf":[],"yoast_head":"<!-- This site is optimized with the Yoast SEO plugin v27.0 - https:\/\/yoast.com\/product\/yoast-seo-wordpress\/ -->\n<title>DEMONSTRATEUR ENERGIE GEOTHERMIQUE - De Lorenzo Training &amp; Didactical Equipment<\/title>\n<meta name=\"robots\" content=\"index, follow, max-snippet:-1, max-image-preview:large, max-video-preview:-1\" \/>\n<link rel=\"canonical\" href=\"https:\/\/delorenzoglobal.com\/fr\/produit\/demonstrateur-energie-geothermique\/\" \/>\n<meta property=\"og:locale\" content=\"fr_FR\" \/>\n<meta property=\"og:type\" content=\"article\" \/>\n<meta property=\"og:title\" content=\"DEMONSTRATEUR ENERGIE GEOTHERMIQUE - De Lorenzo Training &amp; Didactical Equipment\" \/>\n<meta property=\"og:description\" content=\"Le DL GEOTHERM a \u00e9t\u00e9 con\u00e7u comme un syst\u00e8me de climatisation miniaturis\u00e9 par pompe \u00e0 chaleur g\u00e9othermique pour \u00e9tudier les processus de refroidissement et de chauffage de l\u2019installation de pompe \u00e0 chaleur r\u00e9versible avec \u00e9changeurs de chaleur eau-eau. Ce dispositif de formation permet aux \u00e9tudiants d\u2019\u00e9tudier en d\u00e9tail le principe de fonctionnement et le processus [&hellip;]\" \/>\n<meta property=\"og:url\" content=\"https:\/\/delorenzoglobal.com\/fr\/produit\/demonstrateur-energie-geothermique\/\" \/>\n<meta property=\"og:site_name\" content=\"De Lorenzo Training &amp; Didactical Equipment\" \/>\n<meta property=\"article:modified_time\" content=\"2025-03-20T11:59:55+00:00\" \/>\n<meta property=\"og:image\" content=\"https:\/\/delorenzoglobal.com\/wp-content\/uploads\/2024\/04\/DL-GEOTHERM-scaled.jpg\" \/>\n\t<meta property=\"og:image:width\" content=\"2290\" \/>\n\t<meta property=\"og:image:height\" content=\"2560\" \/>\n\t<meta property=\"og:image:type\" content=\"image\/jpeg\" \/>\n<meta name=\"twitter:card\" content=\"summary_large_image\" \/>\n<meta name=\"twitter:label1\" content=\"Dur\u00e9e de lecture estim\u00e9e\" \/>\n\t<meta name=\"twitter:data1\" content=\"2 minutes\" \/>\n<script type=\"application\/ld+json\" class=\"yoast-schema-graph\">{\"@context\":\"https:\/\/schema.org\",\"@graph\":[{\"@type\":\"WebPage\",\"@id\":\"https:\/\/delorenzoglobal.com\/fr\/produit\/demonstrateur-energie-geothermique\/\",\"url\":\"https:\/\/delorenzoglobal.com\/fr\/produit\/demonstrateur-energie-geothermique\/\",\"name\":\"DEMONSTRATEUR ENERGIE GEOTHERMIQUE - De Lorenzo Training &amp; Didactical Equipment\",\"isPartOf\":{\"@id\":\"https:\/\/delorenzoglobal.com\/fr\/#website\"},\"primaryImageOfPage\":{\"@id\":\"https:\/\/delorenzoglobal.com\/fr\/produit\/demonstrateur-energie-geothermique\/#primaryimage\"},\"image\":{\"@id\":\"https:\/\/delorenzoglobal.com\/fr\/produit\/demonstrateur-energie-geothermique\/#primaryimage\"},\"thumbnailUrl\":\"https:\/\/delorenzoglobal.com\/wp-content\/uploads\/2024\/04\/DL-GEOTHERM-scaled.jpg\",\"datePublished\":\"2024-04-18T10:18:24+00:00\",\"dateModified\":\"2025-03-20T11:59:55+00:00\",\"breadcrumb\":{\"@id\":\"https:\/\/delorenzoglobal.com\/fr\/produit\/demonstrateur-energie-geothermique\/#breadcrumb\"},\"inLanguage\":\"fr-FR\",\"potentialAction\":[{\"@type\":\"ReadAction\",\"target\":[\"https:\/\/delorenzoglobal.com\/fr\/produit\/demonstrateur-energie-geothermique\/\"]}]},{\"@type\":\"ImageObject\",\"inLanguage\":\"fr-FR\",\"@id\":\"https:\/\/delorenzoglobal.com\/fr\/produit\/demonstrateur-energie-geothermique\/#primaryimage\",\"url\":\"https:\/\/delorenzoglobal.com\/wp-content\/uploads\/2024\/04\/DL-GEOTHERM-scaled.jpg\",\"contentUrl\":\"https:\/\/delorenzoglobal.com\/wp-content\/uploads\/2024\/04\/DL-GEOTHERM-scaled.jpg\",\"width\":2290,\"height\":2560},{\"@type\":\"BreadcrumbList\",\"@id\":\"https:\/\/delorenzoglobal.com\/fr\/produit\/demonstrateur-energie-geothermique\/#breadcrumb\",\"itemListElement\":[{\"@type\":\"ListItem\",\"position\":1,\"name\":\"Home\",\"item\":\"https:\/\/delorenzoglobal.com\/fr\/\"},{\"@type\":\"ListItem\",\"position\":2,\"name\":\"Boutique\",\"item\":\"https:\/\/delorenzoglobal.com\/fr\/boutique\/\"},{\"@type\":\"ListItem\",\"position\":3,\"name\":\"DEMONSTRATEUR ENERGIE GEOTHERMIQUE\"}]},{\"@type\":\"WebSite\",\"@id\":\"https:\/\/delorenzoglobal.com\/fr\/#website\",\"url\":\"https:\/\/delorenzoglobal.com\/fr\/\",\"name\":\"De Lorenzo Training &amp; Didactical Equipment\",\"description\":\"\",\"potentialAction\":[{\"@type\":\"SearchAction\",\"target\":{\"@type\":\"EntryPoint\",\"urlTemplate\":\"https:\/\/delorenzoglobal.com\/fr\/?s={search_term_string}\"},\"query-input\":{\"@type\":\"PropertyValueSpecification\",\"valueRequired\":true,\"valueName\":\"search_term_string\"}}],\"inLanguage\":\"fr-FR\"}]}<\/script>\n<!-- \/ Yoast SEO plugin. -->","yoast_head_json":{"title":"DEMONSTRATEUR ENERGIE GEOTHERMIQUE - De Lorenzo Training &amp; Didactical Equipment","robots":{"index":"index","follow":"follow","max-snippet":"max-snippet:-1","max-image-preview":"max-image-preview:large","max-video-preview":"max-video-preview:-1"},"canonical":"https:\/\/delorenzoglobal.com\/fr\/produit\/demonstrateur-energie-geothermique\/","og_locale":"fr_FR","og_type":"article","og_title":"DEMONSTRATEUR ENERGIE GEOTHERMIQUE - De Lorenzo Training &amp; Didactical Equipment","og_description":"Le DL GEOTHERM a \u00e9t\u00e9 con\u00e7u comme un syst\u00e8me de climatisation miniaturis\u00e9 par pompe \u00e0 chaleur g\u00e9othermique pour \u00e9tudier les processus de refroidissement et de chauffage de l\u2019installation de pompe \u00e0 chaleur r\u00e9versible avec \u00e9changeurs de chaleur eau-eau. Ce dispositif de formation permet aux \u00e9tudiants d\u2019\u00e9tudier en d\u00e9tail le principe de fonctionnement et le processus [&hellip;]","og_url":"https:\/\/delorenzoglobal.com\/fr\/produit\/demonstrateur-energie-geothermique\/","og_site_name":"De Lorenzo Training &amp; Didactical Equipment","article_modified_time":"2025-03-20T11:59:55+00:00","og_image":[{"width":2290,"height":2560,"url":"https:\/\/delorenzoglobal.com\/wp-content\/uploads\/2024\/04\/DL-GEOTHERM-scaled.jpg","type":"image\/jpeg"}],"twitter_card":"summary_large_image","twitter_misc":{"Dur\u00e9e de lecture estim\u00e9e":"2 minutes"},"schema":{"@context":"https:\/\/schema.org","@graph":[{"@type":"WebPage","@id":"https:\/\/delorenzoglobal.com\/fr\/produit\/demonstrateur-energie-geothermique\/","url":"https:\/\/delorenzoglobal.com\/fr\/produit\/demonstrateur-energie-geothermique\/","name":"DEMONSTRATEUR ENERGIE GEOTHERMIQUE - De Lorenzo Training &amp; Didactical Equipment","isPartOf":{"@id":"https:\/\/delorenzoglobal.com\/fr\/#website"},"primaryImageOfPage":{"@id":"https:\/\/delorenzoglobal.com\/fr\/produit\/demonstrateur-energie-geothermique\/#primaryimage"},"image":{"@id":"https:\/\/delorenzoglobal.com\/fr\/produit\/demonstrateur-energie-geothermique\/#primaryimage"},"thumbnailUrl":"https:\/\/delorenzoglobal.com\/wp-content\/uploads\/2024\/04\/DL-GEOTHERM-scaled.jpg","datePublished":"2024-04-18T10:18:24+00:00","dateModified":"2025-03-20T11:59:55+00:00","breadcrumb":{"@id":"https:\/\/delorenzoglobal.com\/fr\/produit\/demonstrateur-energie-geothermique\/#breadcrumb"},"inLanguage":"fr-FR","potentialAction":[{"@type":"ReadAction","target":["https:\/\/delorenzoglobal.com\/fr\/produit\/demonstrateur-energie-geothermique\/"]}]},{"@type":"ImageObject","inLanguage":"fr-FR","@id":"https:\/\/delorenzoglobal.com\/fr\/produit\/demonstrateur-energie-geothermique\/#primaryimage","url":"https:\/\/delorenzoglobal.com\/wp-content\/uploads\/2024\/04\/DL-GEOTHERM-scaled.jpg","contentUrl":"https:\/\/delorenzoglobal.com\/wp-content\/uploads\/2024\/04\/DL-GEOTHERM-scaled.jpg","width":2290,"height":2560},{"@type":"BreadcrumbList","@id":"https:\/\/delorenzoglobal.com\/fr\/produit\/demonstrateur-energie-geothermique\/#breadcrumb","itemListElement":[{"@type":"ListItem","position":1,"name":"Home","item":"https:\/\/delorenzoglobal.com\/fr\/"},{"@type":"ListItem","position":2,"name":"Boutique","item":"https:\/\/delorenzoglobal.com\/fr\/boutique\/"},{"@type":"ListItem","position":3,"name":"DEMONSTRATEUR ENERGIE GEOTHERMIQUE"}]},{"@type":"WebSite","@id":"https:\/\/delorenzoglobal.com\/fr\/#website","url":"https:\/\/delorenzoglobal.com\/fr\/","name":"De Lorenzo Training &amp; Didactical Equipment","description":"","potentialAction":[{"@type":"SearchAction","target":{"@type":"EntryPoint","urlTemplate":"https:\/\/delorenzoglobal.com\/fr\/?s={search_term_string}"},"query-input":{"@type":"PropertyValueSpecification","valueRequired":true,"valueName":"search_term_string"}}],"inLanguage":"fr-FR"}]}},"_links":{"self":[{"href":"https:\/\/delorenzoglobal.com\/fr\/wp-json\/wp\/v2\/product\/10853","targetHints":{"allow":["GET"]}}],"collection":[{"href":"https:\/\/delorenzoglobal.com\/fr\/wp-json\/wp\/v2\/product"}],"about":[{"href":"https:\/\/delorenzoglobal.com\/fr\/wp-json\/wp\/v2\/types\/product"}],"wp:featuredmedia":[{"embeddable":true,"href":"https:\/\/delorenzoglobal.com\/fr\/wp-json\/wp\/v2\/media\/10796"}],"wp:attachment":[{"href":"https:\/\/delorenzoglobal.com\/fr\/wp-json\/wp\/v2\/media?parent=10853"}],"wp:term":[{"taxonomy":"product_brand","embeddable":true,"href":"https:\/\/delorenzoglobal.com\/fr\/wp-json\/wp\/v2\/product_brand?post=10853"},{"taxonomy":"product_cat","embeddable":true,"href":"https:\/\/delorenzoglobal.com\/fr\/wp-json\/wp\/v2\/product_cat?post=10853"},{"taxonomy":"product_tag","embeddable":true,"href":"https:\/\/delorenzoglobal.com\/fr\/wp-json\/wp\/v2\/product_tag?post=10853"}],"curies":[{"name":"wp","href":"https:\/\/api.w.org\/{rel}","templated":true}]}}